{"id":837,"date":"2024-02-19T11:14:06","date_gmt":"2024-02-19T10:14:06","guid":{"rendered":"https:\/\/contecon.de\/picapportwiki\/?page_id=837"},"modified":"2024-05-28T17:04:36","modified_gmt":"2024-05-28T15:04:36","slug":"version-6-3-05-vom-17-02-2017","status":"publish","type":"page","link":"https:\/\/contecon.de\/picapportwiki\/version-6-3-05-vom-17-02-2017\/","title":{"rendered":"Version 6.3.05 vom 17.02.2017"},"content":{"rendered":"\t\t<div data-elementor-type=\"wp-page\" data-elementor-id=\"837\" class=\"elementor elementor-837\">\n\t\t\t\t<div class=\"elementor-element elementor-element-201f460 e-flex e-con-boxed e-con e-parent\" data-id=\"201f460\" data-element_type=\"container\" data-settings=\"{&quot;content_width&quot;:&quot;boxed&quot;}\" data-core-v316-plus=\"true\">\n\t\t\t\t\t<div class=\"e-con-inner\">\n\t\t\t\t<div class=\"elementor-element elementor-element-2fa5240 elementor-widget elementor-widget-heading\" data-id=\"2fa5240\" data-element_type=\"widget\" data-widget_type=\"heading.default\">\n\t\t\t\t<div class=\"elementor-widget-container\">\n\t\t\t<style>\/*! elementor - v3.19.0 - 07-02-2024 *\/\n.elementor-heading-title{padding:0;margin:0;line-height:1}.elementor-widget-heading .elementor-heading-title[class*=elementor-size-]>a{color:inherit;font-size:inherit;line-height:inherit}.elementor-widget-heading .elementor-heading-title.elementor-size-small{font-size:15px}.elementor-widget-heading .elementor-heading-title.elementor-size-medium{font-size:19px}.elementor-widget-heading .elementor-heading-title.elementor-size-large{font-size:29px}.elementor-widget-heading .elementor-heading-title.elementor-size-xl{font-size:39px}.elementor-widget-heading .elementor-heading-title.elementor-size-xxl{font-size:59px}<\/style><h2 class=\"elementor-heading-title elementor-size-default\">Version 6.3.05 vom 17.02.2017<\/h2>\t\t<\/div>\n\t\t\t\t<\/div>\n\t\t\t\t\t<\/div>\n\t\t\t\t<\/div>\n\t\t<div class=\"elementor-element elementor-element-981d2d2 e-flex e-con-boxed e-con e-parent\" data-id=\"981d2d2\" data-element_type=\"container\" data-settings=\"{&quot;content_width&quot;:&quot;boxed&quot;}\" data-core-v316-plus=\"true\">\n\t\t\t\t\t<div class=\"e-con-inner\">\n\t\t\t\t<div class=\"elementor-element elementor-element-dce026d elementor-widget elementor-widget-text-editor\" data-id=\"dce026d\" data-element_type=\"widget\" data-widget_type=\"text-editor.default\">\n\t\t\t\t<div class=\"elementor-widget-container\">\n\t\t\t<style>\/*! elementor - v3.19.0 - 07-02-2024 *\/\n.elementor-widget-text-editor.elementor-drop-cap-view-stacked .elementor-drop-cap{background-color:#69727d;color:#fff}.elementor-widget-text-editor.elementor-drop-cap-view-framed .elementor-drop-cap{color:#69727d;border:3px solid;background-color:transparent}.elementor-widget-text-editor:not(.elementor-drop-cap-view-default) .elementor-drop-cap{margin-top:8px}.elementor-widget-text-editor:not(.elementor-drop-cap-view-default) .elementor-drop-cap-letter{width:1em;height:1em}.elementor-widget-text-editor .elementor-drop-cap{float:left;text-align:center;line-height:1;font-size:50px}.elementor-widget-text-editor .elementor-drop-cap-letter{display:inline-block}<\/style>\t\t\t\t<ul><li>Verbesserung :<br \/>Auf Smartphones und Tablets wurden die Bilder in der Slideshow nicht in der Ger\u00e4teaufl\u00f6sung angezeigt.<br \/>Ab sofort wird der\u00a0<strong><em>devicePixelRatio<\/em>\u00a0<\/strong>(dpr) f\u00fcr die Ermittlung der Bildgr\u00f6\u00dfe ber\u00fccksichtigt.<\/li><li>Verbesserung:<br \/>Auch vergr\u00f6\u00dferte Fotos (Pan \/ Zoom) k\u00f6nnen jetzt mit Wischgesten weiter gebl\u00e4ttert werden.<\/li><li>Bugfix:<br \/>Unter bestimmten Umst\u00e4nden wurde beim vergr\u00f6\u00dfern eines Fotos &#8222;Missing Picture&#8220; angezeigt. Das wurde behoben.<\/li><li>\u00a0GPS-Modul<br \/>Update auf Kartenmodul Leaflet V1.0.3<ul><li>Die Thunderforest Maps ben\u00f6tigen seit Februar 2017 einen API key.<br \/>Deswegen werden Sie nicht mehr als Defaultkarten benutzt<p>Es gibt aber 2 neue optionale Parameter um sowohl den Key als auch die Defaultkarte zu setzen<\/p><p>siehe:\u00a0<a href=\"https:\/\/contecon.de\/picapportwiki\/picapport-server-guide\/\">PicApport-Server Guide<\/a><br \/>Parameter:\u00a0<em>geo.map.default<\/em><br \/>Parameter: geo.map.key.thunderforest auf<\/p><\/li><\/ul><\/li><\/ul>\t\t\t\t\t\t<\/div>\n\t\t\t\t<\/div>\n\t\t\t\t\t<\/div>\n\t\t\t\t<\/div>\n\t\t\t\t<\/div>\n\t\t","protected":false},"excerpt":{"rendered":"<p>Version 6.3.05 vom 17.02.2017 Verbesserung :Auf Smartphones und Tablets wurden die Bilder in der Slideshow nicht in der Ger\u00e4teaufl\u00f6sung angezeigt.Ab sofort wird der\u00a0devicePixelRatio\u00a0(dpr) f\u00fcr die Ermittlung der Bildgr\u00f6\u00dfe ber\u00fccksichtigt. Verbesserung:Auch vergr\u00f6\u00dferte Fotos (Pan \/ Zoom) k\u00f6nnen jetzt mit Wischgesten weiter gebl\u00e4ttert werden. Bugfix:Unter bestimmten Umst\u00e4nden wurde beim vergr\u00f6\u00dfern eines Fotos &#8222;Missing Picture&#8220; angezeigt. Das wurde [&hellip;]<\/p>\n","protected":false},"author":1,"featured_media":0,"parent":0,"menu_order":0,"comment_status":"closed","ping_status":"closed","template":"","meta":{"footnotes":""},"class_list":["post-837","page","type-page","status-publish","hentry","entry"],"_links":{"self":[{"href":"https:\/\/contecon.de\/picapportwiki\/wp-json\/wp\/v2\/pages\/837","targetHints":{"allow":["GET"]}}],"collection":[{"href":"https:\/\/contecon.de\/picapportwiki\/wp-json\/wp\/v2\/pages"}],"about":[{"href":"https:\/\/contecon.de\/picapportwiki\/wp-json\/wp\/v2\/types\/page"}],"author":[{"embeddable":true,"href":"https:\/\/contecon.de\/picapportwiki\/wp-json\/wp\/v2\/users\/1"}],"replies":[{"embeddable":true,"href":"https:\/\/contecon.de\/picapportwiki\/wp-json\/wp\/v2\/comments?post=837"}],"version-history":[{"count":7,"href":"https:\/\/contecon.de\/picapportwiki\/wp-json\/wp\/v2\/pages\/837\/revisions"}],"predecessor-version":[{"id":2445,"href":"https:\/\/contecon.de\/picapportwiki\/wp-json\/wp\/v2\/pages\/837\/revisions\/2445"}],"wp:attachment":[{"href":"https:\/\/contecon.de\/picapportwiki\/wp-json\/wp\/v2\/media?parent=837"}],"curies":[{"name":"wp","href":"https:\/\/api.w.org\/{rel}","templated":true}]}}