{"id":827,"date":"2024-02-19T11:12:09","date_gmt":"2024-02-19T10:12:09","guid":{"rendered":"https:\/\/contecon.de\/picapportwiki\/?page_id=827"},"modified":"2024-05-28T17:03:46","modified_gmt":"2024-05-28T15:03:46","slug":"version-6-3-00-vom-16-11-2016","status":"publish","type":"page","link":"https:\/\/contecon.de\/picapportwiki\/version-6-3-00-vom-16-11-2016\/","title":{"rendered":"Version 6.3.00 vom 16.11.2016"},"content":{"rendered":"\t\t<div data-elementor-type=\"wp-page\" data-elementor-id=\"827\" class=\"elementor elementor-827\">\n\t\t\t\t<div class=\"elementor-element elementor-element-ebdb4ee e-flex e-con-boxed e-con e-parent\" data-id=\"ebdb4ee\" data-element_type=\"container\" data-settings=\"{&quot;content_width&quot;:&quot;boxed&quot;}\" data-core-v316-plus=\"true\">\n\t\t\t\t\t<div class=\"e-con-inner\">\n\t\t\t\t<div class=\"elementor-element elementor-element-bed317a elementor-widget elementor-widget-heading\" data-id=\"bed317a\" data-element_type=\"widget\" data-widget_type=\"heading.default\">\n\t\t\t\t<div class=\"elementor-widget-container\">\n\t\t\t<style>\/*! elementor - v3.19.0 - 07-02-2024 *\/\n.elementor-heading-title{padding:0;margin:0;line-height:1}.elementor-widget-heading .elementor-heading-title[class*=elementor-size-]>a{color:inherit;font-size:inherit;line-height:inherit}.elementor-widget-heading .elementor-heading-title.elementor-size-small{font-size:15px}.elementor-widget-heading .elementor-heading-title.elementor-size-medium{font-size:19px}.elementor-widget-heading .elementor-heading-title.elementor-size-large{font-size:29px}.elementor-widget-heading .elementor-heading-title.elementor-size-xl{font-size:39px}.elementor-widget-heading .elementor-heading-title.elementor-size-xxl{font-size:59px}<\/style><h2 class=\"elementor-heading-title elementor-size-default\">Version 6.3.00 vom 16.11.2016<\/h2>\t\t<\/div>\n\t\t\t\t<\/div>\n\t\t\t\t\t<\/div>\n\t\t\t\t<\/div>\n\t\t<div class=\"elementor-element elementor-element-1769488 e-flex e-con-boxed e-con e-parent\" data-id=\"1769488\" data-element_type=\"container\" data-settings=\"{&quot;content_width&quot;:&quot;boxed&quot;}\" data-core-v316-plus=\"true\">\n\t\t\t\t\t<div class=\"e-con-inner\">\n\t\t\t\t<div class=\"elementor-element elementor-element-3f9b4f2 elementor-widget elementor-widget-text-editor\" data-id=\"3f9b4f2\" data-element_type=\"widget\" data-widget_type=\"text-editor.default\">\n\t\t\t\t<div class=\"elementor-widget-container\">\n\t\t\t<style>\/*! elementor - v3.19.0 - 07-02-2024 *\/\n.elementor-widget-text-editor.elementor-drop-cap-view-stacked .elementor-drop-cap{background-color:#69727d;color:#fff}.elementor-widget-text-editor.elementor-drop-cap-view-framed .elementor-drop-cap{color:#69727d;border:3px solid;background-color:transparent}.elementor-widget-text-editor:not(.elementor-drop-cap-view-default) .elementor-drop-cap{margin-top:8px}.elementor-widget-text-editor:not(.elementor-drop-cap-view-default) .elementor-drop-cap-letter{width:1em;height:1em}.elementor-widget-text-editor .elementor-drop-cap{float:left;text-align:center;line-height:1;font-size:50px}.elementor-widget-text-editor .elementor-drop-cap-letter{display:inline-block}<\/style>\t\t\t\t<ul><li>Hauptfeature: Mit der Freigabe von IOS 10.1 unterst\u00fctzt PicApport jetzt auch<em><strong>\u00a0&#8222;Lokale Sammlungen&#8220;<\/strong><\/em>\u00a0auf IOS Ger\u00e4ten von Apple (iPhone, iPad).<br \/>Notwendige Anpassungen wurden in V6.3 eingef\u00fchrt.<\/li><li>PicApport und die wichtigsten Teile der Webseite wurden auf Franz\u00f6sisch \u00fcbersetzt.<br \/>Folgende Sprachen sind somit verf\u00fcgbar: Deutsch, Englisch, Franz\u00f6sisch<\/li><li>Wir haben unsere Testinfrastruktur erweitert: Ein Intel System mit\u00a0<strong>einer Million Fotos<\/strong>\u00a0auf einer magnetischen Festplatte welche \u00fcber USB3 mit dem PicApport Server verbunden ist. (Die PicApport Datenbank ist auf einer internen SSD)<br \/>Die Performance ist phantastisch. Siehe auch:\u00a0<a class=\"external-link\" href=\"https:\/\/contecon.de\/picapportwiki\/picapport-installationshandbuch\/\" rel=\"nofollow\">PicApport Installationshandbuch<\/a><\/li><li>Unterst\u00fctzung neuer Features der Android App wie z.B. Screensaver und Speichern des Logons<br \/>eingebaut.<ul><li>Im PicApport Wiki gibt es jetzt eine eigene Seite f\u00fcr die App:\u00a0<a href=\"https:\/\/contecon.de\/picapportwiki\/picapport-android-app-guide\/\">PicApport Android App Guide<\/a><\/li><li>Die PicApport App f\u00fcr Android gibt es hier:\u00a0<a class=\"external-link\" href=\"https:\/\/play.google.com\/store\/apps\/details?id=de.contecon.picapport.mobile\" rel=\"nofollow\">https:\/\/play.google.com\/store\/apps\/details?id=de.contecon.picapport.mobile<\/a><\/li><\/ul><\/li><li><p>Bugfix auf Englisch: Es hat ein\u00a0 Defaultrecht f\u00fcr\u00a0<em><strong>Admin<\/strong>\u00a0<\/em>gefehlt:\u00a0<strong><em>Permission.PAP_ACCESS_SHARE<\/em><\/strong><\/p><\/li><\/ul>\t\t\t\t\t\t<\/div>\n\t\t\t\t<\/div>\n\t\t\t\t\t<\/div>\n\t\t\t\t<\/div>\n\t\t\t\t<\/div>\n\t\t","protected":false},"excerpt":{"rendered":"<p>Version 6.3.00 vom 16.11.2016 Hauptfeature: Mit der Freigabe von IOS 10.1 unterst\u00fctzt PicApport jetzt auch\u00a0&#8222;Lokale Sammlungen&#8220;\u00a0auf IOS Ger\u00e4ten von Apple (iPhone, iPad).Notwendige Anpassungen wurden in V6.3 eingef\u00fchrt. PicApport und die wichtigsten Teile der Webseite wurden auf Franz\u00f6sisch \u00fcbersetzt.Folgende Sprachen sind somit verf\u00fcgbar: Deutsch, Englisch, Franz\u00f6sisch Wir haben unsere Testinfrastruktur erweitert: Ein Intel System mit\u00a0einer Million [&hellip;]<\/p>\n","protected":false},"author":1,"featured_media":0,"parent":0,"menu_order":0,"comment_status":"closed","ping_status":"closed","template":"","meta":{"footnotes":""},"class_list":["post-827","page","type-page","status-publish","hentry","entry"],"_links":{"self":[{"href":"https:\/\/contecon.de\/picapportwiki\/wp-json\/wp\/v2\/pages\/827","targetHints":{"allow":["GET"]}}],"collection":[{"href":"https:\/\/contecon.de\/picapportwiki\/wp-json\/wp\/v2\/pages"}],"about":[{"href":"https:\/\/contecon.de\/picapportwiki\/wp-json\/wp\/v2\/types\/page"}],"author":[{"embeddable":true,"href":"https:\/\/contecon.de\/picapportwiki\/wp-json\/wp\/v2\/users\/1"}],"replies":[{"embeddable":true,"href":"https:\/\/contecon.de\/picapportwiki\/wp-json\/wp\/v2\/comments?post=827"}],"version-history":[{"count":7,"href":"https:\/\/contecon.de\/picapportwiki\/wp-json\/wp\/v2\/pages\/827\/revisions"}],"predecessor-version":[{"id":2442,"href":"https:\/\/contecon.de\/picapportwiki\/wp-json\/wp\/v2\/pages\/827\/revisions\/2442"}],"wp:attachment":[{"href":"https:\/\/contecon.de\/picapportwiki\/wp-json\/wp\/v2\/media?parent=827"}],"curies":[{"name":"wp","href":"https:\/\/api.w.org\/{rel}","templated":true}]}}