{"id":810,"date":"2024-02-19T11:00:49","date_gmt":"2024-02-19T10:00:49","guid":{"rendered":"https:\/\/contecon.de\/picapportwiki\/?page_id=810"},"modified":"2024-02-19T11:02:20","modified_gmt":"2024-02-19T10:02:20","slug":"version-6-1-0-vom-07-04-2016","status":"publish","type":"page","link":"https:\/\/contecon.de\/picapportwiki\/version-6-1-0-vom-07-04-2016\/","title":{"rendered":"Version 6.1.0 vom 07.04.2016"},"content":{"rendered":"\t\t<div data-elementor-type=\"wp-page\" data-elementor-id=\"810\" class=\"elementor elementor-810\">\n\t\t\t\t<div class=\"elementor-element elementor-element-307fec7 e-flex e-con-boxed e-con e-parent\" data-id=\"307fec7\" data-element_type=\"container\" data-settings=\"{&quot;content_width&quot;:&quot;boxed&quot;}\" data-core-v316-plus=\"true\">\n\t\t\t\t\t<div class=\"e-con-inner\">\n\t\t\t\t<div class=\"elementor-element elementor-element-0654f95 elementor-widget elementor-widget-heading\" data-id=\"0654f95\" data-element_type=\"widget\" data-widget_type=\"heading.default\">\n\t\t\t\t<div class=\"elementor-widget-container\">\n\t\t\t<style>\/*! elementor - v3.19.0 - 07-02-2024 *\/\n.elementor-heading-title{padding:0;margin:0;line-height:1}.elementor-widget-heading .elementor-heading-title[class*=elementor-size-]>a{color:inherit;font-size:inherit;line-height:inherit}.elementor-widget-heading .elementor-heading-title.elementor-size-small{font-size:15px}.elementor-widget-heading .elementor-heading-title.elementor-size-medium{font-size:19px}.elementor-widget-heading .elementor-heading-title.elementor-size-large{font-size:29px}.elementor-widget-heading .elementor-heading-title.elementor-size-xl{font-size:39px}.elementor-widget-heading .elementor-heading-title.elementor-size-xxl{font-size:59px}<\/style><h2 class=\"elementor-heading-title elementor-size-default\">Version 6.1.0 vom 07.04.2016<\/h2>\t\t<\/div>\n\t\t\t\t<\/div>\n\t\t\t\t\t<\/div>\n\t\t\t\t<\/div>\n\t\t<div class=\"elementor-element elementor-element-24a1d02 e-flex e-con-boxed e-con e-parent\" data-id=\"24a1d02\" data-element_type=\"container\" data-settings=\"{&quot;content_width&quot;:&quot;boxed&quot;}\" data-core-v316-plus=\"true\">\n\t\t\t\t\t<div class=\"e-con-inner\">\n\t\t\t\t<div class=\"elementor-element elementor-element-48a934d elementor-widget elementor-widget-heading\" data-id=\"48a934d\" data-element_type=\"widget\" data-widget_type=\"heading.default\">\n\t\t\t\t<div class=\"elementor-widget-container\">\n\t\t\t<h3 class=\"elementor-heading-title elementor-size-default\">Hauptfeature: W\u00e4hlbare Designs f\u00fcr Slideshow eingebaut.<\/h3>\t\t<\/div>\n\t\t\t\t<\/div>\n\t\t\t\t\t<\/div>\n\t\t\t\t<\/div>\n\t\t<div class=\"elementor-element elementor-element-cc1e5f4 e-flex e-con-boxed e-con e-parent\" data-id=\"cc1e5f4\" data-element_type=\"container\" data-settings=\"{&quot;content_width&quot;:&quot;boxed&quot;}\" data-core-v316-plus=\"true\">\n\t\t\t\t\t<div class=\"e-con-inner\">\n\t\t\t\t<div class=\"elementor-element elementor-element-b2d89c6 elementor-widget elementor-widget-text-editor\" data-id=\"b2d89c6\" data-element_type=\"widget\" data-widget_type=\"text-editor.default\">\n\t\t\t\t<div class=\"elementor-widget-container\">\n\t\t\t<style>\/*! elementor - v3.19.0 - 07-02-2024 *\/\n.elementor-widget-text-editor.elementor-drop-cap-view-stacked .elementor-drop-cap{background-color:#69727d;color:#fff}.elementor-widget-text-editor.elementor-drop-cap-view-framed .elementor-drop-cap{color:#69727d;border:3px solid;background-color:transparent}.elementor-widget-text-editor:not(.elementor-drop-cap-view-default) .elementor-drop-cap{margin-top:8px}.elementor-widget-text-editor:not(.elementor-drop-cap-view-default) .elementor-drop-cap-letter{width:1em;height:1em}.elementor-widget-text-editor .elementor-drop-cap{float:left;text-align:center;line-height:1;font-size:50px}.elementor-widget-text-editor .elementor-drop-cap-letter{display:inline-block}<\/style>\t\t\t\t<ul><li>Abschaltbar \u00fcber Benutzerrecht (pap:feature:designs:select)<br \/>Weitere neue Rechte:<ul><li><em><strong>pap:feature:designs:select<\/strong><\/em>\u00a0Vorgabewert f\u00fcr Konvertierung und Neu=true\u00a0<br \/>Gibt an, ob Benutzer Design in Slideshow wechseln darf<br \/><br \/><\/li><li><em><strong>pap:feature:designs:changedefault<\/strong><\/em>\u00a0\u00a0Vorgabewert f\u00fcr Konvertierung und Neu=\u00dcbernahme von\u00a0<strong><em>pap:admin:changeownpassword<br \/><\/em><\/strong>Gibt an, ob Benutzer das PicApport-Standart-Design in Slideshow wechseln darf<\/li><\/ul><\/li><\/ul>\t\t\t\t\t\t<\/div>\n\t\t\t\t<\/div>\n\t\t\t\t\t<\/div>\n\t\t\t\t<\/div>\n\t\t<div class=\"elementor-element elementor-element-f5578f1 e-flex e-con-boxed e-con e-parent\" data-id=\"f5578f1\" data-element_type=\"container\" data-settings=\"{&quot;content_width&quot;:&quot;boxed&quot;}\" data-core-v316-plus=\"true\">\n\t\t\t\t\t<div class=\"e-con-inner\">\n\t\t\t\t<div class=\"elementor-element elementor-element-a20027c elementor-widget elementor-widget-heading\" data-id=\"a20027c\" data-element_type=\"widget\" data-widget_type=\"heading.default\">\n\t\t\t\t<div class=\"elementor-widget-container\">\n\t\t\t<h3 class=\"elementor-heading-title elementor-size-default\">Slideshow nochmals robuster gegen Netzwerkprobleme gemacht<\/h3>\t\t<\/div>\n\t\t\t\t<\/div>\n\t\t\t\t\t<\/div>\n\t\t\t\t<\/div>\n\t\t<div class=\"elementor-element elementor-element-74ee744 e-flex e-con-boxed e-con e-parent\" data-id=\"74ee744\" data-element_type=\"container\" data-settings=\"{&quot;content_width&quot;:&quot;boxed&quot;}\" data-core-v316-plus=\"true\">\n\t\t\t\t\t<div class=\"e-con-inner\">\n\t\t\t\t<div class=\"elementor-element elementor-element-01e9afa elementor-widget elementor-widget-text-editor\" data-id=\"01e9afa\" data-element_type=\"widget\" data-widget_type=\"text-editor.default\">\n\t\t\t\t<div class=\"elementor-widget-container\">\n\t\t\t\t\t\t\t<ul><li>Bei schlechten Netzwerkverbindungen kam es manchmal vor, dass anstatt einem Photo\u00a0<em><strong>&#8222;Missing Picture&#8220;<\/strong><\/em>\u00a0angezeigt wurde.<br \/>Dieses Verhalten wurde nochmal stark verbessert.<\/li><\/ul>\t\t\t\t\t\t<\/div>\n\t\t\t\t<\/div>\n\t\t\t\t\t<\/div>\n\t\t\t\t<\/div>\n\t\t<div class=\"elementor-element elementor-element-4c7a2e7 e-flex e-con-boxed e-con e-parent\" data-id=\"4c7a2e7\" data-element_type=\"container\" data-settings=\"{&quot;content_width&quot;:&quot;boxed&quot;}\" data-core-v316-plus=\"true\">\n\t\t\t\t\t<div class=\"e-con-inner\">\n\t\t\t\t<div class=\"elementor-element elementor-element-c6b3bb1 elementor-widget elementor-widget-heading\" data-id=\"c6b3bb1\" data-element_type=\"widget\" data-widget_type=\"heading.default\">\n\t\t\t\t<div class=\"elementor-widget-container\">\n\t\t\t<h3 class=\"elementor-heading-title elementor-size-default\">Weitere Fixes und Features<\/h3>\t\t<\/div>\n\t\t\t\t<\/div>\n\t\t\t\t\t<\/div>\n\t\t\t\t<\/div>\n\t\t<div class=\"elementor-element elementor-element-9882782 e-flex e-con-boxed e-con e-parent\" data-id=\"9882782\" data-element_type=\"container\" data-settings=\"{&quot;content_width&quot;:&quot;boxed&quot;}\" data-core-v316-plus=\"true\">\n\t\t\t\t\t<div class=\"e-con-inner\">\n\t\t\t\t<div class=\"elementor-element elementor-element-58ce940 elementor-widget elementor-widget-text-editor\" data-id=\"58ce940\" data-element_type=\"widget\" data-widget_type=\"text-editor.default\">\n\t\t\t\t<div class=\"elementor-widget-container\">\n\t\t\t\t\t\t\t<ul><li>Probleme mit Umschalten zum Vollbildmodus im Chrome-Browser aus Menue in Slideshow bereinigt.<br \/><br \/><\/li><li>Im Slideshow PopUp-Menue kann man jetzt auch Metadaten ausblenden<br \/><br \/><\/li><li>Automatisches Ausblenden des Popup-Menues in Slideshow eingebaut<br \/>(Das Popup verschwindet jetzt automatisch nach etwa 5 Sekunden)<\/li><\/ul>\t\t\t\t\t\t<\/div>\n\t\t\t\t<\/div>\n\t\t\t\t\t<\/div>\n\t\t\t\t<\/div>\n\t\t\t\t<\/div>\n\t\t","protected":false},"excerpt":{"rendered":"<p>Version 6.1.0 vom 07.04.2016 Hauptfeature: W\u00e4hlbare Designs f\u00fcr Slideshow eingebaut. Abschaltbar \u00fcber Benutzerrecht (pap:feature:designs:select)Weitere neue Rechte: pap:feature:designs:select\u00a0Vorgabewert f\u00fcr Konvertierung und Neu=true\u00a0Gibt an, ob Benutzer Design in Slideshow wechseln darf pap:feature:designs:changedefault\u00a0\u00a0Vorgabewert f\u00fcr Konvertierung und Neu=\u00dcbernahme von\u00a0pap:admin:changeownpasswordGibt an, ob Benutzer das PicApport-Standart-Design in Slideshow wechseln darf Slideshow nochmals robuster gegen Netzwerkprobleme gemacht Bei schlechten Netzwerkverbindungen kam es [&hellip;]<\/p>\n","protected":false},"author":1,"featured_media":0,"parent":0,"menu_order":0,"comment_status":"closed","ping_status":"closed","template":"","meta":{"footnotes":""},"class_list":["post-810","page","type-page","status-publish","hentry","entry"],"_links":{"self":[{"href":"https:\/\/contecon.de\/picapportwiki\/wp-json\/wp\/v2\/pages\/810","targetHints":{"allow":["GET"]}}],"collection":[{"href":"https:\/\/contecon.de\/picapportwiki\/wp-json\/wp\/v2\/pages"}],"about":[{"href":"https:\/\/contecon.de\/picapportwiki\/wp-json\/wp\/v2\/types\/page"}],"author":[{"embeddable":true,"href":"https:\/\/contecon.de\/picapportwiki\/wp-json\/wp\/v2\/users\/1"}],"replies":[{"embeddable":true,"href":"https:\/\/contecon.de\/picapportwiki\/wp-json\/wp\/v2\/comments?post=810"}],"version-history":[{"count":4,"href":"https:\/\/contecon.de\/picapportwiki\/wp-json\/wp\/v2\/pages\/810\/revisions"}],"predecessor-version":[{"id":814,"href":"https:\/\/contecon.de\/picapportwiki\/wp-json\/wp\/v2\/pages\/810\/revisions\/814"}],"wp:attachment":[{"href":"https:\/\/contecon.de\/picapportwiki\/wp-json\/wp\/v2\/media?parent=810"}],"curies":[{"name":"wp","href":"https:\/\/api.w.org\/{rel}","templated":true}]}}