{"id":800,"date":"2024-02-19T10:56:07","date_gmt":"2024-02-19T09:56:07","guid":{"rendered":"https:\/\/contecon.de\/picapportwiki\/?page_id=800"},"modified":"2024-02-19T10:58:12","modified_gmt":"2024-02-19T09:58:12","slug":"version-6-0-0-vom-08-02-2016","status":"publish","type":"page","link":"https:\/\/contecon.de\/picapportwiki\/version-6-0-0-vom-08-02-2016\/","title":{"rendered":"Version 6.0.0 vom 08.02.2016"},"content":{"rendered":"\t\t<div data-elementor-type=\"wp-page\" data-elementor-id=\"800\" class=\"elementor elementor-800\">\n\t\t\t\t<div class=\"elementor-element elementor-element-18b60f3 e-flex e-con-boxed e-con e-parent\" data-id=\"18b60f3\" data-element_type=\"container\" data-settings=\"{&quot;content_width&quot;:&quot;boxed&quot;}\" data-core-v316-plus=\"true\">\n\t\t\t\t\t<div class=\"e-con-inner\">\n\t\t\t\t<div class=\"elementor-element elementor-element-8158b92 elementor-widget elementor-widget-heading\" data-id=\"8158b92\" data-element_type=\"widget\" data-widget_type=\"heading.default\">\n\t\t\t\t<div class=\"elementor-widget-container\">\n\t\t\t<style>\/*! elementor - v3.19.0 - 07-02-2024 *\/\n.elementor-heading-title{padding:0;margin:0;line-height:1}.elementor-widget-heading .elementor-heading-title[class*=elementor-size-]>a{color:inherit;font-size:inherit;line-height:inherit}.elementor-widget-heading .elementor-heading-title.elementor-size-small{font-size:15px}.elementor-widget-heading .elementor-heading-title.elementor-size-medium{font-size:19px}.elementor-widget-heading .elementor-heading-title.elementor-size-large{font-size:29px}.elementor-widget-heading .elementor-heading-title.elementor-size-xl{font-size:39px}.elementor-widget-heading .elementor-heading-title.elementor-size-xxl{font-size:59px}<\/style><h2 class=\"elementor-heading-title elementor-size-default\">Version 6.0.0 vom 08.02.2016<\/h2>\t\t<\/div>\n\t\t\t\t<\/div>\n\t\t\t\t\t<\/div>\n\t\t\t\t<\/div>\n\t\t<div class=\"elementor-element elementor-element-5cacdb8 e-flex e-con-boxed e-con e-parent\" data-id=\"5cacdb8\" data-element_type=\"container\" data-settings=\"{&quot;content_width&quot;:&quot;boxed&quot;}\" data-core-v316-plus=\"true\">\n\t\t\t\t\t<div class=\"e-con-inner\">\n\t\t\t\t<div class=\"elementor-element elementor-element-147b1d9 elementor-widget elementor-widget-heading\" data-id=\"147b1d9\" data-element_type=\"widget\" data-widget_type=\"heading.default\">\n\t\t\t\t<div class=\"elementor-widget-container\">\n\t\t\t<h3 class=\"elementor-heading-title elementor-size-default\">Neues Hauptfeature: Kartenmodul<\/h3>\t\t<\/div>\n\t\t\t\t<\/div>\n\t\t\t\t\t<\/div>\n\t\t\t\t<\/div>\n\t\t<div class=\"elementor-element elementor-element-0b05ec8 e-flex e-con-boxed e-con e-parent\" data-id=\"0b05ec8\" data-element_type=\"container\" data-settings=\"{&quot;content_width&quot;:&quot;boxed&quot;}\" data-core-v316-plus=\"true\">\n\t\t\t\t\t<div class=\"e-con-inner\">\n\t\t\t\t<div class=\"elementor-element elementor-element-321e365 elementor-widget elementor-widget-text-editor\" data-id=\"321e365\" data-element_type=\"widget\" data-widget_type=\"text-editor.default\">\n\t\t\t\t<div class=\"elementor-widget-container\">\n\t\t\t<style>\/*! elementor - v3.19.0 - 07-02-2024 *\/\n.elementor-widget-text-editor.elementor-drop-cap-view-stacked .elementor-drop-cap{background-color:#69727d;color:#fff}.elementor-widget-text-editor.elementor-drop-cap-view-framed .elementor-drop-cap{color:#69727d;border:3px solid;background-color:transparent}.elementor-widget-text-editor:not(.elementor-drop-cap-view-default) .elementor-drop-cap{margin-top:8px}.elementor-widget-text-editor:not(.elementor-drop-cap-view-default) .elementor-drop-cap-letter{width:1em;height:1em}.elementor-widget-text-editor .elementor-drop-cap{float:left;text-align:center;line-height:1;font-size:50px}.elementor-widget-text-editor .elementor-drop-cap-letter{display:inline-block}<\/style>\t\t\t\t<p>Verf\u00fcgen Fotos \u00fcber GPS Metadaten k\u00f6nnen diese auf einer eigenen Seite (Kartenmodul) angezeigt werden.<\/p><ul><li>Funktionen des Kartenmoduls<ul><li>Anzeigen von GPS getaggten Fotos einer Abfrage oder Sammlung auf einer Karte<\/li><li>Anzeigen aller Fotos eines Kartenausschnitts auf der Thumbnail Seite<\/li><li>Anzeigen der Aufnahmeortes eines Fotos auf der Karte (Slideshow-&gt;Metadaten-&gt;Karte)<\/li><li>Abspeichern von Kartenbasierten Abfragen als dynamische Sammlung<\/li><li>Das Kartenmodul kann \u00fcber ein Benutzerrecht abgeschaltet werden<br \/><br \/><\/li><\/ul><\/li><li>GEO Operatoren:<ul><li>near:&#8220;lat,long,[distanceInKM]&#8220;<\/li><li>within:&#8220;lat,long,lat,long&#8220;<br \/><br \/><\/li><\/ul><\/li><li>GEO Parameter:<ul><li>geo.max.markers\u00a0\u00a0 (if not set default = 20000)<\/li><li>geo.cluster.size\u00a0 (if not set default =\u00a0\u00a0 120)<\/li><li>geo.marker.margin (if not set default =\u00a0\u00a0\u00a0 20)<\/li><li>geo.max.zoom\u00a0\u00a0\u00a0\u00a0\u00a0 (if not set default =\u00a0\u00a0\u00a0 18)<\/li><li>geo.distance.km.default (if not set dann 50 Angabe immer in KM)<br \/><br \/><\/li><\/ul><\/li><li>GEO Berechtigungen<ul><li><em><strong>pap:feature:map<\/strong><\/em>\u00a0&#8212;&gt; Berechtigung das integrierte Kartenmodul zu benutzen<br \/>Default ist true; Bei Updates wird nur auf true gestellt wenn vorher\u00a0<strong><em>pap:access:metadata<\/em><\/strong>\u00a0gesetzt war<\/li><\/ul><\/li><\/ul>\t\t\t\t\t\t<\/div>\n\t\t\t\t<\/div>\n\t\t\t\t\t<\/div>\n\t\t\t\t<\/div>\n\t\t<div class=\"elementor-element elementor-element-e0f1698 e-flex e-con-boxed e-con e-parent\" data-id=\"e0f1698\" data-element_type=\"container\" data-settings=\"{&quot;content_width&quot;:&quot;boxed&quot;}\" data-core-v316-plus=\"true\">\n\t\t\t\t\t<div class=\"e-con-inner\">\n\t\t\t\t<div class=\"elementor-element elementor-element-b56e750 elementor-widget elementor-widget-heading\" data-id=\"b56e750\" data-element_type=\"widget\" data-widget_type=\"heading.default\">\n\t\t\t\t<div class=\"elementor-widget-container\">\n\t\t\t<h3 class=\"elementor-heading-title elementor-size-default\">Datenbank<\/h3>\t\t<\/div>\n\t\t\t\t<\/div>\n\t\t\t\t\t<\/div>\n\t\t\t\t<\/div>\n\t\t<div class=\"elementor-element elementor-element-4528ce2 e-flex e-con-boxed e-con e-parent\" data-id=\"4528ce2\" data-element_type=\"container\" data-settings=\"{&quot;content_width&quot;:&quot;boxed&quot;}\" data-core-v316-plus=\"true\">\n\t\t\t\t\t<div class=\"e-con-inner\">\n\t\t\t\t<div class=\"elementor-element elementor-element-c1b6f66 elementor-widget elementor-widget-text-editor\" data-id=\"c1b6f66\" data-element_type=\"widget\" data-widget_type=\"text-editor.default\">\n\t\t\t\t<div class=\"elementor-widget-container\">\n\t\t\t\t\t\t\t<ul><li>Update auf OrientDB 2.1.8 incl. Lucene<\/li><li>Datenmodell erweitert um Geolocations und Likes<\/li><\/ul>\t\t\t\t\t\t<\/div>\n\t\t\t\t<\/div>\n\t\t\t\t\t<\/div>\n\t\t\t\t<\/div>\n\t\t<div class=\"elementor-element elementor-element-dc8626b e-flex e-con-boxed e-con e-parent\" data-id=\"dc8626b\" data-element_type=\"container\" data-settings=\"{&quot;content_width&quot;:&quot;boxed&quot;}\" data-core-v316-plus=\"true\">\n\t\t\t\t\t<div class=\"e-con-inner\">\n\t\t\t\t<div class=\"elementor-element elementor-element-21c82c7 elementor-widget elementor-widget-heading\" data-id=\"21c82c7\" data-element_type=\"widget\" data-widget_type=\"heading.default\">\n\t\t\t\t<div class=\"elementor-widget-container\">\n\t\t\t<h3 class=\"elementor-heading-title elementor-size-default\">Eingebaute Hilfe Seite<\/h3>\t\t<\/div>\n\t\t\t\t<\/div>\n\t\t\t\t\t<\/div>\n\t\t\t\t<\/div>\n\t\t<div class=\"elementor-element elementor-element-9cf946c e-flex e-con-boxed e-con e-parent\" data-id=\"9cf946c\" data-element_type=\"container\" data-settings=\"{&quot;content_width&quot;:&quot;boxed&quot;}\" data-core-v316-plus=\"true\">\n\t\t\t\t\t<div class=\"e-con-inner\">\n\t\t\t\t<div class=\"elementor-element elementor-element-24a41d3 elementor-widget elementor-widget-text-editor\" data-id=\"24a41d3\" data-element_type=\"widget\" data-widget_type=\"text-editor.default\">\n\t\t\t\t<div class=\"elementor-widget-container\">\n\t\t\t\t\t\t\t<ul><li>Link auf Internet Doku in Onlinehilfe eingebaut<\/li><li>Keyboard Shortcuts aufgenommen<\/li><\/ul>\t\t\t\t\t\t<\/div>\n\t\t\t\t<\/div>\n\t\t\t\t\t<\/div>\n\t\t\t\t<\/div>\n\t\t<div class=\"elementor-element elementor-element-b4b8ea1 e-flex e-con-boxed e-con e-parent\" data-id=\"b4b8ea1\" data-element_type=\"container\" data-settings=\"{&quot;content_width&quot;:&quot;boxed&quot;}\" data-core-v316-plus=\"true\">\n\t\t\t\t\t<div class=\"e-con-inner\">\n\t\t\t\t<div class=\"elementor-element elementor-element-fb54a4d elementor-widget elementor-widget-heading\" data-id=\"fb54a4d\" data-element_type=\"widget\" data-widget_type=\"heading.default\">\n\t\t\t\t<div class=\"elementor-widget-container\">\n\t\t\t<h3 class=\"elementor-heading-title elementor-size-default\">Sonstiges<\/h3>\t\t<\/div>\n\t\t\t\t<\/div>\n\t\t\t\t\t<\/div>\n\t\t\t\t<\/div>\n\t\t<div class=\"elementor-element elementor-element-7e820a6 e-flex e-con-boxed e-con e-parent\" data-id=\"7e820a6\" data-element_type=\"container\" data-settings=\"{&quot;content_width&quot;:&quot;boxed&quot;}\" data-core-v316-plus=\"true\">\n\t\t\t\t\t<div class=\"e-con-inner\">\n\t\t\t\t<div class=\"elementor-element elementor-element-4dcf059 elementor-widget elementor-widget-text-editor\" data-id=\"4dcf059\" data-element_type=\"widget\" data-widget_type=\"text-editor.default\">\n\t\t\t\t<div class=\"elementor-widget-container\">\n\t\t\t\t\t\t\t<ul><li>Upload Tags jetzt hierarchisch (PicApport\/$upload\/@admin)<\/li><li>Diverse kleinere Bugfixes sowie Verbesserungen bei der Seitennavigation<\/li><li>Seit V6.0.01 Wurde der Download-Button im Menue Slideshow auf\u00a0<em>Original herunterladen<\/em>\u00a0umbenannt.<\/li><\/ul>\t\t\t\t\t\t<\/div>\n\t\t\t\t<\/div>\n\t\t\t\t\t<\/div>\n\t\t\t\t<\/div>\n\t\t\t\t<\/div>\n\t\t","protected":false},"excerpt":{"rendered":"<p>Version 6.0.0 vom 08.02.2016 Neues Hauptfeature: Kartenmodul Verf\u00fcgen Fotos \u00fcber GPS Metadaten k\u00f6nnen diese auf einer eigenen Seite (Kartenmodul) angezeigt werden. Funktionen des Kartenmoduls Anzeigen von GPS getaggten Fotos einer Abfrage oder Sammlung auf einer Karte Anzeigen aller Fotos eines Kartenausschnitts auf der Thumbnail Seite Anzeigen der Aufnahmeortes eines Fotos auf der Karte (Slideshow-&gt;Metadaten-&gt;Karte) Abspeichern [&hellip;]<\/p>\n","protected":false},"author":1,"featured_media":0,"parent":0,"menu_order":0,"comment_status":"closed","ping_status":"closed","template":"","meta":{"footnotes":""},"class_list":["post-800","page","type-page","status-publish","hentry","entry"],"_links":{"self":[{"href":"https:\/\/contecon.de\/picapportwiki\/wp-json\/wp\/v2\/pages\/800","targetHints":{"allow":["GET"]}}],"collection":[{"href":"https:\/\/contecon.de\/picapportwiki\/wp-json\/wp\/v2\/pages"}],"about":[{"href":"https:\/\/contecon.de\/picapportwiki\/wp-json\/wp\/v2\/types\/page"}],"author":[{"embeddable":true,"href":"https:\/\/contecon.de\/picapportwiki\/wp-json\/wp\/v2\/users\/1"}],"replies":[{"embeddable":true,"href":"https:\/\/contecon.de\/picapportwiki\/wp-json\/wp\/v2\/comments?post=800"}],"version-history":[{"count":4,"href":"https:\/\/contecon.de\/picapportwiki\/wp-json\/wp\/v2\/pages\/800\/revisions"}],"predecessor-version":[{"id":804,"href":"https:\/\/contecon.de\/picapportwiki\/wp-json\/wp\/v2\/pages\/800\/revisions\/804"}],"wp:attachment":[{"href":"https:\/\/contecon.de\/picapportwiki\/wp-json\/wp\/v2\/media?parent=800"}],"curies":[{"name":"wp","href":"https:\/\/api.w.org\/{rel}","templated":true}]}}