{"id":785,"date":"2024-02-19T10:52:42","date_gmt":"2024-02-19T09:52:42","guid":{"rendered":"https:\/\/contecon.de\/picapportwiki\/?page_id=785"},"modified":"2024-02-19T10:53:12","modified_gmt":"2024-02-19T09:53:12","slug":"version-5-1-0-vom-23-10-2015","status":"publish","type":"page","link":"https:\/\/contecon.de\/picapportwiki\/version-5-1-0-vom-23-10-2015\/","title":{"rendered":"Version 5.1.0 vom 23.10.2015"},"content":{"rendered":"\t\t<div data-elementor-type=\"wp-page\" data-elementor-id=\"785\" class=\"elementor elementor-785\">\n\t\t\t\t<div class=\"elementor-element elementor-element-f74bbf7 e-flex e-con-boxed e-con e-parent\" data-id=\"f74bbf7\" data-element_type=\"container\" data-settings=\"{&quot;content_width&quot;:&quot;boxed&quot;}\" data-core-v316-plus=\"true\">\n\t\t\t\t\t<div class=\"e-con-inner\">\n\t\t\t\t<div class=\"elementor-element elementor-element-1d6057f elementor-widget elementor-widget-heading\" data-id=\"1d6057f\" data-element_type=\"widget\" data-widget_type=\"heading.default\">\n\t\t\t\t<div class=\"elementor-widget-container\">\n\t\t\t<style>\/*! elementor - v3.19.0 - 07-02-2024 *\/\n.elementor-heading-title{padding:0;margin:0;line-height:1}.elementor-widget-heading .elementor-heading-title[class*=elementor-size-]>a{color:inherit;font-size:inherit;line-height:inherit}.elementor-widget-heading .elementor-heading-title.elementor-size-small{font-size:15px}.elementor-widget-heading .elementor-heading-title.elementor-size-medium{font-size:19px}.elementor-widget-heading .elementor-heading-title.elementor-size-large{font-size:29px}.elementor-widget-heading .elementor-heading-title.elementor-size-xl{font-size:39px}.elementor-widget-heading .elementor-heading-title.elementor-size-xxl{font-size:59px}<\/style><h2 class=\"elementor-heading-title elementor-size-default\">Version 5.1.0 vom 23.10.2015<\/h2>\t\t<\/div>\n\t\t\t\t<\/div>\n\t\t\t\t\t<\/div>\n\t\t\t\t<\/div>\n\t\t<div class=\"elementor-element elementor-element-d624a07 e-flex e-con-boxed e-con e-parent\" data-id=\"d624a07\" data-element_type=\"container\" data-settings=\"{&quot;content_width&quot;:&quot;boxed&quot;}\" data-core-v316-plus=\"true\">\n\t\t\t\t\t<div class=\"e-con-inner\">\n\t\t\t\t<div class=\"elementor-element elementor-element-7d91416 elementor-widget elementor-widget-text-editor\" data-id=\"7d91416\" data-element_type=\"widget\" data-widget_type=\"text-editor.default\">\n\t\t\t\t<div class=\"elementor-widget-container\">\n\t\t\t<style>\/*! elementor - v3.19.0 - 07-02-2024 *\/\n.elementor-widget-text-editor.elementor-drop-cap-view-stacked .elementor-drop-cap{background-color:#69727d;color:#fff}.elementor-widget-text-editor.elementor-drop-cap-view-framed .elementor-drop-cap{color:#69727d;border:3px solid;background-color:transparent}.elementor-widget-text-editor:not(.elementor-drop-cap-view-default) .elementor-drop-cap{margin-top:8px}.elementor-widget-text-editor:not(.elementor-drop-cap-view-default) .elementor-drop-cap-letter{width:1em;height:1em}.elementor-widget-text-editor .elementor-drop-cap{float:left;text-align:center;line-height:1;font-size:50px}.elementor-widget-text-editor .elementor-drop-cap-letter{display:inline-block}<\/style>\t\t\t\t<ul><li>Bugfix Behandlung\u00a0<code>exif-orientation<\/code>\u00a0Flag (hat vorher nicht funktioniert).<\/li><li>Update auf Dropzone 4.2.0 (Probleme Firefox auf Android)<\/li><li>neue Defaultgr\u00f6\u00dfe f\u00fcr Thumbnails in Datenbank (110 statt 120)<br \/>Qualit\u00e4t von landscape Thumbnails stark verbessert<\/li><li>neues Property: thumbs.mode<ul><li>0= Always from jpg-thumb if availabe(default)<\/li><li>1= use jpg-thumb if height &gt; thumbs.heigh<\/li><li>2= always generate from jpg<\/li><\/ul><\/li><li>Probleme mit Popups unter iOS 9 behoben<\/li><\/ul>\t\t\t\t\t\t<\/div>\n\t\t\t\t<\/div>\n\t\t\t\t\t<\/div>\n\t\t\t\t<\/div>\n\t\t\t\t<\/div>\n\t\t","protected":false},"excerpt":{"rendered":"<p>Version 5.1.0 vom 23.10.2015 Bugfix Behandlung\u00a0exif-orientation\u00a0Flag (hat vorher nicht funktioniert). Update auf Dropzone 4.2.0 (Probleme Firefox auf Android) neue Defaultgr\u00f6\u00dfe f\u00fcr Thumbnails in Datenbank (110 statt 120)Qualit\u00e4t von landscape Thumbnails stark verbessert neues Property: thumbs.mode 0= Always from jpg-thumb if availabe(default) 1= use jpg-thumb if height &gt; thumbs.heigh 2= always generate from jpg Probleme mit [&hellip;]<\/p>\n","protected":false},"author":1,"featured_media":0,"parent":0,"menu_order":0,"comment_status":"closed","ping_status":"closed","template":"","meta":{"footnotes":""},"class_list":["post-785","page","type-page","status-publish","hentry","entry"],"_links":{"self":[{"href":"https:\/\/contecon.de\/picapportwiki\/wp-json\/wp\/v2\/pages\/785","targetHints":{"allow":["GET"]}}],"collection":[{"href":"https:\/\/contecon.de\/picapportwiki\/wp-json\/wp\/v2\/pages"}],"about":[{"href":"https:\/\/contecon.de\/picapportwiki\/wp-json\/wp\/v2\/types\/page"}],"author":[{"embeddable":true,"href":"https:\/\/contecon.de\/picapportwiki\/wp-json\/wp\/v2\/users\/1"}],"replies":[{"embeddable":true,"href":"https:\/\/contecon.de\/picapportwiki\/wp-json\/wp\/v2\/comments?post=785"}],"version-history":[{"count":4,"href":"https:\/\/contecon.de\/picapportwiki\/wp-json\/wp\/v2\/pages\/785\/revisions"}],"predecessor-version":[{"id":789,"href":"https:\/\/contecon.de\/picapportwiki\/wp-json\/wp\/v2\/pages\/785\/revisions\/789"}],"wp:attachment":[{"href":"https:\/\/contecon.de\/picapportwiki\/wp-json\/wp\/v2\/media?parent=785"}],"curies":[{"name":"wp","href":"https:\/\/api.w.org\/{rel}","templated":true}]}}