{"id":765,"date":"2024-02-19T10:48:42","date_gmt":"2024-02-19T09:48:42","guid":{"rendered":"https:\/\/contecon.de\/picapportwiki\/?page_id=765"},"modified":"2024-02-19T10:49:11","modified_gmt":"2024-02-19T09:49:11","slug":"version-3-0-16-vom-29-08-2014","status":"publish","type":"page","link":"https:\/\/contecon.de\/picapportwiki\/version-3-0-16-vom-29-08-2014\/","title":{"rendered":"Version 3.0.16 vom 29.08.2014"},"content":{"rendered":"\t\t<div data-elementor-type=\"wp-page\" data-elementor-id=\"765\" class=\"elementor elementor-765\">\n\t\t\t\t<div class=\"elementor-element elementor-element-63507bc e-flex e-con-boxed e-con e-parent\" data-id=\"63507bc\" data-element_type=\"container\" data-settings=\"{&quot;content_width&quot;:&quot;boxed&quot;}\" data-core-v316-plus=\"true\">\n\t\t\t\t\t<div class=\"e-con-inner\">\n\t\t\t\t<div class=\"elementor-element elementor-element-1ae782f elementor-widget elementor-widget-heading\" data-id=\"1ae782f\" data-element_type=\"widget\" data-widget_type=\"heading.default\">\n\t\t\t\t<div class=\"elementor-widget-container\">\n\t\t\t<style>\/*! elementor - v3.19.0 - 07-02-2024 *\/\n.elementor-heading-title{padding:0;margin:0;line-height:1}.elementor-widget-heading .elementor-heading-title[class*=elementor-size-]>a{color:inherit;font-size:inherit;line-height:inherit}.elementor-widget-heading .elementor-heading-title.elementor-size-small{font-size:15px}.elementor-widget-heading .elementor-heading-title.elementor-size-medium{font-size:19px}.elementor-widget-heading .elementor-heading-title.elementor-size-large{font-size:29px}.elementor-widget-heading .elementor-heading-title.elementor-size-xl{font-size:39px}.elementor-widget-heading .elementor-heading-title.elementor-size-xxl{font-size:59px}<\/style><h2 class=\"elementor-heading-title elementor-size-default\">Version 3.0.16 vom 29.08.2014<\/h2>\t\t<\/div>\n\t\t\t\t<\/div>\n\t\t\t\t\t<\/div>\n\t\t\t\t<\/div>\n\t\t<div class=\"elementor-element elementor-element-b5fab19 e-flex e-con-boxed e-con e-parent\" data-id=\"b5fab19\" data-element_type=\"container\" data-settings=\"{&quot;content_width&quot;:&quot;boxed&quot;}\" data-core-v316-plus=\"true\">\n\t\t\t\t\t<div class=\"e-con-inner\">\n\t\t\t\t<div class=\"elementor-element elementor-element-a609461 elementor-widget elementor-widget-text-editor\" data-id=\"a609461\" data-element_type=\"widget\" data-widget_type=\"text-editor.default\">\n\t\t\t\t<div class=\"elementor-widget-container\">\n\t\t\t<style>\/*! elementor - v3.19.0 - 07-02-2024 *\/\n.elementor-widget-text-editor.elementor-drop-cap-view-stacked .elementor-drop-cap{background-color:#69727d;color:#fff}.elementor-widget-text-editor.elementor-drop-cap-view-framed .elementor-drop-cap{color:#69727d;border:3px solid;background-color:transparent}.elementor-widget-text-editor:not(.elementor-drop-cap-view-default) .elementor-drop-cap{margin-top:8px}.elementor-widget-text-editor:not(.elementor-drop-cap-view-default) .elementor-drop-cap-letter{width:1em;height:1em}.elementor-widget-text-editor .elementor-drop-cap{float:left;text-align:center;line-height:1;font-size:50px}.elementor-widget-text-editor .elementor-drop-cap-letter{display:inline-block}<\/style>\t\t\t\t<ul><li>Hauptfeature: Offline collections (indexedDB) werden unterst\u00fctzt<\/li><li>Abfragen hei\u00dfen jetzt dynamische Sammlung (dynamic collection)<\/li><li>NEU Offline Bilder anschauen<\/li><li>NEU Thumbnails werden bei Dynamischen Sammlungen angezeigt<\/li><li>NEU Menue in Thumbs-Ansicht<ul><li>Sortierung \u00e4ndern<\/li><li>Sammlungen speichern<\/li><\/ul><\/li><li>NEU Verzeichnisbrowser komplett \u00fcberarbeitet<ul><li>Anzeige mit Icons<\/li><li>M\u00f6glichkeit Verzeichnis mit allen Unterverzeichnissen anzuzeigen<\/li><\/ul><\/li><li>Seitennavigation \u00fcberarbeitet<ul><li>\u00fcberall Back-Button vorhanden<\/li><li>Neue Seitenmenues (Hamburger-Icon)<\/li><li>W\u00e4hrend laufender Slideshow: Nach rechts ziehen Stoppt Slideshow und zeigt Metadaten<\/li><li>Neuer Button in Metadaten: play<\/li><\/ul><\/li><li>Intern: Alles auf AJAX umgestellt (Komplette Navigation NEU)<\/li><li>Intern: Neue URL&#8217;s f\u00fcr Seiten (Alter URL&#8217;s werden noch unterst\u00fctzt)<\/li><li>Externe Libs:<ul><li>Jquery Mobile 1.4<\/li><li>Orient DB 1.7.8<\/li><\/ul><\/li><li>Version 3.0.11 27.08.2014 created<ul><li>Directorys werden jetzt auch neu gescannt wenn nur Metadaten einer Datei ge\u00e4ndert wurden<\/li><\/ul><\/li><li>Version 3.0.13 27.08.2014 created<ul><li>Neuer Menuebefehl auf Homepage zum reloaden der Seite im Online Modus<\/li><\/ul><\/li><li>Version 3.0.16 29.08.2014 created<ul><li>Kleinere Bugs behoben<\/li><\/ul><\/li><\/ul><p>Version 3.1.0 31.10.2014 created<\/p><ul><li>Viel Details wegen IOS und Chrome Aufger\u00e4umt<\/li><li>Stylesheets angepasst<\/li><li>Und auf allen Plattformen nochmals getestet<\/li><li>Lokale Bildspeicherung bvis auf weiteres ohne Blobs (Strings Base64 kodiert)<\/li><li>Version 3.1.1 11.11.2014 created<\/li><li>Fehler behoben: dir: und dirall: ging nicht wenn Leerzeichen im Pfad<\/li><li>V3.2.0 xx.xx.2014 created<\/li><li>picapport.directory kann jetzt gesetzt werden<\/li><li>headless probleme mit OpenJDK gel\u00f6st (ccBaseSmall hatt noch\u00a0<a class=\"external-link\" href=\"http:\/\/sun.io\/\" rel=\"nofollow\">sun.io<\/a>\u00a0Klassen drin)<\/li><\/ul><p>V3.2.1 26.01.2015 created<\/p><ul><li>Methoden zur Unterst\u00fctzung von Apache Procrun eingebaut um als Headless Dienst zu laufen<\/li><li>V3.2.2 28.01.2015 created<\/li><li>Support von -Dpicapport.home wegen Installer eingebaut<\/li><\/ul>\t\t\t\t\t\t<\/div>\n\t\t\t\t<\/div>\n\t\t\t\t\t<\/div>\n\t\t\t\t<\/div>\n\t\t\t\t<\/div>\n\t\t","protected":false},"excerpt":{"rendered":"<p>Version 3.0.16 vom 29.08.2014 Hauptfeature: Offline collections (indexedDB) werden unterst\u00fctzt Abfragen hei\u00dfen jetzt dynamische Sammlung (dynamic collection) NEU Offline Bilder anschauen NEU Thumbnails werden bei Dynamischen Sammlungen angezeigt NEU Menue in Thumbs-Ansicht Sortierung \u00e4ndern Sammlungen speichern NEU Verzeichnisbrowser komplett \u00fcberarbeitet Anzeige mit Icons M\u00f6glichkeit Verzeichnis mit allen Unterverzeichnissen anzuzeigen Seitennavigation \u00fcberarbeitet \u00fcberall Back-Button vorhanden Neue [&hellip;]<\/p>\n","protected":false},"author":1,"featured_media":0,"parent":0,"menu_order":0,"comment_status":"closed","ping_status":"closed","template":"","meta":{"footnotes":""},"class_list":["post-765","page","type-page","status-publish","hentry","entry"],"_links":{"self":[{"href":"https:\/\/contecon.de\/picapportwiki\/wp-json\/wp\/v2\/pages\/765","targetHints":{"allow":["GET"]}}],"collection":[{"href":"https:\/\/contecon.de\/picapportwiki\/wp-json\/wp\/v2\/pages"}],"about":[{"href":"https:\/\/contecon.de\/picapportwiki\/wp-json\/wp\/v2\/types\/page"}],"author":[{"embeddable":true,"href":"https:\/\/contecon.de\/picapportwiki\/wp-json\/wp\/v2\/users\/1"}],"replies":[{"embeddable":true,"href":"https:\/\/contecon.de\/picapportwiki\/wp-json\/wp\/v2\/comments?post=765"}],"version-history":[{"count":4,"href":"https:\/\/contecon.de\/picapportwiki\/wp-json\/wp\/v2\/pages\/765\/revisions"}],"predecessor-version":[{"id":769,"href":"https:\/\/contecon.de\/picapportwiki\/wp-json\/wp\/v2\/pages\/765\/revisions\/769"}],"wp:attachment":[{"href":"https:\/\/contecon.de\/picapportwiki\/wp-json\/wp\/v2\/media?parent=765"}],"curies":[{"name":"wp","href":"https:\/\/api.w.org\/{rel}","templated":true}]}}