{"id":7,"date":"2024-02-12T09:26:24","date_gmt":"2024-02-12T08:26:24","guid":{"rendered":"https:\/\/contecon.de\/picapportwiki\/?page_id=7"},"modified":"2024-05-22T13:21:06","modified_gmt":"2024-05-22T11:21:06","slug":"picapport-deutsch","status":"publish","type":"page","link":"https:\/\/contecon.de\/picapportwiki\/","title":{"rendered":"Einleitung"},"content":{"rendered":"\t\t<div data-elementor-type=\"wp-page\" data-elementor-id=\"7\" class=\"elementor elementor-7\">\n\t\t\t\t<div class=\"elementor-element elementor-element-e095f8f e-flex e-con-boxed e-con e-parent\" data-id=\"e095f8f\" data-element_type=\"container\" data-settings=\"{&quot;content_width&quot;:&quot;boxed&quot;}\" data-core-v316-plus=\"true\">\n\t\t\t\t\t<div class=\"e-con-inner\">\n\t\t\t\t<div class=\"elementor-element elementor-element-72e7431 elementor-widget elementor-widget-heading\" data-id=\"72e7431\" data-element_type=\"widget\" data-widget_type=\"heading.default\">\n\t\t\t\t<div class=\"elementor-widget-container\">\n\t\t\t<style>\/*! elementor - v3.19.0 - 07-02-2024 *\/\n.elementor-heading-title{padding:0;margin:0;line-height:1}.elementor-widget-heading .elementor-heading-title[class*=elementor-size-]>a{color:inherit;font-size:inherit;line-height:inherit}.elementor-widget-heading .elementor-heading-title.elementor-size-small{font-size:15px}.elementor-widget-heading .elementor-heading-title.elementor-size-medium{font-size:19px}.elementor-widget-heading .elementor-heading-title.elementor-size-large{font-size:29px}.elementor-widget-heading .elementor-heading-title.elementor-size-xl{font-size:39px}.elementor-widget-heading .elementor-heading-title.elementor-size-xxl{font-size:59px}<\/style><h2 class=\"elementor-heading-title elementor-size-default\">Einleitung<\/h2>\t\t<\/div>\n\t\t\t\t<\/div>\n\t\t\t\t\t<\/div>\n\t\t\t\t<\/div>\n\t\t<div class=\"elementor-element elementor-element-1bf4afb e-flex e-con-boxed e-con e-parent\" data-id=\"1bf4afb\" data-element_type=\"container\" data-settings=\"{&quot;content_width&quot;:&quot;boxed&quot;}\" data-core-v316-plus=\"true\">\n\t\t\t\t\t<div class=\"e-con-inner\">\n\t\t\t\t<div class=\"elementor-element elementor-element-fe113fb elementor-widget elementor-widget-heading\" data-id=\"fe113fb\" data-element_type=\"widget\" data-widget_type=\"heading.default\">\n\t\t\t\t<div class=\"elementor-widget-container\">\n\t\t\t<h3 class=\"elementor-heading-title elementor-size-default\">PicApport Benutzerhandbuch<\/h3>\t\t<\/div>\n\t\t\t\t<\/div>\n\t\t\t\t\t<\/div>\n\t\t\t\t<\/div>\n\t\t<div class=\"elementor-element elementor-element-3d6900e e-flex e-con-boxed e-con e-parent\" data-id=\"3d6900e\" data-element_type=\"container\" data-settings=\"{&quot;content_width&quot;:&quot;boxed&quot;}\" data-core-v316-plus=\"true\">\n\t\t\t\t\t<div class=\"e-con-inner\">\n\t\t\t\t<div class=\"elementor-element elementor-element-d807440 elementor-widget elementor-widget-heading\" data-id=\"d807440\" data-element_type=\"widget\" data-widget_type=\"heading.default\">\n\t\t\t\t<div class=\"elementor-widget-container\">\n\t\t\t<h4 class=\"elementor-heading-title elementor-size-default\">Was ist PicApport?<\/h4>\t\t<\/div>\n\t\t\t\t<\/div>\n\t\t\t\t\t<\/div>\n\t\t\t\t<\/div>\n\t\t<div class=\"elementor-element elementor-element-52f0131 e-flex e-con-boxed e-con e-parent\" data-id=\"52f0131\" data-element_type=\"container\" data-settings=\"{&quot;content_width&quot;:&quot;boxed&quot;}\" data-core-v316-plus=\"true\">\n\t\t\t\t\t<div class=\"e-con-inner\">\n\t\t\t\t<div class=\"elementor-element elementor-element-6391799 elementor-widget elementor-widget-text-editor\" data-id=\"6391799\" data-element_type=\"widget\" data-widget_type=\"text-editor.default\">\n\t\t\t\t<div class=\"elementor-widget-container\">\n\t\t\t<style>\/*! elementor - v3.19.0 - 07-02-2024 *\/\n.elementor-widget-text-editor.elementor-drop-cap-view-stacked .elementor-drop-cap{background-color:#69727d;color:#fff}.elementor-widget-text-editor.elementor-drop-cap-view-framed .elementor-drop-cap{color:#69727d;border:3px solid;background-color:transparent}.elementor-widget-text-editor:not(.elementor-drop-cap-view-default) .elementor-drop-cap{margin-top:8px}.elementor-widget-text-editor:not(.elementor-drop-cap-view-default) .elementor-drop-cap-letter{width:1em;height:1em}.elementor-widget-text-editor .elementor-drop-cap{float:left;text-align:center;line-height:1;font-size:50px}.elementor-widget-text-editor .elementor-drop-cap-letter{display:inline-block}<\/style>\t\t\t\t<p>PicApport ist ein Fotoserver der das Betrachten und Verwalten von Fotos auf allen mit dem Heimnetzwerk verbunden Ger\u00e4ten, wie z.B. Desktop-PCs, Notebooks, Netbooks, Tablet-PCs, iPads, Android-Smartphones oder iPhones erm\u00f6glicht. Ein manueller Abgleich und Upload der Fotos auf die Ger\u00e4te ist somit nicht mehr notwendig. Auch ein Upload der Fotos zu einem Provider im Internet entf\u00e4llt.<\/p><p>Einmal konfiguriert, stellt PicApport automatisch fest, wenn neue Bilder auf dem Server gespeichert wurden und stellt diese dem Anwender mit einer modernen Browser-Oberfl\u00e4che zur Verf\u00fcgung.<\/p><p>Die Browser-Oberfl\u00e4che wurde speziell zur Anwendung auf Smartphones und Tablet-PC&#8217;s optimiert. Es ist m\u00f6glich, Verzeichnisse mit Fotos sowohl in einer Vorschau (Thumbnails), sowie als selbst ablaufende Diashow zu betrachten. Immer wieder ben\u00f6tigte Verzeichnisse k\u00f6nnen auch direkt als Bookmark auf dem Home-Bildschirm abgelegt werden.<\/p><p>Zur Installation auf Windows-Betriebssystemen ist ein komfortabler Installer verf\u00fcgbar. Da der PicApport Server konsequent in Java implementiert wurde, ist eine Installation auch unter Linux oder Mac OS X m\u00f6glich.<\/p><p>PicApport beinhaltet auch eine umfangreiche Benutzerverwaltung sowie die M\u00f6glichkeit Fotos direkt vom Handy oder Tablet auf einen PicApport Server hochzuladen.<\/p><p>Beinhalten Fotos GPS-Tags, k\u00f6nnen diese auf dem integrierten Kartenmodul angezeigt werden. Auch das nachtr\u00e4gliche Taggen von Fotos wird von PicApport unterst\u00fctzt.<\/p><p>Selbstverst\u00e4ndlich kann der private PicApport-Server z.B. \u00fcber DynDNS auch \u00fcber das Internet erreichbar gemacht werden wenn man das im Heimnetzwerk entsprechend konfiguriert. Auch eine Installation in der Cloud ist nat\u00fcrlich m\u00f6glich. Auch eine SSL Verschl\u00fcsselung \u00fcber Letsencrypt ist m\u00f6glich.<\/p><p>Eine Stichpunktartige \u00dcbersicht der Programmfunktion mit weiterf\u00fchrenden Links auf Videos und Screenshots findet sich hier: Highlights (\u00dcbersicht der Programmfunktionen)<\/p>\t\t\t\t\t\t<\/div>\n\t\t\t\t<\/div>\n\t\t\t\t\t<\/div>\n\t\t\t\t<\/div>\n\t\t<div class=\"elementor-element elementor-element-69cc1a7 e-flex e-con-boxed e-con e-parent\" data-id=\"69cc1a7\" data-element_type=\"container\" data-settings=\"{&quot;content_width&quot;:&quot;boxed&quot;}\" data-core-v316-plus=\"true\">\n\t\t\t\t\t<div class=\"e-con-inner\">\n\t\t\t\t<div class=\"elementor-element elementor-element-433d1b7 elementor-widget elementor-widget-heading\" data-id=\"433d1b7\" data-element_type=\"widget\" data-widget_type=\"heading.default\">\n\t\t\t\t<div class=\"elementor-widget-container\">\n\t\t\t<h4 class=\"elementor-heading-title elementor-size-default\">Wozu brauche ich PicApport?<\/h4>\t\t<\/div>\n\t\t\t\t<\/div>\n\t\t\t\t\t<\/div>\n\t\t\t\t<\/div>\n\t\t<div class=\"elementor-element elementor-element-a5098f7 e-flex e-con-boxed e-con e-parent\" data-id=\"a5098f7\" data-element_type=\"container\" data-settings=\"{&quot;content_width&quot;:&quot;boxed&quot;}\" data-core-v316-plus=\"true\">\n\t\t\t\t\t<div class=\"e-con-inner\">\n\t\t\t\t<div class=\"elementor-element elementor-element-e75128a elementor-widget elementor-widget-text-editor\" data-id=\"e75128a\" data-element_type=\"widget\" data-widget_type=\"text-editor.default\">\n\t\t\t\t<div class=\"elementor-widget-container\">\n\t\t\t\t\t\t\t<p>Sie haben sich einen neuen Tablet-PC oder ein iPad zugelegt und m\u00f6chten auf Ihre bereits vorhandenen und auf einem PC gespeicherten Fotos zugreifen ohne diese immer wieder auf die neuen Ger\u00e4te kopieren zu m\u00fcssen? Dann ist PicApport genau das richtige Programm. Einfach PicApport auf dem PC starten auf dem die Bilder gespeichert sind und schon k\u00f6nnen Sie diese von jedem in Ihrem Netzwerk angeschlossenen Ger\u00e4t \u00fcber einen Browser anschauen.<br \/>Selbstverst\u00e4ndlich funktioniert dies auch mit im WLAN integrierten Android-Smartphones oder iPhones.<\/p>\t\t\t\t\t\t<\/div>\n\t\t\t\t<\/div>\n\t\t\t\t\t<\/div>\n\t\t\t\t<\/div>\n\t\t<div class=\"elementor-element elementor-element-cf94350 e-flex e-con-boxed e-con e-parent\" data-id=\"cf94350\" data-element_type=\"container\" data-settings=\"{&quot;content_width&quot;:&quot;boxed&quot;}\" data-core-v316-plus=\"true\">\n\t\t\t\t\t<div class=\"e-con-inner\">\n\t\t\t\t<div class=\"elementor-element elementor-element-ef65522 elementor-widget elementor-widget-heading\" data-id=\"ef65522\" data-element_type=\"widget\" data-widget_type=\"heading.default\">\n\t\t\t\t<div class=\"elementor-widget-container\">\n\t\t\t<h4 class=\"elementor-heading-title elementor-size-default\">PicApport als Familienserver<\/h4>\t\t<\/div>\n\t\t\t\t<\/div>\n\t\t\t\t\t<\/div>\n\t\t\t\t<\/div>\n\t\t<div class=\"elementor-element elementor-element-977d28e e-flex e-con-boxed e-con e-parent\" data-id=\"977d28e\" data-element_type=\"container\" data-settings=\"{&quot;content_width&quot;:&quot;boxed&quot;}\" data-core-v316-plus=\"true\">\n\t\t\t\t\t<div class=\"e-con-inner\">\n\t\t\t\t<div class=\"elementor-element elementor-element-dd479a4 elementor-widget elementor-widget-text-editor\" data-id=\"dd479a4\" data-element_type=\"widget\" data-widget_type=\"text-editor.default\">\n\t\t\t\t<div class=\"elementor-widget-container\">\n\t\t\t\t\t\t\t<p>Durch die Verbreitung von Smartphones ist es fast unm\u00f6glich geworden, alle in einer Familie vorhandenen Bilder zentral zu organisieren und zum Anschauen f\u00fcr alle verf\u00fcgbar zu machen. Die sozialen Netzwerke bieten hier zwar L\u00f6sungen an, doch es ist nicht jedermanns Sache, private Fotos in die Cloud zu stellen. Picapport bietet hier eine L\u00f6sung an. Durch die konsequente Integration der Foto-Metadaten eignet sich PicApport sowohl f\u00fcr den &#8222;ernsthaften&#8220; Fotograf in der Familie der seine RAW-Bilder aus dem RAW-Konverter direkt auf ein PicApport Verzeichnis exportiert als auch f\u00fcr den Rest der Familie der eigentlich nur mit dem Handy ein paar Schnappsch\u00fcsse macht. Selbst Besuchern kann man Zugriff auf das private PicApport erm\u00f6glichen, da \u00fcber Filter eingestellt werden kann, welche Fotos diese zu sehen zu bekommen.<\/p>\t\t\t\t\t\t<\/div>\n\t\t\t\t<\/div>\n\t\t\t\t\t<\/div>\n\t\t\t\t<\/div>\n\t\t<div class=\"elementor-element elementor-element-a1bb926 e-flex e-con-boxed e-con e-parent\" data-id=\"a1bb926\" data-element_type=\"container\" data-settings=\"{&quot;content_width&quot;:&quot;boxed&quot;}\" data-core-v316-plus=\"true\">\n\t\t\t\t\t<div class=\"e-con-inner\">\n\t\t\t\t<div class=\"elementor-element elementor-element-1b21e3e elementor-widget elementor-widget-heading\" data-id=\"1b21e3e\" data-element_type=\"widget\" data-widget_type=\"heading.default\">\n\t\t\t\t<div class=\"elementor-widget-container\">\n\t\t\t<h4 class=\"elementor-heading-title elementor-size-default\">Ich finde PicApport interessant, aber wo fange ich an?<\/h4>\t\t<\/div>\n\t\t\t\t<\/div>\n\t\t\t\t\t<\/div>\n\t\t\t\t<\/div>\n\t\t<div class=\"elementor-element elementor-element-3b089fc e-flex e-con-boxed e-con e-parent\" data-id=\"3b089fc\" data-element_type=\"container\" data-settings=\"{&quot;content_width&quot;:&quot;boxed&quot;}\" data-core-v316-plus=\"true\">\n\t\t\t\t\t<div class=\"e-con-inner\">\n\t\t\t\t<div class=\"elementor-element elementor-element-25656ea elementor-widget elementor-widget-text-editor\" data-id=\"25656ea\" data-element_type=\"widget\" data-widget_type=\"text-editor.default\">\n\t\t\t\t<div class=\"elementor-widget-container\">\n\t\t\t\t\t\t\t<p>Ich finde PicApport interessant, aber wo fange ich an?<\/p><p>Die Doku ist mittlerweile wie die M\u00f6glichkeiten von PicApport sehr Umfangreich. F\u00fcr einen ersten \u00dcberblick empfehlen wir folgende Seiten:<\/p><ul><li><a href=\"https:\/\/contecon.de\/picapportwiki\/highlights-uebersicht-der-programmfunktionen\/\">Highlights (\u00dcbersicht der Programmfunktionen) \u2013 PicApport Wiki (contecon.de)<\/a><\/li><li><a href=\"https:\/\/contecon.de\/picapportwiki\/fotos-finden-mit-picapport\/\">Fotos finden mit PicApport \u2013 PicApport Wiki (contecon.de)<\/a><\/li><li><a href=\"https:\/\/contecon.de\/picapportwiki\/picapport-navigator-webinterface\/\">PicApport \u2013 Navigator (Webinterface) \u2013 PicApport Wiki (contecon.de)<\/a><\/li><\/ul><p>Selbstverst\u00e4ndlich k\u00f6nnen fast alle Funktionen auf unserer Online-Demo direkt ausprobiert werden: https:\/\/onlinedemo.picapport.de\/picapport#thumbs<\/p>\t\t\t\t\t\t<\/div>\n\t\t\t\t<\/div>\n\t\t\t\t\t<\/div>\n\t\t\t\t<\/div>\n\t\t\t\t<\/div>\n\t\t","protected":false},"excerpt":{"rendered":"<p>Einleitung PicApport Benutzerhandbuch Was ist PicApport? PicApport ist ein Fotoserver der das Betrachten und Verwalten von Fotos auf allen mit dem Heimnetzwerk verbunden Ger\u00e4ten, wie z.B. Desktop-PCs, Notebooks, Netbooks, Tablet-PCs, iPads, Android-Smartphones oder iPhones erm\u00f6glicht. Ein manueller Abgleich und Upload der Fotos auf die Ger\u00e4te ist somit nicht mehr notwendig. Auch ein Upload der Fotos [&hellip;]<\/p>\n","protected":false},"author":1,"featured_media":0,"parent":0,"menu_order":0,"comment_status":"closed","ping_status":"closed","template":"","meta":{"footnotes":""},"class_list":["post-7","page","type-page","status-publish","hentry","entry"],"_links":{"self":[{"href":"https:\/\/contecon.de\/picapportwiki\/wp-json\/wp\/v2\/pages\/7","targetHints":{"allow":["GET"]}}],"collection":[{"href":"https:\/\/contecon.de\/picapportwiki\/wp-json\/wp\/v2\/pages"}],"about":[{"href":"https:\/\/contecon.de\/picapportwiki\/wp-json\/wp\/v2\/types\/page"}],"author":[{"embeddable":true,"href":"https:\/\/contecon.de\/picapportwiki\/wp-json\/wp\/v2\/users\/1"}],"replies":[{"embeddable":true,"href":"https:\/\/contecon.de\/picapportwiki\/wp-json\/wp\/v2\/comments?post=7"}],"version-history":[{"count":26,"href":"https:\/\/contecon.de\/picapportwiki\/wp-json\/wp\/v2\/pages\/7\/revisions"}],"predecessor-version":[{"id":2093,"href":"https:\/\/contecon.de\/picapportwiki\/wp-json\/wp\/v2\/pages\/7\/revisions\/2093"}],"wp:attachment":[{"href":"https:\/\/contecon.de\/picapportwiki\/wp-json\/wp\/v2\/media?parent=7"}],"curies":[{"name":"wp","href":"https:\/\/api.w.org\/{rel}","templated":true}]}}