{"id":663,"date":"2024-02-19T10:23:11","date_gmt":"2024-02-19T09:23:11","guid":{"rendered":"https:\/\/contecon.de\/picapportwiki\/?page_id=663"},"modified":"2024-02-19T10:23:41","modified_gmt":"2024-02-19T09:23:41","slug":"picapport-server-stuerzt-auf-dem-mac-ab","status":"publish","type":"page","link":"https:\/\/contecon.de\/picapportwiki\/picapport-server-stuerzt-auf-dem-mac-ab\/","title":{"rendered":"PicApport Server st\u00fcrzt auf dem Mac ab"},"content":{"rendered":"\t\t<div data-elementor-type=\"wp-page\" data-elementor-id=\"663\" class=\"elementor elementor-663\">\n\t\t\t\t<div class=\"elementor-element elementor-element-e964406 e-flex e-con-boxed e-con e-parent\" data-id=\"e964406\" data-element_type=\"container\" data-settings=\"{&quot;content_width&quot;:&quot;boxed&quot;}\" data-core-v316-plus=\"true\">\n\t\t\t\t\t<div class=\"e-con-inner\">\n\t\t\t\t<div class=\"elementor-element elementor-element-74f3592 elementor-widget elementor-widget-heading\" data-id=\"74f3592\" data-element_type=\"widget\" data-widget_type=\"heading.default\">\n\t\t\t\t<div class=\"elementor-widget-container\">\n\t\t\t<style>\/*! elementor - v3.19.0 - 07-02-2024 *\/\n.elementor-heading-title{padding:0;margin:0;line-height:1}.elementor-widget-heading .elementor-heading-title[class*=elementor-size-]>a{color:inherit;font-size:inherit;line-height:inherit}.elementor-widget-heading .elementor-heading-title.elementor-size-small{font-size:15px}.elementor-widget-heading .elementor-heading-title.elementor-size-medium{font-size:19px}.elementor-widget-heading .elementor-heading-title.elementor-size-large{font-size:29px}.elementor-widget-heading .elementor-heading-title.elementor-size-xl{font-size:39px}.elementor-widget-heading .elementor-heading-title.elementor-size-xxl{font-size:59px}<\/style><h2 class=\"elementor-heading-title elementor-size-default\">PicApport Server st\u00fcrzt auf dem Mac ab<\/h2>\t\t<\/div>\n\t\t\t\t<\/div>\n\t\t\t\t\t<\/div>\n\t\t\t\t<\/div>\n\t\t<div class=\"elementor-element elementor-element-677d41f e-flex e-con-boxed e-con e-parent\" data-id=\"677d41f\" data-element_type=\"container\" data-settings=\"{&quot;content_width&quot;:&quot;boxed&quot;}\" data-core-v316-plus=\"true\">\n\t\t\t\t\t<div class=\"e-con-inner\">\n\t\t\t\t<div class=\"elementor-element elementor-element-f32637c elementor-widget elementor-widget-text-editor\" data-id=\"f32637c\" data-element_type=\"widget\" data-widget_type=\"text-editor.default\">\n\t\t\t\t<div class=\"elementor-widget-container\">\n\t\t\t<style>\/*! elementor - v3.19.0 - 07-02-2024 *\/\n.elementor-widget-text-editor.elementor-drop-cap-view-stacked .elementor-drop-cap{background-color:#69727d;color:#fff}.elementor-widget-text-editor.elementor-drop-cap-view-framed .elementor-drop-cap{color:#69727d;border:3px solid;background-color:transparent}.elementor-widget-text-editor:not(.elementor-drop-cap-view-default) .elementor-drop-cap{margin-top:8px}.elementor-widget-text-editor:not(.elementor-drop-cap-view-default) .elementor-drop-cap-letter{width:1em;height:1em}.elementor-widget-text-editor .elementor-drop-cap{float:left;text-align:center;line-height:1;font-size:50px}.elementor-widget-text-editor .elementor-drop-cap-letter{display:inline-block}<\/style>\t\t\t\t<p>Das Problem liegt darin, dass die Ports kleiner 1024 unter Mac OS X als gesch\u00fctzte Ports behandelt werden. Das heisst, sie k\u00f6nnen nur als root ge\u00f6ffnet werden. Als normaler Benutzer ist man gezwungen einen Port gr\u00f6sser 1024. Also einfach einen anderen Wert benutzen, dann funktioniert es. Unabh\u00e4ngig von Rechten etc. Leider gibt es ein Problem auf dem Mac wenn man den Port \u00fcber die GUI \u00e4ndert. Daher bitte einen Port &gt; 1024 in der Datei picapport.properties eintragen. Dann sollte es gehen.<\/p>\t\t\t\t\t\t<\/div>\n\t\t\t\t<\/div>\n\t\t\t\t\t<\/div>\n\t\t\t\t<\/div>\n\t\t\t\t<\/div>\n\t\t","protected":false},"excerpt":{"rendered":"<p>PicApport Server st\u00fcrzt auf dem Mac ab Das Problem liegt darin, dass die Ports kleiner 1024 unter Mac OS X als gesch\u00fctzte Ports behandelt werden. Das heisst, sie k\u00f6nnen nur als root ge\u00f6ffnet werden. Als normaler Benutzer ist man gezwungen einen Port gr\u00f6sser 1024. Also einfach einen anderen Wert benutzen, dann funktioniert es. Unabh\u00e4ngig von [&hellip;]<\/p>\n","protected":false},"author":1,"featured_media":0,"parent":0,"menu_order":0,"comment_status":"closed","ping_status":"closed","template":"","meta":{"footnotes":""},"class_list":["post-663","page","type-page","status-publish","hentry","entry"],"_links":{"self":[{"href":"https:\/\/contecon.de\/picapportwiki\/wp-json\/wp\/v2\/pages\/663","targetHints":{"allow":["GET"]}}],"collection":[{"href":"https:\/\/contecon.de\/picapportwiki\/wp-json\/wp\/v2\/pages"}],"about":[{"href":"https:\/\/contecon.de\/picapportwiki\/wp-json\/wp\/v2\/types\/page"}],"author":[{"embeddable":true,"href":"https:\/\/contecon.de\/picapportwiki\/wp-json\/wp\/v2\/users\/1"}],"replies":[{"embeddable":true,"href":"https:\/\/contecon.de\/picapportwiki\/wp-json\/wp\/v2\/comments?post=663"}],"version-history":[{"count":4,"href":"https:\/\/contecon.de\/picapportwiki\/wp-json\/wp\/v2\/pages\/663\/revisions"}],"predecessor-version":[{"id":667,"href":"https:\/\/contecon.de\/picapportwiki\/wp-json\/wp\/v2\/pages\/663\/revisions\/667"}],"wp:attachment":[{"href":"https:\/\/contecon.de\/picapportwiki\/wp-json\/wp\/v2\/media?parent=663"}],"curies":[{"name":"wp","href":"https:\/\/api.w.org\/{rel}","templated":true}]}}