{"id":658,"date":"2024-02-19T10:22:12","date_gmt":"2024-02-19T09:22:12","guid":{"rendered":"https:\/\/contecon.de\/picapportwiki\/?page_id=658"},"modified":"2024-02-19T10:22:41","modified_gmt":"2024-02-19T09:22:41","slug":"picapport-oeffnet-sich-nach-installation-nicht-was-tun","status":"publish","type":"page","link":"https:\/\/contecon.de\/picapportwiki\/picapport-oeffnet-sich-nach-installation-nicht-was-tun\/","title":{"rendered":"PicApport \u00f6ffnet sich nach Installation nicht. Was tun?"},"content":{"rendered":"\t\t<div data-elementor-type=\"wp-page\" data-elementor-id=\"658\" class=\"elementor elementor-658\">\n\t\t\t\t<div class=\"elementor-element elementor-element-b1249d6 e-flex e-con-boxed e-con e-parent\" data-id=\"b1249d6\" data-element_type=\"container\" data-settings=\"{&quot;content_width&quot;:&quot;boxed&quot;}\" data-core-v316-plus=\"true\">\n\t\t\t\t\t<div class=\"e-con-inner\">\n\t\t\t\t<div class=\"elementor-element elementor-element-5c2988a elementor-widget elementor-widget-heading\" data-id=\"5c2988a\" data-element_type=\"widget\" data-widget_type=\"heading.default\">\n\t\t\t\t<div class=\"elementor-widget-container\">\n\t\t\t<style>\/*! elementor - v3.19.0 - 07-02-2024 *\/\n.elementor-heading-title{padding:0;margin:0;line-height:1}.elementor-widget-heading .elementor-heading-title[class*=elementor-size-]>a{color:inherit;font-size:inherit;line-height:inherit}.elementor-widget-heading .elementor-heading-title.elementor-size-small{font-size:15px}.elementor-widget-heading .elementor-heading-title.elementor-size-medium{font-size:19px}.elementor-widget-heading .elementor-heading-title.elementor-size-large{font-size:29px}.elementor-widget-heading .elementor-heading-title.elementor-size-xl{font-size:39px}.elementor-widget-heading .elementor-heading-title.elementor-size-xxl{font-size:59px}<\/style><h2 class=\"elementor-heading-title elementor-size-default\">PicApport \u00f6ffnet sich nach Installation nicht. Was tun?<\/h2>\t\t<\/div>\n\t\t\t\t<\/div>\n\t\t\t\t\t<\/div>\n\t\t\t\t<\/div>\n\t\t<div class=\"elementor-element elementor-element-7c98132 e-flex e-con-boxed e-con e-parent\" data-id=\"7c98132\" data-element_type=\"container\" data-settings=\"{&quot;content_width&quot;:&quot;boxed&quot;}\" data-core-v316-plus=\"true\">\n\t\t\t\t\t<div class=\"e-con-inner\">\n\t\t\t\t<div class=\"elementor-element elementor-element-9eae3b7 elementor-widget elementor-widget-text-editor\" data-id=\"9eae3b7\" data-element_type=\"widget\" data-widget_type=\"text-editor.default\">\n\t\t\t\t<div class=\"elementor-widget-container\">\n\t\t\t<style>\/*! elementor - v3.19.0 - 07-02-2024 *\/\n.elementor-widget-text-editor.elementor-drop-cap-view-stacked .elementor-drop-cap{background-color:#69727d;color:#fff}.elementor-widget-text-editor.elementor-drop-cap-view-framed .elementor-drop-cap{color:#69727d;border:3px solid;background-color:transparent}.elementor-widget-text-editor:not(.elementor-drop-cap-view-default) .elementor-drop-cap{margin-top:8px}.elementor-widget-text-editor:not(.elementor-drop-cap-view-default) .elementor-drop-cap-letter{width:1em;height:1em}.elementor-widget-text-editor .elementor-drop-cap{float:left;text-align:center;line-height:1;font-size:50px}.elementor-widget-text-editor .elementor-drop-cap-letter{display:inline-block}<\/style>\t\t\t\t<div id=\"main-content\" class=\"wiki-content\"><ul><li>M\u00f6glicherweise ist der von Ihnen gew\u00e4hlte Port belegt.\u00a0<\/li><\/ul><ul><li>Deinstallieren Sie PicApport und w\u00e4hlen Sie bei der Neu-Installation einen anderen Port.\u00a0<\/li><\/ul><ul><li>oder navigieren Sie zu C:\\Users\\[Benutzer]\\.picapport\\ und \u00e4ndern Sie manuel den Port in der picapport.properties.<\/li><\/ul><\/div><div id=\"likes-and-labels-container\"><div id=\"labels-section\" class=\"pageSection group\"><div class=\"labels-section-content content-column\"><div class=\"labels-content\">\u00a0<\/div><\/div><\/div><\/div>\t\t\t\t\t\t<\/div>\n\t\t\t\t<\/div>\n\t\t\t\t\t<\/div>\n\t\t\t\t<\/div>\n\t\t\t\t<\/div>\n\t\t","protected":false},"excerpt":{"rendered":"<p>PicApport \u00f6ffnet sich nach Installation nicht. Was tun? M\u00f6glicherweise ist der von Ihnen gew\u00e4hlte Port belegt.\u00a0 Deinstallieren Sie PicApport und w\u00e4hlen Sie bei der Neu-Installation einen anderen Port.\u00a0 oder navigieren Sie zu C:Users[Benutzer].picapport und \u00e4ndern Sie manuel den Port in der picapport.properties. \u00a0<\/p>\n","protected":false},"author":1,"featured_media":0,"parent":0,"menu_order":0,"comment_status":"closed","ping_status":"closed","template":"","meta":{"footnotes":""},"class_list":["post-658","page","type-page","status-publish","hentry","entry"],"_links":{"self":[{"href":"https:\/\/contecon.de\/picapportwiki\/wp-json\/wp\/v2\/pages\/658","targetHints":{"allow":["GET"]}}],"collection":[{"href":"https:\/\/contecon.de\/picapportwiki\/wp-json\/wp\/v2\/pages"}],"about":[{"href":"https:\/\/contecon.de\/picapportwiki\/wp-json\/wp\/v2\/types\/page"}],"author":[{"embeddable":true,"href":"https:\/\/contecon.de\/picapportwiki\/wp-json\/wp\/v2\/users\/1"}],"replies":[{"embeddable":true,"href":"https:\/\/contecon.de\/picapportwiki\/wp-json\/wp\/v2\/comments?post=658"}],"version-history":[{"count":4,"href":"https:\/\/contecon.de\/picapportwiki\/wp-json\/wp\/v2\/pages\/658\/revisions"}],"predecessor-version":[{"id":662,"href":"https:\/\/contecon.de\/picapportwiki\/wp-json\/wp\/v2\/pages\/658\/revisions\/662"}],"wp:attachment":[{"href":"https:\/\/contecon.de\/picapportwiki\/wp-json\/wp\/v2\/media?parent=658"}],"curies":[{"name":"wp","href":"https:\/\/api.w.org\/{rel}","templated":true}]}}