{"id":633,"date":"2024-02-19T10:13:46","date_gmt":"2024-02-19T09:13:46","guid":{"rendered":"https:\/\/contecon.de\/picapportwiki\/?page_id=633"},"modified":"2024-05-28T17:41:41","modified_gmt":"2024-05-28T15:41:41","slug":"wie-fuege-ich-bilder-einer-picapport-installation-hinzu","status":"publish","type":"page","link":"https:\/\/contecon.de\/picapportwiki\/wie-fuege-ich-bilder-einer-picapport-installation-hinzu\/","title":{"rendered":"Wie f\u00fcge ich Bilder einer PicApport installation hinzu?"},"content":{"rendered":"\t\t<div data-elementor-type=\"wp-page\" data-elementor-id=\"633\" class=\"elementor elementor-633\">\n\t\t\t\t<div class=\"elementor-element elementor-element-1042cb6 e-flex e-con-boxed e-con e-parent\" data-id=\"1042cb6\" data-element_type=\"container\" data-settings=\"{&quot;content_width&quot;:&quot;boxed&quot;}\" data-core-v316-plus=\"true\">\n\t\t\t\t\t<div class=\"e-con-inner\">\n\t\t\t\t<div class=\"elementor-element elementor-element-d08d26a elementor-widget elementor-widget-heading\" data-id=\"d08d26a\" data-element_type=\"widget\" data-widget_type=\"heading.default\">\n\t\t\t\t<div class=\"elementor-widget-container\">\n\t\t\t<style>\/*! elementor - v3.19.0 - 07-02-2024 *\/\n.elementor-heading-title{padding:0;margin:0;line-height:1}.elementor-widget-heading .elementor-heading-title[class*=elementor-size-]>a{color:inherit;font-size:inherit;line-height:inherit}.elementor-widget-heading .elementor-heading-title.elementor-size-small{font-size:15px}.elementor-widget-heading .elementor-heading-title.elementor-size-medium{font-size:19px}.elementor-widget-heading .elementor-heading-title.elementor-size-large{font-size:29px}.elementor-widget-heading .elementor-heading-title.elementor-size-xl{font-size:39px}.elementor-widget-heading .elementor-heading-title.elementor-size-xxl{font-size:59px}<\/style><h2 class=\"elementor-heading-title elementor-size-default\">Wie f\u00fcge ich Bilder einer PicApport installation hinzu?<\/h2>\t\t<\/div>\n\t\t\t\t<\/div>\n\t\t\t\t\t<\/div>\n\t\t\t\t<\/div>\n\t\t<div class=\"elementor-element elementor-element-68ba1d5 e-flex e-con-boxed e-con e-parent\" data-id=\"68ba1d5\" data-element_type=\"container\" data-settings=\"{&quot;content_width&quot;:&quot;boxed&quot;}\" data-core-v316-plus=\"true\">\n\t\t\t\t\t<div class=\"e-con-inner\">\n\t\t\t\t<div class=\"elementor-element elementor-element-8452327 elementor-widget elementor-widget-heading\" data-id=\"8452327\" data-element_type=\"widget\" data-widget_type=\"heading.default\">\n\t\t\t\t<div class=\"elementor-widget-container\">\n\t\t\t<h3 class=\"elementor-heading-title elementor-size-default\">Mit dem Debian-Paket<\/h3>\t\t<\/div>\n\t\t\t\t<\/div>\n\t\t\t\t\t<\/div>\n\t\t\t\t<\/div>\n\t\t<div class=\"elementor-element elementor-element-7119053 e-flex e-con-boxed e-con e-parent\" data-id=\"7119053\" data-element_type=\"container\" data-settings=\"{&quot;content_width&quot;:&quot;boxed&quot;}\" data-core-v316-plus=\"true\">\n\t\t\t\t\t<div class=\"e-con-inner\">\n\t\t\t\t<div class=\"elementor-element elementor-element-e0339a2 elementor-widget elementor-widget-text-editor\" data-id=\"e0339a2\" data-element_type=\"widget\" data-widget_type=\"text-editor.default\">\n\t\t\t\t<div class=\"elementor-widget-container\">\n\t\t\t<style>\/*! elementor - v3.19.0 - 07-02-2024 *\/\n.elementor-widget-text-editor.elementor-drop-cap-view-stacked .elementor-drop-cap{background-color:#69727d;color:#fff}.elementor-widget-text-editor.elementor-drop-cap-view-framed .elementor-drop-cap{color:#69727d;border:3px solid;background-color:transparent}.elementor-widget-text-editor:not(.elementor-drop-cap-view-default) .elementor-drop-cap{margin-top:8px}.elementor-widget-text-editor:not(.elementor-drop-cap-view-default) .elementor-drop-cap-letter{width:1em;height:1em}.elementor-widget-text-editor .elementor-drop-cap{float:left;text-align:center;line-height:1;font-size:50px}.elementor-widget-text-editor .elementor-drop-cap-letter{display:inline-block}<\/style>\t\t\t\t<p>Wenn unser Debian-Paket verwendet wird, k\u00f6nnen die Bilder in das Verzeichnis\u00a0<strong>\/srv\/photos\u00a0<\/strong>kopiert werden. Dazu wird zuerst ein neuer Order mit dem Befehl\u00a0<em>mkdir \/srv\/photos\/&lt;Verzeichnis&gt;\u00a0<\/em>erstellt werden<em>.\u00a0<\/em>Anschlie\u00dfend k\u00f6nnen die Fotos mit dem Befehl\u00a0<em>cp &lt;Quelle&gt; \/srv\/photos\/&lt;Verzeichnis&gt; -Rv\u00a0<\/em>in das neue Verzeichnis kopiert werden. (Die Angaben &lt;Verzeichnis&gt; und &lt;Quelle&gt; sind zu ersetzen)<\/p>\t\t\t\t\t\t<\/div>\n\t\t\t\t<\/div>\n\t\t\t\t\t<\/div>\n\t\t\t\t<\/div>\n\t\t<div class=\"elementor-element elementor-element-a85b007 e-flex e-con-boxed e-con e-parent\" data-id=\"a85b007\" data-element_type=\"container\" data-settings=\"{&quot;content_width&quot;:&quot;boxed&quot;}\" data-core-v316-plus=\"true\">\n\t\t\t\t\t<div class=\"e-con-inner\">\n\t\t\t\t<div class=\"elementor-element elementor-element-a8404fc elementor-widget elementor-widget-heading\" data-id=\"a8404fc\" data-element_type=\"widget\" data-widget_type=\"heading.default\">\n\t\t\t\t<div class=\"elementor-widget-container\">\n\t\t\t<h3 class=\"elementor-heading-title elementor-size-default\">Allgemein<\/h3>\t\t<\/div>\n\t\t\t\t<\/div>\n\t\t\t\t\t<\/div>\n\t\t\t\t<\/div>\n\t\t<div class=\"elementor-element elementor-element-b260c56 e-flex e-con-boxed e-con e-parent\" data-id=\"b260c56\" data-element_type=\"container\" data-settings=\"{&quot;content_width&quot;:&quot;boxed&quot;}\" data-core-v316-plus=\"true\">\n\t\t\t\t\t<div class=\"e-con-inner\">\n\t\t\t\t<div class=\"elementor-element elementor-element-340c425 elementor-widget elementor-widget-text-editor\" data-id=\"340c425\" data-element_type=\"widget\" data-widget_type=\"text-editor.default\">\n\t\t\t\t<div class=\"elementor-widget-container\">\n\t\t\t\t\t\t\t<p>Alternativ kann ein weiteres Verzeichnis f\u00fcr den PicApport-Server hinzugef\u00fcgt werden. Dazu bearbeiten Sie die Datei\u00a0<strong>\/opt\/picapport\/.picapport\/picapport.properties\u00a0<\/strong>und f\u00fcgen dort die Zeile\u00a0<em>robot.root.&lt;N&gt;.path=&lt;Verzeichnis&gt;\u00a0<\/em>ein. Der Wert &lt;N&gt; muss bei weiteren vorkommen der Zeile stehts eins gr\u00f6\u00dfer sein, als sein Vorg\u00e4nger, also bei einem Vorkommen von\u00a0<em>robot.root.0.path=\u00a0<\/em>Muss die neue Zeile\u00a0<em>robot.root.1.path\u00a0<\/em>lauten. &lt;Verzeichnis&gt; muss durch das neue Verzeichnis ersetzt werden. siehe:\u00a0<a href=\"https:\/\/contecon.de\/picapportwiki\/picapport-server-guide\/\">PicApport-Server Guide<\/a><\/p><div class=\"confluence-information-macro confluence-information-macro-warning conf-macro output-block\" data-hasbody=\"true\" data-macro-name=\"warning\"><div class=\"confluence-information-macro-body\"><p>Das Verzeichnis muss dauerhaft verf\u00fcgbar sein.<\/p><\/div><\/div>\t\t\t\t\t\t<\/div>\n\t\t\t\t<\/div>\n\t\t\t\t\t<\/div>\n\t\t\t\t<\/div>\n\t\t\t\t<\/div>\n\t\t","protected":false},"excerpt":{"rendered":"<p>Wie f\u00fcge ich Bilder einer PicApport installation hinzu? Mit dem Debian-Paket Wenn unser Debian-Paket verwendet wird, k\u00f6nnen die Bilder in das Verzeichnis\u00a0\/srv\/photos\u00a0kopiert werden. Dazu wird zuerst ein neuer Order mit dem Befehl\u00a0mkdir \/srv\/photos\/&lt;Verzeichnis&gt;\u00a0erstellt werden.\u00a0Anschlie\u00dfend k\u00f6nnen die Fotos mit dem Befehl\u00a0cp &lt;Quelle&gt; \/srv\/photos\/&lt;Verzeichnis&gt; -Rv\u00a0in das neue Verzeichnis kopiert werden. (Die Angaben &lt;Verzeichnis&gt; und &lt;Quelle&gt; sind zu [&hellip;]<\/p>\n","protected":false},"author":1,"featured_media":0,"parent":0,"menu_order":0,"comment_status":"closed","ping_status":"closed","template":"","meta":{"footnotes":""},"class_list":["post-633","page","type-page","status-publish","hentry","entry"],"_links":{"self":[{"href":"https:\/\/contecon.de\/picapportwiki\/wp-json\/wp\/v2\/pages\/633","targetHints":{"allow":["GET"]}}],"collection":[{"href":"https:\/\/contecon.de\/picapportwiki\/wp-json\/wp\/v2\/pages"}],"about":[{"href":"https:\/\/contecon.de\/picapportwiki\/wp-json\/wp\/v2\/types\/page"}],"author":[{"embeddable":true,"href":"https:\/\/contecon.de\/picapportwiki\/wp-json\/wp\/v2\/users\/1"}],"replies":[{"embeddable":true,"href":"https:\/\/contecon.de\/picapportwiki\/wp-json\/wp\/v2\/comments?post=633"}],"version-history":[{"count":7,"href":"https:\/\/contecon.de\/picapportwiki\/wp-json\/wp\/v2\/pages\/633\/revisions"}],"predecessor-version":[{"id":2478,"href":"https:\/\/contecon.de\/picapportwiki\/wp-json\/wp\/v2\/pages\/633\/revisions\/2478"}],"wp:attachment":[{"href":"https:\/\/contecon.de\/picapportwiki\/wp-json\/wp\/v2\/media?parent=633"}],"curies":[{"name":"wp","href":"https:\/\/api.w.org\/{rel}","templated":true}]}}