{"id":628,"date":"2024-02-19T10:12:37","date_gmt":"2024-02-19T09:12:37","guid":{"rendered":"https:\/\/contecon.de\/picapportwiki\/?page_id=628"},"modified":"2024-02-19T10:13:13","modified_gmt":"2024-02-19T09:13:13","slug":"was-muss-ich-tun-damit-picapport-auf-meinem-banana-pi-laeuft","status":"publish","type":"page","link":"https:\/\/contecon.de\/picapportwiki\/was-muss-ich-tun-damit-picapport-auf-meinem-banana-pi-laeuft\/","title":{"rendered":"Was muss ich tun damit PicApport auf meinem Banana Pi l\u00e4uft?"},"content":{"rendered":"\t\t<div data-elementor-type=\"wp-page\" data-elementor-id=\"628\" class=\"elementor elementor-628\">\n\t\t\t\t<div class=\"elementor-element elementor-element-23b41fe e-flex e-con-boxed e-con e-parent\" data-id=\"23b41fe\" data-element_type=\"container\" data-settings=\"{&quot;content_width&quot;:&quot;boxed&quot;}\" data-core-v316-plus=\"true\">\n\t\t\t\t\t<div class=\"e-con-inner\">\n\t\t\t\t<div class=\"elementor-element elementor-element-e85bb87 elementor-widget elementor-widget-heading\" data-id=\"e85bb87\" data-element_type=\"widget\" data-widget_type=\"heading.default\">\n\t\t\t\t<div class=\"elementor-widget-container\">\n\t\t\t<style>\/*! elementor - v3.19.0 - 07-02-2024 *\/\n.elementor-heading-title{padding:0;margin:0;line-height:1}.elementor-widget-heading .elementor-heading-title[class*=elementor-size-]>a{color:inherit;font-size:inherit;line-height:inherit}.elementor-widget-heading .elementor-heading-title.elementor-size-small{font-size:15px}.elementor-widget-heading .elementor-heading-title.elementor-size-medium{font-size:19px}.elementor-widget-heading .elementor-heading-title.elementor-size-large{font-size:29px}.elementor-widget-heading .elementor-heading-title.elementor-size-xl{font-size:39px}.elementor-widget-heading .elementor-heading-title.elementor-size-xxl{font-size:59px}<\/style><h2 class=\"elementor-heading-title elementor-size-default\">Was muss ich tun damit PicApport auf meinem Banana Pi l\u00e4uft?<\/h2>\t\t<\/div>\n\t\t\t\t<\/div>\n\t\t\t\t\t<\/div>\n\t\t\t\t<\/div>\n\t\t<div class=\"elementor-element elementor-element-468ef71 e-flex e-con-boxed e-con e-parent\" data-id=\"468ef71\" data-element_type=\"container\" data-settings=\"{&quot;content_width&quot;:&quot;boxed&quot;}\" data-core-v316-plus=\"true\">\n\t\t\t\t\t<div class=\"e-con-inner\">\n\t\t\t\t<div class=\"elementor-element elementor-element-6d4e318 elementor-widget elementor-widget-text-editor\" data-id=\"6d4e318\" data-element_type=\"widget\" data-widget_type=\"text-editor.default\">\n\t\t\t\t<div class=\"elementor-widget-container\">\n\t\t\t<style>\/*! elementor - v3.19.0 - 07-02-2024 *\/\n.elementor-widget-text-editor.elementor-drop-cap-view-stacked .elementor-drop-cap{background-color:#69727d;color:#fff}.elementor-widget-text-editor.elementor-drop-cap-view-framed .elementor-drop-cap{color:#69727d;border:3px solid;background-color:transparent}.elementor-widget-text-editor:not(.elementor-drop-cap-view-default) .elementor-drop-cap{margin-top:8px}.elementor-widget-text-editor:not(.elementor-drop-cap-view-default) .elementor-drop-cap-letter{width:1em;height:1em}.elementor-widget-text-editor .elementor-drop-cap{float:left;text-align:center;line-height:1;font-size:50px}.elementor-widget-text-editor .elementor-drop-cap-letter{display:inline-block}<\/style>\t\t\t\t<p>Der Banana Pi (oder das OpenJDK darauf) ben\u00f6tigt die zus\u00e4tzliche Option\u00a0<strong><em>-Dmemory.useUnsafe=false<\/em><\/strong>. Damit verwendet die OrientDB keine unsicheren Methoden. Siehe auch\u00a0<a class=\"external-link\" title=\"OrientDB Troubleshooting\" href=\"http:\/\/orientdb.com\/docs\/last\/Troubleshooting.html\" rel=\"nofollow\">OrientDB Troubleshooting<\/a>.<\/p>\t\t\t\t\t\t<\/div>\n\t\t\t\t<\/div>\n\t\t\t\t\t<\/div>\n\t\t\t\t<\/div>\n\t\t\t\t<\/div>\n\t\t","protected":false},"excerpt":{"rendered":"<p>Was muss ich tun damit PicApport auf meinem Banana Pi l\u00e4uft? Der Banana Pi (oder das OpenJDK darauf) ben\u00f6tigt die zus\u00e4tzliche Option\u00a0-Dmemory.useUnsafe=false. Damit verwendet die OrientDB keine unsicheren Methoden. Siehe auch\u00a0OrientDB Troubleshooting.<\/p>\n","protected":false},"author":1,"featured_media":0,"parent":0,"menu_order":0,"comment_status":"closed","ping_status":"closed","template":"","meta":{"footnotes":""},"class_list":["post-628","page","type-page","status-publish","hentry","entry"],"_links":{"self":[{"href":"https:\/\/contecon.de\/picapportwiki\/wp-json\/wp\/v2\/pages\/628","targetHints":{"allow":["GET"]}}],"collection":[{"href":"https:\/\/contecon.de\/picapportwiki\/wp-json\/wp\/v2\/pages"}],"about":[{"href":"https:\/\/contecon.de\/picapportwiki\/wp-json\/wp\/v2\/types\/page"}],"author":[{"embeddable":true,"href":"https:\/\/contecon.de\/picapportwiki\/wp-json\/wp\/v2\/users\/1"}],"replies":[{"embeddable":true,"href":"https:\/\/contecon.de\/picapportwiki\/wp-json\/wp\/v2\/comments?post=628"}],"version-history":[{"count":4,"href":"https:\/\/contecon.de\/picapportwiki\/wp-json\/wp\/v2\/pages\/628\/revisions"}],"predecessor-version":[{"id":632,"href":"https:\/\/contecon.de\/picapportwiki\/wp-json\/wp\/v2\/pages\/628\/revisions\/632"}],"wp:attachment":[{"href":"https:\/\/contecon.de\/picapportwiki\/wp-json\/wp\/v2\/media?parent=628"}],"curies":[{"name":"wp","href":"https:\/\/api.w.org\/{rel}","templated":true}]}}