{"id":59,"date":"2024-02-12T10:23:23","date_gmt":"2024-02-12T09:23:23","guid":{"rendered":"https:\/\/contecon.de\/picapportwiki\/?page_id=59"},"modified":"2024-05-29T13:50:05","modified_gmt":"2024-05-29T11:50:05","slug":"picapport-designs","status":"publish","type":"page","link":"https:\/\/contecon.de\/picapportwiki\/picapport-designs\/","title":{"rendered":"PicApport &#8211; Designs (DE)"},"content":{"rendered":"\t\t<div data-elementor-type=\"wp-page\" data-elementor-id=\"59\" class=\"elementor elementor-59\">\n\t\t\t\t<div class=\"elementor-element elementor-element-ceaa505 e-flex e-con-boxed e-con e-parent\" data-id=\"ceaa505\" data-element_type=\"container\" data-settings=\"{&quot;content_width&quot;:&quot;boxed&quot;}\" data-core-v316-plus=\"true\">\n\t\t\t\t\t<div class=\"e-con-inner\">\n\t\t\t\t<div class=\"elementor-element elementor-element-a2a1250 elementor-widget elementor-widget-heading\" data-id=\"a2a1250\" data-element_type=\"widget\" data-widget_type=\"heading.default\">\n\t\t\t\t<div class=\"elementor-widget-container\">\n\t\t\t<style>\/*! elementor - v3.19.0 - 07-02-2024 *\/\n.elementor-heading-title{padding:0;margin:0;line-height:1}.elementor-widget-heading .elementor-heading-title[class*=elementor-size-]>a{color:inherit;font-size:inherit;line-height:inherit}.elementor-widget-heading .elementor-heading-title.elementor-size-small{font-size:15px}.elementor-widget-heading .elementor-heading-title.elementor-size-medium{font-size:19px}.elementor-widget-heading .elementor-heading-title.elementor-size-large{font-size:29px}.elementor-widget-heading .elementor-heading-title.elementor-size-xl{font-size:39px}.elementor-widget-heading .elementor-heading-title.elementor-size-xxl{font-size:59px}<\/style><h2 class=\"elementor-heading-title elementor-size-default\">PicApport - Designs<\/h2>\t\t<\/div>\n\t\t\t\t<\/div>\n\t\t\t\t\t<\/div>\n\t\t\t\t<\/div>\n\t\t<div class=\"elementor-element elementor-element-7de8f82 e-flex e-con-boxed e-con e-parent\" data-id=\"7de8f82\" data-element_type=\"container\" data-settings=\"{&quot;content_width&quot;:&quot;boxed&quot;}\" data-core-v316-plus=\"true\">\n\t\t\t\t\t<div class=\"e-con-inner\">\n\t\t\t\t<div class=\"elementor-element elementor-element-4b3fcb2 elementor-widget elementor-widget-text-editor\" data-id=\"4b3fcb2\" data-element_type=\"widget\" data-widget_type=\"text-editor.default\">\n\t\t\t\t<div class=\"elementor-widget-container\">\n\t\t\t<style>\/*! elementor - v3.19.0 - 07-02-2024 *\/\n.elementor-widget-text-editor.elementor-drop-cap-view-stacked .elementor-drop-cap{background-color:#69727d;color:#fff}.elementor-widget-text-editor.elementor-drop-cap-view-framed .elementor-drop-cap{color:#69727d;border:3px solid;background-color:transparent}.elementor-widget-text-editor:not(.elementor-drop-cap-view-default) .elementor-drop-cap{margin-top:8px}.elementor-widget-text-editor:not(.elementor-drop-cap-view-default) .elementor-drop-cap-letter{width:1em;height:1em}.elementor-widget-text-editor .elementor-drop-cap{float:left;text-align:center;line-height:1;font-size:50px}.elementor-widget-text-editor .elementor-drop-cap-letter{display:inline-block}<\/style>\t\t\t\t<p>(seit V6.1.0)<\/p>\t\t\t\t\t\t<\/div>\n\t\t\t\t<\/div>\n\t\t\t\t\t<\/div>\n\t\t\t\t<\/div>\n\t\t<div class=\"elementor-element elementor-element-844e4f6 e-flex e-con-boxed e-con e-parent\" data-id=\"844e4f6\" data-element_type=\"container\" data-settings=\"{&quot;content_width&quot;:&quot;boxed&quot;}\" data-core-v316-plus=\"true\">\n\t\t\t\t\t<div class=\"e-con-inner\">\n\t\t\t\t<div class=\"elementor-element elementor-element-05c5819 elementor-widget elementor-widget-heading\" data-id=\"05c5819\" data-element_type=\"widget\" data-widget_type=\"heading.default\">\n\t\t\t\t<div class=\"elementor-widget-container\">\n\t\t\t<h3 class=\"elementor-heading-title elementor-size-default\">Allgemein<\/h3>\t\t<\/div>\n\t\t\t\t<\/div>\n\t\t\t\t\t<\/div>\n\t\t\t\t<\/div>\n\t\t<div class=\"elementor-element elementor-element-b42e366 e-flex e-con-boxed e-con e-parent\" data-id=\"b42e366\" data-element_type=\"container\" data-settings=\"{&quot;content_width&quot;:&quot;boxed&quot;}\" data-core-v316-plus=\"true\">\n\t\t\t\t\t<div class=\"e-con-inner\">\n\t\t\t\t<div class=\"elementor-element elementor-element-90bc3a4 elementor-widget elementor-widget-text-editor\" data-id=\"90bc3a4\" data-element_type=\"widget\" data-widget_type=\"text-editor.default\">\n\t\t\t\t<div class=\"elementor-widget-container\">\n\t\t\t\t\t\t\t<p>Mit den ausw\u00e4hlbaren Designs ist es m\u00f6glich, f\u00fcr die Slideshow (Elektronischer-Bilderrahmen) verschiedene Stile auszuw\u00e4hlen. Dieses Programmfeature kann \u00fcber Benutzerrechte abgeschaltet werden.<\/p><p>PicApport wird mit 4 eingebauten Designs ausgeliefert. Weitere optionale Designs k\u00f6nnen installiert oder sogar selbst erstellt werden. Als Anleitung zum Erstellen von eigenen Designs dient folgender Artikel (nur in Englisch): <a href=\"https:\/\/contecon.de\/picapportwiki\/how-to-create-a-design\/\">How to create a design.<\/a><\/p><p>Wenn Sie das Recht haben Designs auszuw\u00e4hlen, einfach auf der Seite\u00a0<em><strong>Slideshow<\/strong>\u00a0<\/em>auf das Foto klicken, und im Kontextmen\u00fc\u00a0<em><strong>&#8222;Design ausw\u00e4hlen&#8220;<\/strong><\/em>\u00a0klicken. Es wird eine Liste von verf\u00fcgbaren Designs zur Auswahl angezeigt.<\/p><p>Die verf\u00fcgbaren Designs k\u00f6nnen selbstverst\u00e4ndlich auch auf der Online Demo unter ausprobiert werden:\u00a0<a class=\"external-link\" href=\"http:\/\/onlinedemo.picapport.de\/picapport\" rel=\"nofollow\">http:\/\/onlinedemo.picapport.de\/picapport<\/a><\/p>\t\t\t\t\t\t<\/div>\n\t\t\t\t<\/div>\n\t\t\t\t\t<\/div>\n\t\t\t\t<\/div>\n\t\t<div class=\"elementor-element elementor-element-03bc6a7 e-flex e-con-boxed e-con e-parent\" data-id=\"03bc6a7\" data-element_type=\"container\" data-settings=\"{&quot;content_width&quot;:&quot;boxed&quot;}\" data-core-v316-plus=\"true\">\n\t\t\t\t\t<div class=\"e-con-inner\">\n\t\t\t\t<div class=\"elementor-element elementor-element-14a9171 elementor-widget elementor-widget-heading\" data-id=\"14a9171\" data-element_type=\"widget\" data-widget_type=\"heading.default\">\n\t\t\t\t<div class=\"elementor-widget-container\">\n\t\t\t<h3 class=\"elementor-heading-title elementor-size-default\">Installation von Designs<\/h3>\t\t<\/div>\n\t\t\t\t<\/div>\n\t\t\t\t\t<\/div>\n\t\t\t\t<\/div>\n\t\t<div class=\"elementor-element elementor-element-3fd80e5 e-flex e-con-boxed e-con e-parent\" data-id=\"3fd80e5\" data-element_type=\"container\" data-settings=\"{&quot;content_width&quot;:&quot;boxed&quot;}\" data-core-v316-plus=\"true\">\n\t\t\t\t\t<div class=\"e-con-inner\">\n\t\t\t\t<div class=\"elementor-element elementor-element-057dd45 elementor-widget elementor-widget-text-editor\" data-id=\"057dd45\" data-element_type=\"widget\" data-widget_type=\"text-editor.default\">\n\t\t\t\t<div class=\"elementor-widget-container\">\n\t\t\t\t\t\t\t<div id=\"main-content\" class=\"wiki-content\"><p>Wird mit dem Windows-Installer installiert, k\u00f6nnen optionale Designs ausgew\u00e4hlt werden.<\/p><p>Um optionale Designs manuell zu installieren einfach die entsprechende\u00a0<em><strong>.pad<\/strong><\/em>\u00a0Datei (siehe Tabelle unten) herunterladen und in das\u00a0<em><strong>.picapport\/designs<\/strong><\/em>\u00a0Verzeichnis des Servers kopieren. Jetzt noch auf der Serverkonsole\u00a0<em><strong>reloaddesigns<\/strong>\u00a0<\/em>tippen (Anzahl geladener Designs wird jetzt angezeigt) oder alternativ den Server neu starten. Das Design sollte jetzt verf\u00fcgbar sein.<\/p><div class=\"table-wrap conf-macro output-block\" data-hasbody=\"false\" data-macro-name=\"include\"><table class=\"confluenceTable tablesorter tablesorter-default stickyTableHeaders\" role=\"grid\"><thead class=\"tableFloatingHeaderOriginal\"><tr class=\"tablesorter-headerRow\" role=\"row\"><th class=\"confluenceTh tablesorter-header sortableHeader tablesorter-headerUnSorted\" tabindex=\"0\" role=\"columnheader\" scope=\"col\" data-column=\"0\" aria-disabled=\"false\" aria-sort=\"none\" aria-label=\"ID: No sort applied, activate to apply an ascending sort\"><div class=\"tablesorter-header-inner\">ID<\/div><\/th><th class=\"confluenceTh tablesorter-header sortableHeader tablesorter-headerUnSorted\" tabindex=\"0\" role=\"columnheader\" scope=\"col\" data-column=\"1\" aria-disabled=\"false\" aria-sort=\"none\" aria-label=\"Name: No sort applied, activate to apply an ascending sort\"><div class=\"tablesorter-header-inner\">Name<\/div><\/th><th class=\"confluenceTh tablesorter-header sortableHeader tablesorter-headerUnSorted\" tabindex=\"0\" role=\"columnheader\" scope=\"col\" data-column=\"2\" aria-disabled=\"false\" aria-sort=\"none\" aria-label=\"Remarks: No sort applied, activate to apply an ascending sort\"><div class=\"tablesorter-header-inner\">Remarks<\/div><\/th><th class=\"confluenceTh tablesorter-header sortableHeader tablesorter-headerUnSorted\" tabindex=\"0\" role=\"columnheader\" scope=\"col\" data-column=\"3\" aria-disabled=\"false\" aria-sort=\"none\" aria-label=\"Preview: No sort applied, activate to apply an ascending sort\"><div class=\"tablesorter-header-inner\">Preview<\/div><\/th><\/tr><\/thead><thead class=\"tableFloatingHeader\"><tr class=\"tablesorter-headerRow\" role=\"row\"><th class=\"confluenceTh tablesorter-header sortableHeader tablesorter-headerUnSorted\" tabindex=\"0\" role=\"columnheader\" scope=\"col\" data-column=\"0\" aria-disabled=\"false\" aria-sort=\"none\" aria-label=\"ID: No sort applied, activate to apply an ascending sort\"><div class=\"tablesorter-header-inner\">ID<\/div><\/th><th class=\"confluenceTh tablesorter-header sortableHeader tablesorter-headerUnSorted\" tabindex=\"0\" role=\"columnheader\" scope=\"col\" data-column=\"1\" aria-disabled=\"false\" aria-sort=\"none\" aria-label=\"Name: No sort applied, activate to apply an ascending sort\"><div class=\"tablesorter-header-inner\">Name<\/div><\/th><th class=\"confluenceTh tablesorter-header sortableHeader tablesorter-headerUnSorted\" tabindex=\"0\" role=\"columnheader\" scope=\"col\" data-column=\"2\" aria-disabled=\"false\" aria-sort=\"none\" aria-label=\"Remarks: No sort applied, activate to apply an ascending sort\"><div class=\"tablesorter-header-inner\">Remarks<\/div><\/th><th class=\"confluenceTh tablesorter-header sortableHeader tablesorter-headerUnSorted\" tabindex=\"0\" role=\"columnheader\" scope=\"col\" data-column=\"3\" aria-disabled=\"false\" aria-sort=\"none\" aria-label=\"Preview: No sort applied, activate to apply an ascending sort\"><div class=\"tablesorter-header-inner\">Preview<\/div><\/th><\/tr><\/thead><tbody aria-live=\"polite\" aria-relevant=\"all\"><tr role=\"row\"><td class=\"confluenceTd\">pad-default<br \/>Author: PicApport, Contecon<\/td><td class=\"confluenceTd\">PicApport default<\/td><td class=\"confluenceTd\">built-in<\/td><td class=\"confluenceTd\"><img fetchpriority=\"high\" decoding=\"async\" class=\"alignnone size-medium wp-image-2569\" src=\"https:\/\/contecon.de\/picapportwiki\/wp-content\/uploads\/2024\/05\/pad-default-300x182.jpg\" alt=\"\" width=\"300\" height=\"182\" srcset=\"https:\/\/contecon.de\/picapportwiki\/wp-content\/uploads\/2024\/05\/pad-default-300x182.jpg 300w, https:\/\/contecon.de\/picapportwiki\/wp-content\/uploads\/2024\/05\/pad-default-1024x622.jpg 1024w, https:\/\/contecon.de\/picapportwiki\/wp-content\/uploads\/2024\/05\/pad-default-768x467.jpg 768w, https:\/\/contecon.de\/picapportwiki\/wp-content\/uploads\/2024\/05\/pad-default.jpg 1213w\" sizes=\"(max-width: 300px) 100vw, 300px\" \/><\/td><\/tr><tr role=\"row\"><td class=\"confluenceTd\"><p>pad-carbon<br \/>Author: PicApport, Contecon<\/p><\/td><td class=\"confluenceTd\">Carbon<\/td><td class=\"confluenceTd\">built-in<\/td><td class=\"confluenceTd\"><img decoding=\"async\" class=\"alignnone size-medium wp-image-2570\" src=\"https:\/\/contecon.de\/picapportwiki\/wp-content\/uploads\/2024\/05\/pad-carbon-300x182.jpg\" alt=\"\" width=\"300\" height=\"182\" srcset=\"https:\/\/contecon.de\/picapportwiki\/wp-content\/uploads\/2024\/05\/pad-carbon-300x182.jpg 300w, https:\/\/contecon.de\/picapportwiki\/wp-content\/uploads\/2024\/05\/pad-carbon-1024x622.jpg 1024w, https:\/\/contecon.de\/picapportwiki\/wp-content\/uploads\/2024\/05\/pad-carbon-768x467.jpg 768w, https:\/\/contecon.de\/picapportwiki\/wp-content\/uploads\/2024\/05\/pad-carbon.jpg 1213w\" sizes=\"(max-width: 300px) 100vw, 300px\" \/><\/td><\/tr><tr role=\"row\"><td class=\"confluenceTd\">pad-blackandwhite<br \/>Author: PicApport, Contecon<\/td><td class=\"confluenceTd\">Black &amp; White<\/td><td class=\"confluenceTd\">built-in<br \/>on IE like pad-default<\/td><td class=\"confluenceTd\"><img decoding=\"async\" class=\"alignnone size-medium wp-image-2571\" src=\"https:\/\/contecon.de\/picapportwiki\/wp-content\/uploads\/2024\/05\/pad-blackandwhite-300x182.jpg\" alt=\"\" width=\"300\" height=\"182\" srcset=\"https:\/\/contecon.de\/picapportwiki\/wp-content\/uploads\/2024\/05\/pad-blackandwhite-300x182.jpg 300w, https:\/\/contecon.de\/picapportwiki\/wp-content\/uploads\/2024\/05\/pad-blackandwhite-1024x622.jpg 1024w, https:\/\/contecon.de\/picapportwiki\/wp-content\/uploads\/2024\/05\/pad-blackandwhite-768x467.jpg 768w, https:\/\/contecon.de\/picapportwiki\/wp-content\/uploads\/2024\/05\/pad-blackandwhite.jpg 1213w\" sizes=\"(max-width: 300px) 100vw, 300px\" \/><\/td><\/tr><tr role=\"row\"><td class=\"confluenceTd\"><p>pad-sepia<br \/>Author: PicApport, Contecon<\/p><\/td><td class=\"confluenceTd\">Sepia<\/td><td class=\"confluenceTd\">built-in<br \/>on IE like pad-default<\/td><td class=\"confluenceTd\"><img loading=\"lazy\" decoding=\"async\" class=\"alignnone size-medium wp-image-2572\" src=\"https:\/\/contecon.de\/picapportwiki\/wp-content\/uploads\/2024\/05\/pad-sepia-300x182.jpg\" alt=\"\" width=\"300\" height=\"182\" srcset=\"https:\/\/contecon.de\/picapportwiki\/wp-content\/uploads\/2024\/05\/pad-sepia-300x182.jpg 300w, https:\/\/contecon.de\/picapportwiki\/wp-content\/uploads\/2024\/05\/pad-sepia-1024x622.jpg 1024w, https:\/\/contecon.de\/picapportwiki\/wp-content\/uploads\/2024\/05\/pad-sepia-768x467.jpg 768w, https:\/\/contecon.de\/picapportwiki\/wp-content\/uploads\/2024\/05\/pad-sepia.jpg 1213w\" sizes=\"(max-width: 300px) 100vw, 300px\" \/><\/td><\/tr><tr role=\"row\"><td class=\"confluenceTd\"><p>ccpa_artdeco<br \/>Author: PicApport, Contecon<\/p><p>Download:\u00a0<a href=\"https:\/\/wiki.picapport.com\/download\/attachments\/2261146\/ccpa_artdeco.pad?version=1&amp;modificationDate=1460118325448&amp;api=v2\" data-linked-resource-id=\"2261159\" data-linked-resource-version=\"1\" data-linked-resource-type=\"attachment\" data-linked-resource-default-alias=\"ccpa_artdeco.pad\" data-linked-resource-content-type=\"application\/octet-stream\" data-linked-resource-container-id=\"2261146\" data-linked-resource-container-version=\"6\">ccpa_artdeco.pad<\/a><\/p><\/td><td class=\"confluenceTd\">Art Deco<\/td><td class=\"confluenceTd\">\u00a0<\/td><td class=\"confluenceTd\"><img loading=\"lazy\" decoding=\"async\" class=\"alignnone size-medium wp-image-2573\" src=\"https:\/\/contecon.de\/picapportwiki\/wp-content\/uploads\/2024\/05\/ccpa_artdeco-300x182.jpg\" alt=\"\" width=\"300\" height=\"182\" srcset=\"https:\/\/contecon.de\/picapportwiki\/wp-content\/uploads\/2024\/05\/ccpa_artdeco-300x182.jpg 300w, https:\/\/contecon.de\/picapportwiki\/wp-content\/uploads\/2024\/05\/ccpa_artdeco-1024x622.jpg 1024w, https:\/\/contecon.de\/picapportwiki\/wp-content\/uploads\/2024\/05\/ccpa_artdeco-768x467.jpg 768w, https:\/\/contecon.de\/picapportwiki\/wp-content\/uploads\/2024\/05\/ccpa_artdeco.jpg 1213w\" sizes=\"(max-width: 300px) 100vw, 300px\" \/><\/td><\/tr><tr role=\"row\"><td class=\"confluenceTd\"><p>ccpa_blackgrunge<br \/>Author: PicApport, Contecon<\/p><p>Download:\u00a0<a href=\"https:\/\/wiki.picapport.com\/download\/attachments\/2261146\/ccpa_blackgrunge.pad?version=1&amp;modificationDate=1460118326896&amp;api=v2\" data-linked-resource-id=\"2261160\" data-linked-resource-version=\"1\" data-linked-resource-type=\"attachment\" data-linked-resource-default-alias=\"ccpa_blackgrunge.pad\" data-linked-resource-content-type=\"application\/octet-stream\" data-linked-resource-container-id=\"2261146\" data-linked-resource-container-version=\"6\">ccpa_blackgrunge.pad<\/a><\/p><\/td><td class=\"confluenceTd\">Black Grunge<\/td><td class=\"confluenceTd\">\u00a0<\/td><td class=\"confluenceTd\"><img loading=\"lazy\" decoding=\"async\" class=\"alignnone size-medium wp-image-2574\" src=\"https:\/\/contecon.de\/picapportwiki\/wp-content\/uploads\/2024\/05\/ccpa_blackgrunge-300x182.jpg\" alt=\"\" width=\"300\" height=\"182\" srcset=\"https:\/\/contecon.de\/picapportwiki\/wp-content\/uploads\/2024\/05\/ccpa_blackgrunge-300x182.jpg 300w, https:\/\/contecon.de\/picapportwiki\/wp-content\/uploads\/2024\/05\/ccpa_blackgrunge-1024x622.jpg 1024w, https:\/\/contecon.de\/picapportwiki\/wp-content\/uploads\/2024\/05\/ccpa_blackgrunge-768x467.jpg 768w, https:\/\/contecon.de\/picapportwiki\/wp-content\/uploads\/2024\/05\/ccpa_blackgrunge.jpg 1213w\" sizes=\"(max-width: 300px) 100vw, 300px\" \/><\/td><\/tr><tr role=\"row\"><td class=\"confluenceTd\"><p>ccpa_hearts<br \/>Author: PicApport, Contecon<\/p><p>Download:\u00a0<a href=\"https:\/\/wiki.picapport.com\/download\/attachments\/2261146\/ccpa_hearts.pad?version=1&amp;modificationDate=1460118327974&amp;api=v2\" data-linked-resource-id=\"2261161\" data-linked-resource-version=\"1\" data-linked-resource-type=\"attachment\" data-linked-resource-default-alias=\"ccpa_hearts.pad\" data-linked-resource-content-type=\"application\/octet-stream\" data-linked-resource-container-id=\"2261146\" data-linked-resource-container-version=\"6\">ccpa_hearts.pad<\/a><\/p><\/td><td class=\"confluenceTd\">Red hearts<\/td><td class=\"confluenceTd\">\u00a0<\/td><td class=\"confluenceTd\"><img loading=\"lazy\" decoding=\"async\" class=\"alignnone size-medium wp-image-2575\" src=\"https:\/\/contecon.de\/picapportwiki\/wp-content\/uploads\/2024\/05\/ccpa_hearts-300x182.jpg\" alt=\"\" width=\"300\" height=\"182\" srcset=\"https:\/\/contecon.de\/picapportwiki\/wp-content\/uploads\/2024\/05\/ccpa_hearts-300x182.jpg 300w, https:\/\/contecon.de\/picapportwiki\/wp-content\/uploads\/2024\/05\/ccpa_hearts-1024x622.jpg 1024w, https:\/\/contecon.de\/picapportwiki\/wp-content\/uploads\/2024\/05\/ccpa_hearts-768x467.jpg 768w, https:\/\/contecon.de\/picapportwiki\/wp-content\/uploads\/2024\/05\/ccpa_hearts.jpg 1213w\" sizes=\"(max-width: 300px) 100vw, 300px\" \/><\/td><\/tr><tr role=\"row\"><td class=\"confluenceTd\">\u00a0<\/td><td class=\"confluenceTd\">\u00a0<\/td><td class=\"confluenceTd\">\u00a0<\/td><td class=\"confluenceTd\">\u00a0<\/td><\/tr><\/tbody><\/table><\/div><\/div><div id=\"likes-and-labels-container\"><div id=\"labels-section\" class=\"pageSection group\"><div class=\"labels-section-content content-column\"><div class=\"labels-content\">\u00a0<\/div><\/div><\/div><\/div>\t\t\t\t\t\t<\/div>\n\t\t\t\t<\/div>\n\t\t\t\t\t<\/div>\n\t\t\t\t<\/div>\n\t\t\t\t<\/div>\n\t\t","protected":false},"excerpt":{"rendered":"<p>PicApport &#8211; Designs (seit V6.1.0) Allgemein Mit den ausw\u00e4hlbaren Designs ist es m\u00f6glich, f\u00fcr die Slideshow (Elektronischer-Bilderrahmen) verschiedene Stile auszuw\u00e4hlen. Dieses Programmfeature kann \u00fcber Benutzerrechte abgeschaltet werden. PicApport wird mit 4 eingebauten Designs ausgeliefert. Weitere optionale Designs k\u00f6nnen installiert oder sogar selbst erstellt werden. Als Anleitung zum Erstellen von eigenen Designs dient folgender Artikel (nur [&hellip;]<\/p>\n","protected":false},"author":1,"featured_media":0,"parent":0,"menu_order":0,"comment_status":"closed","ping_status":"closed","template":"","meta":{"footnotes":""},"class_list":["post-59","page","type-page","status-publish","hentry","entry"],"_links":{"self":[{"href":"https:\/\/contecon.de\/picapportwiki\/wp-json\/wp\/v2\/pages\/59","targetHints":{"allow":["GET"]}}],"collection":[{"href":"https:\/\/contecon.de\/picapportwiki\/wp-json\/wp\/v2\/pages"}],"about":[{"href":"https:\/\/contecon.de\/picapportwiki\/wp-json\/wp\/v2\/types\/page"}],"author":[{"embeddable":true,"href":"https:\/\/contecon.de\/picapportwiki\/wp-json\/wp\/v2\/users\/1"}],"replies":[{"embeddable":true,"href":"https:\/\/contecon.de\/picapportwiki\/wp-json\/wp\/v2\/comments?post=59"}],"version-history":[{"count":11,"href":"https:\/\/contecon.de\/picapportwiki\/wp-json\/wp\/v2\/pages\/59\/revisions"}],"predecessor-version":[{"id":2578,"href":"https:\/\/contecon.de\/picapportwiki\/wp-json\/wp\/v2\/pages\/59\/revisions\/2578"}],"wp:attachment":[{"href":"https:\/\/contecon.de\/picapportwiki\/wp-json\/wp\/v2\/media?parent=59"}],"curies":[{"name":"wp","href":"https:\/\/api.w.org\/{rel}","templated":true}]}}