{"id":568,"date":"2024-02-19T09:47:05","date_gmt":"2024-02-19T08:47:05","guid":{"rendered":"https:\/\/contecon.de\/picapportwiki\/?page_id=568"},"modified":"2024-02-19T09:49:04","modified_gmt":"2024-02-19T08:49:04","slug":"was-ist-der-unterschied-zwischen-einer-dynamischen-und-lokalen-sammlung","status":"publish","type":"page","link":"https:\/\/contecon.de\/picapportwiki\/was-ist-der-unterschied-zwischen-einer-dynamischen-und-lokalen-sammlung\/","title":{"rendered":"Was ist der Unterschied zwischen einer Dynamischen und Lokalen Sammlung?"},"content":{"rendered":"\t\t<div data-elementor-type=\"wp-page\" data-elementor-id=\"568\" class=\"elementor elementor-568\">\n\t\t\t\t<div class=\"elementor-element elementor-element-a74513c e-flex e-con-boxed e-con e-parent\" data-id=\"a74513c\" data-element_type=\"container\" data-settings=\"{&quot;content_width&quot;:&quot;boxed&quot;}\" data-core-v316-plus=\"true\">\n\t\t\t\t\t<div class=\"e-con-inner\">\n\t\t\t\t<div class=\"elementor-element elementor-element-0a8b014 elementor-widget elementor-widget-heading\" data-id=\"0a8b014\" data-element_type=\"widget\" data-widget_type=\"heading.default\">\n\t\t\t\t<div class=\"elementor-widget-container\">\n\t\t\t<style>\/*! elementor - v3.19.0 - 07-02-2024 *\/\n.elementor-heading-title{padding:0;margin:0;line-height:1}.elementor-widget-heading .elementor-heading-title[class*=elementor-size-]>a{color:inherit;font-size:inherit;line-height:inherit}.elementor-widget-heading .elementor-heading-title.elementor-size-small{font-size:15px}.elementor-widget-heading .elementor-heading-title.elementor-size-medium{font-size:19px}.elementor-widget-heading .elementor-heading-title.elementor-size-large{font-size:29px}.elementor-widget-heading .elementor-heading-title.elementor-size-xl{font-size:39px}.elementor-widget-heading .elementor-heading-title.elementor-size-xxl{font-size:59px}<\/style><h2 class=\"elementor-heading-title elementor-size-default\">Was ist der Unterschied zwischen einer Dynamischen und Lokalen Sammlung?<\/h2>\t\t<\/div>\n\t\t\t\t<\/div>\n\t\t\t\t\t<\/div>\n\t\t\t\t<\/div>\n\t\t<div class=\"elementor-element elementor-element-bdf14a2 e-flex e-con-boxed e-con e-parent\" data-id=\"bdf14a2\" data-element_type=\"container\" data-settings=\"{&quot;content_width&quot;:&quot;boxed&quot;}\" data-core-v316-plus=\"true\">\n\t\t\t\t\t<div class=\"e-con-inner\">\n\t\t\t\t<div class=\"elementor-element elementor-element-75aeed8 elementor-widget elementor-widget-text-editor\" data-id=\"75aeed8\" data-element_type=\"widget\" data-widget_type=\"text-editor.default\">\n\t\t\t\t<div class=\"elementor-widget-container\">\n\t\t\t<style>\/*! elementor - v3.19.0 - 07-02-2024 *\/\n.elementor-widget-text-editor.elementor-drop-cap-view-stacked .elementor-drop-cap{background-color:#69727d;color:#fff}.elementor-widget-text-editor.elementor-drop-cap-view-framed .elementor-drop-cap{color:#69727d;border:3px solid;background-color:transparent}.elementor-widget-text-editor:not(.elementor-drop-cap-view-default) .elementor-drop-cap{margin-top:8px}.elementor-widget-text-editor:not(.elementor-drop-cap-view-default) .elementor-drop-cap-letter{width:1em;height:1em}.elementor-widget-text-editor .elementor-drop-cap{float:left;text-align:center;line-height:1;font-size:50px}.elementor-widget-text-editor .elementor-drop-cap-letter{display:inline-block}<\/style>\t\t\t\t<p>Eine dynamische Sammlung erfordert immer eine Verbindung zum PicApport-Server. Dort ist die Abfrage f\u00fcr die Sammlung hinterlegt. Wird eine dynamische Sammlung aufgerufen ist es so, als w\u00fcrde man die Abfrage erneut in die Suchleiste eintippen.<br \/><br \/>Lokale Sammlungen wurden in PicApport Version 3 eingef\u00fchrt. Hiermit ist es m\u00f6glich. Fotos direkt im Browser des Ger\u00e4tes (Smartphone, Tablet, PC) welches gerade benutzt wird zu speichern. Lokal gespeicherte Fotos k\u00f6nnen auch dann angezeigt werden, wenn keine Verbindung zum Server besteht. \u00e4hnlich wie bei dynamischen Sammlungen wird auch hier der Text der Abfrage gespeichert. Wenn man eine lokale Abfrage synchronisiert wird diese an den Server geschickt und evtl neu hinzugekommene Fotos werden automatisch heruntergeladen. Um auf dem Handy Platz zu sparen werden die Fotos auf die vom Ger\u00e4t Unterst\u00fctzte Bildgr\u00f6\u00dfe herunterskaliert.<\/p>\t\t\t\t\t\t<\/div>\n\t\t\t\t<\/div>\n\t\t\t\t\t<\/div>\n\t\t\t\t<\/div>\n\t\t\t\t<\/div>\n\t\t","protected":false},"excerpt":{"rendered":"<p>Was ist der Unterschied zwischen einer Dynamischen und Lokalen Sammlung? Eine dynamische Sammlung erfordert immer eine Verbindung zum PicApport-Server. Dort ist die Abfrage f\u00fcr die Sammlung hinterlegt. Wird eine dynamische Sammlung aufgerufen ist es so, als w\u00fcrde man die Abfrage erneut in die Suchleiste eintippen. Lokale Sammlungen wurden in PicApport Version 3 eingef\u00fchrt. Hiermit ist [&hellip;]<\/p>\n","protected":false},"author":1,"featured_media":0,"parent":0,"menu_order":0,"comment_status":"closed","ping_status":"closed","template":"","meta":{"footnotes":""},"class_list":["post-568","page","type-page","status-publish","hentry","entry"],"_links":{"self":[{"href":"https:\/\/contecon.de\/picapportwiki\/wp-json\/wp\/v2\/pages\/568","targetHints":{"allow":["GET"]}}],"collection":[{"href":"https:\/\/contecon.de\/picapportwiki\/wp-json\/wp\/v2\/pages"}],"about":[{"href":"https:\/\/contecon.de\/picapportwiki\/wp-json\/wp\/v2\/types\/page"}],"author":[{"embeddable":true,"href":"https:\/\/contecon.de\/picapportwiki\/wp-json\/wp\/v2\/users\/1"}],"replies":[{"embeddable":true,"href":"https:\/\/contecon.de\/picapportwiki\/wp-json\/wp\/v2\/comments?post=568"}],"version-history":[{"count":4,"href":"https:\/\/contecon.de\/picapportwiki\/wp-json\/wp\/v2\/pages\/568\/revisions"}],"predecessor-version":[{"id":573,"href":"https:\/\/contecon.de\/picapportwiki\/wp-json\/wp\/v2\/pages\/568\/revisions\/573"}],"wp:attachment":[{"href":"https:\/\/contecon.de\/picapportwiki\/wp-json\/wp\/v2\/media?parent=568"}],"curies":[{"name":"wp","href":"https:\/\/api.w.org\/{rel}","templated":true}]}}