{"id":558,"date":"2024-02-19T09:38:24","date_gmt":"2024-02-19T08:38:24","guid":{"rendered":"https:\/\/contecon.de\/picapportwiki\/?page_id=558"},"modified":"2024-02-19T09:40:34","modified_gmt":"2024-02-19T08:40:34","slug":"warum-gibt-es-eigentlich-eine-picapport-app-im-appstore","status":"publish","type":"page","link":"https:\/\/contecon.de\/picapportwiki\/warum-gibt-es-eigentlich-eine-picapport-app-im-appstore\/","title":{"rendered":"Warum gibt es eigentlich eine PicApport App im Appstore?"},"content":{"rendered":"\t\t<div data-elementor-type=\"wp-page\" data-elementor-id=\"558\" class=\"elementor elementor-558\">\n\t\t\t\t<div class=\"elementor-element elementor-element-55933c9 e-flex e-con-boxed e-con e-parent\" data-id=\"55933c9\" data-element_type=\"container\" data-settings=\"{&quot;content_width&quot;:&quot;boxed&quot;}\" data-core-v316-plus=\"true\">\n\t\t\t\t\t<div class=\"e-con-inner\">\n\t\t\t\t<div class=\"elementor-element elementor-element-5dffa69 elementor-widget elementor-widget-heading\" data-id=\"5dffa69\" data-element_type=\"widget\" data-widget_type=\"heading.default\">\n\t\t\t\t<div class=\"elementor-widget-container\">\n\t\t\t<style>\/*! elementor - v3.19.0 - 07-02-2024 *\/\n.elementor-heading-title{padding:0;margin:0;line-height:1}.elementor-widget-heading .elementor-heading-title[class*=elementor-size-]>a{color:inherit;font-size:inherit;line-height:inherit}.elementor-widget-heading .elementor-heading-title.elementor-size-small{font-size:15px}.elementor-widget-heading .elementor-heading-title.elementor-size-medium{font-size:19px}.elementor-widget-heading .elementor-heading-title.elementor-size-large{font-size:29px}.elementor-widget-heading .elementor-heading-title.elementor-size-xl{font-size:39px}.elementor-widget-heading .elementor-heading-title.elementor-size-xxl{font-size:59px}<\/style><h2 class=\"elementor-heading-title elementor-size-default\">Warum gibt es eigentlich eine PicApport App im Appstore?<\/h2>\t\t<\/div>\n\t\t\t\t<\/div>\n\t\t\t\t\t<\/div>\n\t\t\t\t<\/div>\n\t\t<div class=\"elementor-element elementor-element-2db1d84 e-flex e-con-boxed e-con e-parent\" data-id=\"2db1d84\" data-element_type=\"container\" data-settings=\"{&quot;content_width&quot;:&quot;boxed&quot;}\" data-core-v316-plus=\"true\">\n\t\t\t\t\t<div class=\"e-con-inner\">\n\t\t\t\t<div class=\"elementor-element elementor-element-c46fdf6 elementor-widget elementor-widget-text-editor\" data-id=\"c46fdf6\" data-element_type=\"widget\" data-widget_type=\"text-editor.default\">\n\t\t\t\t<div class=\"elementor-widget-container\">\n\t\t\t<style>\/*! elementor - v3.19.0 - 07-02-2024 *\/\n.elementor-widget-text-editor.elementor-drop-cap-view-stacked .elementor-drop-cap{background-color:#69727d;color:#fff}.elementor-widget-text-editor.elementor-drop-cap-view-framed .elementor-drop-cap{color:#69727d;border:3px solid;background-color:transparent}.elementor-widget-text-editor:not(.elementor-drop-cap-view-default) .elementor-drop-cap{margin-top:8px}.elementor-widget-text-editor:not(.elementor-drop-cap-view-default) .elementor-drop-cap-letter{width:1em;height:1em}.elementor-widget-text-editor .elementor-drop-cap{float:left;text-align:center;line-height:1;font-size:50px}.elementor-widget-text-editor .elementor-drop-cap-letter{display:inline-block}<\/style>\t\t\t\t<p>Das Wichtigste zuerst: Die PicApport App ist optional.<\/p><p><em><strong>Bei aktuellen Smartphones und Android Versionen wird die App nicht zwingend ben\u00f6tigt.<\/strong><\/em><\/p><p>Dennoch\u00a0<em>bietet die App zus\u00e4tzliche Funktionen:<\/em><\/p><ul><li><em>Verwaltung mehrerer Server unter einer Benutzerfreundliche<\/em><\/li><li>Deaktivieren der Bildschirmschonerfunktion. Somit ist es m\u00f6glich,<br \/>f\u00fcr Diashows das l\u00e4stige Abschalten des Tablets oder Handys zu verhindern.<\/li><\/ul><h2 id=\"WarumgibteseigentlicheinePicApportAppimAppstore?-AnleitungPicApportohneApp\">Anleitung PicApport ohne App<\/h2><ul><li>Im Browser unter Android (oder Chrome) die URL von PicApport eingeben (Muss man nur einmal machen)<br \/><br \/><\/li><li>Wenn man dann auf der Seite ist oben im Browsermenue (die drei Punkte&#8230;) &#8222;Zum Startbildschirm hinzuf\u00fcgen&#8220;<br \/>bzw. &#8222;Shortcut auf Startbildschirm&#8220;\u00a0 ausw\u00e4hlen &#8211; fertig-<br \/><br \/><\/li><li>Sieht dann aus wie eine App (hat auch keine URL-Leiste mehr usw&#8230;.)<\/li><\/ul>\t\t\t\t\t\t<\/div>\n\t\t\t\t<\/div>\n\t\t\t\t\t<\/div>\n\t\t\t\t<\/div>\n\t\t\t\t<\/div>\n\t\t","protected":false},"excerpt":{"rendered":"<p>Warum gibt es eigentlich eine PicApport App im Appstore? Das Wichtigste zuerst: Die PicApport App ist optional. Bei aktuellen Smartphones und Android Versionen wird die App nicht zwingend ben\u00f6tigt. Dennoch\u00a0bietet die App zus\u00e4tzliche Funktionen: Verwaltung mehrerer Server unter einer Benutzerfreundliche Deaktivieren der Bildschirmschonerfunktion. Somit ist es m\u00f6glich,f\u00fcr Diashows das l\u00e4stige Abschalten des Tablets oder Handys [&hellip;]<\/p>\n","protected":false},"author":1,"featured_media":0,"parent":0,"menu_order":0,"comment_status":"closed","ping_status":"closed","template":"","meta":{"footnotes":""},"class_list":["post-558","page","type-page","status-publish","hentry","entry"],"_links":{"self":[{"href":"https:\/\/contecon.de\/picapportwiki\/wp-json\/wp\/v2\/pages\/558","targetHints":{"allow":["GET"]}}],"collection":[{"href":"https:\/\/contecon.de\/picapportwiki\/wp-json\/wp\/v2\/pages"}],"about":[{"href":"https:\/\/contecon.de\/picapportwiki\/wp-json\/wp\/v2\/types\/page"}],"author":[{"embeddable":true,"href":"https:\/\/contecon.de\/picapportwiki\/wp-json\/wp\/v2\/users\/1"}],"replies":[{"embeddable":true,"href":"https:\/\/contecon.de\/picapportwiki\/wp-json\/wp\/v2\/comments?post=558"}],"version-history":[{"count":4,"href":"https:\/\/contecon.de\/picapportwiki\/wp-json\/wp\/v2\/pages\/558\/revisions"}],"predecessor-version":[{"id":562,"href":"https:\/\/contecon.de\/picapportwiki\/wp-json\/wp\/v2\/pages\/558\/revisions\/562"}],"wp:attachment":[{"href":"https:\/\/contecon.de\/picapportwiki\/wp-json\/wp\/v2\/media?parent=558"}],"curies":[{"name":"wp","href":"https:\/\/api.w.org\/{rel}","templated":true}]}}