{"id":53,"date":"2024-02-12T10:21:30","date_gmt":"2024-02-12T09:21:30","guid":{"rendered":"https:\/\/contecon.de\/picapportwiki\/?page_id=53"},"modified":"2024-05-22T11:06:29","modified_gmt":"2024-05-22T09:06:29","slug":"benutzerspezifische-programmoptionen-user-options","status":"publish","type":"page","link":"https:\/\/contecon.de\/picapportwiki\/benutzerspezifische-programmoptionen-user-options\/","title":{"rendered":"Benutzerspezifische Programmoptionen (User-Options)"},"content":{"rendered":"\t\t<div data-elementor-type=\"wp-page\" data-elementor-id=\"53\" class=\"elementor elementor-53\">\n\t\t\t\t<div class=\"elementor-element elementor-element-5dbdeef e-flex e-con-boxed e-con e-parent\" data-id=\"5dbdeef\" data-element_type=\"container\" data-settings=\"{&quot;content_width&quot;:&quot;boxed&quot;}\" data-core-v316-plus=\"true\">\n\t\t\t\t\t<div class=\"e-con-inner\">\n\t\t\t\t<div class=\"elementor-element elementor-element-0392325 elementor-widget elementor-widget-heading\" data-id=\"0392325\" data-element_type=\"widget\" data-widget_type=\"heading.default\">\n\t\t\t\t<div class=\"elementor-widget-container\">\n\t\t\t<style>\/*! elementor - v3.19.0 - 07-02-2024 *\/\n.elementor-heading-title{padding:0;margin:0;line-height:1}.elementor-widget-heading .elementor-heading-title[class*=elementor-size-]>a{color:inherit;font-size:inherit;line-height:inherit}.elementor-widget-heading .elementor-heading-title.elementor-size-small{font-size:15px}.elementor-widget-heading .elementor-heading-title.elementor-size-medium{font-size:19px}.elementor-widget-heading .elementor-heading-title.elementor-size-large{font-size:29px}.elementor-widget-heading .elementor-heading-title.elementor-size-xl{font-size:39px}.elementor-widget-heading .elementor-heading-title.elementor-size-xxl{font-size:59px}<\/style><h2 class=\"elementor-heading-title elementor-size-default\">Benutzerspezifische Programmoptionen (User-Options)<\/h2>\t\t<\/div>\n\t\t\t\t<\/div>\n\t\t\t\t\t<\/div>\n\t\t\t\t<\/div>\n\t\t<div class=\"elementor-element elementor-element-ea17436 e-flex e-con-boxed e-con e-parent\" data-id=\"ea17436\" data-element_type=\"container\" data-settings=\"{&quot;content_width&quot;:&quot;boxed&quot;}\" data-core-v316-plus=\"true\">\n\t\t\t\t\t<div class=\"e-con-inner\">\n\t\t\t\t<div class=\"elementor-element elementor-element-610a6b1 elementor-widget elementor-widget-text-editor\" data-id=\"610a6b1\" data-element_type=\"widget\" data-widget_type=\"text-editor.default\">\n\t\t\t\t<div class=\"elementor-widget-container\">\n\t\t\t<style>\/*! elementor - v3.19.0 - 07-02-2024 *\/\n.elementor-widget-text-editor.elementor-drop-cap-view-stacked .elementor-drop-cap{background-color:#69727d;color:#fff}.elementor-widget-text-editor.elementor-drop-cap-view-framed .elementor-drop-cap{color:#69727d;border:3px solid;background-color:transparent}.elementor-widget-text-editor:not(.elementor-drop-cap-view-default) .elementor-drop-cap{margin-top:8px}.elementor-widget-text-editor:not(.elementor-drop-cap-view-default) .elementor-drop-cap-letter{width:1em;height:1em}.elementor-widget-text-editor .elementor-drop-cap{float:left;text-align:center;line-height:1;font-size:50px}.elementor-widget-text-editor .elementor-drop-cap-letter{display:inline-block}<\/style>\t\t\t\t<p>Seit Version\u00a0 6.2 kann man \u00fcber Eingaben in das Suchfeld auf der Startseite Programmoptionen setzen.<\/p><p>Der Benutzer muss hierf\u00fcr das Recht<em><strong>\u00a0&#8222;pap:admin:useroptions&#8220;<\/strong><\/em> haben. (siehe <a href=\"https:\/\/contecon.de\/picapportwiki\/picapport-benutzerverwaltung\/\">PicApport Benutzerverwaltung \u2013 PicApport Wiki (contecon.de)<\/a>)<\/p><p>Der Befehl hierzu lautet:\u00a0<em><strong>paSetOption:<\/strong>\u00a0optionsname = wert<\/em><\/p><p>Die Gro\u00df- bzw- Kleinschreibung spielt hierbei keine Rolle.<\/p><p>Die nachfolgende Tabelle gibt eine \u00dcbersicht \u00fcber die aktuell unterst\u00fctzten Optionen:<\/p><div class=\"table-wrap\"><table class=\"wrapped confluenceTable\"><colgroup> <col \/> <col \/> <col \/> <col \/><\/colgroup><tbody><tr><th class=\"confluenceTh\">Option<\/th><th class=\"confluenceTh\">Version<\/th><th class=\"confluenceTh\">Beschreibung<\/th><th class=\"confluenceTh\"><p>Beispiele (zum Kopieren \u00fcber das Clipboard)<\/p><\/th><\/tr><tr><td class=\"highlight-blue confluenceTd\" colspan=\"4\" data-highlight-colour=\"blue\"><h3 id=\"BenutzerspezifischeProgrammoptionen(User-Options)-Parameterf\u00fcrdieStartseite\">Parameter f\u00fcr die Startseite<\/h3><\/td><\/tr><tr><td class=\"confluenceTd\">home.group.options<\/td><td class=\"confluenceTd\">6.2<\/td><td class=\"confluenceTd\"><p>Steuert ob die Gruppe\u00a0<em><strong>Suchoptionen<\/strong><\/em><br \/>nach dem Anmelden offen(open)<br \/>oder zu(normal) ist.<\/p><\/td><td class=\"confluenceTd\">paSetOption: home.group.options=open<br \/>paSetOption: home.group.options=normal<\/td><\/tr><tr><td class=\"confluenceTd\">home.group.dyn.collections<\/td><td class=\"confluenceTd\">6.2<\/td><td class=\"confluenceTd\"><p>Steuert ob die Gruppe\u00a0<em><strong>Dynamische Sammlung<\/strong><\/em><br \/>nach dem Anmelden offen(open)<br \/>oder zu(normal) ist.<\/p><\/td><td class=\"confluenceTd\">paSetOption: home.group.dyn.collections=open<br \/>paSetOption: home.group.dyn.collections=normal<\/td><\/tr><tr><td class=\"confluenceTd\">home.group.local.collections<\/td><td class=\"confluenceTd\">6.2<\/td><td class=\"confluenceTd\"><p>Steuert ob die Gruppe\u00a0<em><strong>Lokale Sammlung<\/strong><\/em><br \/>nach dem Anmelden offen(open)<br \/>oder zu(normal) ist.<\/p><\/td><td class=\"confluenceTd\">paSetOption: home.group.local.collections=open<br \/>paSetOption: home.group.local.collections=normal<\/td><\/tr><tr><td class=\"confluenceTd\">home.group.folders<\/td><td class=\"confluenceTd\">6.2<\/td><td class=\"confluenceTd\"><p>Steuert ob die Gruppe\u00a0<em><strong>Verzeichnisse<\/strong><\/em><br \/>nach dem Anmelden offen(open)<br \/>oder zu(normal) ist.<\/p><\/td><td class=\"confluenceTd\">paSetOption: home.group.folders=open<br \/>paSetOption: home.group.folders=normal<\/td><\/tr><tr><td class=\"confluenceTd\">home.group.upload<\/td><td class=\"confluenceTd\">6.2<\/td><td class=\"confluenceTd\"><p>Steuert ob die Gruppe\u00a0<em><strong>Bilder hochladen<\/strong><\/em><br \/>nach dem Anmelden offen(open)<br \/>oder zu(normal) ist.<\/p><\/td><td class=\"confluenceTd\">paSetOption: home.group.upload=open<br \/>paSetOption: home.group.upload=normal<\/td><\/tr><tr><td class=\"confluenceTd\">home.group.timeline<\/td><td class=\"confluenceTd\">8.1<\/td><td class=\"confluenceTd\"><p>Steuert ob die Gruppe\u00a0<em><strong>Timeline<\/strong><\/em><br \/>nach dem Anmelden offen(open)<br \/>oder zu(normal) ist.<\/p><\/td><td class=\"confluenceTd\">paSetOption: home.group.timeline=open<br \/>paSetOption: home.group.timeline=normal<\/td><\/tr><tr><td class=\"confluenceTd\">home.group.keywordtree<\/td><td class=\"confluenceTd\">9.0<\/td><td class=\"confluenceTd\"><p>Steuert ob die Gruppe\u00a0<em><strong>Schlagw\u00f6rter<\/strong><\/em>\u00a0(keywordtree)<br \/>nach dem Anmelden offen(open)<br \/>oder zu(normal) ist.<\/p><\/td><td class=\"confluenceTd\">paSetOption: home.group.keywordtree=open<br \/>paSetOption: home.group.keywordtree=normal<\/td><\/tr><tr><td class=\"confluenceTd\">home.defaultsort<\/td><td class=\"confluenceTd\">7.3<\/td><td class=\"confluenceTd\"><p>Setzt die Default-Sortierung f\u00fcr den aktuellen Benutzer<\/p><ul><li>datetimeascending=Datum aufsteigend<\/li><li>datetimedescending=Datum absteigend<\/li><li>importdatetimedescending=Einf\u00fcgedatum absteigend<\/li><li>newestwithupdate=Neuste automatisch aktualisieren<\/li><li>nameascending=Name aufsteigend<\/li><li>namedescending=Name absteigend<\/li><li>random=Zuf\u00e4llig<\/li><\/ul><\/td><td class=\"confluenceTd\"><p>paSetOption: home.defaultsort=datetimeascending<br \/>paSetOption: home.defaultsort=datetimedescending<br \/>paSetOption: home.defaultsort=importdatetimedescending<br \/>paSetOption: home.defaultsort=newestwithupdate<br \/>paSetOption: home.defaultsort=nameascending<br \/>paSetOption: home.defaultsort=namedescending<br \/>paSetOption: home.defaultsort=random<\/p><\/td><\/tr><tr><td class=\"confluenceTd\" colspan=\"1\">thumbs.title<\/td><td class=\"confluenceTd\" colspan=\"1\">9.0<\/td><td class=\"confluenceTd\" colspan=\"1\">\u00dcbersteuert den Thumbnailtitel wie in Kunfigurationsparameter\u00a0<em><strong>client.thumb.title<\/strong><\/em>\u00a0gesetzt.<\/td><td class=\"confluenceTd\" colspan=\"1\"><p>paSetOption: thumbs.title=normal (L\u00f6schen der Option)<br \/>paSetOption: thumbs.title=hidden<br \/>paSetOption: thumbs.title=filename<br \/>paSetOption: thumbs.title=filenamenoext<br \/>paSetOption: thumbs.title=fullpath<br \/>paSetOption: thumbs.title=phototitle<br \/>paSetOption: thumbs.title=photoid<br \/>paSetOption: thumbs.title=date<br \/>paSetOption: thumbs.title=year<br \/>paSetOption: thumbs.title=timestamp<br \/>paSetOption: thumbs.title=fromaddon<\/p><\/td><\/tr><\/tbody><\/table><\/div>\t\t\t\t\t\t<\/div>\n\t\t\t\t<\/div>\n\t\t\t\t\t<\/div>\n\t\t\t\t<\/div>\n\t\t\t\t<\/div>\n\t\t","protected":false},"excerpt":{"rendered":"<p>Benutzerspezifische Programmoptionen (User-Options) Seit Version\u00a0 6.2 kann man \u00fcber Eingaben in das Suchfeld auf der Startseite Programmoptionen setzen. Der Benutzer muss hierf\u00fcr das Recht\u00a0&#8222;pap:admin:useroptions&#8220; haben. (siehe PicApport Benutzerverwaltung \u2013 PicApport Wiki (contecon.de)) Der Befehl hierzu lautet:\u00a0paSetOption:\u00a0optionsname = wert Die Gro\u00df- bzw- Kleinschreibung spielt hierbei keine Rolle. Die nachfolgende Tabelle gibt eine \u00dcbersicht \u00fcber die aktuell [&hellip;]<\/p>\n","protected":false},"author":1,"featured_media":0,"parent":0,"menu_order":0,"comment_status":"closed","ping_status":"closed","template":"","meta":{"footnotes":""},"class_list":["post-53","page","type-page","status-publish","hentry","entry"],"_links":{"self":[{"href":"https:\/\/contecon.de\/picapportwiki\/wp-json\/wp\/v2\/pages\/53","targetHints":{"allow":["GET"]}}],"collection":[{"href":"https:\/\/contecon.de\/picapportwiki\/wp-json\/wp\/v2\/pages"}],"about":[{"href":"https:\/\/contecon.de\/picapportwiki\/wp-json\/wp\/v2\/types\/page"}],"author":[{"embeddable":true,"href":"https:\/\/contecon.de\/picapportwiki\/wp-json\/wp\/v2\/users\/1"}],"replies":[{"embeddable":true,"href":"https:\/\/contecon.de\/picapportwiki\/wp-json\/wp\/v2\/comments?post=53"}],"version-history":[{"count":7,"href":"https:\/\/contecon.de\/picapportwiki\/wp-json\/wp\/v2\/pages\/53\/revisions"}],"predecessor-version":[{"id":2065,"href":"https:\/\/contecon.de\/picapportwiki\/wp-json\/wp\/v2\/pages\/53\/revisions\/2065"}],"wp:attachment":[{"href":"https:\/\/contecon.de\/picapportwiki\/wp-json\/wp\/v2\/media?parent=53"}],"curies":[{"name":"wp","href":"https:\/\/api.w.org\/{rel}","templated":true}]}}