{"id":510,"date":"2024-02-19T09:25:45","date_gmt":"2024-02-19T08:25:45","guid":{"rendered":"https:\/\/contecon.de\/picapportwiki\/?page_id=510"},"modified":"2024-02-19T09:26:16","modified_gmt":"2024-02-19T08:26:16","slug":"die-funktion-zum-speichern-von-lokalen-abfragen-ist-auf-meinem-handy-nicht-vorhanden-was-mache-ich-falsch","status":"publish","type":"page","link":"https:\/\/contecon.de\/picapportwiki\/die-funktion-zum-speichern-von-lokalen-abfragen-ist-auf-meinem-handy-nicht-vorhanden-was-mache-ich-falsch\/","title":{"rendered":"Die Funktion zum Speichern von lokalen Abfragen ist auf meinem Handy nicht vorhanden. Was mache ich falsch?"},"content":{"rendered":"\t\t<div data-elementor-type=\"wp-page\" data-elementor-id=\"510\" class=\"elementor elementor-510\">\n\t\t\t\t<div class=\"elementor-element elementor-element-19731d0 e-flex e-con-boxed e-con e-parent\" data-id=\"19731d0\" data-element_type=\"container\" data-settings=\"{&quot;content_width&quot;:&quot;boxed&quot;}\" data-core-v316-plus=\"true\">\n\t\t\t\t\t<div class=\"e-con-inner\">\n\t\t\t\t<div class=\"elementor-element elementor-element-69eedf1 elementor-widget elementor-widget-heading\" data-id=\"69eedf1\" data-element_type=\"widget\" data-widget_type=\"heading.default\">\n\t\t\t\t<div class=\"elementor-widget-container\">\n\t\t\t<style>\/*! elementor - v3.19.0 - 07-02-2024 *\/\n.elementor-heading-title{padding:0;margin:0;line-height:1}.elementor-widget-heading .elementor-heading-title[class*=elementor-size-]>a{color:inherit;font-size:inherit;line-height:inherit}.elementor-widget-heading .elementor-heading-title.elementor-size-small{font-size:15px}.elementor-widget-heading .elementor-heading-title.elementor-size-medium{font-size:19px}.elementor-widget-heading .elementor-heading-title.elementor-size-large{font-size:29px}.elementor-widget-heading .elementor-heading-title.elementor-size-xl{font-size:39px}.elementor-widget-heading .elementor-heading-title.elementor-size-xxl{font-size:59px}<\/style><h2 class=\"elementor-heading-title elementor-size-default\">Die Funktion zum Speichern von lokalen Abfragen ist auf meinem Handy nicht vorhanden. Was mache ich falsch?<\/h2>\t\t<\/div>\n\t\t\t\t<\/div>\n\t\t\t\t\t<\/div>\n\t\t\t\t<\/div>\n\t\t<div class=\"elementor-element elementor-element-fb207f1 e-flex e-con-boxed e-con e-parent\" data-id=\"fb207f1\" data-element_type=\"container\" data-settings=\"{&quot;content_width&quot;:&quot;boxed&quot;}\" data-core-v316-plus=\"true\">\n\t\t\t\t\t<div class=\"e-con-inner\">\n\t\t\t\t<div class=\"elementor-element elementor-element-eb4bccf elementor-widget elementor-widget-text-editor\" data-id=\"eb4bccf\" data-element_type=\"widget\" data-widget_type=\"text-editor.default\">\n\t\t\t\t<div class=\"elementor-widget-container\">\n\t\t\t<style>\/*! elementor - v3.19.0 - 07-02-2024 *\/\n.elementor-widget-text-editor.elementor-drop-cap-view-stacked .elementor-drop-cap{background-color:#69727d;color:#fff}.elementor-widget-text-editor.elementor-drop-cap-view-framed .elementor-drop-cap{color:#69727d;border:3px solid;background-color:transparent}.elementor-widget-text-editor:not(.elementor-drop-cap-view-default) .elementor-drop-cap{margin-top:8px}.elementor-widget-text-editor:not(.elementor-drop-cap-view-default) .elementor-drop-cap-letter{width:1em;height:1em}.elementor-widget-text-editor .elementor-drop-cap{float:left;text-align:center;line-height:1;font-size:50px}.elementor-widget-text-editor .elementor-drop-cap-letter{display:inline-block}<\/style>\t\t\t\t<p>Die Offlinef\u00e4higkeit (WebApp) von PicApport basiert auf der AppCache-Technologie bzw. auf der neueren Service-Worker-Technologie (Progressive Web-App PWA).<\/p><p>Seit geraumer Zeit unterst\u00fctzen die Browserhersteller diese Funktionalit\u00e4t nur noch wenn die Seite die diese Funktionalit\u00e4t benutzt\u00a0<em><strong>\u00fcber SSL ausgeliefert wurde<\/strong><\/em>.<\/p><p>siehe hierzu auch:\u00a0<a class=\"external-link\" href=\"https:\/\/www.thesslstore.com\/blog\/firefox-require-https-appcache\/\" rel=\"nofollow\">https:\/\/www.thesslstore.com\/blog\/firefox-require-https-appcache\/<\/a><\/p><p>oder\u00a0<a class=\"external-link\" href=\"https:\/\/stackoverflow.com\/questions\/55671517\/how-to-run-a-pwa-in-a-intranet-without-a-trusted-ssl-certificate\" rel=\"nofollow\">https:\/\/stackoverflow.com\/questions\/55671517\/how-to-run-a-pwa-in-a-intranet-without-a-trusted-ssl-certificate<\/a><\/p><p>Die folgende Antwort bezieht sich auf \u00e4ltere Browser (vor 2016)<\/p><ul><li>Das Speichern von lokalen Abfragen ben\u00f6tigt einen aktuellen Web-Browser welcher die Funktion IndexedDB unterst\u00fctzt. Eine Aufstellung dieser Browser findet sich\u00a0<a class=\"external-link\" href=\"http:\/\/caniuse.com\/#feat=indexeddb\" rel=\"nofollow\">hier<\/a><\/li><\/ul>\t\t\t\t\t\t<\/div>\n\t\t\t\t<\/div>\n\t\t\t\t\t<\/div>\n\t\t\t\t<\/div>\n\t\t\t\t<\/div>\n\t\t","protected":false},"excerpt":{"rendered":"<p>Die Funktion zum Speichern von lokalen Abfragen ist auf meinem Handy nicht vorhanden. Was mache ich falsch? Die Offlinef\u00e4higkeit (WebApp) von PicApport basiert auf der AppCache-Technologie bzw. auf der neueren Service-Worker-Technologie (Progressive Web-App PWA). Seit geraumer Zeit unterst\u00fctzen die Browserhersteller diese Funktionalit\u00e4t nur noch wenn die Seite die diese Funktionalit\u00e4t benutzt\u00a0\u00fcber SSL ausgeliefert wurde. siehe [&hellip;]<\/p>\n","protected":false},"author":1,"featured_media":0,"parent":0,"menu_order":0,"comment_status":"closed","ping_status":"closed","template":"","meta":{"footnotes":""},"class_list":["post-510","page","type-page","status-publish","hentry","entry"],"_links":{"self":[{"href":"https:\/\/contecon.de\/picapportwiki\/wp-json\/wp\/v2\/pages\/510","targetHints":{"allow":["GET"]}}],"collection":[{"href":"https:\/\/contecon.de\/picapportwiki\/wp-json\/wp\/v2\/pages"}],"about":[{"href":"https:\/\/contecon.de\/picapportwiki\/wp-json\/wp\/v2\/types\/page"}],"author":[{"embeddable":true,"href":"https:\/\/contecon.de\/picapportwiki\/wp-json\/wp\/v2\/users\/1"}],"replies":[{"embeddable":true,"href":"https:\/\/contecon.de\/picapportwiki\/wp-json\/wp\/v2\/comments?post=510"}],"version-history":[{"count":4,"href":"https:\/\/contecon.de\/picapportwiki\/wp-json\/wp\/v2\/pages\/510\/revisions"}],"predecessor-version":[{"id":514,"href":"https:\/\/contecon.de\/picapportwiki\/wp-json\/wp\/v2\/pages\/510\/revisions\/514"}],"wp:attachment":[{"href":"https:\/\/contecon.de\/picapportwiki\/wp-json\/wp\/v2\/media?parent=510"}],"curies":[{"name":"wp","href":"https:\/\/api.w.org\/{rel}","templated":true}]}}