{"id":49,"date":"2024-02-12T10:19:20","date_gmt":"2024-02-12T09:19:20","guid":{"rendered":"https:\/\/contecon.de\/picapportwiki\/?page_id=49"},"modified":"2024-02-12T16:13:02","modified_gmt":"2024-02-12T15:13:02","slug":"anzeigen-teilen-der-slideshow-auf-mehreren-geraeten-gleichzeitig","status":"publish","type":"page","link":"https:\/\/contecon.de\/picapportwiki\/anzeigen-teilen-der-slideshow-auf-mehreren-geraeten-gleichzeitig\/","title":{"rendered":"Anzeigen (Teilen) der Slideshow auf mehreren Ger\u00e4ten gleichzeitig"},"content":{"rendered":"\t\t<div data-elementor-type=\"wp-page\" data-elementor-id=\"49\" class=\"elementor elementor-49\">\n\t\t\t\t<div class=\"elementor-element elementor-element-2ecb884 e-flex e-con-boxed e-con e-parent\" data-id=\"2ecb884\" data-element_type=\"container\" data-settings=\"{&quot;content_width&quot;:&quot;boxed&quot;}\" data-core-v316-plus=\"true\">\n\t\t\t\t\t<div class=\"e-con-inner\">\n\t\t\t\t<div class=\"elementor-element elementor-element-3186c59 elementor-widget elementor-widget-heading\" data-id=\"3186c59\" data-element_type=\"widget\" data-widget_type=\"heading.default\">\n\t\t\t\t<div class=\"elementor-widget-container\">\n\t\t\t<style>\/*! elementor - v3.19.0 - 07-02-2024 *\/\n.elementor-heading-title{padding:0;margin:0;line-height:1}.elementor-widget-heading .elementor-heading-title[class*=elementor-size-]>a{color:inherit;font-size:inherit;line-height:inherit}.elementor-widget-heading .elementor-heading-title.elementor-size-small{font-size:15px}.elementor-widget-heading .elementor-heading-title.elementor-size-medium{font-size:19px}.elementor-widget-heading .elementor-heading-title.elementor-size-large{font-size:29px}.elementor-widget-heading .elementor-heading-title.elementor-size-xl{font-size:39px}.elementor-widget-heading .elementor-heading-title.elementor-size-xxl{font-size:59px}<\/style><h2 class=\"elementor-heading-title elementor-size-default\">Anzeigen (Teilen) der Slideshow auf mehreren Ger\u00e4ten gleichzeitig<\/h2>\t\t<\/div>\n\t\t\t\t<\/div>\n\t\t\t\t\t<\/div>\n\t\t\t\t<\/div>\n\t\t<div class=\"elementor-element elementor-element-ceea31a e-flex e-con-boxed e-con e-parent\" data-id=\"ceea31a\" data-element_type=\"container\" data-settings=\"{&quot;content_width&quot;:&quot;boxed&quot;}\" data-core-v316-plus=\"true\">\n\t\t\t\t\t<div class=\"e-con-inner\">\n\t\t\t\t<div class=\"elementor-element elementor-element-ede8682 elementor-widget elementor-widget-text-editor\" data-id=\"ede8682\" data-element_type=\"widget\" data-widget_type=\"text-editor.default\">\n\t\t\t\t<div class=\"elementor-widget-container\">\n\t\t\t<style>\/*! elementor - v3.19.0 - 07-02-2024 *\/\n.elementor-widget-text-editor.elementor-drop-cap-view-stacked .elementor-drop-cap{background-color:#69727d;color:#fff}.elementor-widget-text-editor.elementor-drop-cap-view-framed .elementor-drop-cap{color:#69727d;border:3px solid;background-color:transparent}.elementor-widget-text-editor:not(.elementor-drop-cap-view-default) .elementor-drop-cap{margin-top:8px}.elementor-widget-text-editor:not(.elementor-drop-cap-view-default) .elementor-drop-cap-letter{width:1em;height:1em}.elementor-widget-text-editor .elementor-drop-cap{float:left;text-align:center;line-height:1;font-size:50px}.elementor-widget-text-editor .elementor-drop-cap-letter{display:inline-block}<\/style>\t\t\t\t<p>Seit Version 7.2 ist es m\u00f6glich, die eigene Anzeige\/Fotos der Slideshow auch auf anderen Ger\u00e4ten anzuzeigen.<\/p>\t\t\t\t\t\t<\/div>\n\t\t\t\t<\/div>\n\t\t\t\t\t<\/div>\n\t\t\t\t<\/div>\n\t\t<div class=\"elementor-element elementor-element-1a0d9a7 e-flex e-con-boxed e-con e-parent\" data-id=\"1a0d9a7\" data-element_type=\"container\" data-settings=\"{&quot;content_width&quot;:&quot;boxed&quot;}\" data-core-v316-plus=\"true\">\n\t\t\t\t\t<div class=\"e-con-inner\">\n\t\t\t\t<div class=\"elementor-element elementor-element-006e63e elementor-widget elementor-widget-heading\" data-id=\"006e63e\" data-element_type=\"widget\" data-widget_type=\"heading.default\">\n\t\t\t\t<div class=\"elementor-widget-container\">\n\t\t\t<h3 class=\"elementor-heading-title elementor-size-default\">Beispielvideo<\/h3>\t\t<\/div>\n\t\t\t\t<\/div>\n\t\t\t\t\t<\/div>\n\t\t\t\t<\/div>\n\t\t<div class=\"elementor-element elementor-element-eef1ebe e-flex e-con-boxed e-con e-parent\" data-id=\"eef1ebe\" data-element_type=\"container\" data-settings=\"{&quot;content_width&quot;:&quot;boxed&quot;}\" data-core-v316-plus=\"true\">\n\t\t\t\t\t<div class=\"e-con-inner\">\n\t\t\t\t<div class=\"elementor-element elementor-element-23f56b9 elementor-widget elementor-widget-text-editor\" data-id=\"23f56b9\" data-element_type=\"widget\" data-widget_type=\"text-editor.default\">\n\t\t\t\t<div class=\"elementor-widget-container\">\n\t\t\t\t\t\t\t<p>Das folgende Video zeigt die M\u00f6glichkeiten anhand eines Beispiels mit einem Laptop, zwei Tablets und einem Handy:\u00a0<a class=\"external-link\" href=\"https:\/\/www.youtube.com\/watch?v=Q6fTXgPVz0A\" rel=\"nofollow\">https:\/\/www.youtube.com\/watch?v=Q6fTXgPVz0A<\/a><\/p>\t\t\t\t\t\t<\/div>\n\t\t\t\t<\/div>\n\t\t\t\t\t<\/div>\n\t\t\t\t<\/div>\n\t\t<div class=\"elementor-element elementor-element-f1447e7 e-flex e-con-boxed e-con e-parent\" data-id=\"f1447e7\" data-element_type=\"container\" data-settings=\"{&quot;content_width&quot;:&quot;boxed&quot;}\" data-core-v316-plus=\"true\">\n\t\t\t\t\t<div class=\"e-con-inner\">\n\t\t\t\t<div class=\"elementor-element elementor-element-95a1de8 elementor-widget elementor-widget-heading\" data-id=\"95a1de8\" data-element_type=\"widget\" data-widget_type=\"heading.default\">\n\t\t\t\t<div class=\"elementor-widget-container\">\n\t\t\t<h3 class=\"elementor-heading-title elementor-size-default\">Funktionen<\/h3>\t\t<\/div>\n\t\t\t\t<\/div>\n\t\t\t\t\t<\/div>\n\t\t\t\t<\/div>\n\t\t<div class=\"elementor-element elementor-element-b81f7bb e-flex e-con-boxed e-con e-parent\" data-id=\"b81f7bb\" data-element_type=\"container\" data-settings=\"{&quot;content_width&quot;:&quot;boxed&quot;}\" data-core-v316-plus=\"true\">\n\t\t\t\t\t<div class=\"e-con-inner\">\n\t\t\t\t<div class=\"elementor-element elementor-element-2c06a60 elementor-widget elementor-widget-text-editor\" data-id=\"2c06a60\" data-element_type=\"widget\" data-widget_type=\"text-editor.default\">\n\t\t\t\t<div class=\"elementor-widget-container\">\n\t\t\t\t\t\t\t<ul><li>Steuern einer PicApport Slideshow die z.B. auf einem Fernseher l\u00e4uft mit verschiedenen Handys, Tablets oder Laptops\u00a0 (Alle Ger\u00e4te im selben WLAN)<br \/>Hiermit k\u00f6nnen z.B verschiedene Personen Fotos abwechselnd auf einem oder sogar mehreren Ger\u00e4ten anzeigen.<br \/>Es wird dann jeweils das letzte Foto angezeigt.<br \/><br \/><\/li><li>Anzeige einer Slideshow auf mehreren Ger\u00e4ten gleichzeitig<br \/><br \/><\/li><li>\u00dcbernahme einer laufenden Slideshow (z.B. Bildschirmschoner) um Fotos vom eigenen Ger\u00e4t anzuzeigen.<br \/>(Hierzu ist ein spezielles Benutzerrecht notwendig)<\/li><\/ul>\t\t\t\t\t\t<\/div>\n\t\t\t\t<\/div>\n\t\t\t\t\t<\/div>\n\t\t\t\t<\/div>\n\t\t<div class=\"elementor-element elementor-element-edff90f e-flex e-con-boxed e-con e-parent\" data-id=\"edff90f\" data-element_type=\"container\" data-settings=\"{&quot;content_width&quot;:&quot;boxed&quot;}\" data-core-v316-plus=\"true\">\n\t\t\t\t\t<div class=\"e-con-inner\">\n\t\t\t\t<div class=\"elementor-element elementor-element-7dd63b7 elementor-widget elementor-widget-heading\" data-id=\"7dd63b7\" data-element_type=\"widget\" data-widget_type=\"heading.default\">\n\t\t\t\t<div class=\"elementor-widget-container\">\n\t\t\t<h3 class=\"elementor-heading-title elementor-size-default\">Beschreibung<\/h3>\t\t<\/div>\n\t\t\t\t<\/div>\n\t\t\t\t\t<\/div>\n\t\t\t\t<\/div>\n\t\t<div class=\"elementor-element elementor-element-e5aeeee e-flex e-con-boxed e-con e-parent\" data-id=\"e5aeeee\" data-element_type=\"container\" data-settings=\"{&quot;content_width&quot;:&quot;boxed&quot;}\" data-core-v316-plus=\"true\">\n\t\t\t\t\t<div class=\"e-con-inner\">\n\t\t\t\t<div class=\"elementor-element elementor-element-6112c1f elementor-widget elementor-widget-text-editor\" data-id=\"6112c1f\" data-element_type=\"widget\" data-widget_type=\"text-editor.default\">\n\t\t\t\t<div class=\"elementor-widget-container\">\n\t\t\t\t\t\t\t<p>Um die Slideshow auf einem oder mehreren Ger\u00e4ten anzuzeigen m\u00fcssen sich diese mit einem Browser oder der PicApport-App auf dem gleichen PicApport Server anmelden.<\/p><h3 id=\"Anzeigen(Teilen)derSlideshowaufmehrerenGer\u00e4tengleichzeitig.-FremdenBildschirmanzeigen\">Fremden Bildschirm anzeigen<\/h3><p>Ger\u00e4te die Fotos von einem anderen Ger\u00e4t anzeigen sollen (z.B. ein Fernseher), m\u00fcssen zun\u00e4chst \u00fcber den Men\u00fcbefehl\u00a0<em>&#8222;Fremden Bildschirm anzeigen&#8220;<\/em>\u00a0auf der Startseite in Empfangsbereitschaft gesetzt werden.<br \/>Eventuell bereits laufende geteilte Slideshows k\u00f6nnen direkt zu Anzeige ausgew\u00e4hlt werden. Durch einen Klick mit der Maus wird der Modus<em>\u00a0&#8222;Fremden Bildschirm anzeigen&#8220;<\/em>\u00a0beendet.<\/p><h3 id=\"Anzeigen(Teilen)derSlideshowaufmehrerenGer\u00e4tengleichzeitig.-MeinenBildschirmTeilen\">Meinen Bildschirm Teilen<\/h3><p>Diese Men\u00fcfunktion\u00a0<em>&#8222;Meinen Bildschirm teilen&#8220;<\/em>\u00a0kann sowohl auf der Startseite als auch in der Slideshow gestartet und beendet werden. Nach der Auswahl der Anzeigeger\u00e4te und der optionalen Vergabe eines Schl\u00fcssels,<br \/>wird der eigene Bildschirm der Slideshow auf anderen Ger\u00e4ten angezeigt.<\/p><p>Ist die Funktion aktiv erscheint am unteren linken Rand der ScreenControl-Button. (zur Vergr\u00f6\u00dferung auf das Bild klicken)<\/p>\t\t\t\t\t\t<\/div>\n\t\t\t\t<\/div>\n\t\t\t\t\t<\/div>\n\t\t\t\t<\/div>\n\t\t<div class=\"elementor-element elementor-element-468e378 e-flex e-con-boxed e-con e-parent\" data-id=\"468e378\" data-element_type=\"container\" data-settings=\"{&quot;content_width&quot;:&quot;boxed&quot;}\" data-core-v316-plus=\"true\">\n\t\t\t\t\t<div class=\"e-con-inner\">\n\t\t\t\t<div class=\"elementor-element elementor-element-f8f60bb elementor-widget elementor-widget-image\" data-id=\"f8f60bb\" data-element_type=\"widget\" data-widget_type=\"image.default\">\n\t\t\t\t<div class=\"elementor-widget-container\">\n\t\t\t<style>\/*! elementor - v3.19.0 - 07-02-2024 *\/\n.elementor-widget-image{text-align:center}.elementor-widget-image a{display:inline-block}.elementor-widget-image a img[src$=\".svg\"]{width:48px}.elementor-widget-image img{vertical-align:middle;display:inline-block}<\/style>\t\t\t\t\t\t\t\t\t\t<img fetchpriority=\"high\" decoding=\"async\" width=\"1024\" height=\"546\" src=\"https:\/\/contecon.de\/picapportwiki\/wp-content\/uploads\/2024\/02\/ScreenControl-ShareScreen-de-1024x546.png\" class=\"attachment-large size-large wp-image-109\" alt=\"\" srcset=\"https:\/\/contecon.de\/picapportwiki\/wp-content\/uploads\/2024\/02\/ScreenControl-ShareScreen-de-1024x546.png 1024w, https:\/\/contecon.de\/picapportwiki\/wp-content\/uploads\/2024\/02\/ScreenControl-ShareScreen-de-300x160.png 300w, https:\/\/contecon.de\/picapportwiki\/wp-content\/uploads\/2024\/02\/ScreenControl-ShareScreen-de-768x410.png 768w, https:\/\/contecon.de\/picapportwiki\/wp-content\/uploads\/2024\/02\/ScreenControl-ShareScreen-de.png 1393w\" sizes=\"(max-width: 1024px) 100vw, 1024px\" \/>\t\t\t\t\t\t\t\t\t\t\t\t\t<\/div>\n\t\t\t\t<\/div>\n\t\t\t\t\t<\/div>\n\t\t\t\t<\/div>\n\t\t<div class=\"elementor-element elementor-element-0e892c2 e-flex e-con-boxed e-con e-parent\" data-id=\"0e892c2\" data-element_type=\"container\" data-settings=\"{&quot;content_width&quot;:&quot;boxed&quot;}\" data-core-v316-plus=\"true\">\n\t\t\t\t\t<div class=\"e-con-inner\">\n\t\t\t\t<div class=\"elementor-element elementor-element-ab88710 elementor-widget elementor-widget-text-editor\" data-id=\"ab88710\" data-element_type=\"widget\" data-widget_type=\"text-editor.default\">\n\t\t\t\t<div class=\"elementor-widget-container\">\n\t\t\t\t\t\t\t<h3 id=\"Anzeigen(Teilen)derSlideshowaufmehrerenGer\u00e4tengleichzeitig.-ZusatzfunktioneninderPicApport-Android-App\">Zusatzfunktionen in der PicApport-Android-App<\/h3><p>Wird die Teilen-Funktion in der PicApport-Android-App genutzt so k\u00f6nnen alle Seiten der PicApport App incl. Karte und Thumbnails an einen anderen Bildschirm geschickt werden.<\/p>\t\t\t\t\t\t<\/div>\n\t\t\t\t<\/div>\n\t\t\t\t\t<\/div>\n\t\t\t\t<\/div>\n\t\t<div class=\"elementor-element elementor-element-a50fa20 e-flex e-con-boxed e-con e-parent\" data-id=\"a50fa20\" data-element_type=\"container\" data-settings=\"{&quot;content_width&quot;:&quot;boxed&quot;}\" data-core-v316-plus=\"true\">\n\t\t\t\t\t<div class=\"e-con-inner\">\n\t\t\t\t<div class=\"elementor-element elementor-element-9a166b2 elementor-widget elementor-widget-heading\" data-id=\"9a166b2\" data-element_type=\"widget\" data-widget_type=\"heading.default\">\n\t\t\t\t<div class=\"elementor-widget-container\">\n\t\t\t<h3 class=\"elementor-heading-title elementor-size-default\">Benutzerrechte f\u00fcr die Teilen-Funktion<\/h3>\t\t<\/div>\n\t\t\t\t<\/div>\n\t\t\t\t\t<\/div>\n\t\t\t\t<\/div>\n\t\t<div class=\"elementor-element elementor-element-c406e9f e-flex e-con-boxed e-con e-parent\" data-id=\"c406e9f\" data-element_type=\"container\" data-settings=\"{&quot;content_width&quot;:&quot;boxed&quot;}\" data-core-v316-plus=\"true\">\n\t\t\t\t\t<div class=\"e-con-inner\">\n\t\t\t\t<div class=\"elementor-element elementor-element-e5cd497 elementor-widget elementor-widget-text-editor\" data-id=\"e5cd497\" data-element_type=\"widget\" data-widget_type=\"text-editor.default\">\n\t\t\t\t<div class=\"elementor-widget-container\">\n\t\t\t\t\t\t\t<h3 id=\"Anzeigen(Teilen)derSlideshowaufmehrerenGer\u00e4tengleichzeitig.-BerechtigungeigenenBildschirmzuteilen(pap:feature:sharescreen:send)\">Berechtigung eigenen Bildschirm zu teilen (pap:feature:sharescreen:send)<\/h3><p>Diese Berechtigung wird ben\u00f6tigt, um den eigenen Bildschirm auf einen anderen Bildschirm anzuzeigen.<\/p><h3 id=\"Anzeigen(Teilen)derSlideshowaufmehrerenGer\u00e4tengleichzeitig.-BerechtigungfremdenBildschirmanzuzeigen.(pap:feature:sharescreen:receive)\">Berechtigung fremden Bildschirm anzuzeigen (pap:feature:sharescreen:receive)<\/h3><p>Diese Berechtigung wird ben\u00f6tigt, um geteilte Bildschirme anderer Ger\u00e4te anzuzeigen.<\/p><h3 id=\"Anzeigen(Teilen)derSlideshowaufmehrerenGer\u00e4tengleichzeitig.-BerechtigungfremdenBildschirmautomatischanzuzeigenwennSlideshowl\u00e4uft(z.B.f\u00fcrBilderrahmen).(pap:feature:sharescreen:autorecieve)\">Berechtigung fremden Bildschirm automatisch anzuzeigen wenn Slideshow l\u00e4uft (z.B. f\u00fcr Bilderrahmen) (pap:feature:sharescreen:autorecieve)<\/h3><p>Hat ein Benutzer\/Ger\u00e4t dieses Recht, so kann eine automatisch ablaufende Slideshow (z.B. Bildschirmschoner) von einem beliebigen berechtigten PicApport-User f\u00fcr die Anzeige von Fotos \u00fcbernommen werden, ohne vorher die Funktion\u00a0<em>&#8222;Fremden Bildschirm anzeigen&#8220;<\/em>\u00a0aufzurufen.<\/p>\t\t\t\t\t\t<\/div>\n\t\t\t\t<\/div>\n\t\t\t\t\t<\/div>\n\t\t\t\t<\/div>\n\t\t\t\t<\/div>\n\t\t","protected":false},"excerpt":{"rendered":"<p>Anzeigen (Teilen) der Slideshow auf mehreren Ger\u00e4ten gleichzeitig Seit Version 7.2 ist es m\u00f6glich, die eigene Anzeige\/Fotos der Slideshow auch auf anderen Ger\u00e4ten anzuzeigen. Beispielvideo Das folgende Video zeigt die M\u00f6glichkeiten anhand eines Beispiels mit einem Laptop, zwei Tablets und einem Handy:\u00a0https:\/\/www.youtube.com\/watch?v=Q6fTXgPVz0A Funktionen Steuern einer PicApport Slideshow die z.B. auf einem Fernseher l\u00e4uft mit verschiedenen [&hellip;]<\/p>\n","protected":false},"author":1,"featured_media":0,"parent":0,"menu_order":0,"comment_status":"closed","ping_status":"closed","template":"","meta":{"footnotes":""},"class_list":["post-49","page","type-page","status-publish","hentry","entry"],"_links":{"self":[{"href":"https:\/\/contecon.de\/picapportwiki\/wp-json\/wp\/v2\/pages\/49","targetHints":{"allow":["GET"]}}],"collection":[{"href":"https:\/\/contecon.de\/picapportwiki\/wp-json\/wp\/v2\/pages"}],"about":[{"href":"https:\/\/contecon.de\/picapportwiki\/wp-json\/wp\/v2\/types\/page"}],"author":[{"embeddable":true,"href":"https:\/\/contecon.de\/picapportwiki\/wp-json\/wp\/v2\/users\/1"}],"replies":[{"embeddable":true,"href":"https:\/\/contecon.de\/picapportwiki\/wp-json\/wp\/v2\/comments?post=49"}],"version-history":[{"count":13,"href":"https:\/\/contecon.de\/picapportwiki\/wp-json\/wp\/v2\/pages\/49\/revisions"}],"predecessor-version":[{"id":121,"href":"https:\/\/contecon.de\/picapportwiki\/wp-json\/wp\/v2\/pages\/49\/revisions\/121"}],"wp:attachment":[{"href":"https:\/\/contecon.de\/picapportwiki\/wp-json\/wp\/v2\/media?parent=49"}],"curies":[{"name":"wp","href":"https:\/\/api.w.org\/{rel}","templated":true}]}}