{"id":473,"date":"2024-02-14T16:25:50","date_gmt":"2024-02-14T15:25:50","guid":{"rendered":"https:\/\/contecon.de\/picapportwiki\/?page_id=473"},"modified":"2024-05-31T11:55:51","modified_gmt":"2024-05-31T09:55:51","slug":"kommerzielle-nutzung-von-picapport","status":"publish","type":"page","link":"https:\/\/contecon.de\/picapportwiki\/kommerzielle-nutzung-von-picapport\/","title":{"rendered":"Kommerzielle Nutzung von PicApport"},"content":{"rendered":"\t\t<div data-elementor-type=\"wp-page\" data-elementor-id=\"473\" class=\"elementor elementor-473\">\n\t\t\t\t<div class=\"elementor-element elementor-element-304eb72 e-flex e-con-boxed e-con e-parent\" data-id=\"304eb72\" data-element_type=\"container\" data-settings=\"{&quot;content_width&quot;:&quot;boxed&quot;}\" data-core-v316-plus=\"true\">\n\t\t\t\t\t<div class=\"e-con-inner\">\n\t\t\t\t<div class=\"elementor-element elementor-element-01a1050 elementor-widget elementor-widget-heading\" data-id=\"01a1050\" data-element_type=\"widget\" data-widget_type=\"heading.default\">\n\t\t\t\t<div class=\"elementor-widget-container\">\n\t\t\t<style>\/*! elementor - v3.19.0 - 07-02-2024 *\/\n.elementor-heading-title{padding:0;margin:0;line-height:1}.elementor-widget-heading .elementor-heading-title[class*=elementor-size-]>a{color:inherit;font-size:inherit;line-height:inherit}.elementor-widget-heading .elementor-heading-title.elementor-size-small{font-size:15px}.elementor-widget-heading .elementor-heading-title.elementor-size-medium{font-size:19px}.elementor-widget-heading .elementor-heading-title.elementor-size-large{font-size:29px}.elementor-widget-heading .elementor-heading-title.elementor-size-xl{font-size:39px}.elementor-widget-heading .elementor-heading-title.elementor-size-xxl{font-size:59px}<\/style><h2 class=\"elementor-heading-title elementor-size-default\">Kommerzielle Nutzung von PicApport<\/h2>\t\t<\/div>\n\t\t\t\t<\/div>\n\t\t\t\t\t<\/div>\n\t\t\t\t<\/div>\n\t\t<div class=\"elementor-element elementor-element-83830b6 e-flex e-con-boxed e-con e-parent\" data-id=\"83830b6\" data-element_type=\"container\" data-settings=\"{&quot;content_width&quot;:&quot;boxed&quot;}\" data-core-v316-plus=\"true\">\n\t\t\t\t\t<div class=\"e-con-inner\">\n\t\t\t\t<div class=\"elementor-element elementor-element-f6f5cee elementor-widget elementor-widget-text-editor\" data-id=\"f6f5cee\" data-element_type=\"widget\" data-widget_type=\"text-editor.default\">\n\t\t\t\t<div class=\"elementor-widget-container\">\n\t\t\t<style>\/*! elementor - v3.19.0 - 07-02-2024 *\/\n.elementor-widget-text-editor.elementor-drop-cap-view-stacked .elementor-drop-cap{background-color:#69727d;color:#fff}.elementor-widget-text-editor.elementor-drop-cap-view-framed .elementor-drop-cap{color:#69727d;border:3px solid;background-color:transparent}.elementor-widget-text-editor:not(.elementor-drop-cap-view-default) .elementor-drop-cap{margin-top:8px}.elementor-widget-text-editor:not(.elementor-drop-cap-view-default) .elementor-drop-cap-letter{width:1em;height:1em}.elementor-widget-text-editor .elementor-drop-cap{float:left;text-align:center;line-height:1;font-size:50px}.elementor-widget-text-editor .elementor-drop-cap-letter{display:inline-block}<\/style>\t\t\t\t<p>Um PicApport kommerziell zu nutzen ben\u00f6tigen Sie eine entsprechende Lizenz.<\/p><p>Gerne beraten wir sie \u00fcber die erweiterten M\u00f6glichkeiten.<br \/>Schicken Sie uns einfach eine Mail mit den bei Ihnen zu erwartenden Mengenger\u00fcsten bzgl:<\/p><ul><li>grobe Sch\u00e4tzung der Anzahl Fotos<\/li><li>grobe Sch\u00e4tzung der Anzahl Benutzer<\/li><li>Anzahl der Server<\/li><\/ul><p>an\u00a0<a class=\"external-link\" href=\"mailto:info@picapport.de\" rel=\"nofollow\">info@picapport.de<\/a><\/p>\t\t\t\t\t\t<\/div>\n\t\t\t\t<\/div>\n\t\t\t\t\t<\/div>\n\t\t\t\t<\/div>\n\t\t<div class=\"elementor-element elementor-element-6dd0243 e-flex e-con-boxed e-con e-parent\" data-id=\"6dd0243\" data-element_type=\"container\" data-settings=\"{&quot;content_width&quot;:&quot;boxed&quot;}\" data-core-v316-plus=\"true\">\n\t\t\t\t\t<div class=\"e-con-inner\">\n\t\t\t\t<div class=\"elementor-element elementor-element-1af6ed0 elementor-widget elementor-widget-heading\" data-id=\"1af6ed0\" data-element_type=\"widget\" data-widget_type=\"heading.default\">\n\t\t\t\t<div class=\"elementor-widget-container\">\n\t\t\t<h3 class=\"elementor-heading-title elementor-size-default\">Installation der PicApport Lizenzdatei<\/h3>\t\t<\/div>\n\t\t\t\t<\/div>\n\t\t\t\t\t<\/div>\n\t\t\t\t<\/div>\n\t\t<div class=\"elementor-element elementor-element-a57f57a e-flex e-con-boxed e-con e-parent\" data-id=\"a57f57a\" data-element_type=\"container\" data-settings=\"{&quot;content_width&quot;:&quot;boxed&quot;}\" data-core-v316-plus=\"true\">\n\t\t\t\t\t<div class=\"e-con-inner\">\n\t\t\t\t<div class=\"elementor-element elementor-element-9f34f24 elementor-widget elementor-widget-text-editor\" data-id=\"9f34f24\" data-element_type=\"widget\" data-widget_type=\"text-editor.default\">\n\t\t\t\t<div class=\"elementor-widget-container\">\n\t\t\t\t\t\t\t<p>Wenn Sie eine Lizenz erworben haben erhalten Sie von uns eine .zip-Datei mit folgendem Inhalt:<\/p><ul><li><em><strong>palicense.properties<\/strong><\/em><\/li><\/ul><p>Diese Datei(<em><strong>palicense.properties<\/strong><\/em>) bitte unver\u00e4ndert\u00a0 in das Verzeichnis\u00a0<em><strong>.picapport<\/strong><\/em>\u00a0Ihrer Server-Installation kopieren.<\/p><p>Die Lizenzdatei ist \u00fcber einen Hashcode gesichert (signiert) und enth\u00e4lt im wesentlichen folgende Informationen:<\/p><ul><li>Lizenzierte Version und Features<\/li><li>Name und Standort des Lizenznehmers<\/li><\/ul><p>Die Lizenzinformationen k\u00f6nnen auch auch \u00fcber die Web-Oberfl\u00e4che von PicApport abgefragt werden. (<em><strong>&#8222;\u00dcber PicApport&#8220;<\/strong><\/em>\u00a0im Menue auf der Startseite)<\/p><p><img fetchpriority=\"high\" decoding=\"async\" class=\"alignnone size-full wp-image-2680\" src=\"https:\/\/contecon.de\/picapportwiki\/wp-content\/uploads\/2024\/05\/PicApportAbout.jpg\" alt=\"\" width=\"301\" height=\"273\" \/><\/p><p>\u00a0<\/p>\t\t\t\t\t\t<\/div>\n\t\t\t\t<\/div>\n\t\t\t\t\t<\/div>\n\t\t\t\t<\/div>\n\t\t<div class=\"elementor-element elementor-element-f5c11ce e-flex e-con-boxed e-con e-parent\" data-id=\"f5c11ce\" data-element_type=\"container\" data-settings=\"{&quot;content_width&quot;:&quot;boxed&quot;}\" data-core-v316-plus=\"true\">\n\t\t\t\t\t<div class=\"e-con-inner\">\n\t\t\t\t<div class=\"elementor-element elementor-element-62ca790 elementor-widget elementor-widget-heading\" data-id=\"62ca790\" data-element_type=\"widget\" data-widget_type=\"heading.default\">\n\t\t\t\t<div class=\"elementor-widget-container\">\n\t\t\t<h3 class=\"elementor-heading-title elementor-size-default\">Anpassen der Programmlogos<\/h3>\t\t<\/div>\n\t\t\t\t<\/div>\n\t\t\t\t\t<\/div>\n\t\t\t\t<\/div>\n\t\t<div class=\"elementor-element elementor-element-929a6d5 e-flex e-con-boxed e-con e-parent\" data-id=\"929a6d5\" data-element_type=\"container\" data-settings=\"{&quot;content_width&quot;:&quot;boxed&quot;}\" data-core-v316-plus=\"true\">\n\t\t\t\t\t<div class=\"e-con-inner\">\n\t\t\t\t<div class=\"elementor-element elementor-element-118c2e3 elementor-widget elementor-widget-text-editor\" data-id=\"118c2e3\" data-element_type=\"widget\" data-widget_type=\"text-editor.default\">\n\t\t\t\t<div class=\"elementor-widget-container\">\n\t\t\t\t\t\t\t<p>Ist eine g\u00fcltige Lizenz vorhanden, so kann auch das Programmlogo angepasst werden.<\/p><p>Benutzen Sie hierf\u00fcr die folgenden Dateien als Vorlage. Die Gr\u00f6\u00dfen sollten sie nicht ver\u00e4ndern.<\/p><p>Erstellen Sie unterhalb von .picapport ein Verzeichnis themes und kopieren Sie die folgenden Dateien dort hinein:<\/p><div class=\"table-wrap\"><table class=\"confluenceTable tablesorter tablesorter-default stickyTableHeaders\" role=\"grid\"><thead class=\"tableFloatingHeaderOriginal\"><tr class=\"tablesorter-headerRow\" role=\"row\"><th class=\"confluenceTh tablesorter-header sortableHeader tablesorter-headerUnSorted\" tabindex=\"0\" role=\"columnheader\" scope=\"col\" data-column=\"0\" aria-disabled=\"false\" aria-sort=\"none\" aria-label=\"Dateiname: No sort applied, activate to apply an ascending sort\"><div class=\"tablesorter-header-inner\">Dateiname<\/div><\/th><th class=\"confluenceTh tablesorter-header sortableHeader tablesorter-headerUnSorted\" tabindex=\"0\" role=\"columnheader\" scope=\"col\" data-column=\"1\" aria-disabled=\"false\" aria-sort=\"none\" aria-label=\"Beschreibung: No sort applied, activate to apply an ascending sort\"><div class=\"tablesorter-header-inner\">Beschreibung<\/div><\/th><th class=\"confluenceTh tablesorter-header sortableHeader tablesorter-headerUnSorted\" tabindex=\"0\" role=\"columnheader\" scope=\"col\" data-column=\"2\" aria-disabled=\"false\" aria-sort=\"none\" aria-label=\"Vorschau: No sort applied, activate to apply an ascending sort\"><div class=\"tablesorter-header-inner\">Vorschau<\/div><\/th><\/tr><\/thead><tbody aria-live=\"polite\" aria-relevant=\"all\"><tr role=\"row\"><td class=\"confluenceTd\">312x111_header.png<\/td><td class=\"confluenceTd\">Logo auf dem Logon-Screen<\/td><td class=\"confluenceTd\"><span class=\"confluence-embedded-file-wrapper\"><img decoding=\"async\" class=\"alignnone size-full wp-image-2681\" src=\"https:\/\/contecon.de\/picapportwiki\/wp-content\/uploads\/2024\/05\/image2017-5-10-15_0_34.png\" alt=\"\" width=\"133\" height=\"83\" \/><\/span><\/td><\/tr><tr role=\"row\"><td class=\"confluenceTd\">picapport_logo_trans.png<\/td><td class=\"confluenceTd\">Seitenlogo im Online-Modus<\/td><td class=\"confluenceTd\"><span class=\"confluence-embedded-file-wrapper\"><img decoding=\"async\" class=\"alignnone size-full wp-image-2682\" src=\"https:\/\/contecon.de\/picapportwiki\/wp-content\/uploads\/2024\/05\/image2017-5-10-15_0_43.png\" alt=\"\" width=\"123\" height=\"52\" \/><\/span><\/td><\/tr><tr role=\"row\"><td class=\"confluenceTd\">picapport_logo_trans_offline.png<\/td><td class=\"confluenceTd\">Seitenlogo im Offline-Modus<\/td><td class=\"confluenceTd\"><span class=\"confluence-embedded-file-wrapper\"><img loading=\"lazy\" decoding=\"async\" class=\"alignnone size-full wp-image-2683\" src=\"https:\/\/contecon.de\/picapportwiki\/wp-content\/uploads\/2024\/05\/image2017-5-10-15_0_51.png\" alt=\"\" width=\"123\" height=\"52\" \/><\/span><\/td><\/tr><\/tbody><\/table><\/div>\t\t\t\t\t\t<\/div>\n\t\t\t\t<\/div>\n\t\t\t\t\t<\/div>\n\t\t\t\t<\/div>\n\t\t\t\t<\/div>\n\t\t","protected":false},"excerpt":{"rendered":"<p>Kommerzielle Nutzung von PicApport Um PicApport kommerziell zu nutzen ben\u00f6tigen Sie eine entsprechende Lizenz. Gerne beraten wir sie \u00fcber die erweiterten M\u00f6glichkeiten.Schicken Sie uns einfach eine Mail mit den bei Ihnen zu erwartenden Mengenger\u00fcsten bzgl: grobe Sch\u00e4tzung der Anzahl Fotos grobe Sch\u00e4tzung der Anzahl Benutzer Anzahl der Server an\u00a0info@picapport.de Installation der PicApport Lizenzdatei Wenn Sie [&hellip;]<\/p>\n","protected":false},"author":1,"featured_media":0,"parent":0,"menu_order":0,"comment_status":"closed","ping_status":"closed","template":"","meta":{"footnotes":""},"class_list":["post-473","page","type-page","status-publish","hentry","entry"],"_links":{"self":[{"href":"https:\/\/contecon.de\/picapportwiki\/wp-json\/wp\/v2\/pages\/473","targetHints":{"allow":["GET"]}}],"collection":[{"href":"https:\/\/contecon.de\/picapportwiki\/wp-json\/wp\/v2\/pages"}],"about":[{"href":"https:\/\/contecon.de\/picapportwiki\/wp-json\/wp\/v2\/types\/page"}],"author":[{"embeddable":true,"href":"https:\/\/contecon.de\/picapportwiki\/wp-json\/wp\/v2\/users\/1"}],"replies":[{"embeddable":true,"href":"https:\/\/contecon.de\/picapportwiki\/wp-json\/wp\/v2\/comments?post=473"}],"version-history":[{"count":7,"href":"https:\/\/contecon.de\/picapportwiki\/wp-json\/wp\/v2\/pages\/473\/revisions"}],"predecessor-version":[{"id":2686,"href":"https:\/\/contecon.de\/picapportwiki\/wp-json\/wp\/v2\/pages\/473\/revisions\/2686"}],"wp:attachment":[{"href":"https:\/\/contecon.de\/picapportwiki\/wp-json\/wp\/v2\/media?parent=473"}],"curies":[{"name":"wp","href":"https:\/\/api.w.org\/{rel}","templated":true}]}}