{"id":463,"date":"2024-02-14T16:23:39","date_gmt":"2024-02-14T15:23:39","guid":{"rendered":"https:\/\/contecon.de\/picapportwiki\/?page_id=463"},"modified":"2024-05-23T18:45:31","modified_gmt":"2024-05-23T16:45:31","slug":"glossar","status":"publish","type":"page","link":"https:\/\/contecon.de\/picapportwiki\/glossar\/","title":{"rendered":"Glossar"},"content":{"rendered":"\t\t<div data-elementor-type=\"wp-page\" data-elementor-id=\"463\" class=\"elementor elementor-463\">\n\t\t\t\t<div class=\"elementor-element elementor-element-8e5d88a e-flex e-con-boxed e-con e-parent\" data-id=\"8e5d88a\" data-element_type=\"container\" data-settings=\"{&quot;content_width&quot;:&quot;boxed&quot;}\" data-core-v316-plus=\"true\">\n\t\t\t\t\t<div class=\"e-con-inner\">\n\t\t\t\t<div class=\"elementor-element elementor-element-0ca5262 elementor-widget elementor-widget-heading\" data-id=\"0ca5262\" data-element_type=\"widget\" data-widget_type=\"heading.default\">\n\t\t\t\t<div class=\"elementor-widget-container\">\n\t\t\t<style>\/*! elementor - v3.19.0 - 07-02-2024 *\/\n.elementor-heading-title{padding:0;margin:0;line-height:1}.elementor-widget-heading .elementor-heading-title[class*=elementor-size-]>a{color:inherit;font-size:inherit;line-height:inherit}.elementor-widget-heading .elementor-heading-title.elementor-size-small{font-size:15px}.elementor-widget-heading .elementor-heading-title.elementor-size-medium{font-size:19px}.elementor-widget-heading .elementor-heading-title.elementor-size-large{font-size:29px}.elementor-widget-heading .elementor-heading-title.elementor-size-xl{font-size:39px}.elementor-widget-heading .elementor-heading-title.elementor-size-xxl{font-size:59px}<\/style><h2 class=\"elementor-heading-title elementor-size-default\">Glossar<\/h2>\t\t<\/div>\n\t\t\t\t<\/div>\n\t\t\t\t\t<\/div>\n\t\t\t\t<\/div>\n\t\t<div class=\"elementor-element elementor-element-ad9d4a5 e-flex e-con-boxed e-con e-parent\" data-id=\"ad9d4a5\" data-element_type=\"container\" data-settings=\"{&quot;content_width&quot;:&quot;boxed&quot;}\" data-core-v316-plus=\"true\">\n\t\t\t\t\t<div class=\"e-con-inner\">\n\t\t\t\t<div class=\"elementor-element elementor-element-721ce1a elementor-widget elementor-widget-text-editor\" data-id=\"721ce1a\" data-element_type=\"widget\" data-widget_type=\"text-editor.default\">\n\t\t\t\t<div class=\"elementor-widget-container\">\n\t\t\t<style>\/*! elementor - v3.19.0 - 07-02-2024 *\/\n.elementor-widget-text-editor.elementor-drop-cap-view-stacked .elementor-drop-cap{background-color:#69727d;color:#fff}.elementor-widget-text-editor.elementor-drop-cap-view-framed .elementor-drop-cap{color:#69727d;border:3px solid;background-color:transparent}.elementor-widget-text-editor:not(.elementor-drop-cap-view-default) .elementor-drop-cap{margin-top:8px}.elementor-widget-text-editor:not(.elementor-drop-cap-view-default) .elementor-drop-cap-letter{width:1em;height:1em}.elementor-widget-text-editor .elementor-drop-cap{float:left;text-align:center;line-height:1;font-size:50px}.elementor-widget-text-editor .elementor-drop-cap-letter{display:inline-block}<\/style>\t\t\t\t<p>Diese Seite gibt eine \u00dcberblick \u00fcber die in PicApport verwendeten Begriffe<\/p><div class=\"table-wrap\"><table class=\"wrapped confluenceTable tablesorter tablesorter-default stickyTableHeaders\" role=\"grid\"><colgroup> <col \/> <col \/> <col \/><\/colgroup><thead class=\"tableFloatingHeaderOriginal\"><tr class=\"tablesorter-headerRow\" role=\"row\"><th class=\"confluenceTh tablesorter-header sortableHeader tablesorter-headerUnSorted\" tabindex=\"0\" role=\"columnheader\" scope=\"col\" data-column=\"0\" aria-disabled=\"false\" aria-sort=\"none\" aria-label=\"Begriff: No sort applied, activate to apply an ascending sort\"><div class=\"tablesorter-header-inner\">Begriff<\/div><\/th><th class=\"confluenceTh tablesorter-header sortableHeader tablesorter-headerUnSorted\" tabindex=\"0\" role=\"columnheader\" colspan=\"1\" scope=\"col\" data-column=\"1\" aria-disabled=\"false\" aria-sort=\"none\" aria-label=\"Synonyme: No sort applied, activate to apply an ascending sort\"><div class=\"tablesorter-header-inner\">Synonyme<\/div><\/th><th class=\"confluenceTh tablesorter-header sortableHeader tablesorter-headerUnSorted\" tabindex=\"0\" role=\"columnheader\" scope=\"col\" data-column=\"2\" aria-disabled=\"false\" aria-sort=\"none\" aria-label=\"Erkl\u00e4rung: No sort applied, activate to apply an ascending sort\"><div class=\"tablesorter-header-inner\">Erkl\u00e4rung<\/div><\/th><\/tr><\/thead><thead class=\"tableFloatingHeader\"><tr class=\"tablesorter-headerRow\" role=\"row\"><th class=\"confluenceTh tablesorter-header sortableHeader tablesorter-headerUnSorted\" tabindex=\"0\" role=\"columnheader\" scope=\"col\" data-column=\"0\" aria-disabled=\"false\" aria-sort=\"none\" aria-label=\"Begriff: No sort applied, activate to apply an ascending sort\"><div class=\"tablesorter-header-inner\">Begriff<\/div><\/th><th class=\"confluenceTh tablesorter-header sortableHeader tablesorter-headerUnSorted\" tabindex=\"0\" role=\"columnheader\" colspan=\"1\" scope=\"col\" data-column=\"1\" aria-disabled=\"false\" aria-sort=\"none\" aria-label=\"Synonyme: No sort applied, activate to apply an ascending sort\"><div class=\"tablesorter-header-inner\">Synonyme<\/div><\/th><th class=\"confluenceTh tablesorter-header sortableHeader tablesorter-headerUnSorted\" tabindex=\"0\" role=\"columnheader\" scope=\"col\" data-column=\"2\" aria-disabled=\"false\" aria-sort=\"none\" aria-label=\"Erkl\u00e4rung: No sort applied, activate to apply an ascending sort\"><div class=\"tablesorter-header-inner\">Erkl\u00e4rung<\/div><\/th><\/tr><\/thead><tbody aria-live=\"polite\" aria-relevant=\"all\"><tr role=\"row\"><td class=\"confluenceTd\" colspan=\"1\">Add-on<\/td><td class=\"confluenceTd\" colspan=\"1\">\u00a0<\/td><td class=\"confluenceTd\" colspan=\"1\">Add-ons sind in der Programmiersprache Groovy erstellte Skripte welche die Funktionalit\u00e4t des PicApportServers erweitern. Weitere Details siehe:\u00a0<a href=\"https:\/\/contecon.de\/picapportwiki\/picapport-add-on-guide\/\">PicApport Add-on Guide<\/a><\/td><\/tr><tr role=\"row\"><td class=\"confluenceTd\" colspan=\"1\">Dynamische Sammlung<\/td><td class=\"confluenceTd\" colspan=\"1\">\u00a0<\/td><td class=\"confluenceTd\" colspan=\"1\"><p>Dynamische Sammlungen sind auf dem PicApport-Server gespeicherte Abfragen. Sind seit der letzten Ausf\u00fchrung einer dynamischen Abfrage neue Fotos auf dem Server hinzugekommen, die den Abfragekriterien entsprechen, \u00e4ndert sich auch das Abfrageergebnis.<\/p><p>Die Sichtbarkeit (bzgl. Benutzer oder Gruppen) kann beim Speichern einer dynamischen Sammlung angegeben werden.<\/p><\/td><\/tr><tr role=\"row\"><td class=\"confluenceTd\" colspan=\"1\">Geoencoding<\/td><td class=\"confluenceTd\" colspan=\"1\"><ul><li>Geolocations<\/li><li>Geo-Koordinaten<\/li><\/ul><\/td><td class=\"confluenceTd\" colspan=\"1\">Hiermit ist im Allgemeinen die M\u00f6glichkeit gemeint, den Aufnahmeort (Geokoordinaten) eines Fotos direkt in den Metadaten der jpg-Datei festzuhalten, um diesen dann auf einer Landkarte in PicApport anzeigen zu k\u00f6nnen. Die Koordinaten k\u00f6nnen hierbei schon von der Kamera automatisch beim Erstellen der Aufnahme erzeugt werden und nachtr\u00e4glich mit der Kartenfunktion von PicApport. Siehe hierzu auch das Tutorial-Video:\u00a0<a class=\"external-link\" href=\"https:\/\/vimeo.com\/280056249\" rel=\"nofollow\">https:\/\/vimeo.com\/280056249<\/a><\/td><\/tr><tr role=\"row\"><td class=\"confluenceTd\" colspan=\"1\">GeoJSON Dateiformat<\/td><td class=\"confluenceTd\" colspan=\"1\">\u00a0<\/td><td class=\"confluenceTd\" colspan=\"1\"><p>GeoJSON ist ein offenes Format, um geografische Daten von z.B Reiserouten oder Karten zu speichern. PicApport ist in der Lage diese Dateien im integrierten Kartenmodul anzuzeigen und seit Version 9 auch zu erzeugen.<\/p><p>Siehe hierzu auch:\u00a0<a class=\"external-link\" href=\"https:\/\/de.wikipedia.org\/wiki\/GeoJSON\" rel=\"nofollow\">https:\/\/de.wikipedia.org\/wiki\/GeoJSON<\/a><\/p><\/td><\/tr><tr role=\"row\"><td class=\"confluenceTd\" colspan=\"1\">Keyword<\/td><td class=\"confluenceTd\" colspan=\"1\"><ul><li>Schlagwort<\/li><li>Subject<\/li><li>Tag<\/li><\/ul><\/td><td class=\"confluenceTd\" colspan=\"1\"><p>M\u00f6glichkeit, Fotos zur besseren Auffindbarkeit mit verschiedenen Begriffen zu verkn\u00fcpfen.<\/p><p>Siehe hierzu auch:\u00a0<a class=\"external-link\" href=\"https:\/\/de.wikipedia.org\/wiki\/Indexierung\" rel=\"nofollow\">https:\/\/de.wikipedia.org\/wiki\/Indexierung<\/a><\/p><\/td><\/tr><tr role=\"row\"><td class=\"confluenceTd\" colspan=\"1\">Keywordbrowser<\/td><td class=\"confluenceTd\" colspan=\"1\"><ul><li>Schlagwortbrowser<\/li><li>Schlagwortverzeichnis<\/li><\/ul><\/td><td class=\"confluenceTd\" colspan=\"1\">Der Keywordbrowser auf der Startseite des Web-Interfaces kann zur Abfrage von\u00a0<em><strong>Schlagw\u00f6rten<\/strong><\/em>,\u00a0<em><strong>Personen<\/strong>\u00a0<\/em>und\u00a0<em><strong>Mytags<\/strong>\u00a0<\/em>verwendet werden. Siehe\u00a0<a href=\"https:\/\/contecon.de\/picapportwiki\/fotos-finden-mit-picapport\/\">Fotos finden mit PicApport<\/a><\/td><\/tr><tr role=\"row\"><td class=\"confluenceTd\" colspan=\"1\">Landing page<\/td><td class=\"confluenceTd\" colspan=\"1\"><ul><li>Startseite<\/li><li>Home<\/li><li>Startbildschirm<\/li><\/ul><\/td><td class=\"confluenceTd\" colspan=\"1\"><p>Die &#8222;Landing page&#8220; ist die Startseite der PicApport Web-Oberfl\u00e4che.<\/p><p>Siehe auch:\u00a0<a href=\"https:\/\/contecon.de\/picapportwiki\/picapport-navigator-webinterface\/die-picapport-startseite-home\/\">Die PicApport Startseite (#home)<\/a><\/p><\/td><\/tr><tr role=\"row\"><td class=\"confluenceTd\" colspan=\"1\">Likes<\/td><td class=\"confluenceTd\" colspan=\"1\">\u00a0<\/td><td class=\"confluenceTd\" colspan=\"1\"><p>Ist ein Benutzer dazu berechtigt, kann dieser ein Foto\u00a0<em><strong>liken<\/strong><\/em>.<br \/>Likes verschiedener Benutzer werden jeweils f\u00fcr ein Foto gez\u00e4hlt und k\u00f6nnen gezielt mit den\u00a0<em><strong>++<\/strong><\/em>\u00a0und\u00a0<em><strong>&#8212;<\/strong><\/em>\u00a0Operatoren abgefragt werden.<\/p><\/td><\/tr><tr role=\"row\"><td class=\"confluenceTd\" colspan=\"1\">Lokale Sammlung<\/td><td class=\"confluenceTd\" colspan=\"1\">\u00a0<\/td><td class=\"confluenceTd\" colspan=\"1\"><p>Gerade auf einem Handy ist es praktisch Fotos auch dann zeigen zu k\u00f6nnen, wenn man keine Verbindung mit dem PicApport-Server hat. Hierzu dienen die &#8222;<em>Lokalen Sammlungen<\/em>&#8222;.<\/p><p>Unterst\u00fctzt der Browser die\u00a0<a class=\"external-link\" href=\"http:\/\/caniuse.com\/#feat=indexeddb\" rel=\"nofollow\">IndexedDB<\/a>\u00a0Technologie, ist es m\u00f6glich selbst mehrere tausend Fotos im Browser des Handys zu Speichern ohne zus\u00e4tzliche Apps installieren zu m\u00fcssen. Dies ist m\u00f6glich, da PicAppport die Fotos vor dem Senden an das Ger\u00e4t auf die ben\u00f6tigte Displaygr\u00f6\u00dfe skaliert.<\/p><p>Da letztlich auch &#8222;Lokale Sammlungen&#8220; auf gespeicherten Abfragen basieren, k\u00f6nnen neue Fotos die auf die Abfrage zutreffen \u00fcber eine Synchronisierungsfunktion automatisch auf das Handy geladen werden.<\/p><\/td><\/tr><tr role=\"row\"><td class=\"confluenceTd\" colspan=\"1\">Metadaten<\/td><td class=\"confluenceTd\" colspan=\"1\">\u00a0<\/td><td class=\"confluenceTd\" colspan=\"1\"><p>Metadaten digitaler Fotos sind z.B. Aufnahmedatum, Kameramodel, Aufnahmeort usw. Siehe hierzu auch:<\/p><ul><li><a href=\"https:\/\/contecon.de\/picapportwiki\/beschreibung-der-in-picapport-verwendeten-metadaten\/\">Beschreibung der in PicApport verwendeten Metadaten<\/a><\/li><li><a class=\"external-link\" href=\"https:\/\/de.wikipedia.org\/wiki\/Metadaten\" rel=\"nofollow\">https:\/\/de.wikipedia.org\/wiki\/Metadaten<\/a><\/li><\/ul><\/td><\/tr><tr role=\"row\"><td class=\"confluenceTd\" colspan=\"1\">Miniaturansicht<\/td><td class=\"confluenceTd\" colspan=\"1\"><ul><li>Thumbnail view<\/li><li>Thumbs<\/li><\/ul><\/td><td class=\"confluenceTd\" colspan=\"1\"><p>Die Miniaturansicht zeigt eine \u00dcbersicht aller abgefragten Fotos als &#8222;<em>Thumbnails<\/em>&#8222;.<br \/>Ein Klick auf das Foto zeigt dieses dann Browserf\u00fcllend in der Dia-Schau an.<\/p><p>Hat der Benutzer die entsprechenden Berechtigungen, k\u00f6nnen von hier aus nach der Auswahl bestimmter Fotos (Selektion) weitere Fotoaktionen ausgef\u00fchrt werden:<\/p><ul><li>Teilen von Fotos<\/li><li>Metadaten bearbeiten<\/li><li>Markieren von Fotos<\/li><li>Metadaten\u00a0 Details anzeigen<\/li><li>usw.<\/li><\/ul><p>Siehe auch:\u00a0<a href=\"https:\/\/contecon.de\/picapportwiki\/picapport-navigator-webinterface\/die-miniatur-oder-thumbnailansicht-thumbs\/\">Die Miniatur- oder Thumbnailansicht (#thumbs)<\/a><\/p><\/td><\/tr><tr role=\"row\"><td class=\"confluenceTd\" colspan=\"1\">MyTags<\/td><td class=\"confluenceTd\" colspan=\"1\"><ul><li>Meine Tags<\/li><li>Eigene Tags<\/li><\/ul><\/td><td class=\"confluenceTd\" colspan=\"1\"><p>MyTags gibt berechtigten PicApport Benutzern die M\u00f6glichkeit, Fotos mit eigenen Schlagw\u00f6rtern zu versehen und diese gezielt mit einem eigenen Operator (#) zu suchen.<\/p><p>MyTags Schlagw\u00f6rter werden im Gegensatz zu Tags und Keywords nicht in der Fotodatei selbst gespeichert, sondern In einer f\u00fcr jeden User separat verwalteten Datei auf dem Server.<\/p><\/td><\/tr><tr role=\"row\"><td class=\"confluenceTd\" colspan=\"1\">Operatoren<\/td><td class=\"confluenceTd\" colspan=\"1\"><ul><li>Suchoperatoren<\/li><li>Suchfunktionen<\/li><\/ul><\/td><td class=\"confluenceTd\" colspan=\"1\">Operatoren sind spezielle Funktionen zum Auffinden von Fotos in PicApport. Siehe hierzu auch:\u00a0<a href=\"https:\/\/contecon.de\/picapportwiki\/volltextsuche-ueber-alle-bilder\/\">Volltextsuche \u00fcber alle Bilder<\/a><\/td><\/tr><tr role=\"row\"><td class=\"confluenceTd\" colspan=\"1\">Plug-in<\/td><td class=\"confluenceTd\" colspan=\"1\">\u00a0<\/td><td class=\"confluenceTd\" colspan=\"1\">Plug-ins sind in der Programmiersprache Java erstellte Programme welche die Funktionalit\u00e4t des PicApportServers bzgl. der Unterst\u00fctzung weiterer Dateitypen erweitern. Weitere Details siehe:\u00a0<a href=\"https:\/\/contecon.de\/picapportwiki\/picapport-plug-in-guide\/\">PicApport Plug-in Guide<\/a><\/td><\/tr><tr role=\"row\"><td class=\"confluenceTd\" colspan=\"1\">Progressive Web App<\/td><td class=\"confluenceTd\" colspan=\"1\"><ul><li>PWA<\/li><\/ul><\/td><td class=\"confluenceTd\" colspan=\"1\"><p>PicApport ist eine &#8222;Progressive Web App&#8220; und bietet daher im Gegensatz zu einer herk\u00f6mmlichen Webseite folgende M\u00f6glichkeiten (Vorausgesetzt SSL ist aktiviert):<\/p><ul><li>Kann auf Tablets und Handys wie eine App benutzt werden. (inklusive Icon auf Startseite).<\/li><li>Funktioniert auch wenn der Server nicht erreichbar ist (siehe auch Lokale Sammlung).<\/li><\/ul><p>Siehe hierzu auch:\u00a0<a class=\"external-link\" href=\"https:\/\/de.wikipedia.org\/wiki\/Progressive_Web_App\" rel=\"nofollow\">https:\/\/de.wikipedia.org\/wiki\/Progressive_Web_App<\/a><\/p><\/td><\/tr><tr role=\"row\"><td class=\"confluenceTd\">Slideshow<\/td><td class=\"confluenceTd\" colspan=\"1\"><ul><li>Dia Schau<\/li><\/ul><\/td><td class=\"confluenceTd\"><div class=\"content-wrapper\"><p>Hier werden letztlich die Fotos im Vollbild-Modus angezeigt. \u00dcber verschiedene Men\u00fcs kann gesteuert werden, ob die Fotos nacheinander manuell oder automatisch angezeigt werden sollen.<br \/>Ein Klick auf das Foto \u00f6ffnet ein Kontextmen\u00fc mit weiteren Funktionen. Fus\u00e4tzlich stehen in der Slideshow diverse Gesten zur Steuerung zur zur Verf\u00fcgung. Siehe hierzu auch:\u00a0<a href=\"https:\/\/contecon.de\/picapportwiki\/picapport-navigator-webinterface\/die-diashow-slideshow-slideshow\/\">Die Diashow \/ Slideshow (#slideshow)<\/a><\/p><p>Die Slideshow kann \u00fcber die Teilen-Funktion auch \u00fcber mehrere Handys ferngesteuert werden<\/p><\/div><\/td><\/tr><tr role=\"row\"><td class=\"confluenceTd\">Tag<\/td><td class=\"confluenceTd\" colspan=\"1\"><ul><li>Schlagwort<\/li><li>Keyword<\/li><li>Subject<\/li><\/ul><\/td><td class=\"confluenceTd\">siehe\u00a0<em><strong>Keyword<\/strong>\u00a0<\/em>weiter oben<\/td><\/tr><tr role=\"row\"><td class=\"confluenceTd\" colspan=\"1\">Teilen von Fotos<\/td><td class=\"confluenceTd\" colspan=\"1\">\u00a0<\/td><td class=\"confluenceTd\" colspan=\"1\">Ist der PicApport Server im Internet erreichbar, kann man \u00fcber die Teilen Funktion in der Miniaturansicht Fotos selektieren und f\u00fcr diese Bilder einen Link generieren den man dann bequem mit anderen Personen teilen kann. Dieser Link kann optional mit einem Verfalldatum versehen werden.<\/td><\/tr><tr role=\"row\"><td class=\"confluenceTd\" colspan=\"1\">Teilen des Bildschirms<\/td><td class=\"confluenceTd\" colspan=\"1\"><ul><li>ShareMyScreen<\/li><\/ul><\/td><td class=\"confluenceTd\" colspan=\"1\">Diese Funktion erm\u00f6glicht es, einen Bildschirm von mehreren Handys oder Tablets gleichzeitig fernzusteueren um Fotos anzuzeigen. Siehe hierzu auch das Videotutorial:\u00a0<a class=\"external-link\" href=\"https:\/\/www.youtube.com\/watch?v=Q6fTXgPVz0A\" rel=\"nofollow\">https:\/\/www.youtube.com\/watch?v=Q6fTXgPVz0A<\/a><\/td><\/tr><tr role=\"row\"><td class=\"confluenceTd\" colspan=\"1\">Thesaurus<\/td><td class=\"confluenceTd\" colspan=\"1\"><ul><li>Synonymw\u00f6rterbuch<\/li><\/ul><\/td><td class=\"confluenceTd\" colspan=\"1\"><p>\u00dcber Thesauruseintr\u00e4ge ist es in PicApport m\u00f6glich, Synonyme f\u00fcr bestimmte (zu suchende) W\u00f6rter zu vergeben.<\/p><p>Beispiel: Fasching, Karnaval, Carneval, Fastnacht<\/p><p>Siehe hierzu auch:\u00a0<a href=\"https:\/\/contecon.de\/picapportwiki\/fotos-finden-mit-picapport\/\">Fotos finden mit PicApport<\/a><\/p><\/td><\/tr><tr role=\"row\"><td class=\"confluenceTd\" colspan=\"1\">Timeline<\/td><td class=\"confluenceTd\" colspan=\"1\">\u00a0<\/td><td class=\"confluenceTd\" colspan=\"1\">Die Timeline auf der Startseite des Web-Interfaces stellt eine chronologische Auflistung der Bildverzeichnisse dar und kann zur bequemen und schnellen Navigation zu aktuellen Fotos genutzt werden. Siehe auch:\u00a0<a href=\"https:\/\/contecon.de\/picapportwiki\/fotos-finden-mit-picapport\/\">Fotos finden mit PicApport<\/a><\/td><\/tr><tr role=\"row\"><td class=\"confluenceTd\">Verzeichnisbrowser<\/td><td class=\"confluenceTd\" colspan=\"1\">\u00a0<\/td><td class=\"confluenceTd\"><p>Der Verzeichnisbrowser auf der Startseite des Web-Interfaces dient der bequemen Navigation \u00fcber die konfigurierte Verzeichnisstruktur des PicApport Servers.<br \/>Siehe auch:<\/p><ul><li><a href=\"https:\/\/contecon.de\/picapportwiki\/fotos-finden-mit-picapport\/\">Fotos finden mit PicApport<\/a><\/li><li><a href=\"https:\/\/contecon.de\/picapportwiki\/picapport-navigator-webinterface\/der-verzeichnisbrowser\/\">Der Verzeichnisbrowser<\/a><\/li><\/ul><\/td><\/tr><tr role=\"row\"><td class=\"confluenceTd\" colspan=\"1\">Web-API<\/td><td class=\"confluenceTd\" colspan=\"1\">\u00a0<\/td><td class=\"confluenceTd\" colspan=\"1\"><p>Die PicApport Web-API wurde f\u00fcr Entwickler von HTML-Seiten, Apps oder Computerprogrammen entwickelt. Die vollst\u00e4ndige Dokumentation sowie Funktionsreferenz findet sich in der englischen Dokumentation unter folgendem Link:\u00a0<a class=\"external-link\" href=\"https:\/\/contecon.de\/picapportwiki\/picapport-web-api\/\" rel=\"nofollow\">PicApport Web-API<\/a>.<\/p><\/td><\/tr><\/tbody><\/table><\/div>\t\t\t\t\t\t<\/div>\n\t\t\t\t<\/div>\n\t\t\t\t\t<\/div>\n\t\t\t\t<\/div>\n\t\t\t\t<\/div>\n\t\t","protected":false},"excerpt":{"rendered":"<p>Glossar Diese Seite gibt eine \u00dcberblick \u00fcber die in PicApport verwendeten Begriffe Begriff Synonyme Erkl\u00e4rung Begriff Synonyme Erkl\u00e4rung Add-on \u00a0 Add-ons sind in der Programmiersprache Groovy erstellte Skripte welche die Funktionalit\u00e4t des PicApportServers erweitern. Weitere Details siehe:\u00a0PicApport Add-on Guide Dynamische Sammlung \u00a0 Dynamische Sammlungen sind auf dem PicApport-Server gespeicherte Abfragen. Sind seit der letzten Ausf\u00fchrung [&hellip;]<\/p>\n","protected":false},"author":1,"featured_media":0,"parent":0,"menu_order":0,"comment_status":"closed","ping_status":"closed","template":"","meta":{"footnotes":""},"class_list":["post-463","page","type-page","status-publish","hentry","entry"],"_links":{"self":[{"href":"https:\/\/contecon.de\/picapportwiki\/wp-json\/wp\/v2\/pages\/463","targetHints":{"allow":["GET"]}}],"collection":[{"href":"https:\/\/contecon.de\/picapportwiki\/wp-json\/wp\/v2\/pages"}],"about":[{"href":"https:\/\/contecon.de\/picapportwiki\/wp-json\/wp\/v2\/types\/page"}],"author":[{"embeddable":true,"href":"https:\/\/contecon.de\/picapportwiki\/wp-json\/wp\/v2\/users\/1"}],"replies":[{"embeddable":true,"href":"https:\/\/contecon.de\/picapportwiki\/wp-json\/wp\/v2\/comments?post=463"}],"version-history":[{"count":31,"href":"https:\/\/contecon.de\/picapportwiki\/wp-json\/wp\/v2\/pages\/463\/revisions"}],"predecessor-version":[{"id":2190,"href":"https:\/\/contecon.de\/picapportwiki\/wp-json\/wp\/v2\/pages\/463\/revisions\/2190"}],"wp:attachment":[{"href":"https:\/\/contecon.de\/picapportwiki\/wp-json\/wp\/v2\/media?parent=463"}],"curies":[{"name":"wp","href":"https:\/\/api.w.org\/{rel}","templated":true}]}}