{"id":43,"date":"2024-02-12T10:14:49","date_gmt":"2024-02-12T09:14:49","guid":{"rendered":"https:\/\/contecon.de\/picapportwiki\/?page_id=43"},"modified":"2024-05-24T15:17:11","modified_gmt":"2024-05-24T13:17:11","slug":"picapport-navigator-webinterface","status":"publish","type":"page","link":"https:\/\/contecon.de\/picapportwiki\/picapport-navigator-webinterface\/","title":{"rendered":"PicApport &#8211; Navigator (Webinterface) (DE)"},"content":{"rendered":"\t\t<div data-elementor-type=\"wp-page\" data-elementor-id=\"43\" class=\"elementor elementor-43\">\n\t\t\t\t<div class=\"elementor-element elementor-element-d33b2e2 e-flex e-con-boxed e-con e-parent\" data-id=\"d33b2e2\" data-element_type=\"container\" data-settings=\"{&quot;content_width&quot;:&quot;boxed&quot;}\" data-core-v316-plus=\"true\">\n\t\t\t\t\t<div class=\"e-con-inner\">\n\t\t\t\t<div class=\"elementor-element elementor-element-24fa529 elementor-widget elementor-widget-heading\" data-id=\"24fa529\" data-element_type=\"widget\" data-widget_type=\"heading.default\">\n\t\t\t\t<div class=\"elementor-widget-container\">\n\t\t\t<style>\/*! elementor - v3.19.0 - 07-02-2024 *\/\n.elementor-heading-title{padding:0;margin:0;line-height:1}.elementor-widget-heading .elementor-heading-title[class*=elementor-size-]>a{color:inherit;font-size:inherit;line-height:inherit}.elementor-widget-heading .elementor-heading-title.elementor-size-small{font-size:15px}.elementor-widget-heading .elementor-heading-title.elementor-size-medium{font-size:19px}.elementor-widget-heading .elementor-heading-title.elementor-size-large{font-size:29px}.elementor-widget-heading .elementor-heading-title.elementor-size-xl{font-size:39px}.elementor-widget-heading .elementor-heading-title.elementor-size-xxl{font-size:59px}<\/style><h2 class=\"elementor-heading-title elementor-size-default\">PicApport - Navigator (Webinterface) (DE)<\/h2>\t\t<\/div>\n\t\t\t\t<\/div>\n\t\t\t\t<div class=\"elementor-element elementor-element-cb78ac7 elementor-widget elementor-widget-heading\" data-id=\"cb78ac7\" data-element_type=\"widget\" data-widget_type=\"heading.default\">\n\t\t\t\t<div class=\"elementor-widget-container\">\n\t\t\t<h3 class=\"elementor-heading-title elementor-size-default\">\u00dcbersicht<\/h3>\t\t<\/div>\n\t\t\t\t<\/div>\n\t\t\t\t\t<\/div>\n\t\t\t\t<\/div>\n\t\t<div class=\"elementor-element elementor-element-1fdcb60 e-flex e-con-boxed e-con e-parent\" data-id=\"1fdcb60\" data-element_type=\"container\" data-settings=\"{&quot;content_width&quot;:&quot;boxed&quot;}\" data-core-v316-plus=\"true\">\n\t\t\t\t\t<div class=\"e-con-inner\">\n\t\t\t\t<div class=\"elementor-element elementor-element-94c4b48 elementor-widget elementor-widget-text-editor\" data-id=\"94c4b48\" data-element_type=\"widget\" data-widget_type=\"text-editor.default\">\n\t\t\t\t<div class=\"elementor-widget-container\">\n\t\t\t<style>\/*! elementor - v3.19.0 - 07-02-2024 *\/\n.elementor-widget-text-editor.elementor-drop-cap-view-stacked .elementor-drop-cap{background-color:#69727d;color:#fff}.elementor-widget-text-editor.elementor-drop-cap-view-framed .elementor-drop-cap{color:#69727d;border:3px solid;background-color:transparent}.elementor-widget-text-editor:not(.elementor-drop-cap-view-default) .elementor-drop-cap{margin-top:8px}.elementor-widget-text-editor:not(.elementor-drop-cap-view-default) .elementor-drop-cap-letter{width:1em;height:1em}.elementor-widget-text-editor .elementor-drop-cap{float:left;text-align:center;line-height:1;font-size:50px}.elementor-widget-text-editor .elementor-drop-cap-letter{display:inline-block}<\/style>\t\t\t\t<p>Der Navigator ist die Benutzerschnittstelle (Webinterface) von PicApport.\u00a0<\/p><p>Das Webinterface ist in folgende Teilbereiche gegliedert:<\/p><ul><li><a class=\"external-link\" href=\"https:\/\/contecon.de\/picapportwiki\/picapport-navigator-webinterface\/die-picapport-startseite-home\/\" rel=\"nofollow\"><em><strong>Startseite<\/strong><\/em><\/a><br \/>Die Startseite dient zur Auswahl und Verwaltung von Abfragen der auf dem PicApport-Server gespeicherten Fotos.<\/li><li><strong><a class=\"external-link\" href=\"https:\/\/contecon.de\/picapportwiki\/picapport-navigator-webinterface\/die-onlinehilfe-help\/\" rel=\"nofollow\"><em>Online Hilfe<\/em><\/a><br \/><\/strong>Hier wird die in PicApport integriere Abfragesprache erl\u00e4utert.<\/li><li><em><strong><a class=\"external-link\" href=\"https:\/\/contecon.de\/picapportwiki\/picapport-navigator-webinterface\/die-kartenansicht-map\/\" rel=\"nofollow\">Kartenansicht<\/a><\/strong><\/em><br \/>Wenn Fotos mit GPS Koordinaten getagt sind k\u00f6nne diese \u00fcber das integrierte Kartenmodul angezeigt und gesucht werden (Search by location)<\/li><li><a class=\"external-link\" href=\"https:\/\/contecon.de\/picapportwiki\/picapport-navigator-webinterface\/der-verzeichnisbrowser\/\" rel=\"nofollow\"><em><strong>Verzeichnisbrowser<\/strong><\/em><\/a><br \/>Der Verzeichnisbrowser gibt die Ordnerstruktur des Servers wieder und zeigt diese als Liste an.<\/li><li><em><strong><a class=\"external-link\" href=\"https:\/\/contecon.de\/picapportwiki\/picapport-navigator-webinterface\/die-miniatur-oder-thumbnailansicht-thumbs\/\" rel=\"nofollow\">Thumbnail Ansicht<\/a><\/strong><\/em><br \/>Die Thumbnailansicht zeigt eine verkleinerte Vorschau der ausgew\u00e4hlten Fotos.<br \/>Wenn man dazu berechtigt ist, k\u00f6nnen Fotos auch von hier aus geteilt oder herunter geladen werden.<\/li><li><em><a class=\"external-link\" href=\"https:\/\/contecon.de\/picapportwiki\/picapport-navigator-webinterface\/die-diashow-slideshow-slideshow\/\" rel=\"nofollow\"><strong>Diashow \/ Slideshow<\/strong>\u00a0<\/a><\/em><br \/>Die Diashow dient dem Anschauen der ausgew\u00e4hlten Fotos. Eine Play-Funktion macht aus<br \/>jedem Tablet oder Smartphone einen elektronischen Bilderrahmen<\/li><li><a class=\"external-link\" href=\"https:\/\/contecon.de\/picapportwiki\/picapport-navigator-webinterface\/benutzer-verwalten-user-management\/\" rel=\"nofollow\"><em><strong>Benutzerverwaltung<\/strong><\/em><\/a><br \/>Die Benutzerverwaltung erm\u00f6glicht das Anlegen, \u00e4ndern und l\u00f6schen von Benutzern und Benutzergruppen.<\/li><li><em><strong><a href=\"https:\/\/contecon.de\/picapportwiki\/picapport-navigator-webinterface\/funktionstasten-maus-und-touchgesten\/\">Funktionstasten, Maus und Touchgesten<\/a><\/strong><\/em><br \/>\u00dcbersicht aller Funktionstasten und Mausgesten aller Seiten.<\/li><li><em><strong>Weitere Verwaltungsfunktionen<\/strong><\/em><br \/>Siehe Sitemap weiter unten<\/li><\/ul><div class=\"confluence-information-macro confluence-information-macro-information conf-macro output-block\" data-hasbody=\"true\" data-macro-name=\"info\"><p class=\"title\">Bookmarkf\u00e4higkeit<\/p><div class=\"confluence-information-macro-body\"><p>Auf folgende Seiten Seiten kann ein Lesezeichen (Bookmark) gesetzt werden. Die Lesezeichen sind dabei &#8222;dynamisch&#8220;.<br \/>D.h. wenn man z.B. ein Lesezeichen auf die Diashow f\u00fcr alle Fotos mit dem Suchbegriff\u00a0<em>&#8222;Urlaub&#8220;<\/em>\u00a0gesetzt hat, werden<br \/>immer alle Urlaubsbilder angezeigt, auch wenn es die Fotos beim Anlegen des Lesezeichens noch nicht gab.<\/p><p>Bookmarkf\u00e4hig sind:<\/p><ul><li>Thumbnails,<\/li><li>Kartenmodul<\/li><li>Slideshow<\/li><li>Online Hilfe<\/li><\/ul><\/div><\/div>\t\t\t\t\t\t<\/div>\n\t\t\t\t<\/div>\n\t\t\t\t<div class=\"elementor-element elementor-element-15fa66e elementor-widget elementor-widget-heading\" data-id=\"15fa66e\" data-element_type=\"widget\" data-widget_type=\"heading.default\">\n\t\t\t\t<div class=\"elementor-widget-container\">\n\t\t\t<h3 class=\"elementor-heading-title elementor-size-default\">PicApport Webinterface Sitemap<\/h3>\t\t<\/div>\n\t\t\t\t<\/div>\n\t\t\t\t<div class=\"elementor-element elementor-element-fcbdcd0 elementor-widget elementor-widget-text-editor\" data-id=\"fcbdcd0\" data-element_type=\"widget\" data-widget_type=\"text-editor.default\">\n\t\t\t\t<div class=\"elementor-widget-container\">\n\t\t\t\t\t\t\t<p>Die folgende Grafik gibt eine \u00dcbersicht \u00fcber die Seitennavigation.<\/p><div class=\"confluence-information-macro confluence-information-macro-tip conf-macro output-block\" data-hasbody=\"true\" data-macro-name=\"tip\"><div class=\"confluence-information-macro-body\"><h1 id=\"PicApport-Navigator(Webinterface)-EinfachuntenaufeinederSeitenklickenumweitereInformationenzubekommen\">Einfach unten auf eine der Seiten klicken um weitere Informationen zu bekommen<\/h1><\/div><\/div>\t\t\t\t\t\t<\/div>\n\t\t\t\t<\/div>\n\t\t\t\t<div class=\"elementor-element elementor-element-32d49c1 elementor-widget elementor-widget-image\" data-id=\"32d49c1\" data-element_type=\"widget\" data-widget_type=\"image.default\">\n\t\t\t\t<div class=\"elementor-widget-container\">\n\t\t\t<style>\/*! elementor - v3.19.0 - 07-02-2024 *\/\n.elementor-widget-image{text-align:center}.elementor-widget-image a{display:inline-block}.elementor-widget-image a img[src$=\".svg\"]{width:48px}.elementor-widget-image img{vertical-align:middle;display:inline-block}<\/style>\t\t\t\t\t\t\t\t\t\t<img fetchpriority=\"high\" decoding=\"async\" width=\"1024\" height=\"906\" src=\"https:\/\/contecon.de\/picapportwiki\/wp-content\/uploads\/2024\/05\/Bildschirmfoto_24-5-2024_151414_wiki.picapport.com_-1024x906.jpeg\" class=\"attachment-large size-large wp-image-2285\" alt=\"\" srcset=\"https:\/\/contecon.de\/picapportwiki\/wp-content\/uploads\/2024\/05\/Bildschirmfoto_24-5-2024_151414_wiki.picapport.com_-1024x906.jpeg 1024w, https:\/\/contecon.de\/picapportwiki\/wp-content\/uploads\/2024\/05\/Bildschirmfoto_24-5-2024_151414_wiki.picapport.com_-300x265.jpeg 300w, https:\/\/contecon.de\/picapportwiki\/wp-content\/uploads\/2024\/05\/Bildschirmfoto_24-5-2024_151414_wiki.picapport.com_-768x679.jpeg 768w, https:\/\/contecon.de\/picapportwiki\/wp-content\/uploads\/2024\/05\/Bildschirmfoto_24-5-2024_151414_wiki.picapport.com_-1536x1359.jpeg 1536w, https:\/\/contecon.de\/picapportwiki\/wp-content\/uploads\/2024\/05\/Bildschirmfoto_24-5-2024_151414_wiki.picapport.com_.jpeg 1718w\" sizes=\"(max-width: 1024px) 100vw, 1024px\" \/>\t\t\t\t\t\t\t\t\t\t\t\t\t<\/div>\n\t\t\t\t<\/div>\n\t\t\t\t\t<\/div>\n\t\t\t\t<\/div>\n\t\t<div class=\"elementor-element elementor-element-fa0ee4e e-flex e-con-boxed e-con e-parent\" data-id=\"fa0ee4e\" data-element_type=\"container\" data-settings=\"{&quot;content_width&quot;:&quot;boxed&quot;}\" data-core-v316-plus=\"true\">\n\t\t\t\t\t<div class=\"e-con-inner\">\n\t\t\t\t\t<\/div>\n\t\t\t\t<\/div>\n\t\t\t\t<\/div>\n\t\t","protected":false},"excerpt":{"rendered":"<p>PicApport &#8211; Navigator (Webinterface) (DE) \u00dcbersicht Der Navigator ist die Benutzerschnittstelle (Webinterface) von PicApport.\u00a0 Das Webinterface ist in folgende Teilbereiche gegliedert: StartseiteDie Startseite dient zur Auswahl und Verwaltung von Abfragen der auf dem PicApport-Server gespeicherten Fotos. Online HilfeHier wird die in PicApport integriere Abfragesprache erl\u00e4utert. KartenansichtWenn Fotos mit GPS Koordinaten getagt sind k\u00f6nne diese \u00fcber [&hellip;]<\/p>\n","protected":false},"author":1,"featured_media":0,"parent":0,"menu_order":0,"comment_status":"closed","ping_status":"closed","template":"","meta":{"footnotes":""},"class_list":["post-43","page","type-page","status-publish","hentry","entry"],"_links":{"self":[{"href":"https:\/\/contecon.de\/picapportwiki\/wp-json\/wp\/v2\/pages\/43","targetHints":{"allow":["GET"]}}],"collection":[{"href":"https:\/\/contecon.de\/picapportwiki\/wp-json\/wp\/v2\/pages"}],"about":[{"href":"https:\/\/contecon.de\/picapportwiki\/wp-json\/wp\/v2\/types\/page"}],"author":[{"embeddable":true,"href":"https:\/\/contecon.de\/picapportwiki\/wp-json\/wp\/v2\/users\/1"}],"replies":[{"embeddable":true,"href":"https:\/\/contecon.de\/picapportwiki\/wp-json\/wp\/v2\/comments?post=43"}],"version-history":[{"count":8,"href":"https:\/\/contecon.de\/picapportwiki\/wp-json\/wp\/v2\/pages\/43\/revisions"}],"predecessor-version":[{"id":2291,"href":"https:\/\/contecon.de\/picapportwiki\/wp-json\/wp\/v2\/pages\/43\/revisions\/2291"}],"wp:attachment":[{"href":"https:\/\/contecon.de\/picapportwiki\/wp-json\/wp\/v2\/media?parent=43"}],"curies":[{"name":"wp","href":"https:\/\/api.w.org\/{rel}","templated":true}]}}