{"id":417,"date":"2024-02-14T15:52:05","date_gmt":"2024-02-14T14:52:05","guid":{"rendered":"https:\/\/contecon.de\/picapportwiki\/?page_id=417"},"modified":"2024-05-31T13:00:53","modified_gmt":"2024-05-31T11:00:53","slug":"picapport-add-on-installation-guide","status":"publish","type":"page","link":"https:\/\/contecon.de\/picapportwiki\/picapport-add-on-installation-guide\/","title":{"rendered":"PicApport Add-on Installation Guide (DE)"},"content":{"rendered":"\t\t<div data-elementor-type=\"wp-page\" data-elementor-id=\"417\" class=\"elementor elementor-417\">\n\t\t\t\t<div class=\"elementor-element elementor-element-fe4ae44 e-flex e-con-boxed e-con e-parent\" data-id=\"fe4ae44\" data-element_type=\"container\" data-settings=\"{&quot;content_width&quot;:&quot;boxed&quot;}\" data-core-v316-plus=\"true\">\n\t\t\t\t\t<div class=\"e-con-inner\">\n\t\t\t\t<div class=\"elementor-element elementor-element-fa91dbe elementor-widget elementor-widget-heading\" data-id=\"fa91dbe\" data-element_type=\"widget\" data-widget_type=\"heading.default\">\n\t\t\t\t<div class=\"elementor-widget-container\">\n\t\t\t<style>\/*! elementor - v3.19.0 - 07-02-2024 *\/\n.elementor-heading-title{padding:0;margin:0;line-height:1}.elementor-widget-heading .elementor-heading-title[class*=elementor-size-]>a{color:inherit;font-size:inherit;line-height:inherit}.elementor-widget-heading .elementor-heading-title.elementor-size-small{font-size:15px}.elementor-widget-heading .elementor-heading-title.elementor-size-medium{font-size:19px}.elementor-widget-heading .elementor-heading-title.elementor-size-large{font-size:29px}.elementor-widget-heading .elementor-heading-title.elementor-size-xl{font-size:39px}.elementor-widget-heading .elementor-heading-title.elementor-size-xxl{font-size:59px}<\/style><h2 class=\"elementor-heading-title elementor-size-default\">PicApport Add-on Installation Guide<\/h2>\t\t<\/div>\n\t\t\t\t<\/div>\n\t\t\t\t\t<\/div>\n\t\t\t\t<\/div>\n\t\t<div class=\"elementor-element elementor-element-9ff3e13 e-flex e-con-boxed e-con e-parent\" data-id=\"9ff3e13\" data-element_type=\"container\" data-settings=\"{&quot;content_width&quot;:&quot;boxed&quot;}\" data-core-v316-plus=\"true\">\n\t\t\t\t\t<div class=\"e-con-inner\">\n\t\t\t\t<div class=\"elementor-element elementor-element-6815621 elementor-widget elementor-widget-text-editor\" data-id=\"6815621\" data-element_type=\"widget\" data-widget_type=\"text-editor.default\">\n\t\t\t\t<div class=\"elementor-widget-container\">\n\t\t\t<style>\/*! elementor - v3.19.0 - 07-02-2024 *\/\n.elementor-widget-text-editor.elementor-drop-cap-view-stacked .elementor-drop-cap{background-color:#69727d;color:#fff}.elementor-widget-text-editor.elementor-drop-cap-view-framed .elementor-drop-cap{color:#69727d;border:3px solid;background-color:transparent}.elementor-widget-text-editor:not(.elementor-drop-cap-view-default) .elementor-drop-cap{margin-top:8px}.elementor-widget-text-editor:not(.elementor-drop-cap-view-default) .elementor-drop-cap-letter{width:1em;height:1em}.elementor-widget-text-editor .elementor-drop-cap{float:left;text-align:center;line-height:1;font-size:50px}.elementor-widget-text-editor .elementor-drop-cap-letter{display:inline-block}<\/style>\t\t\t\t<p>Hier finden sie alle n\u00f6tigen Informationen zur Installation der Add-ons auf einem PicApport-Server.<\/p><p>Eine \u00dcbersicht aller verf\u00fcgbaren Add-ons mit dem jeweiligen Download-Link findet sich hier:\u00a0<a href=\"https:\/\/contecon.de\/picapportwiki\/picapport-add-on-guide\/\">PicApport Add-on Guide<\/a><\/p>\t\t\t\t\t\t<\/div>\n\t\t\t\t<\/div>\n\t\t\t\t\t<\/div>\n\t\t\t\t<\/div>\n\t\t<div class=\"elementor-element elementor-element-468e536 e-flex e-con-boxed e-con e-parent\" data-id=\"468e536\" data-element_type=\"container\" data-settings=\"{&quot;content_width&quot;:&quot;boxed&quot;}\" data-core-v316-plus=\"true\">\n\t\t\t\t\t<div class=\"e-con-inner\">\n\t\t\t\t<div class=\"elementor-element elementor-element-7259e4b elementor-widget elementor-widget-heading\" data-id=\"7259e4b\" data-element_type=\"widget\" data-widget_type=\"heading.default\">\n\t\t\t\t<div class=\"elementor-widget-container\">\n\t\t\t<h3 class=\"elementor-heading-title elementor-size-default\">Installation mit dem Windows Installer<\/h3>\t\t<\/div>\n\t\t\t\t<\/div>\n\t\t\t\t\t<\/div>\n\t\t\t\t<\/div>\n\t\t<div class=\"elementor-element elementor-element-b684930 e-flex e-con-boxed e-con e-parent\" data-id=\"b684930\" data-element_type=\"container\" data-settings=\"{&quot;content_width&quot;:&quot;boxed&quot;}\" data-core-v316-plus=\"true\">\n\t\t\t\t\t<div class=\"e-con-inner\">\n\t\t\t\t<div class=\"elementor-element elementor-element-d00b442 elementor-widget elementor-widget-text-editor\" data-id=\"d00b442\" data-element_type=\"widget\" data-widget_type=\"text-editor.default\">\n\t\t\t\t<div class=\"elementor-widget-container\">\n\t\t\t\t\t\t\t<p>Einfach die gew\u00fcnschten Add-ons im Installer ausw\u00e4hlen, Server starten, fertig.<\/p><p>Ob ein Add-on \u00fcber den Windows-Installer verf\u00fcgbar ist, ist jeweils bei den Add-ons dokumentiert.<\/p>\t\t\t\t\t\t<\/div>\n\t\t\t\t<\/div>\n\t\t\t\t\t<\/div>\n\t\t\t\t<\/div>\n\t\t<div class=\"elementor-element elementor-element-6ba7741 e-flex e-con-boxed e-con e-parent\" data-id=\"6ba7741\" data-element_type=\"container\" data-settings=\"{&quot;content_width&quot;:&quot;boxed&quot;}\" data-core-v316-plus=\"true\">\n\t\t\t\t\t<div class=\"e-con-inner\">\n\t\t\t\t<div class=\"elementor-element elementor-element-284bfd2 elementor-widget elementor-widget-heading\" data-id=\"284bfd2\" data-element_type=\"widget\" data-widget_type=\"heading.default\">\n\t\t\t\t<div class=\"elementor-widget-container\">\n\t\t\t<h3 class=\"elementor-heading-title elementor-size-default\">Manuelle Installation (alle Betriebssysteme)<\/h3>\t\t<\/div>\n\t\t\t\t<\/div>\n\t\t\t\t\t<\/div>\n\t\t\t\t<\/div>\n\t\t<div class=\"elementor-element elementor-element-844ca78 e-flex e-con-boxed e-con e-parent\" data-id=\"844ca78\" data-element_type=\"container\" data-settings=\"{&quot;content_width&quot;:&quot;boxed&quot;}\" data-core-v316-plus=\"true\">\n\t\t\t\t\t<div class=\"e-con-inner\">\n\t\t\t\t<div class=\"elementor-element elementor-element-198ee56 elementor-widget elementor-widget-text-editor\" data-id=\"198ee56\" data-element_type=\"widget\" data-widget_type=\"text-editor.default\">\n\t\t\t\t<div class=\"elementor-widget-container\">\n\t\t\t\t\t\t\t<ul><li>Alle f\u00fcr die Installation notwendigen Dateien sind jeweils als ZIP-Datei verf\u00fcgbar und werden in das<em><strong>\u00a0.picapport\/groovy<\/strong><\/em>\u00a0Verzeichnis kopiert.<\/li><li>Bei jedem Start des PicApport Servers wird dieses Verzeichnis nach neuen Add-on Dateien durchsucht und neue Add-ons werden automatisch installiert.<br \/>F\u00fcr jedes Add-on wird ein eigenes Verzeichnis angelegt und die Installationsdatei wird von PicApport dort ausgepackt und gesichert.<\/li><li>Nach erfolgreicher Installation der Add-ons werden die .zip ZIP-Dateien in das erstellte Add-on Verzeichnis kopiert, so dass im Groovy-Verzeichnis immer nur das aktuelle\u00a0<em><strong>apache-groovy-binary-v.v.v.zip<\/strong><\/em>\u00a0erhalten bleibt.<\/li><li>Wird zum ersten Mal ein Add-on installiert muss einmalig auch eine Groovy-Laufzeit-Umgebung installiert werden.\u00a0Anders als bei den Add-ons bleibt die entsprechende ZIP-Datei f\u00fcr die Groovy-Laufzeit-Umgebung immer im\u00a0<em><strong>.picapport\/groovy<\/strong><\/em>\u00a0Verzeichnis stehen.<br \/>Beispiel:\u00a0<em><strong>apache-groovy-binary-3.0.5.zip\u00a0<\/strong><\/em>(nach erfolgreicher Installation wird zus\u00e4tzlich ein verstecktes Verzeichnis\u00a0<strong><em>groovy-3.0.5<\/em><\/strong>\u00a0erzeugt)<br \/><img decoding=\"async\" class=\"emoticon emoticon-warning\" title=\"(Warnung)\" src=\"http:\/\/wiki.picapport.de\/s\/de_DE\/8100\/4410012ac87e845516b70bc69b6f7a893eabaa5a\/_\/images\/icons\/emoticons\/warning.svg\" alt=\"(Warnung)\" border=\"0\" \/>\u00a0Nur wenn eine apache-groovy-binary-x.x.x.zip verf\u00fcgbar ist wird das Add-on Subsystem in PicApport aktiviert.<\/li><li><p class=\"auto-cursor-target\">In der Datei\u00a0<em><strong>.picapport\/groovy\/logfiles\/currentConfiguration.log<\/strong><\/em>\u00a0kann nach dem Serverstart die erfolgreiche Installation der Add-ons \u00fcberpr\u00fcft werden.<br \/>Die Logdatei ist auch \u00fcber die PicApport Web-Gui\u00a0<em><strong>Serververwaltung-&gt;Logdateien-&gt;g<\/strong><\/em><em><strong>roovyaddons\/currentConfiguration.log<\/strong><\/em>\u00a0einsehbar.<\/p><div class=\"code panel pdl conf-macro output-block\" data-hasbody=\"true\" data-macro-name=\"code\"><div class=\"codeHeader panelHeader pdl hide-border-bottom\"><b class=\"code-title\">Beispiel einer Logdatei nach erfolgreicher Installation<\/b><span class=\"collapse-source expand-control\"><span class=\"expand-control-icon icon\">\u00a0<\/span><span class=\"expand-control-text\">Quelle erweitern<\/span><\/span><\/div><\/div><\/li><li><img decoding=\"async\" class=\"emoticon emoticon-warning\" title=\"(Warnung)\" src=\"http:\/\/wiki.picapport.de\/s\/de_DE\/8100\/4410012ac87e845516b70bc69b6f7a893eabaa5a\/_\/images\/icons\/emoticons\/warning.svg\" alt=\"(Warnung)\" border=\"0\" \/>\u00a0Kurz zusammengefasst:<br \/>Server beenden, ZIP-Datei(en) ins Groovy-Verzeichnis kopieren, Server starten, fertig\u00a0<img decoding=\"async\" class=\"emoticon emoticon-wink\" title=\"(Zwinkern)\" src=\"http:\/\/wiki.picapport.de\/s\/de_DE\/8100\/4410012ac87e845516b70bc69b6f7a893eabaa5a\/_\/images\/icons\/emoticons\/wink.svg\" alt=\"(Zwinkern)\" border=\"0\" \/><\/li><\/ul><h3 id=\"PicApportAdd-onInstallationGuide-NamenskonventionenundVersionen\">Namenskonventionen und Versionen<\/h3><h4 id=\"PicApportAdd-onInstallationGuide-GroovyLaufzeitumgebung\">Groovy Laufzeitumgebung<\/h4><ul><li>apache-groovy-binary-v.v.v.zip<br \/>Die jeweils aktuelle Laufzeitumgebung gibt es auf der PicApport Add-on Downloadseite oder auf\u00a0<a class=\"external-link\" href=\"https:\/\/groovy.apache.org\/download.html\" rel=\"nofollow\">https:\/\/groovy.apache.org\/download.html<\/a><\/li><li>PicApport Version 9.x ben\u00f6tigt eine Groovy &#8211; Laufzeitumgebung ab Version 3.0.x (Stand September 2020:\u00a0<em><strong>apache-groovy-binary-3.0.5.zip<\/strong><\/em>)<\/li><\/ul><h4 id=\"PicApportAdd-onInstallationGuide-Add-on-Dateien\">Add-on-Dateien<\/h4><p>Die Namen der Add-on-Installationsdateien sind wie folgt aufgebaut:<\/p><p><em><strong><span style=\"color: #ff0000;\">typ<\/span><span style=\"color: #339966;\">Name<\/span>&#8211;<span style=\"color: #3366ff;\">Version<\/span>.zip<\/strong><\/em><\/p><ul><li><span style=\"color: #ff0000;\"><em><strong>typ<\/strong><\/em><\/span><ul><li>pagc (Crawlerfilter)<\/li><li>pagf (Felderweiterung)<\/li><li>pagp (Prozedur)<\/li><\/ul><\/li><li><span style=\"color: #339966;\"><em><strong>Name<\/strong><\/em><\/span><br \/>Name des Addons\u00a0(wird auch f\u00fcr den Verzeichnisnamen verwendet, welches bei der Installation des Add-ons generiert wird).<\/li><li><em><strong>Bindestrich<\/strong><\/em><br \/>Dieser trennt Name von Version<\/li><li><span style=\"color: #3366ff;\"><em><strong>Version<\/strong><\/em><\/span><br \/>immer in der Form x.x.x<\/li><li><em><strong>.zip<\/strong><\/em><\/li><\/ul><h3 id=\"PicApportAdd-onInstallationGuide-Besonderheiten\">Besonderheiten<\/h3><p>Wurde beim Serverstart bereits eine Groovy Runtime installiert, k\u00f6nnen bestimmte Add-ons auch im laufenden Betrieb des Servers installiert bzw. aktualisiert werden.<\/p><p>Hierzu ist folgender Konsolenbefehl auf dem PicApport-Server einzugeben:\u00a0<em><strong>reloadaddons<\/strong><\/em><\/p><p>Die Ausnahme sind Add-ons, die neue Datenbankfelder hinzuf\u00fcgen. Diese m\u00fcssen bei beendetem Server installiert werden. (Eine Aktualisierung, wenn keine neuen Datenbank-Felder dazukommen ist auch im laufenden Betrieb m\u00f6glich)<\/p><p>Siehe hierzu auch die Entwicklerdoku.<\/p><p>Wenn man sich nicht sicher ist: Vor dem Installieren von Add-ons den Server beenden.<\/p>\t\t\t\t\t\t<\/div>\n\t\t\t\t<\/div>\n\t\t\t\t\t<\/div>\n\t\t\t\t<\/div>\n\t\t\t\t<\/div>\n\t\t","protected":false},"excerpt":{"rendered":"<p>PicApport Add-on Installation Guide Hier finden sie alle n\u00f6tigen Informationen zur Installation der Add-ons auf einem PicApport-Server. Eine \u00dcbersicht aller verf\u00fcgbaren Add-ons mit dem jeweiligen Download-Link findet sich hier:\u00a0PicApport Add-on Guide Installation mit dem Windows Installer Einfach die gew\u00fcnschten Add-ons im Installer ausw\u00e4hlen, Server starten, fertig. Ob ein Add-on \u00fcber den Windows-Installer verf\u00fcgbar ist, ist [&hellip;]<\/p>\n","protected":false},"author":1,"featured_media":0,"parent":0,"menu_order":0,"comment_status":"closed","ping_status":"closed","template":"","meta":{"footnotes":""},"class_list":["post-417","page","type-page","status-publish","hentry","entry"],"_links":{"self":[{"href":"https:\/\/contecon.de\/picapportwiki\/wp-json\/wp\/v2\/pages\/417","targetHints":{"allow":["GET"]}}],"collection":[{"href":"https:\/\/contecon.de\/picapportwiki\/wp-json\/wp\/v2\/pages"}],"about":[{"href":"https:\/\/contecon.de\/picapportwiki\/wp-json\/wp\/v2\/types\/page"}],"author":[{"embeddable":true,"href":"https:\/\/contecon.de\/picapportwiki\/wp-json\/wp\/v2\/users\/1"}],"replies":[{"embeddable":true,"href":"https:\/\/contecon.de\/picapportwiki\/wp-json\/wp\/v2\/comments?post=417"}],"version-history":[{"count":11,"href":"https:\/\/contecon.de\/picapportwiki\/wp-json\/wp\/v2\/pages\/417\/revisions"}],"predecessor-version":[{"id":2714,"href":"https:\/\/contecon.de\/picapportwiki\/wp-json\/wp\/v2\/pages\/417\/revisions\/2714"}],"wp:attachment":[{"href":"https:\/\/contecon.de\/picapportwiki\/wp-json\/wp\/v2\/media?parent=417"}],"curies":[{"name":"wp","href":"https:\/\/api.w.org\/{rel}","templated":true}]}}