{"id":407,"date":"2024-02-14T15:48:37","date_gmt":"2024-02-14T14:48:37","guid":{"rendered":"https:\/\/contecon.de\/picapportwiki\/?page_id=407"},"modified":"2024-05-27T10:15:21","modified_gmt":"2024-05-27T08:15:21","slug":"picapport-add-on-privatefilefilter","status":"publish","type":"page","link":"https:\/\/contecon.de\/picapportwiki\/picapport-add-on-privatefilefilter\/","title":{"rendered":"PicApport Add-on: PrivateFileFilter (DE)"},"content":{"rendered":"\t\t<div data-elementor-type=\"wp-page\" data-elementor-id=\"407\" class=\"elementor elementor-407\">\n\t\t\t\t<div class=\"elementor-element elementor-element-dca9ad4 e-flex e-con-boxed e-con e-parent\" data-id=\"dca9ad4\" data-element_type=\"container\" data-settings=\"{&quot;content_width&quot;:&quot;boxed&quot;}\" data-core-v316-plus=\"true\">\n\t\t\t\t\t<div class=\"e-con-inner\">\n\t\t\t\t<div class=\"elementor-element elementor-element-108fea4 elementor-widget elementor-widget-heading\" data-id=\"108fea4\" data-element_type=\"widget\" data-widget_type=\"heading.default\">\n\t\t\t\t<div class=\"elementor-widget-container\">\n\t\t\t<style>\/*! elementor - v3.19.0 - 07-02-2024 *\/\n.elementor-heading-title{padding:0;margin:0;line-height:1}.elementor-widget-heading .elementor-heading-title[class*=elementor-size-]>a{color:inherit;font-size:inherit;line-height:inherit}.elementor-widget-heading .elementor-heading-title.elementor-size-small{font-size:15px}.elementor-widget-heading .elementor-heading-title.elementor-size-medium{font-size:19px}.elementor-widget-heading .elementor-heading-title.elementor-size-large{font-size:29px}.elementor-widget-heading .elementor-heading-title.elementor-size-xl{font-size:39px}.elementor-widget-heading .elementor-heading-title.elementor-size-xxl{font-size:59px}<\/style><h2 class=\"elementor-heading-title elementor-size-default\">PicApport Add-on: PrivateFileFilter<\/h2>\t\t<\/div>\n\t\t\t\t<\/div>\n\t\t\t\t\t<\/div>\n\t\t\t\t<\/div>\n\t\t<div class=\"elementor-element elementor-element-a27c8ed e-flex e-con-boxed e-con e-parent\" data-id=\"a27c8ed\" data-element_type=\"container\" data-settings=\"{&quot;content_width&quot;:&quot;boxed&quot;}\" data-core-v316-plus=\"true\">\n\t\t\t\t\t<div class=\"e-con-inner\">\n\t\t\t\t<div class=\"elementor-element elementor-element-561d41c elementor-widget elementor-widget-text-editor\" data-id=\"561d41c\" data-element_type=\"widget\" data-widget_type=\"text-editor.default\">\n\t\t\t\t<div class=\"elementor-widget-container\">\n\t\t\t<style>\/*! elementor - v3.19.0 - 07-02-2024 *\/\n.elementor-widget-text-editor.elementor-drop-cap-view-stacked .elementor-drop-cap{background-color:#69727d;color:#fff}.elementor-widget-text-editor.elementor-drop-cap-view-framed .elementor-drop-cap{color:#69727d;border:3px solid;background-color:transparent}.elementor-widget-text-editor:not(.elementor-drop-cap-view-default) .elementor-drop-cap{margin-top:8px}.elementor-widget-text-editor:not(.elementor-drop-cap-view-default) .elementor-drop-cap-letter{width:1em;height:1em}.elementor-widget-text-editor .elementor-drop-cap{float:left;text-align:center;line-height:1;font-size:50px}.elementor-widget-text-editor .elementor-drop-cap-letter{display:inline-block}<\/style>\t\t\t\t<p>Dieses Add-on ist eine Vorlage f\u00fcr einen erweiterten Dateifilter f\u00fcr den PicApport-Crawler. Zur Nutzung sind Kenntnisse in der Programmiersprache Groovy notwendig.<\/p><p>Siehe hierzu auch:\u00a0<a href=\"https:\/\/contecon.de\/picapportwiki\/picapport-add-on-programming-reference-2\/\">PicApport Add-on Programming Reference<\/a><\/p>\t\t\t\t\t\t<\/div>\n\t\t\t\t<\/div>\n\t\t\t\t\t<\/div>\n\t\t\t\t<\/div>\n\t\t<div class=\"elementor-element elementor-element-91bd42c e-flex e-con-boxed e-con e-parent\" data-id=\"91bd42c\" data-element_type=\"container\" data-settings=\"{&quot;content_width&quot;:&quot;boxed&quot;}\" data-core-v316-plus=\"true\">\n\t\t\t\t\t<div class=\"e-con-inner\">\n\t\t\t\t<div class=\"elementor-element elementor-element-ac343ed elementor-widget elementor-widget-heading\" data-id=\"ac343ed\" data-element_type=\"widget\" data-widget_type=\"heading.default\">\n\t\t\t\t<div class=\"elementor-widget-container\">\n\t\t\t<h3 class=\"elementor-heading-title elementor-size-default\">Eigenschaften<\/h3>\t\t<\/div>\n\t\t\t\t<\/div>\n\t\t\t\t\t<\/div>\n\t\t\t\t<\/div>\n\t\t<div class=\"elementor-element elementor-element-2186703 e-flex e-con-boxed e-con e-parent\" data-id=\"2186703\" data-element_type=\"container\" data-settings=\"{&quot;content_width&quot;:&quot;boxed&quot;}\" data-core-v316-plus=\"true\">\n\t\t\t\t\t<div class=\"e-con-inner\">\n\t\t\t\t<div class=\"elementor-element elementor-element-2e69c54 elementor-widget elementor-widget-text-editor\" data-id=\"2e69c54\" data-element_type=\"widget\" data-widget_type=\"text-editor.default\">\n\t\t\t\t<div class=\"elementor-widget-container\">\n\t\t\t\t\t\t\t<table class=\"wrapped confluenceTable\"><tbody><tr><th class=\"confluenceTh\">Name des Addons<\/th><td class=\"confluenceTd\">PrivateFileFilter<\/td><\/tr><tr><th class=\"confluenceTh\" colspan=\"1\">Typ<\/th><td class=\"confluenceTd\" colspan=\"1\">Crawlerfilter<\/td><\/tr><tr><th class=\"confluenceTh\" colspan=\"1\">Beschreibung<\/th><td class=\"confluenceTd\" colspan=\"1\"><div class=\"content-wrapper\">Folgende Callbacks aus dem Crawler werden unterst\u00fctzt:<\/div><ul><li class=\"content-wrapper\"><em><strong>beforeDirectoryScan<\/strong><\/em>(Directory)<br \/>Erm\u00f6glicht z.B., das Verzeichnis mit anderen Datenquellen abzugleichen<\/li><li class=\"content-wrapper\"><em><strong>shouldAddDirectory<\/strong><\/em>(Directory)<br \/>Erm\u00f6glicht es, bestimmte Verzeichnisse vor dem Crawler zu verbergen<\/li><li class=\"content-wrapper\"><em><strong>shouldAddFile<\/strong><\/em>(File)<br \/>Erm\u00f6glicht es, bestimmte Dateien vor dem Crawler zu verbergen<\/li><\/ul><\/td><\/tr><tr><th class=\"confluenceTh\">Dateiname des Addons<\/th><td class=\"confluenceTd\"><p>pagcPrivateFileFilter-x.x.x.zip\u00a0(x.x.x bezeichnet Version)<\/p><\/td><\/tr><tr><th class=\"confluenceTh\" colspan=\"1\">Im Windows Installer<\/th><td class=\"confluenceTd\" colspan=\"1\">Nein<\/td><\/tr><tr><th class=\"confluenceTh\" colspan=\"1\">Vorraussetzungen<\/th><td class=\"confluenceTd\" colspan=\"1\"><div class=\"content-wrapper\"><ul><li>keine<\/li><\/ul><\/div><\/td><\/tr><tr><th class=\"confluenceTh\" colspan=\"1\">Ben\u00f6tigte PicApport<br \/>Berechtigung des<br \/>Users<\/th><td class=\"confluenceTd\" colspan=\"1\"><ul><li>nicht relevant<\/li><\/ul><\/td><\/tr><tr><th class=\"confluenceTh\">Downloadseite<\/th><td class=\"confluenceTd\"><a class=\"external-link\" href=\"https:\/\/www.picapport.de\/de\/add-ons.php\" rel=\"nofollow\">https:\/\/www.picapport.de\/de\/add-ons.php<\/a><\/td><\/tr><tr><th class=\"confluenceTh\" colspan=\"1\">Eingabeparameter<\/th><td class=\"confluenceTd\" colspan=\"1\"><ul><li>nicht relevant<\/li><\/ul><\/td><\/tr><\/tbody><\/table>\t\t\t\t\t\t<\/div>\n\t\t\t\t<\/div>\n\t\t\t\t\t<\/div>\n\t\t\t\t<\/div>\n\t\t\t\t<\/div>\n\t\t","protected":false},"excerpt":{"rendered":"<p>PicApport Add-on: PrivateFileFilter Dieses Add-on ist eine Vorlage f\u00fcr einen erweiterten Dateifilter f\u00fcr den PicApport-Crawler. Zur Nutzung sind Kenntnisse in der Programmiersprache Groovy notwendig. Siehe hierzu auch:\u00a0PicApport Add-on Programming Reference Eigenschaften Name des Addons PrivateFileFilter Typ Crawlerfilter Beschreibung Folgende Callbacks aus dem Crawler werden unterst\u00fctzt: beforeDirectoryScan(Directory)Erm\u00f6glicht z.B., das Verzeichnis mit anderen Datenquellen abzugleichen shouldAddDirectory(Directory)Erm\u00f6glicht es, [&hellip;]<\/p>\n","protected":false},"author":1,"featured_media":0,"parent":0,"menu_order":0,"comment_status":"closed","ping_status":"closed","template":"","meta":{"footnotes":""},"class_list":["post-407","page","type-page","status-publish","hentry","entry"],"_links":{"self":[{"href":"https:\/\/contecon.de\/picapportwiki\/wp-json\/wp\/v2\/pages\/407","targetHints":{"allow":["GET"]}}],"collection":[{"href":"https:\/\/contecon.de\/picapportwiki\/wp-json\/wp\/v2\/pages"}],"about":[{"href":"https:\/\/contecon.de\/picapportwiki\/wp-json\/wp\/v2\/types\/page"}],"author":[{"embeddable":true,"href":"https:\/\/contecon.de\/picapportwiki\/wp-json\/wp\/v2\/users\/1"}],"replies":[{"embeddable":true,"href":"https:\/\/contecon.de\/picapportwiki\/wp-json\/wp\/v2\/comments?post=407"}],"version-history":[{"count":8,"href":"https:\/\/contecon.de\/picapportwiki\/wp-json\/wp\/v2\/pages\/407\/revisions"}],"predecessor-version":[{"id":2332,"href":"https:\/\/contecon.de\/picapportwiki\/wp-json\/wp\/v2\/pages\/407\/revisions\/2332"}],"wp:attachment":[{"href":"https:\/\/contecon.de\/picapportwiki\/wp-json\/wp\/v2\/media?parent=407"}],"curies":[{"name":"wp","href":"https:\/\/api.w.org\/{rel}","templated":true}]}}