{"id":390,"date":"2024-02-14T15:37:10","date_gmt":"2024-02-14T14:37:10","guid":{"rendered":"https:\/\/contecon.de\/picapportwiki\/?page_id=390"},"modified":"2024-05-31T11:28:29","modified_gmt":"2024-05-31T09:28:29","slug":"picapport-add-on-metadaten-analysieren","status":"publish","type":"page","link":"https:\/\/contecon.de\/picapportwiki\/picapport-add-on-metadaten-analysieren\/","title":{"rendered":"PicApport Add-on: Metadaten analysieren"},"content":{"rendered":"\t\t<div data-elementor-type=\"wp-page\" data-elementor-id=\"390\" class=\"elementor elementor-390\">\n\t\t\t\t<div class=\"elementor-element elementor-element-83ea482 e-flex e-con-boxed e-con e-parent\" data-id=\"83ea482\" data-element_type=\"container\" data-settings=\"{&quot;content_width&quot;:&quot;boxed&quot;}\" data-core-v316-plus=\"true\">\n\t\t\t\t\t<div class=\"e-con-inner\">\n\t\t\t\t<div class=\"elementor-element elementor-element-3b0948f elementor-widget elementor-widget-heading\" data-id=\"3b0948f\" data-element_type=\"widget\" data-widget_type=\"heading.default\">\n\t\t\t\t<div class=\"elementor-widget-container\">\n\t\t\t<style>\/*! elementor - v3.19.0 - 07-02-2024 *\/\n.elementor-heading-title{padding:0;margin:0;line-height:1}.elementor-widget-heading .elementor-heading-title[class*=elementor-size-]>a{color:inherit;font-size:inherit;line-height:inherit}.elementor-widget-heading .elementor-heading-title.elementor-size-small{font-size:15px}.elementor-widget-heading .elementor-heading-title.elementor-size-medium{font-size:19px}.elementor-widget-heading .elementor-heading-title.elementor-size-large{font-size:29px}.elementor-widget-heading .elementor-heading-title.elementor-size-xl{font-size:39px}.elementor-widget-heading .elementor-heading-title.elementor-size-xxl{font-size:59px}<\/style><h2 class=\"elementor-heading-title elementor-size-default\">PicApport Add-on: Metadaten analysieren<\/h2>\t\t<\/div>\n\t\t\t\t<\/div>\n\t\t\t\t\t<\/div>\n\t\t\t\t<\/div>\n\t\t<div class=\"elementor-element elementor-element-69ac4ab e-flex e-con-boxed e-con e-parent\" data-id=\"69ac4ab\" data-element_type=\"container\" data-settings=\"{&quot;content_width&quot;:&quot;boxed&quot;}\" data-core-v316-plus=\"true\">\n\t\t\t\t\t<div class=\"e-con-inner\">\n\t\t\t\t<div class=\"elementor-element elementor-element-77d98b1 elementor-widget elementor-widget-text-editor\" data-id=\"77d98b1\" data-element_type=\"widget\" data-widget_type=\"text-editor.default\">\n\t\t\t\t<div class=\"elementor-widget-container\">\n\t\t\t<style>\/*! elementor - v3.19.0 - 07-02-2024 *\/\n.elementor-widget-text-editor.elementor-drop-cap-view-stacked .elementor-drop-cap{background-color:#69727d;color:#fff}.elementor-widget-text-editor.elementor-drop-cap-view-framed .elementor-drop-cap{color:#69727d;border:3px solid;background-color:transparent}.elementor-widget-text-editor:not(.elementor-drop-cap-view-default) .elementor-drop-cap{margin-top:8px}.elementor-widget-text-editor:not(.elementor-drop-cap-view-default) .elementor-drop-cap-letter{width:1em;height:1em}.elementor-widget-text-editor .elementor-drop-cap{float:left;text-align:center;line-height:1;font-size:50px}.elementor-widget-text-editor .elementor-drop-cap-letter{display:inline-block}<\/style>\t\t\t\t<p>Dieses Add-on listet s\u00e4mtliche Foto-Metadaten sehr detailliert und in Segmenten gruppiert auf und ist somit ein sehr n\u00fctzliches Tool f\u00fcr alle, die sich mit Foto-Metadaten besch\u00e4ftigen.<\/p>\t\t\t\t\t\t<\/div>\n\t\t\t\t<\/div>\n\t\t\t\t\t<\/div>\n\t\t\t\t<\/div>\n\t\t<div class=\"elementor-element elementor-element-1d50460 e-flex e-con-boxed e-con e-parent\" data-id=\"1d50460\" data-element_type=\"container\" data-settings=\"{&quot;content_width&quot;:&quot;boxed&quot;}\" data-core-v316-plus=\"true\">\n\t\t\t\t\t<div class=\"e-con-inner\">\n\t\t\t\t<div class=\"elementor-element elementor-element-fe7fe32 elementor-widget elementor-widget-heading\" data-id=\"fe7fe32\" data-element_type=\"widget\" data-widget_type=\"heading.default\">\n\t\t\t\t<div class=\"elementor-widget-container\">\n\t\t\t<h3 class=\"elementor-heading-title elementor-size-default\">Screenshots\n<\/h3>\t\t<\/div>\n\t\t\t\t<\/div>\n\t\t\t\t\t<\/div>\n\t\t\t\t<\/div>\n\t\t<div class=\"elementor-element elementor-element-40591c3 e-flex e-con-boxed e-con e-parent\" data-id=\"40591c3\" data-element_type=\"container\" data-settings=\"{&quot;content_width&quot;:&quot;boxed&quot;}\" data-core-v316-plus=\"true\">\n\t\t\t\t\t<div class=\"e-con-inner\">\n\t\t\t\t<div class=\"elementor-element elementor-element-68293ab elementor-widget elementor-widget-image\" data-id=\"68293ab\" data-element_type=\"widget\" data-widget_type=\"image.default\">\n\t\t\t\t<div class=\"elementor-widget-container\">\n\t\t\t<style>\/*! elementor - v3.19.0 - 07-02-2024 *\/\n.elementor-widget-image{text-align:center}.elementor-widget-image a{display:inline-block}.elementor-widget-image a img[src$=\".svg\"]{width:48px}.elementor-widget-image img{vertical-align:middle;display:inline-block}<\/style>\t\t\t\t\t\t\t\t\t\t<img fetchpriority=\"high\" decoding=\"async\" width=\"387\" height=\"558\" src=\"https:\/\/contecon.de\/picapportwiki\/wp-content\/uploads\/2024\/05\/MetadataAnalyser-1.jpg\" class=\"attachment-large size-large wp-image-2607\" alt=\"\" srcset=\"https:\/\/contecon.de\/picapportwiki\/wp-content\/uploads\/2024\/05\/MetadataAnalyser-1.jpg 387w, https:\/\/contecon.de\/picapportwiki\/wp-content\/uploads\/2024\/05\/MetadataAnalyser-1-208x300.jpg 208w\" sizes=\"(max-width: 387px) 100vw, 387px\" \/>\t\t\t\t\t\t\t\t\t\t\t\t\t<\/div>\n\t\t\t\t<\/div>\n\t\t\t\t\t<\/div>\n\t\t\t\t<\/div>\n\t\t<div class=\"elementor-element elementor-element-2e6499e e-flex e-con-boxed e-con e-parent\" data-id=\"2e6499e\" data-element_type=\"container\" data-settings=\"{&quot;content_width&quot;:&quot;boxed&quot;}\" data-core-v316-plus=\"true\">\n\t\t\t\t\t<div class=\"e-con-inner\">\n\t\t\t\t<div class=\"elementor-element elementor-element-b260340 elementor-widget elementor-widget-image\" data-id=\"b260340\" data-element_type=\"widget\" data-widget_type=\"image.default\">\n\t\t\t\t<div class=\"elementor-widget-container\">\n\t\t\t\t\t\t\t\t\t\t\t\t\t<img decoding=\"async\" width=\"1002\" height=\"959\" src=\"https:\/\/contecon.de\/picapportwiki\/wp-content\/uploads\/2024\/05\/MetadataAnalyser-2.jpg\" class=\"attachment-large size-large wp-image-2608\" alt=\"\" srcset=\"https:\/\/contecon.de\/picapportwiki\/wp-content\/uploads\/2024\/05\/MetadataAnalyser-2.jpg 1002w, https:\/\/contecon.de\/picapportwiki\/wp-content\/uploads\/2024\/05\/MetadataAnalyser-2-300x287.jpg 300w, https:\/\/contecon.de\/picapportwiki\/wp-content\/uploads\/2024\/05\/MetadataAnalyser-2-768x735.jpg 768w\" sizes=\"(max-width: 1002px) 100vw, 1002px\" \/>\t\t\t\t\t\t\t\t\t\t\t\t\t<\/div>\n\t\t\t\t<\/div>\n\t\t\t\t\t<\/div>\n\t\t\t\t<\/div>\n\t\t<div class=\"elementor-element elementor-element-cc8cb5d e-flex e-con-boxed e-con e-parent\" data-id=\"cc8cb5d\" data-element_type=\"container\" data-settings=\"{&quot;content_width&quot;:&quot;boxed&quot;}\" data-core-v316-plus=\"true\">\n\t\t\t\t\t<div class=\"e-con-inner\">\n\t\t\t\t<div class=\"elementor-element elementor-element-0cc244e elementor-widget elementor-widget-heading\" data-id=\"0cc244e\" data-element_type=\"widget\" data-widget_type=\"heading.default\">\n\t\t\t\t<div class=\"elementor-widget-container\">\n\t\t\t<h3 class=\"elementor-heading-title elementor-size-default\">Eigenschaften<\/h3>\t\t<\/div>\n\t\t\t\t<\/div>\n\t\t\t\t\t<\/div>\n\t\t\t\t<\/div>\n\t\t<div class=\"elementor-element elementor-element-917b2ea e-flex e-con-boxed e-con e-parent\" data-id=\"917b2ea\" data-element_type=\"container\" data-settings=\"{&quot;content_width&quot;:&quot;boxed&quot;}\" data-core-v316-plus=\"true\">\n\t\t\t\t\t<div class=\"e-con-inner\">\n\t\t\t\t<div class=\"elementor-element elementor-element-c9c902a elementor-widget elementor-widget-text-editor\" data-id=\"c9c902a\" data-element_type=\"widget\" data-widget_type=\"text-editor.default\">\n\t\t\t\t<div class=\"elementor-widget-container\">\n\t\t\t\t\t\t\t<table class=\"wrapped confluenceTable\"><tbody><tr><th class=\"confluenceTh\">Name des Addons<\/th><td class=\"confluenceTd\">Metadaten analysieren<\/td><\/tr><tr><th class=\"confluenceTh\" colspan=\"1\">Typ<\/th><td class=\"confluenceTd\" colspan=\"1\">Prozedur<\/td><\/tr><tr><th class=\"confluenceTh\" colspan=\"1\">Beschreibung<\/th><td class=\"confluenceTd\" colspan=\"1\"><div class=\"content-wrapper\"><p>Zeigt alle verf\u00fcgbaren Metadaten einer jpg-Datei gruppiert nach Segmenten an.<\/p><p>Es besteht die M\u00f6glichkeit sowohl nach Schl\u00fcsseln als auch nach Werten zu Filtern<\/p><\/div><\/td><\/tr><tr><th class=\"confluenceTh\">Dateiname des Addons<\/th><td class=\"confluenceTd\"><p>pagpMetadataAnalyser-x.x.x.zip\u00a0(x.x.x bezeichnet Version)<\/p><\/td><\/tr><tr><th class=\"confluenceTh\" colspan=\"1\">Im Windows Installer<\/th><td class=\"confluenceTd\" colspan=\"1\">Ja<\/td><\/tr><tr><th class=\"confluenceTh\" colspan=\"1\">Vorraussetzungen<\/th><td class=\"confluenceTd\" colspan=\"1\"><div class=\"content-wrapper\"><ul><li>keine<\/li><\/ul><\/div><\/td><\/tr><tr><th class=\"confluenceTh\" colspan=\"1\">Ben\u00f6tigte PicApport<br \/>Berechtigung des<br \/>Users<\/th><td class=\"confluenceTd\" colspan=\"1\"><ul><li>pap:access:metadata<br \/>Berechtigung Metadaten der Fotos anzuschauen<\/li><\/ul><\/td><\/tr><tr><th class=\"confluenceTh\">Downloadseite<\/th><td class=\"confluenceTd\"><a class=\"external-link\" href=\"https:\/\/www.picapport.de\/de\/add-ons.php\" rel=\"nofollow\">https:\/\/www.picapport.de\/de\/add-ons.php<\/a><\/td><\/tr><tr><th class=\"confluenceTh\" colspan=\"1\">Eingabeparameter<\/th><td class=\"confluenceTd\" colspan=\"1\"><ul><li><em><strong>Filter Schl\u00fcssel<\/strong><\/em><br \/>Zeigt nur Metadaten, deren Schl\u00fcssel die eingegebene Zeichenkette enth\u00e4lt<br \/><br \/><ul><li><em><strong>Ignoriere Gro\u00df-Kleinschreibung<br \/><\/strong><\/em>Ignoriere hierbei die Gro\u00df\/Kleinschreibung<em><strong><br \/><br \/><\/strong><\/em><\/li><\/ul><\/li><li><em><strong>Filter nach Wert<br \/><\/strong><\/em>Zeigt nur Metadaten, deren Werte die eingegebene Zeichenkette enth\u00e4lt<em><strong><br \/><br \/><\/strong><\/em><ul><li><em><strong>Ignoriere Gro\u00df-Kleinschreibung<br \/><\/strong><\/em>Ignoriere hierbei die Gro\u00df\/Kleinschreibung<br \/><br \/><\/li><\/ul><\/li><li><strong><em>Zeige nur Fotos mit Ergebnis<br \/><\/em><\/strong>Zeigt im Ergebnis nur Fotos, die mindestens einen Treffer bei den Filtern haben<strong><em><br \/><\/em><\/strong><\/li><\/ul><ul><li><strong><em>Zeige komplette XMP-Struktur als XML<br \/><\/em><\/strong>Gibt das komplette XMP-Segment als XML aus<strong><em><br \/><\/em><\/strong><\/li><\/ul><ul><li><strong><em>Maximal angezeige Textl\u00e4nge<\/em><\/strong><br \/>Verhindert \u00dcberl\u00e4ngen bei einigen technischen Werten<\/li><\/ul><\/td><\/tr><\/tbody><\/table>\t\t\t\t\t\t<\/div>\n\t\t\t\t<\/div>\n\t\t\t\t\t<\/div>\n\t\t\t\t<\/div>\n\t\t\t\t<\/div>\n\t\t","protected":false},"excerpt":{"rendered":"<p>PicApport Add-on: Metadaten analysieren Dieses Add-on listet s\u00e4mtliche Foto-Metadaten sehr detailliert und in Segmenten gruppiert auf und ist somit ein sehr n\u00fctzliches Tool f\u00fcr alle, die sich mit Foto-Metadaten besch\u00e4ftigen. Screenshots Eigenschaften Name des Addons Metadaten analysieren Typ Prozedur Beschreibung Zeigt alle verf\u00fcgbaren Metadaten einer jpg-Datei gruppiert nach Segmenten an. Es besteht die M\u00f6glichkeit sowohl [&hellip;]<\/p>\n","protected":false},"author":1,"featured_media":0,"parent":0,"menu_order":0,"comment_status":"closed","ping_status":"closed","template":"","meta":{"footnotes":""},"class_list":["post-390","page","type-page","status-publish","hentry","entry"],"_links":{"self":[{"href":"https:\/\/contecon.de\/picapportwiki\/wp-json\/wp\/v2\/pages\/390","targetHints":{"allow":["GET"]}}],"collection":[{"href":"https:\/\/contecon.de\/picapportwiki\/wp-json\/wp\/v2\/pages"}],"about":[{"href":"https:\/\/contecon.de\/picapportwiki\/wp-json\/wp\/v2\/types\/page"}],"author":[{"embeddable":true,"href":"https:\/\/contecon.de\/picapportwiki\/wp-json\/wp\/v2\/users\/1"}],"replies":[{"embeddable":true,"href":"https:\/\/contecon.de\/picapportwiki\/wp-json\/wp\/v2\/comments?post=390"}],"version-history":[{"count":7,"href":"https:\/\/contecon.de\/picapportwiki\/wp-json\/wp\/v2\/pages\/390\/revisions"}],"predecessor-version":[{"id":2611,"href":"https:\/\/contecon.de\/picapportwiki\/wp-json\/wp\/v2\/pages\/390\/revisions\/2611"}],"wp:attachment":[{"href":"https:\/\/contecon.de\/picapportwiki\/wp-json\/wp\/v2\/media?parent=390"}],"curies":[{"name":"wp","href":"https:\/\/api.w.org\/{rel}","templated":true}]}}