{"id":380,"date":"2024-02-14T15:23:56","date_gmt":"2024-02-14T14:23:56","guid":{"rendered":"https:\/\/contecon.de\/picapportwiki\/?page_id=380"},"modified":"2024-05-31T11:22:52","modified_gmt":"2024-05-31T09:22:52","slug":"picapport-add-on-imagga-automatisches-taggen-von-fotos","status":"publish","type":"page","link":"https:\/\/contecon.de\/picapportwiki\/picapport-add-on-imagga-automatisches-taggen-von-fotos\/","title":{"rendered":"PicApport Add-on: Imagga &#8211; Automatisches Taggen von Fotos"},"content":{"rendered":"\t\t<div data-elementor-type=\"wp-page\" data-elementor-id=\"380\" class=\"elementor elementor-380\">\n\t\t\t\t<div class=\"elementor-element elementor-element-2548bed e-flex e-con-boxed e-con e-parent\" data-id=\"2548bed\" data-element_type=\"container\" data-settings=\"{&quot;content_width&quot;:&quot;boxed&quot;}\" data-core-v316-plus=\"true\">\n\t\t\t\t\t<div class=\"e-con-inner\">\n\t\t\t\t<div class=\"elementor-element elementor-element-df61613 elementor-widget elementor-widget-heading\" data-id=\"df61613\" data-element_type=\"widget\" data-widget_type=\"heading.default\">\n\t\t\t\t<div class=\"elementor-widget-container\">\n\t\t\t<style>\/*! elementor - v3.19.0 - 07-02-2024 *\/\n.elementor-heading-title{padding:0;margin:0;line-height:1}.elementor-widget-heading .elementor-heading-title[class*=elementor-size-]>a{color:inherit;font-size:inherit;line-height:inherit}.elementor-widget-heading .elementor-heading-title.elementor-size-small{font-size:15px}.elementor-widget-heading .elementor-heading-title.elementor-size-medium{font-size:19px}.elementor-widget-heading .elementor-heading-title.elementor-size-large{font-size:29px}.elementor-widget-heading .elementor-heading-title.elementor-size-xl{font-size:39px}.elementor-widget-heading .elementor-heading-title.elementor-size-xxl{font-size:59px}<\/style><h2 class=\"elementor-heading-title elementor-size-default\">PicApport Add-on: Imagga - Automatisches Taggen von Fotos<\/h2>\t\t<\/div>\n\t\t\t\t<\/div>\n\t\t\t\t\t<\/div>\n\t\t\t\t<\/div>\n\t\t<div class=\"elementor-element elementor-element-d686c25 e-flex e-con-boxed e-con e-parent\" data-id=\"d686c25\" data-element_type=\"container\" data-settings=\"{&quot;content_width&quot;:&quot;boxed&quot;}\" data-core-v316-plus=\"true\">\n\t\t\t\t\t<div class=\"e-con-inner\">\n\t\t\t\t<div class=\"elementor-element elementor-element-745856f elementor-widget elementor-widget-text-editor\" data-id=\"745856f\" data-element_type=\"widget\" data-widget_type=\"text-editor.default\">\n\t\t\t\t<div class=\"elementor-widget-container\">\n\t\t\t<style>\/*! elementor - v3.19.0 - 07-02-2024 *\/\n.elementor-widget-text-editor.elementor-drop-cap-view-stacked .elementor-drop-cap{background-color:#69727d;color:#fff}.elementor-widget-text-editor.elementor-drop-cap-view-framed .elementor-drop-cap{color:#69727d;border:3px solid;background-color:transparent}.elementor-widget-text-editor:not(.elementor-drop-cap-view-default) .elementor-drop-cap{margin-top:8px}.elementor-widget-text-editor:not(.elementor-drop-cap-view-default) .elementor-drop-cap-letter{width:1em;height:1em}.elementor-widget-text-editor .elementor-drop-cap{float:left;text-align:center;line-height:1;font-size:50px}.elementor-widget-text-editor .elementor-drop-cap-letter{display:inline-block}<\/style>\t\t\t\t<p>Nutzt den KI basieren Webdienst\u00a0<em><a class=\"external-link\" href=\"https:\/\/imagga.com\/\" rel=\"nofollow\">https:\/\/imagga.com\/<\/a><\/em><em>\u00a0<\/em>zum Anreichern der Foto-Metadaten aufgrund der Bildinhalte<br \/>und erweitert die PicApport-Datenbank um weitere Suchfelder (siehe Beispiel im 3. Screenshot unten).<\/p>\t\t\t\t\t\t<\/div>\n\t\t\t\t<\/div>\n\t\t\t\t\t<\/div>\n\t\t\t\t<\/div>\n\t\t<div class=\"elementor-element elementor-element-cebf2ad e-flex e-con-boxed e-con e-parent\" data-id=\"cebf2ad\" data-element_type=\"container\" data-settings=\"{&quot;content_width&quot;:&quot;boxed&quot;}\" data-core-v316-plus=\"true\">\n\t\t\t\t\t<div class=\"e-con-inner\">\n\t\t\t\t<div class=\"elementor-element elementor-element-fec0428 elementor-widget elementor-widget-heading\" data-id=\"fec0428\" data-element_type=\"widget\" data-widget_type=\"heading.default\">\n\t\t\t\t<div class=\"elementor-widget-container\">\n\t\t\t<h3 class=\"elementor-heading-title elementor-size-default\">Screenshots<\/h3>\t\t<\/div>\n\t\t\t\t<\/div>\n\t\t\t\t\t<\/div>\n\t\t\t\t<\/div>\n\t\t<div class=\"elementor-element elementor-element-f159757 e-flex e-con-boxed e-con e-parent\" data-id=\"f159757\" data-element_type=\"container\" data-settings=\"{&quot;content_width&quot;:&quot;boxed&quot;}\" data-core-v316-plus=\"true\">\n\t\t\t\t\t<div class=\"e-con-inner\">\n\t\t\t\t<div class=\"elementor-element elementor-element-3d335f7 elementor-widget elementor-widget-image\" data-id=\"3d335f7\" data-element_type=\"widget\" data-widget_type=\"image.default\">\n\t\t\t\t<div class=\"elementor-widget-container\">\n\t\t\t<style>\/*! elementor - v3.19.0 - 07-02-2024 *\/\n.elementor-widget-image{text-align:center}.elementor-widget-image a{display:inline-block}.elementor-widget-image a img[src$=\".svg\"]{width:48px}.elementor-widget-image img{vertical-align:middle;display:inline-block}<\/style>\t\t\t\t\t\t\t\t\t\t<img fetchpriority=\"high\" decoding=\"async\" width=\"415\" height=\"565\" src=\"https:\/\/contecon.de\/picapportwiki\/wp-content\/uploads\/2024\/05\/Imagga1_de.jpg\" class=\"attachment-large size-large wp-image-2595\" alt=\"\" srcset=\"https:\/\/contecon.de\/picapportwiki\/wp-content\/uploads\/2024\/05\/Imagga1_de.jpg 415w, https:\/\/contecon.de\/picapportwiki\/wp-content\/uploads\/2024\/05\/Imagga1_de-220x300.jpg 220w\" sizes=\"(max-width: 415px) 100vw, 415px\" \/>\t\t\t\t\t\t\t\t\t\t\t\t\t<\/div>\n\t\t\t\t<\/div>\n\t\t\t\t\t<\/div>\n\t\t\t\t<\/div>\n\t\t<div class=\"elementor-element elementor-element-1cf87f5 e-flex e-con-boxed e-con e-parent\" data-id=\"1cf87f5\" data-element_type=\"container\" data-settings=\"{&quot;content_width&quot;:&quot;boxed&quot;}\" data-core-v316-plus=\"true\">\n\t\t\t\t\t<div class=\"e-con-inner\">\n\t\t\t\t<div class=\"elementor-element elementor-element-c19ba38 elementor-widget elementor-widget-image\" data-id=\"c19ba38\" data-element_type=\"widget\" data-widget_type=\"image.default\">\n\t\t\t\t<div class=\"elementor-widget-container\">\n\t\t\t\t\t\t\t\t\t\t\t\t\t<img decoding=\"async\" width=\"1024\" height=\"674\" src=\"https:\/\/contecon.de\/picapportwiki\/wp-content\/uploads\/2024\/05\/Imagga2_de-1024x674.jpg\" class=\"attachment-large size-large wp-image-2596\" alt=\"\" srcset=\"https:\/\/contecon.de\/picapportwiki\/wp-content\/uploads\/2024\/05\/Imagga2_de-1024x674.jpg 1024w, https:\/\/contecon.de\/picapportwiki\/wp-content\/uploads\/2024\/05\/Imagga2_de-300x198.jpg 300w, https:\/\/contecon.de\/picapportwiki\/wp-content\/uploads\/2024\/05\/Imagga2_de-768x506.jpg 768w, https:\/\/contecon.de\/picapportwiki\/wp-content\/uploads\/2024\/05\/Imagga2_de.jpg 1508w\" sizes=\"(max-width: 1024px) 100vw, 1024px\" \/>\t\t\t\t\t\t\t\t\t\t\t\t\t<\/div>\n\t\t\t\t<\/div>\n\t\t\t\t\t<\/div>\n\t\t\t\t<\/div>\n\t\t<div class=\"elementor-element elementor-element-4e22f2f e-flex e-con-boxed e-con e-parent\" data-id=\"4e22f2f\" data-element_type=\"container\" data-settings=\"{&quot;content_width&quot;:&quot;boxed&quot;}\" data-core-v316-plus=\"true\">\n\t\t\t\t\t<div class=\"e-con-inner\">\n\t\t\t\t<div class=\"elementor-element elementor-element-d0bfe6c elementor-widget elementor-widget-image\" data-id=\"d0bfe6c\" data-element_type=\"widget\" data-widget_type=\"image.default\">\n\t\t\t\t<div class=\"elementor-widget-container\">\n\t\t\t\t\t\t\t\t\t\t\t\t\t<img decoding=\"async\" width=\"1024\" height=\"588\" src=\"https:\/\/contecon.de\/picapportwiki\/wp-content\/uploads\/2024\/05\/AddonFields-2-1024x588.jpg\" class=\"attachment-large size-large wp-image-2597\" alt=\"\" srcset=\"https:\/\/contecon.de\/picapportwiki\/wp-content\/uploads\/2024\/05\/AddonFields-2-1024x588.jpg 1024w, https:\/\/contecon.de\/picapportwiki\/wp-content\/uploads\/2024\/05\/AddonFields-2-300x172.jpg 300w, https:\/\/contecon.de\/picapportwiki\/wp-content\/uploads\/2024\/05\/AddonFields-2-768x441.jpg 768w, https:\/\/contecon.de\/picapportwiki\/wp-content\/uploads\/2024\/05\/AddonFields-2-1536x882.jpg 1536w, https:\/\/contecon.de\/picapportwiki\/wp-content\/uploads\/2024\/05\/AddonFields-2-2048x1176.jpg 2048w\" sizes=\"(max-width: 1024px) 100vw, 1024px\" \/>\t\t\t\t\t\t\t\t\t\t\t\t\t<\/div>\n\t\t\t\t<\/div>\n\t\t\t\t\t<\/div>\n\t\t\t\t<\/div>\n\t\t<div class=\"elementor-element elementor-element-8b02659 e-flex e-con-boxed e-con e-parent\" data-id=\"8b02659\" data-element_type=\"container\" data-settings=\"{&quot;content_width&quot;:&quot;boxed&quot;}\" data-core-v316-plus=\"true\">\n\t\t\t\t\t<div class=\"e-con-inner\">\n\t\t\t\t<div class=\"elementor-element elementor-element-14c0c11 elementor-widget elementor-widget-heading\" data-id=\"14c0c11\" data-element_type=\"widget\" data-widget_type=\"heading.default\">\n\t\t\t\t<div class=\"elementor-widget-container\">\n\t\t\t<h3 class=\"elementor-heading-title elementor-size-default\">Eigenschaften<\/h3>\t\t<\/div>\n\t\t\t\t<\/div>\n\t\t\t\t\t<\/div>\n\t\t\t\t<\/div>\n\t\t<div class=\"elementor-element elementor-element-b838244 e-flex e-con-boxed e-con e-parent\" data-id=\"b838244\" data-element_type=\"container\" data-settings=\"{&quot;content_width&quot;:&quot;boxed&quot;}\" data-core-v316-plus=\"true\">\n\t\t\t\t\t<div class=\"e-con-inner\">\n\t\t\t\t<div class=\"elementor-element elementor-element-96aeb27 elementor-widget elementor-widget-text-editor\" data-id=\"96aeb27\" data-element_type=\"widget\" data-widget_type=\"text-editor.default\">\n\t\t\t\t<div class=\"elementor-widget-container\">\n\t\t\t\t\t\t\t<table class=\"wrapped confluenceTable\"><tbody><tr><th class=\"confluenceTh\">Name des Addons<\/th><td class=\"confluenceTd\">Imagga &#8211; Automatisches Taggen von Fotos<\/td><\/tr><tr><th class=\"confluenceTh\" colspan=\"1\">Typ<\/th><td class=\"confluenceTd\" colspan=\"1\">Prozedur und Datenbankerweiterung<\/td><\/tr><tr><th class=\"confluenceTh\" colspan=\"1\">Beschreibung<\/th><td class=\"confluenceTd\" colspan=\"1\"><div class=\"content-wrapper\"><p>Ermittelt zus\u00e4tzliche Metadaten der selektierten Fotos, die\u00a0 direkt in der jpg-Datei gespeichert werden. Wichtig hierbei ist, dass dabei keine bereits vorhandenen (vom Add-On unabh\u00e4ngigen) Metadaten ver\u00e4ndert oder gel\u00f6scht werden (die weiter unten beschriebenen unterschiedlichen Eingabeparameter beziehen sich nur auf die Datenfelder des jeweiligen Add-Ons). Die neu gewonnenen Informationen werden in einem eigenen Namespace im JSON-Fomat im XMP-Segment der Foto-Metadaten gespeichert.<\/p><p>W\u00e4hrend der Indizierung nutzt PicApport diese Daten um weitere Suchfelder zu generieren.<\/p><p>Unterst\u00fctze Sprachen:<\/p><ul><li>en &#8211; Englisch<\/li><li>de &#8211; Deutsch<\/li><li>fr &#8211; Franz\u00f6sisch<\/li><li>es &#8211; Spanisch<\/li><li>Weitere siehe:\u00a0\u00a0<a class=\"external-link\" href=\"https:\/\/docs.imagga.com\/#multi-language-support\" rel=\"nofollow\">https:\/\/docs.imagga.com\/#multi-language-support<\/a><\/li><\/ul><div class=\"confluence-information-macro confluence-information-macro-note conf-macro output-block\" data-hasbody=\"true\" data-macro-name=\"note\"><div class=\"confluence-information-macro-body\"><p>Bitte beachten Sie, dass hierbei die Bildinformationen an\u00a0<em><a class=\"external-link\" href=\"https:\/\/imagga.com\/\" rel=\"nofollow\">https:\/\/imagga.com\/<\/a><\/em><em>\u00a0\u00fcbertragen werden. Das Add-on \u00fcbertr\u00e4gt hierbei die skalierte jpg-Datei ohne Metadaten an\u00a0<a class=\"external-link\" href=\"https:\/\/imagga.com\/\" rel=\"nofollow\">https:\/\/imagga.com\/<\/a><\/em><\/p><\/div><\/div><\/div><\/td><\/tr><tr><th class=\"confluenceTh\">Dateiname des Addons<\/th><td class=\"confluenceTd\"><p>pagpImagga-x.x.x.zip\u00a0(x.x.x bezeichnet Version)<\/p><\/td><\/tr><tr><th class=\"confluenceTh\" colspan=\"1\">Im Windows Installer<\/th><td class=\"confluenceTd\" colspan=\"1\"><div class=\"content-wrapper\"><p>Nein<\/p><\/div><\/td><\/tr><tr><th class=\"confluenceTh\" colspan=\"1\">Vorraussetzungen<\/th><td class=\"confluenceTd\" colspan=\"1\"><div class=\"content-wrapper\"><ul><li>PicApport-Server ben\u00f6tigt Internet-Zugriff<\/li><li>Es wird ein API-Key ben\u00f6tigt.<br \/>Dieser ist f\u00fcr 2000 Fotos (Stand Oktober 2020) kostenlos auf\u00a0<em><a class=\"external-link\" href=\"https:\/\/imagga.com\/\" rel=\"nofollow\">https:\/\/imagga.com\/<\/a><\/em>\u00a0zu bekommen.<\/li><\/ul><\/div><\/td><\/tr><tr><th class=\"confluenceTh\" colspan=\"1\">Ben\u00f6tigte PicApport<br \/>Berechtigung des<br \/>Users<\/th><td class=\"confluenceTd\" colspan=\"1\"><div class=\"content-wrapper\"><ul><li>pap:editmeta:photo<br \/>Berechtigung Metadaten des Fotos zu bearbeiten. (Titel, Aufnahmedatum, usw.)<\/li><li>pap:admin:addon:config<br \/>Berechtigung Konfigurationsparameter von Add-ons einzustellen.<br \/>Die Eingabeparameter\u00a0<em>Sprache<\/em>,\u00a0<em>API-Key<\/em>\u00a0sowie\u00a0<em>Aktuelle Parameter als Vorgabe speichern<\/em>\u00a0sind nur sichtbar, wenn der aktuelle Benutzer diese Berechtigung hat.<\/li><\/ul><\/div><\/td><\/tr><tr><th class=\"confluenceTh\">Downloadseite<\/th><td class=\"confluenceTd\"><div class=\"content-wrapper\"><p><a class=\"external-link\" href=\"https:\/\/www.picapport.de\/de\/add-ons.php\" rel=\"nofollow\">https:\/\/www.picapport.de\/de\/add-ons.php<\/a><\/p><\/div><\/td><\/tr><tr><th class=\"confluenceTh\" colspan=\"1\">Eingabeparameter<\/th><td class=\"confluenceTd\" colspan=\"1\"><div class=\"content-wrapper\"><ul><li><em><strong>\u00dcberschreibmodus<\/strong><\/em><ul><li><em>Schreibe nur wenn leer<\/em><br \/>Ruft den Webdienst nur dann auf, wenn noch keine Metadaten hierf\u00fcr ermittelt wurden.<\/li><li><em>Immer \u00fcberschreiben<\/em><br \/>Ruft den Webdienst auf, und \u00fcberschreibt evtl. bereits vorhandene Metadaten im XMP-Segmen<\/li><li><em>keine \u00c4nderung (nur Testen)<\/em><br \/>Ruft den Webdienst auf ohne die Metadaten in das Foto zu schreiben<\/li><li><em>Imagga Metadaten entfernen<\/em><br \/>L\u00f6scht die bereits ermittelten Daten im JSON Format aus dem XMP Segment der jpg-Datei.<\/li><li><em>Imagga Daten der Fotos anzeigen<\/em><br \/>Zeigt die bereits ermittelten Daten im JSON Format an<p>\u00a0<\/p><\/li><\/ul><\/li><li><em><strong>Wahrscheinlichkeit in Prozent<br \/><\/strong><\/em>Gibt an, ab welcher Mindestwahrscheinlichkeit PicApport die ermittelten Schlagw\u00f6rter \u00fcbernimmt<em><em><strong>.<\/strong><\/em><\/em><p>\u00a0<\/p><\/li><li><em><strong>Sprache<\/strong><\/em><br \/>gew\u00fcnschte Sprache in der die Metadaten generiert werden sollen<\/li><li><strong><em>API-Key<br \/><\/em><\/strong>Dieser ist f\u00fcr 2000 Fotos (Stand August 2020) kostenlos auf\u00a0\u00a0<em><a class=\"external-link\" href=\"https:\/\/imagga.com\/\" rel=\"nofollow\">https:\/\/imagga.com\/<\/a>\u00a0<\/em>zu bekommen.<br \/>Klicke auf das Bild f\u00fcr eine Beschreibeung welchen API Key man eintragen muss:\u00a0<span class=\"confluence-embedded-file-wrapper confluence-embedded-manual-size\"><img loading=\"lazy\" decoding=\"async\" class=\"alignnone size-medium wp-image-2591\" src=\"https:\/\/contecon.de\/picapportwiki\/wp-content\/uploads\/2024\/05\/ImaggaAuthorisation-300x253.jpg\" alt=\"\" width=\"300\" height=\"253\" srcset=\"https:\/\/contecon.de\/picapportwiki\/wp-content\/uploads\/2024\/05\/ImaggaAuthorisation-300x253.jpg 300w, https:\/\/contecon.de\/picapportwiki\/wp-content\/uploads\/2024\/05\/ImaggaAuthorisation.jpg 691w\" sizes=\"(max-width: 300px) 100vw, 300px\" \/><\/span><\/li><\/ul><ul><li><strong><em>Aktuelle Parameter als Vorgabe speichern<br \/><\/em><\/strong>Wenn gesetzt, werden die aktuellen Eingabewerte (inklusive API-ID) als Vorgabewerte f\u00fcr die k\u00fcnftige Verwendung gespeichert.<br \/>Dies kann z.B. genutzt werden, um Anwendern die die Berechtigung zur Addon-Administration nicht haben, die Eingabe des API-Keys zu verbergen.<\/li><\/ul><ul><li><strong><em>Analysiere Ergebnis<\/em><\/strong><br \/>Wenn gesetzt wird f\u00fcr jedes Foto das Ergebnis der TYP-Anfrage angezeigt.<\/li><\/ul><\/div><\/td><\/tr><tr><th class=\"confluenceTh\" colspan=\"1\">Metadaten<\/th><td class=\"confluenceTd\" colspan=\"1\"><ul><li class=\"auto-cursor-target\">XMP<br \/><em><em><strong>picapport:imagga.com<\/strong><\/em><\/em><p>\u00a0<\/p><\/li><li class=\"auto-cursor-target\">PicApport Addon ID<br \/><em><em><strong>imagga.com<\/strong><\/em><\/em><p>\u00a0<\/p><\/li><li class=\"auto-cursor-target\">Abfrage aller Fotos mit TYP Metadaten:<br \/><em><strong>addon:&#8220;imagga.com&#8220;<\/strong><\/em><\/li><\/ul><\/td><\/tr><tr><th class=\"confluenceTh\" colspan=\"1\">PicApport<br \/>Datenbankfelder und<br \/>Operatoren<\/th><td class=\"confluenceTd\" colspan=\"1\"><div class=\"table-wrap\"><table class=\"wrapped confluenceTable tablesorter tablesorter-default\" role=\"grid\"><thead><tr class=\"tablesorter-headerRow\" role=\"row\"><th class=\"confluenceTh tablesorter-header sortableHeader tablesorter-headerUnSorted\" tabindex=\"0\" role=\"columnheader\" scope=\"col\" data-column=\"0\" aria-disabled=\"false\" aria-sort=\"none\" aria-label=\"PicApportFeld-Name: No sort applied, activate to apply an ascending sort\"><div class=\"tablesorter-header-inner\">PicApport<br \/>Feld-Name<\/div><\/th><th class=\"confluenceTh tablesorter-header sortableHeader tablesorter-headerUnSorted\" tabindex=\"0\" role=\"columnheader\" scope=\"col\" data-column=\"1\" aria-disabled=\"false\" aria-sort=\"none\" aria-label=\"Typ: No sort applied, activate to apply an ascending sort\"><div class=\"tablesorter-header-inner\">Typ<\/div><\/th><th class=\"confluenceTh tablesorter-header sortableHeader tablesorter-headerUnSorted\" tabindex=\"0\" role=\"columnheader\" scope=\"col\" data-column=\"2\" aria-disabled=\"false\" aria-sort=\"none\" aria-label=\"\u00dcber globalenVolltextindexabfragbar: No sort applied, activate to apply an ascending sort\"><div class=\"tablesorter-header-inner\">\u00dcber globalen<br \/>Volltextindex<br \/>abfragbar<\/div><\/th><th class=\"confluenceTh tablesorter-header sortableHeader tablesorter-headerUnSorted\" tabindex=\"0\" role=\"columnheader\" scope=\"col\" data-column=\"3\" aria-disabled=\"false\" aria-sort=\"none\" aria-label=\"Indextyp: No sort applied, activate to apply an ascending sort\"><div class=\"tablesorter-header-inner\"><p>Indextyp<\/p><\/div><\/th><th class=\"confluenceTh tablesorter-header sortableHeader tablesorter-headerUnSorted\" tabindex=\"0\" role=\"columnheader\" scope=\"col\" data-column=\"4\" aria-disabled=\"false\" aria-sort=\"none\" aria-label=\"Im Metadaten-report sichtbar: No sort applied, activate to apply an ascending sort\"><div class=\"tablesorter-header-inner\"><p>Im Metadaten-<br \/>report sichtbar<\/p><\/div><\/th><th class=\"confluenceTh tablesorter-header sortableHeader tablesorter-headerUnSorted\" tabindex=\"0\" role=\"columnheader\" scope=\"col\" data-column=\"5\" aria-disabled=\"false\" aria-sort=\"none\" aria-label=\"Beschreibung: No sort applied, activate to apply an ascending sort\"><div class=\"tablesorter-header-inner\">Beschreibung<\/div><\/th><th class=\"confluenceTh tablesorter-header sortableHeader tablesorter-headerUnSorted\" tabindex=\"0\" role=\"columnheader\" scope=\"col\" data-column=\"6\" aria-disabled=\"false\" aria-sort=\"none\" aria-label=\"Suchbeispiele: No sort applied, activate to apply an ascending sort\"><div class=\"tablesorter-header-inner\">Suchbeispiele<\/div><\/th><\/tr><\/thead><tbody aria-live=\"polite\" aria-relevant=\"all\"><tr role=\"row\"><td class=\"confluenceTd\"><em><strong>Imagga<\/strong><\/em><\/td><td class=\"confluenceTd\">String<\/td><td class=\"confluenceTd\">JA<\/td><td class=\"confluenceTd\">FULLTEXT<br \/>(mit Wildcards)<\/td><td class=\"confluenceTd\">JA<\/td><td class=\"confluenceTd\">Inhalt aller Datenfelder die von Imagga ermittelt wurden<\/td><td class=\"confluenceTd\"><ul><li><em><strong>Wildlife<\/strong><\/em><br \/>(suche im globalen Volltextindex)<\/li><li><em><strong>Imagga:Wildlife<\/strong><\/em><br \/>(sucht nur in den TYP Metadaten)<\/li><li><strong><em>Imagga<\/em><\/strong><em><strong>:*wild*<\/strong><\/em><br \/>(sucht wild in allen m\u00f6glichen Varianten<\/li><\/ul><\/td><\/tr><tr role=\"row\"><td class=\"confluenceTd\"><strong><em>ImaggaTags<\/em><\/strong><\/td><td class=\"confluenceTd\"><p>String<\/p><\/td><td class=\"confluenceTd\">JA<\/td><td class=\"confluenceTd\"><p>HIERARCHISCH<br \/>(mit Wildcards)<\/p><\/td><td class=\"confluenceTd\">JA<\/td><td class=\"confluenceTd\">Alle Tags der Imagga Anfrage, die dem gesetzten Wahrscheinlichkeitsparameter entsprechen.<\/td><td class=\"confluenceTd\"><em><strong>imaggatags:&#8220;wildlife&#8220;<\/strong><\/em><\/td><\/tr><\/tbody><\/table><\/div><\/td><\/tr><\/tbody><\/table>\t\t\t\t\t\t<\/div>\n\t\t\t\t<\/div>\n\t\t\t\t\t<\/div>\n\t\t\t\t<\/div>\n\t\t\t\t<\/div>\n\t\t","protected":false},"excerpt":{"rendered":"<p>PicApport Add-on: Imagga &#8211; Automatisches Taggen von Fotos Nutzt den KI basieren Webdienst\u00a0https:\/\/imagga.com\/\u00a0zum Anreichern der Foto-Metadaten aufgrund der Bildinhalteund erweitert die PicApport-Datenbank um weitere Suchfelder (siehe Beispiel im 3. Screenshot unten). Screenshots Eigenschaften Name des Addons Imagga &#8211; Automatisches Taggen von Fotos Typ Prozedur und Datenbankerweiterung Beschreibung Ermittelt zus\u00e4tzliche Metadaten der selektierten Fotos, die\u00a0 direkt [&hellip;]<\/p>\n","protected":false},"author":1,"featured_media":0,"parent":0,"menu_order":0,"comment_status":"closed","ping_status":"closed","template":"","meta":{"footnotes":""},"class_list":["post-380","page","type-page","status-publish","hentry","entry"],"_links":{"self":[{"href":"https:\/\/contecon.de\/picapportwiki\/wp-json\/wp\/v2\/pages\/380","targetHints":{"allow":["GET"]}}],"collection":[{"href":"https:\/\/contecon.de\/picapportwiki\/wp-json\/wp\/v2\/pages"}],"about":[{"href":"https:\/\/contecon.de\/picapportwiki\/wp-json\/wp\/v2\/types\/page"}],"author":[{"embeddable":true,"href":"https:\/\/contecon.de\/picapportwiki\/wp-json\/wp\/v2\/users\/1"}],"replies":[{"embeddable":true,"href":"https:\/\/contecon.de\/picapportwiki\/wp-json\/wp\/v2\/comments?post=380"}],"version-history":[{"count":10,"href":"https:\/\/contecon.de\/picapportwiki\/wp-json\/wp\/v2\/pages\/380\/revisions"}],"predecessor-version":[{"id":2600,"href":"https:\/\/contecon.de\/picapportwiki\/wp-json\/wp\/v2\/pages\/380\/revisions\/2600"}],"wp:attachment":[{"href":"https:\/\/contecon.de\/picapportwiki\/wp-json\/wp\/v2\/media?parent=380"}],"curies":[{"name":"wp","href":"https:\/\/api.w.org\/{rel}","templated":true}]}}