{"id":370,"date":"2024-02-14T15:07:06","date_gmt":"2024-02-14T14:07:06","guid":{"rendered":"https:\/\/contecon.de\/picapportwiki\/?page_id=370"},"modified":"2024-05-29T13:56:03","modified_gmt":"2024-05-29T11:56:03","slug":"picapport-add-on-openstreetmap-geo-reverse-encoder","status":"publish","type":"page","link":"https:\/\/contecon.de\/picapportwiki\/picapport-add-on-openstreetmap-geo-reverse-encoder\/","title":{"rendered":"PicApport Add-on: OpenStreetMap Geo-Reverse-Encoder (DE)"},"content":{"rendered":"\t\t<div data-elementor-type=\"wp-page\" data-elementor-id=\"370\" class=\"elementor elementor-370\">\n\t\t\t\t<div class=\"elementor-element elementor-element-270b11e e-flex e-con-boxed e-con e-parent\" data-id=\"270b11e\" data-element_type=\"container\" data-settings=\"{&quot;content_width&quot;:&quot;boxed&quot;}\" data-core-v316-plus=\"true\">\n\t\t\t\t\t<div class=\"e-con-inner\">\n\t\t\t\t<div class=\"elementor-element elementor-element-1036abb elementor-widget elementor-widget-heading\" data-id=\"1036abb\" data-element_type=\"widget\" data-widget_type=\"heading.default\">\n\t\t\t\t<div class=\"elementor-widget-container\">\n\t\t\t<style>\/*! elementor - v3.19.0 - 07-02-2024 *\/\n.elementor-heading-title{padding:0;margin:0;line-height:1}.elementor-widget-heading .elementor-heading-title[class*=elementor-size-]>a{color:inherit;font-size:inherit;line-height:inherit}.elementor-widget-heading .elementor-heading-title.elementor-size-small{font-size:15px}.elementor-widget-heading .elementor-heading-title.elementor-size-medium{font-size:19px}.elementor-widget-heading .elementor-heading-title.elementor-size-large{font-size:29px}.elementor-widget-heading .elementor-heading-title.elementor-size-xl{font-size:39px}.elementor-widget-heading .elementor-heading-title.elementor-size-xxl{font-size:59px}<\/style><h2 class=\"elementor-heading-title elementor-size-default\">PicApport Add-on: OpenStreetMap Geo-Reverse-Encoder<\/h2>\t\t<\/div>\n\t\t\t\t<\/div>\n\t\t\t\t\t<\/div>\n\t\t\t\t<\/div>\n\t\t<div class=\"elementor-element elementor-element-b3ad8f0 e-flex e-con-boxed e-con e-parent\" data-id=\"b3ad8f0\" data-element_type=\"container\" data-settings=\"{&quot;content_width&quot;:&quot;boxed&quot;}\" data-core-v316-plus=\"true\">\n\t\t\t\t\t<div class=\"e-con-inner\">\n\t\t\t\t<div class=\"elementor-element elementor-element-db0feef elementor-widget elementor-widget-text-editor\" data-id=\"db0feef\" data-element_type=\"widget\" data-widget_type=\"text-editor.default\">\n\t\t\t\t<div class=\"elementor-widget-container\">\n\t\t\t<style>\/*! elementor - v3.19.0 - 07-02-2024 *\/\n.elementor-widget-text-editor.elementor-drop-cap-view-stacked .elementor-drop-cap{background-color:#69727d;color:#fff}.elementor-widget-text-editor.elementor-drop-cap-view-framed .elementor-drop-cap{color:#69727d;border:3px solid;background-color:transparent}.elementor-widget-text-editor:not(.elementor-drop-cap-view-default) .elementor-drop-cap{margin-top:8px}.elementor-widget-text-editor:not(.elementor-drop-cap-view-default) .elementor-drop-cap-letter{width:1em;height:1em}.elementor-widget-text-editor .elementor-drop-cap{float:left;text-align:center;line-height:1;font-size:50px}.elementor-widget-text-editor .elementor-drop-cap-letter{display:inline-block}<\/style>\t\t\t\t<p>Nutzt\u00a0<em><strong><a class=\"external-link\" href=\"https:\/\/www.openstreetmap.org\/\" rel=\"nofollow\">OpenStreetMap<\/a><\/strong><\/em>\u00a0<em><strong>(OSM)<\/strong>\u00a0<\/em>zum Anreichern der Foto-Metadaten (Fotos m\u00fcssen f\u00fcr diese Funktion Geokoordinaten enthalten) und erweitert die PicApport-Datenbank um weitere Suchfelder (siehe Beispiel im 3. Screenshot unten).<\/p>\t\t\t\t\t\t<\/div>\n\t\t\t\t<\/div>\n\t\t\t\t\t<\/div>\n\t\t\t\t<\/div>\n\t\t<div class=\"elementor-element elementor-element-0650bad e-flex e-con-boxed e-con e-parent\" data-id=\"0650bad\" data-element_type=\"container\" data-settings=\"{&quot;content_width&quot;:&quot;boxed&quot;}\" data-core-v316-plus=\"true\">\n\t\t\t\t\t<div class=\"e-con-inner\">\n\t\t\t\t<div class=\"elementor-element elementor-element-1a67798 elementor-widget elementor-widget-heading\" data-id=\"1a67798\" data-element_type=\"widget\" data-widget_type=\"heading.default\">\n\t\t\t\t<div class=\"elementor-widget-container\">\n\t\t\t<h3 class=\"elementor-heading-title elementor-size-default\">Screenshots<\/h3>\t\t<\/div>\n\t\t\t\t<\/div>\n\t\t\t\t<div class=\"elementor-element elementor-element-43ffab6 elementor-widget elementor-widget-image\" data-id=\"43ffab6\" data-element_type=\"widget\" data-widget_type=\"image.default\">\n\t\t\t\t<div class=\"elementor-widget-container\">\n\t\t\t<style>\/*! elementor - v3.19.0 - 07-02-2024 *\/\n.elementor-widget-image{text-align:center}.elementor-widget-image a{display:inline-block}.elementor-widget-image a img[src$=\".svg\"]{width:48px}.elementor-widget-image img{vertical-align:middle;display:inline-block}<\/style>\t\t\t\t\t\t\t\t\t\t<img fetchpriority=\"high\" decoding=\"async\" width=\"461\" height=\"412\" src=\"https:\/\/contecon.de\/picapportwiki\/wp-content\/uploads\/2024\/05\/OSM0.jpg\" class=\"attachment-large size-large wp-image-2579\" alt=\"\" srcset=\"https:\/\/contecon.de\/picapportwiki\/wp-content\/uploads\/2024\/05\/OSM0.jpg 461w, https:\/\/contecon.de\/picapportwiki\/wp-content\/uploads\/2024\/05\/OSM0-300x268.jpg 300w\" sizes=\"(max-width: 461px) 100vw, 461px\" \/>\t\t\t\t\t\t\t\t\t\t\t\t\t<\/div>\n\t\t\t\t<\/div>\n\t\t\t\t<div class=\"elementor-element elementor-element-f45235d elementor-widget elementor-widget-image\" data-id=\"f45235d\" data-element_type=\"widget\" data-widget_type=\"image.default\">\n\t\t\t\t<div class=\"elementor-widget-container\">\n\t\t\t\t\t\t\t\t\t\t\t\t\t<img decoding=\"async\" width=\"954\" height=\"1024\" src=\"https:\/\/contecon.de\/picapportwiki\/wp-content\/uploads\/2024\/05\/OSM1-954x1024.jpg\" class=\"attachment-large size-large wp-image-2580\" alt=\"\" srcset=\"https:\/\/contecon.de\/picapportwiki\/wp-content\/uploads\/2024\/05\/OSM1-954x1024.jpg 954w, https:\/\/contecon.de\/picapportwiki\/wp-content\/uploads\/2024\/05\/OSM1-279x300.jpg 279w, https:\/\/contecon.de\/picapportwiki\/wp-content\/uploads\/2024\/05\/OSM1-768x824.jpg 768w, https:\/\/contecon.de\/picapportwiki\/wp-content\/uploads\/2024\/05\/OSM1.jpg 1022w\" sizes=\"(max-width: 954px) 100vw, 954px\" \/>\t\t\t\t\t\t\t\t\t\t\t\t\t<\/div>\n\t\t\t\t<\/div>\n\t\t\t\t\t<\/div>\n\t\t\t\t<\/div>\n\t\t<div class=\"elementor-element elementor-element-8512a91 e-flex e-con-boxed e-con e-parent\" data-id=\"8512a91\" data-element_type=\"container\" data-settings=\"{&quot;content_width&quot;:&quot;boxed&quot;}\" data-core-v316-plus=\"true\">\n\t\t\t\t\t<div class=\"e-con-inner\">\n\t\t\t\t<div class=\"elementor-element elementor-element-4e7114c elementor-widget elementor-widget-image\" data-id=\"4e7114c\" data-element_type=\"widget\" data-widget_type=\"image.default\">\n\t\t\t\t<div class=\"elementor-widget-container\">\n\t\t\t\t\t\t\t\t\t\t\t\t\t<img decoding=\"async\" width=\"1024\" height=\"588\" src=\"https:\/\/contecon.de\/picapportwiki\/wp-content\/uploads\/2024\/05\/AddonFields-1024x588.jpg\" class=\"attachment-large size-large wp-image-2581\" alt=\"\" srcset=\"https:\/\/contecon.de\/picapportwiki\/wp-content\/uploads\/2024\/05\/AddonFields-1024x588.jpg 1024w, https:\/\/contecon.de\/picapportwiki\/wp-content\/uploads\/2024\/05\/AddonFields-300x172.jpg 300w, https:\/\/contecon.de\/picapportwiki\/wp-content\/uploads\/2024\/05\/AddonFields-768x441.jpg 768w, https:\/\/contecon.de\/picapportwiki\/wp-content\/uploads\/2024\/05\/AddonFields-1536x882.jpg 1536w, https:\/\/contecon.de\/picapportwiki\/wp-content\/uploads\/2024\/05\/AddonFields-2048x1176.jpg 2048w\" sizes=\"(max-width: 1024px) 100vw, 1024px\" \/>\t\t\t\t\t\t\t\t\t\t\t\t\t<\/div>\n\t\t\t\t<\/div>\n\t\t\t\t\t<\/div>\n\t\t\t\t<\/div>\n\t\t<div class=\"elementor-element elementor-element-2e1d04d e-flex e-con-boxed e-con e-parent\" data-id=\"2e1d04d\" data-element_type=\"container\" data-settings=\"{&quot;content_width&quot;:&quot;boxed&quot;}\" data-core-v316-plus=\"true\">\n\t\t\t\t\t<div class=\"e-con-inner\">\n\t\t\t\t<div class=\"elementor-element elementor-element-7edc759 elementor-widget elementor-widget-heading\" data-id=\"7edc759\" data-element_type=\"widget\" data-widget_type=\"heading.default\">\n\t\t\t\t<div class=\"elementor-widget-container\">\n\t\t\t<h3 class=\"elementor-heading-title elementor-size-default\">Eigenschaften<\/h3>\t\t<\/div>\n\t\t\t\t<\/div>\n\t\t\t\t\t<\/div>\n\t\t\t\t<\/div>\n\t\t<div class=\"elementor-element elementor-element-586a081 e-flex e-con-boxed e-con e-parent\" data-id=\"586a081\" data-element_type=\"container\" data-settings=\"{&quot;content_width&quot;:&quot;boxed&quot;}\" data-core-v316-plus=\"true\">\n\t\t\t\t\t<div class=\"e-con-inner\">\n\t\t\t\t<div class=\"elementor-element elementor-element-9011b56 elementor-widget elementor-widget-text-editor\" data-id=\"9011b56\" data-element_type=\"widget\" data-widget_type=\"text-editor.default\">\n\t\t\t\t<div class=\"elementor-widget-container\">\n\t\t\t\t\t\t\t<table class=\"wrapped confluenceTable\"><tbody><tr><th class=\"confluenceTh\">Name des Addons<\/th><td class=\"confluenceTd\">OpenStreetMap (OSM) Inverse Geokodierung<\/td><\/tr><tr><th class=\"confluenceTh\" colspan=\"1\">Typ<\/th><td class=\"confluenceTd\" colspan=\"1\">Prozedur und Datenbankerweiterung<\/td><\/tr><tr><th class=\"confluenceTh\" colspan=\"1\">Beschreibung<\/th><td class=\"confluenceTd\" colspan=\"1\"><p>Ermittelt unter Beachtung der Usage-policy von\u00a0<a class=\"external-link\" href=\"https:\/\/nominatim.org\/\" rel=\"nofollow\">https:\/\/nominatim.org\/<\/a>\u00a0\u00a0 zus\u00e4tzliche Metadaten der selektierten Fotos, die direkt in der jpg-Datei gespeichert werden. Wichtig hierbei ist, dass dabei keine bereits vorhandenen (vom Add-on unabh\u00e4ngigen) Metadaten ver\u00e4ndert oder gel\u00f6scht werden (die weiter unten beschriebenen unterschiedlichen Eingabeparameter beziehen sich nur auf die Datenfelder des jeweiligen Add-Ons). Die neu gewonnenen Informationen werden in einem eigenen Namespace im JSON-Fomat im XMP-Segment der Foto-Metadaten gespeichert.<\/p><p>W\u00e4hrend der Indizierung nutzt PicApport diese Daten, um weitere Suchfelder zu generieren.<\/p><p>Gem\u00e4\u00df der Usage-policy von nominatim.org wird maximal ein Foto pro Sekunde angefragt.<\/p><\/td><\/tr><tr><th class=\"confluenceTh\">Dateiname des Addons<\/th><td class=\"confluenceTd\">pagpOSMGeoReverseEncoder-x.x.x.zip (x.x.x bezeichnet Version)<\/td><\/tr><tr><th class=\"confluenceTh\" colspan=\"1\">Im Windows Installer<\/th><td class=\"confluenceTd\" colspan=\"1\"><div class=\"content-wrapper\"><p>Ja<\/p><\/div><\/td><\/tr><tr><th class=\"confluenceTh\" colspan=\"1\">Vorraussetzungen<\/th><td class=\"confluenceTd\" colspan=\"1\"><ul><li>PicApport-Server ben\u00f6tigt Internet-Zugriff<\/li><\/ul><\/td><\/tr><tr><th class=\"confluenceTh\" colspan=\"1\">Ben\u00f6tigte PicApport<br \/>Berechtigung des<br \/>Users<\/th><td class=\"confluenceTd\" colspan=\"1\"><div class=\"content-wrapper\"><ul><li>pap:editmeta:photo<br \/>Berechtigung Metadaten des Fotos zu bearbeiten. (Titel, Aufnahmedatum, usw.)<\/li><\/ul><\/div><\/td><\/tr><tr><th class=\"confluenceTh\">Downloadseite<\/th><td class=\"confluenceTd\"><a class=\"external-link\" href=\"https:\/\/www.picapport.de\/de\/add-ons.php\" rel=\"nofollow\">https:\/\/www.picapport.de\/de\/add-ons.php<\/a><\/td><\/tr><tr><th class=\"confluenceTh\" colspan=\"1\">Eingabeparameter<\/th><td class=\"confluenceTd\" colspan=\"1\"><ul><li><em><strong>\u00dcberschreibmodus<\/strong><\/em><br \/><ul><li><em>Schreibe nur wenn leer<\/em><br \/>Ruft den Webdienst nur dann auf, wenn noch keine Metadaten hierf\u00fcr ermittelt wurden<\/li><li><em>Immer \u00fcberschreiben<\/em><br \/>Ruft den Webdienst auf und \u00fcberschreibt evtl. bereits vorhandene Metadaten im XMP-Segment<\/li><li><em>keine \u00c4nderung (nur Testen)<\/em><br \/>Ruft den Webdienst auf, ohne die Metadaten in das Foto zu schreiben<\/li><li><em>OpenStreetMap Metadaten entfernen<\/em><br \/>L\u00f6scht die bereits ermittelten Daten im JSON Format aus dem XMP-Segment der jpg-Datei<\/li><li><em>OpenStreetMap Daten der Fotos anzeigen<\/em><br \/>Zeigt die bereits ermittelten Daten im JSON Format an.<br \/><br \/><\/li><\/ul><\/li><li><em><strong>Sprache<\/strong><\/em><br \/>gew\u00fcnschte Sprache, in der die Metadaten generiert werden sollen<br \/><br \/><\/li><li><strong><em>Analysiere Ergebnis<\/em><\/strong><br \/>Wenn gesetzt wird f\u00fcr jedes Foto das Ergebnis der OSM-Anfrage angezeigt.<\/li><\/ul><\/td><\/tr><tr><th class=\"confluenceTh\" colspan=\"1\">Metadaten<\/th><td class=\"confluenceTd\" colspan=\"1\"><ul><li class=\"auto-cursor-target\">XMP<br \/><em><strong>picapport:osm.org<br \/><br \/><\/strong><\/em><\/li><li class=\"auto-cursor-target\">PicApport Addon ID<br \/><em><strong>osm.org<br \/><br \/><\/strong><\/em><\/li><li class=\"auto-cursor-target\">Abfrage aller Fotos mit OSM Metadaten:<br \/><em><strong>addon:&#8220;osm.org&#8220;<\/strong><\/em><\/li><\/ul><\/td><\/tr><tr><th class=\"confluenceTh\" colspan=\"1\">PicApport<br \/>Datenbankfelder und<br \/>Operatoren<\/th><td class=\"confluenceTd\" colspan=\"1\"><div class=\"table-wrap\"><table class=\"wrapped confluenceTable tablesorter tablesorter-default\" role=\"grid\"><thead><tr class=\"tablesorter-headerRow\" role=\"row\"><th class=\"confluenceTh tablesorter-header sortableHeader tablesorter-headerUnSorted\" tabindex=\"0\" role=\"columnheader\" scope=\"col\" data-column=\"0\" aria-disabled=\"false\" aria-sort=\"none\" aria-label=\"PicApportFeld-Name: No sort applied, activate to apply an ascending sort\"><div class=\"tablesorter-header-inner\">PicApport<br \/>Feld-Name<\/div><\/th><th class=\"confluenceTh tablesorter-header sortableHeader tablesorter-headerUnSorted\" tabindex=\"0\" role=\"columnheader\" scope=\"col\" data-column=\"1\" aria-disabled=\"false\" aria-sort=\"none\" aria-label=\"Typ: No sort applied, activate to apply an ascending sort\"><div class=\"tablesorter-header-inner\">Typ<\/div><\/th><th class=\"confluenceTh tablesorter-header sortableHeader tablesorter-headerUnSorted\" tabindex=\"0\" role=\"columnheader\" scope=\"col\" data-column=\"2\" aria-disabled=\"false\" aria-sort=\"none\" aria-label=\"\u00dcber globalenVolltextindexabfragbar: No sort applied, activate to apply an ascending sort\"><div class=\"tablesorter-header-inner\">\u00dcber globalen<br \/>Volltextindex<br \/>abfragbar<\/div><\/th><th class=\"confluenceTh tablesorter-header sortableHeader tablesorter-headerUnSorted\" tabindex=\"0\" role=\"columnheader\" scope=\"col\" data-column=\"3\" aria-disabled=\"false\" aria-sort=\"none\" aria-label=\"Indextyp: No sort applied, activate to apply an ascending sort\"><div class=\"tablesorter-header-inner\"><p>Indextyp<\/p><\/div><\/th><th class=\"confluenceTh tablesorter-header sortableHeader tablesorter-headerUnSorted\" tabindex=\"0\" role=\"columnheader\" scope=\"col\" data-column=\"4\" aria-disabled=\"false\" aria-sort=\"none\" aria-label=\"Im Metadaten-report sichtbar: No sort applied, activate to apply an ascending sort\"><div class=\"tablesorter-header-inner\"><p>Im Metadaten-<br \/>report sichtbar<\/p><\/div><\/th><th class=\"confluenceTh tablesorter-header sortableHeader tablesorter-headerUnSorted\" tabindex=\"0\" role=\"columnheader\" scope=\"col\" data-column=\"5\" aria-disabled=\"false\" aria-sort=\"none\" aria-label=\"Beschreibung: No sort applied, activate to apply an ascending sort\"><div class=\"tablesorter-header-inner\">Beschreibung<\/div><\/th><th class=\"confluenceTh tablesorter-header sortableHeader tablesorter-headerUnSorted\" tabindex=\"0\" role=\"columnheader\" scope=\"col\" data-column=\"6\" aria-disabled=\"false\" aria-sort=\"none\" aria-label=\"Suchbeispiele: No sort applied, activate to apply an ascending sort\"><div class=\"tablesorter-header-inner\">Suchbeispiele<\/div><\/th><\/tr><\/thead><tbody aria-live=\"polite\" aria-relevant=\"all\"><tr role=\"row\"><td class=\"confluenceTd\"><em><strong>osm<\/strong><\/em><\/td><td class=\"confluenceTd\">String<\/td><td class=\"confluenceTd\">JA<\/td><td class=\"confluenceTd\">FULLTEXT<br \/>(mit Wildcards)<\/td><td class=\"confluenceTd\">JA<\/td><td class=\"confluenceTd\">Datenfeld\u00a0<em>&#8222;display_name&#8220;<\/em>\u00a0der<br \/>OSM-Anfrage<\/td><td class=\"confluenceTd\"><ul><li><em><strong>Deutschland<\/strong><\/em><br \/>(suche im globalen Volltextindex)<\/li><li><em><strong>osm:Deutschland<\/strong><\/em><br \/>(sucht nur in den OSM Metadaten)<\/li><li><em><strong>osm:*museum*<\/strong><\/em><br \/>(sucht\u00a0<em>Museum\u00a0<\/em>in allen m\u00f6glichen Varianten<\/li><\/ul><\/td><\/tr><tr role=\"row\"><td class=\"confluenceTd\"><em><strong>osmCountry<\/strong><\/em><\/td><td class=\"confluenceTd\"><p>String<\/p><\/td><td class=\"confluenceTd\">JA<\/td><td class=\"confluenceTd\"><p>FULLTEXT<br \/>(mit Wildcards)<\/p><\/td><td class=\"confluenceTd\">JA<\/td><td class=\"confluenceTd\">Datenfeld\u00a0<em>&#8222;country&#8220;<\/em>\u00a0der<br \/>OSM-Anfrage<\/td><td class=\"confluenceTd\"><ul><li><em><strong>osmcountry:Frankreich<\/strong><\/em><\/li><\/ul><\/td><\/tr><tr role=\"row\"><td class=\"confluenceTd\"><em><strong>osmState<\/strong><\/em><\/td><td class=\"confluenceTd\">String<\/td><td class=\"confluenceTd\"><p>JA<\/p><\/td><td class=\"confluenceTd\"><p>FULLTEXT<br \/>(mit Wildcards)<\/p><\/td><td class=\"confluenceTd\">JA<\/td><td class=\"confluenceTd\">Datenfeld\u00a0<em>&#8222;state&#8220;<\/em>\u00a0der<br \/>OSM-Anfrage<\/td><td class=\"confluenceTd\"><ul><li><em><strong>osmstate:pfalz<\/strong><\/em><\/li><li><em><strong>osmstate:&#8220;rheinland-pfalz&#8220;<\/strong><\/em><\/li><li><em><strong>osmstate:rhein*<\/strong><\/em><\/li><\/ul><\/td><\/tr><tr role=\"row\"><td class=\"confluenceTd\"><em><strong>osmPostcode<\/strong><\/em><\/td><td class=\"confluenceTd\">String<\/td><td class=\"confluenceTd\"><p>JA<\/p><\/td><td class=\"confluenceTd\">PicApport ID<br \/>(ohne Wildcards)<\/td><td class=\"confluenceTd\">JA<\/td><td class=\"confluenceTd\">Datenfeld\u00a0<em>&#8222;postcode&#8220;<\/em>\u00a0der<br \/>OSM-Anfrage<\/td><td class=\"confluenceTd\"><ul><li><em><strong>osmpostcode:67551<\/strong><\/em><\/li><\/ul><\/td><\/tr><tr role=\"row\"><td class=\"confluenceTd\"><em><strong>osmCity<\/strong><\/em><\/td><td class=\"confluenceTd\">String<\/td><td class=\"confluenceTd\"><p>JA<\/p><\/td><td class=\"confluenceTd\"><p>FULLTEXT<br \/>(mit Wildcards)<\/p><\/td><td class=\"confluenceTd\">JA<\/td><td class=\"confluenceTd\">Datenfeld\u00a0<em>&#8222;city, town, village&#8220;<\/em>\u00a0der<br \/>OSM-Anfrage<\/td><td class=\"confluenceTd\"><ul><li><em><strong>osmCity:hamburg<\/strong><\/em><\/li><li><em><strong>osmCity:&#8220;Ludwigshafen am Rhein&#8220;<\/strong><\/em><\/li><li><em><strong>osmCity:*burg<\/strong><\/em><\/li><\/ul><\/td><\/tr><tr role=\"row\"><td class=\"confluenceTd\"><em><strong>osmRoad<\/strong><\/em><\/td><td class=\"confluenceTd\">String<\/td><td class=\"confluenceTd\"><p>JA<\/p><\/td><td class=\"confluenceTd\"><p>FULLTEXT<br \/>(mit Wildcards)<\/p><\/td><td class=\"confluenceTd\">JA<\/td><td class=\"confluenceTd\">Datenfeld\u00a0<em>&#8222;road&#8220;<\/em>\u00a0der<br \/>OSM-Anfrage<\/td><td class=\"confluenceTd\"><ul><li><em><strong>osmRoad:Hauptstr*<\/strong><\/em><\/li><\/ul><\/td><\/tr><\/tbody><\/table><\/div><\/td><\/tr><\/tbody><\/table>\t\t\t\t\t\t<\/div>\n\t\t\t\t<\/div>\n\t\t\t\t\t<\/div>\n\t\t\t\t<\/div>\n\t\t\t\t<\/div>\n\t\t","protected":false},"excerpt":{"rendered":"<p>PicApport Add-on: OpenStreetMap Geo-Reverse-Encoder Nutzt\u00a0OpenStreetMap\u00a0(OSM)\u00a0zum Anreichern der Foto-Metadaten (Fotos m\u00fcssen f\u00fcr diese Funktion Geokoordinaten enthalten) und erweitert die PicApport-Datenbank um weitere Suchfelder (siehe Beispiel im 3. Screenshot unten). Screenshots Eigenschaften Name des Addons OpenStreetMap (OSM) Inverse Geokodierung Typ Prozedur und Datenbankerweiterung Beschreibung Ermittelt unter Beachtung der Usage-policy von\u00a0https:\/\/nominatim.org\/\u00a0\u00a0 zus\u00e4tzliche Metadaten der selektierten Fotos, die direkt [&hellip;]<\/p>\n","protected":false},"author":1,"featured_media":0,"parent":0,"menu_order":0,"comment_status":"closed","ping_status":"closed","template":"","meta":{"footnotes":""},"class_list":["post-370","page","type-page","status-publish","hentry","entry"],"_links":{"self":[{"href":"https:\/\/contecon.de\/picapportwiki\/wp-json\/wp\/v2\/pages\/370","targetHints":{"allow":["GET"]}}],"collection":[{"href":"https:\/\/contecon.de\/picapportwiki\/wp-json\/wp\/v2\/pages"}],"about":[{"href":"https:\/\/contecon.de\/picapportwiki\/wp-json\/wp\/v2\/types\/page"}],"author":[{"embeddable":true,"href":"https:\/\/contecon.de\/picapportwiki\/wp-json\/wp\/v2\/users\/1"}],"replies":[{"embeddable":true,"href":"https:\/\/contecon.de\/picapportwiki\/wp-json\/wp\/v2\/comments?post=370"}],"version-history":[{"count":8,"href":"https:\/\/contecon.de\/picapportwiki\/wp-json\/wp\/v2\/pages\/370\/revisions"}],"predecessor-version":[{"id":2584,"href":"https:\/\/contecon.de\/picapportwiki\/wp-json\/wp\/v2\/pages\/370\/revisions\/2584"}],"wp:attachment":[{"href":"https:\/\/contecon.de\/picapportwiki\/wp-json\/wp\/v2\/media?parent=370"}],"curies":[{"name":"wp","href":"https:\/\/api.w.org\/{rel}","templated":true}]}}