{"id":364,"date":"2024-02-14T15:00:45","date_gmt":"2024-02-14T14:00:45","guid":{"rendered":"https:\/\/contecon.de\/picapportwiki\/?page_id=364"},"modified":"2024-05-24T15:38:20","modified_gmt":"2024-05-24T13:38:20","slug":"picapport-add-on-guide","status":"publish","type":"page","link":"https:\/\/contecon.de\/picapportwiki\/picapport-add-on-guide\/","title":{"rendered":"PicApport Add-on Guide (DE)"},"content":{"rendered":"\t\t<div data-elementor-type=\"wp-page\" data-elementor-id=\"364\" class=\"elementor elementor-364\">\n\t\t\t\t<div class=\"elementor-element elementor-element-98c8715 e-flex e-con-boxed e-con e-parent\" data-id=\"98c8715\" data-element_type=\"container\" data-settings=\"{&quot;content_width&quot;:&quot;boxed&quot;}\" data-core-v316-plus=\"true\">\n\t\t\t\t\t<div class=\"e-con-inner\">\n\t\t\t\t<div class=\"elementor-element elementor-element-a8b0ae9 elementor-widget elementor-widget-heading\" data-id=\"a8b0ae9\" data-element_type=\"widget\" data-widget_type=\"heading.default\">\n\t\t\t\t<div class=\"elementor-widget-container\">\n\t\t\t<style>\/*! elementor - v3.19.0 - 07-02-2024 *\/\n.elementor-heading-title{padding:0;margin:0;line-height:1}.elementor-widget-heading .elementor-heading-title[class*=elementor-size-]>a{color:inherit;font-size:inherit;line-height:inherit}.elementor-widget-heading .elementor-heading-title.elementor-size-small{font-size:15px}.elementor-widget-heading .elementor-heading-title.elementor-size-medium{font-size:19px}.elementor-widget-heading .elementor-heading-title.elementor-size-large{font-size:29px}.elementor-widget-heading .elementor-heading-title.elementor-size-xl{font-size:39px}.elementor-widget-heading .elementor-heading-title.elementor-size-xxl{font-size:59px}<\/style><h2 class=\"elementor-heading-title elementor-size-default\">PicApport Add-on Guide<\/h2>\t\t<\/div>\n\t\t\t\t<\/div>\n\t\t\t\t\t<\/div>\n\t\t\t\t<\/div>\n\t\t<div class=\"elementor-element elementor-element-e6ceeba e-flex e-con-boxed e-con e-parent\" data-id=\"e6ceeba\" data-element_type=\"container\" data-settings=\"{&quot;content_width&quot;:&quot;boxed&quot;}\" data-core-v316-plus=\"true\">\n\t\t\t\t\t<div class=\"e-con-inner\">\n\t\t\t\t<div class=\"elementor-element elementor-element-a96451c elementor-widget elementor-widget-heading\" data-id=\"a96451c\" data-element_type=\"widget\" data-widget_type=\"heading.default\">\n\t\t\t\t<div class=\"elementor-widget-container\">\n\t\t\t<h3 class=\"elementor-heading-title elementor-size-default\">Was ist ein Add-on?<\/h3>\t\t<\/div>\n\t\t\t\t<\/div>\n\t\t\t\t\t<\/div>\n\t\t\t\t<\/div>\n\t\t<div class=\"elementor-element elementor-element-d73d6f3 e-flex e-con-boxed e-con e-parent\" data-id=\"d73d6f3\" data-element_type=\"container\" data-settings=\"{&quot;content_width&quot;:&quot;boxed&quot;}\" data-core-v316-plus=\"true\">\n\t\t\t\t\t<div class=\"e-con-inner\">\n\t\t\t\t<div class=\"elementor-element elementor-element-1c2ed4c elementor-widget elementor-widget-text-editor\" data-id=\"1c2ed4c\" data-element_type=\"widget\" data-widget_type=\"text-editor.default\">\n\t\t\t\t<div class=\"elementor-widget-container\">\n\t\t\t<style>\/*! elementor - v3.19.0 - 07-02-2024 *\/\n.elementor-widget-text-editor.elementor-drop-cap-view-stacked .elementor-drop-cap{background-color:#69727d;color:#fff}.elementor-widget-text-editor.elementor-drop-cap-view-framed .elementor-drop-cap{color:#69727d;border:3px solid;background-color:transparent}.elementor-widget-text-editor:not(.elementor-drop-cap-view-default) .elementor-drop-cap{margin-top:8px}.elementor-widget-text-editor:not(.elementor-drop-cap-view-default) .elementor-drop-cap-letter{width:1em;height:1em}.elementor-widget-text-editor .elementor-drop-cap{float:left;text-align:center;line-height:1;font-size:50px}.elementor-widget-text-editor .elementor-drop-cap-letter{display:inline-block}<\/style>\t\t\t\t<p>Add-ons wurden in PicApport Version 9 eingef\u00fchrt und erm\u00f6glichen es, die Funktionalit\u00e4t von PicApport zu erweitern. Einsatzszenarios sind:<\/p><ul><li>Benutzen von externen Tools oder Webdiensten, um Fotos mit weiteren Metadaten anzureichern, wie z.B. automatisches Taggen usw.<br \/><br \/><\/li><li>Benutzen von externen Tools oder Webdiensten, um mit Fotos irgendetwas zu machen, wie z.B. (Upload, versenden, usw.)<br \/><br \/><\/li><li>Erweitern der PicApport-Datenbank um eigene Datenfelder wie z.B. Projektnummern, Kundennummer, usw.<br \/><br \/><\/li><li>Erweiterte Filterm\u00f6glichkeiten des PicApport internen Crawlers<br \/><br \/><\/li><\/ul><p>Mit Erscheinen von PicApport 9 stehen bereits 8 fertige Add-ons zur Verf\u00fcgung (siehe weiter unten)<\/p>\t\t\t\t\t\t<\/div>\n\t\t\t\t<\/div>\n\t\t\t\t\t<\/div>\n\t\t\t\t<\/div>\n\t\t<div class=\"elementor-element elementor-element-19ba7da e-flex e-con-boxed e-con e-parent\" data-id=\"19ba7da\" data-element_type=\"container\" data-settings=\"{&quot;content_width&quot;:&quot;boxed&quot;}\" data-core-v316-plus=\"true\">\n\t\t\t\t\t<div class=\"e-con-inner\">\n\t\t\t\t<div class=\"elementor-element elementor-element-c790f98 elementor-widget elementor-widget-heading\" data-id=\"c790f98\" data-element_type=\"widget\" data-widget_type=\"heading.default\">\n\t\t\t\t<div class=\"elementor-widget-container\">\n\t\t\t<h3 class=\"elementor-heading-title elementor-size-default\">Eigenschaften von Add-ons<\/h3>\t\t<\/div>\n\t\t\t\t<\/div>\n\t\t\t\t\t<\/div>\n\t\t\t\t<\/div>\n\t\t<div class=\"elementor-element elementor-element-8638c4b e-flex e-con-boxed e-con e-parent\" data-id=\"8638c4b\" data-element_type=\"container\" data-settings=\"{&quot;content_width&quot;:&quot;boxed&quot;}\" data-core-v316-plus=\"true\">\n\t\t\t\t\t<div class=\"e-con-inner\">\n\t\t\t\t<div class=\"elementor-element elementor-element-11c988a elementor-widget elementor-widget-text-editor\" data-id=\"11c988a\" data-element_type=\"widget\" data-widget_type=\"text-editor.default\">\n\t\t\t\t<div class=\"elementor-widget-container\">\n\t\t\t\t\t\t\t<ul><li>Add-ons sind in der Programmiersprache Groovy erstellte Skripte welche die Funktionalit\u00e4t des PicApportServers erweitern<br \/><br \/><\/li><li>Alle Add-ons sind im Sourcecode installiert und k\u00f6nnen bei Bedarf angepasst werden.<br \/><br \/><\/li><li>Stand September 2020 (Version 9.0) gibt es 3 Arten von Add-ons:<br \/><br \/><ul><li>Prozeduren (pagp)<br \/>Die Scripte werden vom Anwender serverseitig f\u00fcr selektierte Fotos der Thumbnail-View aufgerufen<br \/><br \/><\/li><li>Felderweiterung der Datenbank (pagf)<br \/>Erweitert die PicApport interne Datenbank um neue Datenfelder mit folgenden M\u00f6glichkeiten:<ul><li>Felder k\u00f6nnen optional in der globalen Volltextsuche verf\u00fcgbar gemacht werden<\/li><li>Felder k\u00f6nnen selbst als Index mit folgenden M\u00f6glichkeiten angesprochen werden:<ul><li>Volltext mit Wildcardsupport<\/li><li>PicApport hierarchischer Index mit Wildcardsupport<\/li><li>ID-Index ohne Wildcardsupport<br \/><br \/><\/li><\/ul><\/li><\/ul><\/li><li>Crawlerfilter (pagc)<br \/>Erweitert den PicApport Crawler um weitere Dateifilterm\u00f6glichkeiten.<\/li><\/ul><\/li><\/ul>\t\t\t\t\t\t<\/div>\n\t\t\t\t<\/div>\n\t\t\t\t\t<\/div>\n\t\t\t\t<\/div>\n\t\t<div class=\"elementor-element elementor-element-036af72 e-flex e-con-boxed e-con e-parent\" data-id=\"036af72\" data-element_type=\"container\" data-settings=\"{&quot;content_width&quot;:&quot;boxed&quot;}\" data-core-v316-plus=\"true\">\n\t\t\t\t\t<div class=\"e-con-inner\">\n\t\t\t\t<div class=\"elementor-element elementor-element-ccfefbb elementor-widget elementor-widget-heading\" data-id=\"ccfefbb\" data-element_type=\"widget\" data-widget_type=\"heading.default\">\n\t\t\t\t<div class=\"elementor-widget-container\">\n\t\t\t<h3 class=\"elementor-heading-title elementor-size-default\">Wie wird ein Add-on installiert?<\/h3>\t\t<\/div>\n\t\t\t\t<\/div>\n\t\t\t\t\t<\/div>\n\t\t\t\t<\/div>\n\t\t<div class=\"elementor-element elementor-element-8245529 e-flex e-con-boxed e-con e-parent\" data-id=\"8245529\" data-element_type=\"container\" data-settings=\"{&quot;content_width&quot;:&quot;boxed&quot;}\" data-core-v316-plus=\"true\">\n\t\t\t\t\t<div class=\"e-con-inner\">\n\t\t\t\t<div class=\"elementor-element elementor-element-4a41460 elementor-widget elementor-widget-text-editor\" data-id=\"4a41460\" data-element_type=\"widget\" data-widget_type=\"text-editor.default\">\n\t\t\t\t<div class=\"elementor-widget-container\">\n\t\t\t\t\t\t\t<ul><li><p>Jedes Add-on wird in Form einer einzelnen ZIP-Datei bereitgestellt.<br \/>Die Installation erfolgt durch einfaches Kopieren dieser Datei auf den Server.<\/p><\/li><li>Die Beschreibung dazu gibt es hier:\u00a0<a href=\"https:\/\/contecon.de\/picapportwiki\/picapport-add-on-installation-guide\/\">PicApport Add-on Installation Guide<\/a>\u00a0<\/li><\/ul>\t\t\t\t\t\t<\/div>\n\t\t\t\t<\/div>\n\t\t\t\t\t<\/div>\n\t\t\t\t<\/div>\n\t\t<div class=\"elementor-element elementor-element-6455895 e-flex e-con-boxed e-con e-parent\" data-id=\"6455895\" data-element_type=\"container\" data-settings=\"{&quot;content_width&quot;:&quot;boxed&quot;}\" data-core-v316-plus=\"true\">\n\t\t\t\t\t<div class=\"e-con-inner\">\n\t\t\t\t<div class=\"elementor-element elementor-element-1b9e086 elementor-widget elementor-widget-heading\" data-id=\"1b9e086\" data-element_type=\"widget\" data-widget_type=\"heading.default\">\n\t\t\t\t<div class=\"elementor-widget-container\">\n\t\t\t<h3 class=\"elementor-heading-title elementor-size-default\">Anwendung der Add-ons<\/h3>\t\t<\/div>\n\t\t\t\t<\/div>\n\t\t\t\t\t<\/div>\n\t\t\t\t<\/div>\n\t\t<div class=\"elementor-element elementor-element-7959e20 e-flex e-con-boxed e-con e-parent\" data-id=\"7959e20\" data-element_type=\"container\" data-settings=\"{&quot;content_width&quot;:&quot;boxed&quot;}\" data-core-v316-plus=\"true\">\n\t\t\t\t\t<div class=\"e-con-inner\">\n\t\t\t\t<div class=\"elementor-element elementor-element-c4c52d4 elementor-widget elementor-widget-text-editor\" data-id=\"c4c52d4\" data-element_type=\"widget\" data-widget_type=\"text-editor.default\">\n\t\t\t\t<div class=\"elementor-widget-container\">\n\t\t\t\t\t\t\t<p>Werden in der Thumbnailansicht Bilder selektiert, erscheint im \u00fcblichen Men\u00fcband ein neuer Men\u00fcpunkt \u201eAdd-ons\u201c. \u00dcber diesen Men\u00fcpunkt k\u00f6nnen die einzelnen Add-ons ausgew\u00e4hlt und auf die selektierten Bilder angewendet werden.<\/p>\t\t\t\t\t\t<\/div>\n\t\t\t\t<\/div>\n\t\t\t\t\t<\/div>\n\t\t\t\t<\/div>\n\t\t<div class=\"elementor-element elementor-element-387a310 e-flex e-con-boxed e-con e-parent\" data-id=\"387a310\" data-element_type=\"container\" data-settings=\"{&quot;content_width&quot;:&quot;boxed&quot;}\" data-core-v316-plus=\"true\">\n\t\t\t\t\t<div class=\"e-con-inner\">\n\t\t\t\t<div class=\"elementor-element elementor-element-5ad8374 elementor-widget elementor-widget-image\" data-id=\"5ad8374\" data-element_type=\"widget\" data-widget_type=\"image.default\">\n\t\t\t\t<div class=\"elementor-widget-container\">\n\t\t\t<style>\/*! elementor - v3.19.0 - 07-02-2024 *\/\n.elementor-widget-image{text-align:center}.elementor-widget-image a{display:inline-block}.elementor-widget-image a img[src$=\".svg\"]{width:48px}.elementor-widget-image img{vertical-align:middle;display:inline-block}<\/style>\t\t\t\t\t\t\t\t\t\t<img fetchpriority=\"high\" decoding=\"async\" width=\"1024\" height=\"584\" src=\"https:\/\/contecon.de\/picapportwiki\/wp-content\/uploads\/2024\/02\/Add-Ons_DE-1024x584.png\" class=\"attachment-large size-large wp-image-366\" alt=\"\" srcset=\"https:\/\/contecon.de\/picapportwiki\/wp-content\/uploads\/2024\/02\/Add-Ons_DE-1024x584.png 1024w, https:\/\/contecon.de\/picapportwiki\/wp-content\/uploads\/2024\/02\/Add-Ons_DE-300x171.png 300w, https:\/\/contecon.de\/picapportwiki\/wp-content\/uploads\/2024\/02\/Add-Ons_DE-768x438.png 768w, https:\/\/contecon.de\/picapportwiki\/wp-content\/uploads\/2024\/02\/Add-Ons_DE.png 1300w\" sizes=\"(max-width: 1024px) 100vw, 1024px\" \/>\t\t\t\t\t\t\t\t\t\t\t\t\t<\/div>\n\t\t\t\t<\/div>\n\t\t\t\t\t<\/div>\n\t\t\t\t<\/div>\n\t\t<div class=\"elementor-element elementor-element-98746e3 e-flex e-con-boxed e-con e-parent\" data-id=\"98746e3\" data-element_type=\"container\" data-settings=\"{&quot;content_width&quot;:&quot;boxed&quot;}\" data-core-v316-plus=\"true\">\n\t\t\t\t\t<div class=\"e-con-inner\">\n\t\t\t\t<div class=\"elementor-element elementor-element-4135aea elementor-widget elementor-widget-heading\" data-id=\"4135aea\" data-element_type=\"widget\" data-widget_type=\"heading.default\">\n\t\t\t\t<div class=\"elementor-widget-container\">\n\t\t\t<h3 class=\"elementor-heading-title elementor-size-default\">Liste der Verf\u00fcgbaren Add-on's<\/h3>\t\t<\/div>\n\t\t\t\t<\/div>\n\t\t\t\t\t<\/div>\n\t\t\t\t<\/div>\n\t\t<div class=\"elementor-element elementor-element-8d9364a e-flex e-con-boxed e-con e-parent\" data-id=\"8d9364a\" data-element_type=\"container\" data-settings=\"{&quot;content_width&quot;:&quot;boxed&quot;}\" data-core-v316-plus=\"true\">\n\t\t\t\t\t<div class=\"e-con-inner\">\n\t\t\t\t<div class=\"elementor-element elementor-element-90fd10b elementor-widget elementor-widget-text-editor\" data-id=\"90fd10b\" data-element_type=\"widget\" data-widget_type=\"text-editor.default\">\n\t\t\t\t<div class=\"elementor-widget-container\">\n\t\t\t\t\t\t\t<ul><li><a href=\"https:\/\/contecon.de\/picapportwiki\/picapport-add-on-openstreetmap-geo-reverse-encoder\/\">PicApport Add-on: OpenStreetMap Geo-Reverse-Encoder<\/a><br \/>Nutzt\u00a0<em><strong><a class=\"external-link\" href=\"https:\/\/www.openstreetmap.org\/\" rel=\"nofollow\">OpenStreetMap<\/a><\/strong><\/em>\u00a0<em><strong>(OSM)<\/strong>\u00a0<\/em>zum Anreichern der Foto-Metadaten (Fotos m\u00fcssen f\u00fcr diese Funktion Geokoordinaten enthalten) und erweitert die PicApport-Datenbank um weitere Suchfelder.<\/li><li><a href=\"https:\/\/contecon.de\/picapportwiki\/picapport-add-on-tagyour-photos-typ-automatisches-taggen-von-fotos\/\">PicApport Add-on: TagYour.Photos (TYP) Automatisches Taggen von Fotos<\/a><br \/>Nutzt den KI-basierten Webdienst\u00a0<em><strong><a class=\"external-link\" href=\"https:\/\/www.tagyour.photos\/\" rel=\"nofollow\">TagYour.Photos<\/a><\/strong><\/em>\u00a0<em><strong>(TYP)<\/strong>\u00a0<\/em>zum Anreichern der Foto-Metadaten aufgrund der Bildinhalte und erweitert die PicApport-Datenbank um weitere Suchfelder.<br \/>Wir empfehlen dieses Add-on zum Taggen in Deutscher Sprache.<\/li><li><a href=\"https:\/\/contecon.de\/picapportwiki\/picapport-add-on-imagga-automatisches-taggen-von-fotos\/\">PicApport Add-on: Imagga &#8211; Automatisches Taggen von Fotos<\/a><br \/>Nutzt den KI basieren Webdienst\u00a0<em><a class=\"external-link\" href=\"https:\/\/imagga.com\/\" rel=\"nofollow\">https:\/\/imagga.com\/<\/a><\/em><em>\u00a0<\/em>zum Anreichern der Foto-Metadaten aufgrund der Bildinhalte und erweitert die PicApport-Datenbank um weitere Suchfelder<\/li><li><a href=\"https:\/\/contecon.de\/picapportwiki\/picapport-add-on-geojson-reiseroute-generator\/\">PicApport Add-on: GEOJSON Reiseroute Generator<\/a><br \/>Nutzt den Webdienst\u00a0<em><strong><a class=\"external-link\" href=\"https:\/\/openrouteservice.org\/\" rel=\"nofollow\">openrouteservice.org<\/a><\/strong><\/em>\u00a0um auf Basis der Geodaten der selektierten Fotos eine Reiseroute im GEOJSON-Format zu erzeugen.<\/li><li><a href=\"https:\/\/contecon.de\/picapportwiki\/picapport-add-on-metadaten-analysieren\/\">PicApport Add-on: Metadaten analysieren<\/a><br \/>Listet s\u00e4mtliche Foto-Metadaten\u00a0sehr detailliert und in Segmenten gruppiert auf\u00a0und ist somit ein sehr n\u00fctzliches Tool f\u00fcr alle, die sich mit Foto-Metadaten besch\u00e4ftigen.<\/li><li><a href=\"https:\/\/contecon.de\/picapportwiki\/picapport-add-on-anzeige-exiftool-metadaten\/\">PicApport Add-on: Anzeige ExifTool Metadaten<\/a><br \/>Nutzt ein auf dem Server installiertes ExifTool(<a class=\"external-link\" href=\"https:\/\/exiftool.org\/\" rel=\"nofollow\">https:\/\/exiftool.org<\/a>) zum Anzeigen von Metadaten.<\/li><li><a href=\"https:\/\/contecon.de\/picapportwiki\/picapport-add-on-nonjpgtitlefield\/\">PicApport Add-on: NonJpgTitleField<\/a><br \/>Dieses Add-on erzeugt bei allen Thumbnails von nicht-jpg-Dateien einen roten Titel.<\/li><li><a href=\"https:\/\/contecon.de\/picapportwiki\/picapport-add-on-privatefilefilter\/\">PicApport Add-on: PrivateFileFilter<\/a><br \/>Dieses Add-on ist eine Vorlage f\u00fcr einen erweiterten Dateifilter f\u00fcr den PicApport-Crawler.<\/li><li><a href=\"https:\/\/contecon.de\/picapportwiki\/picapport-add-on-groovyprocedurestesttool\/\">PicApport Add-on: GroovyProceduresTestTool<\/a><br \/>Dieses Add-on richtet sich ausschlie\u00dflich an Entwickler. Es dient als Vorlage f\u00fcr eigene Projekte um Prozeduren zu schreiben.<\/li><\/ul>\t\t\t\t\t\t<\/div>\n\t\t\t\t<\/div>\n\t\t\t\t\t<\/div>\n\t\t\t\t<\/div>\n\t\t<div class=\"elementor-element elementor-element-34ca0c5 e-flex e-con-boxed e-con e-parent\" data-id=\"34ca0c5\" data-element_type=\"container\" data-settings=\"{&quot;content_width&quot;:&quot;boxed&quot;}\" data-core-v316-plus=\"true\">\n\t\t\t\t\t<div class=\"e-con-inner\">\n\t\t\t\t<div class=\"elementor-element elementor-element-be023a3 elementor-widget elementor-widget-heading\" data-id=\"be023a3\" data-element_type=\"widget\" data-widget_type=\"heading.default\">\n\t\t\t\t<div class=\"elementor-widget-container\">\n\t\t\t<h3 class=\"elementor-heading-title elementor-size-default\">Add-on Referenz f\u00fcr Entwickler<\/h3>\t\t<\/div>\n\t\t\t\t<\/div>\n\t\t\t\t\t<\/div>\n\t\t\t\t<\/div>\n\t\t<div class=\"elementor-element elementor-element-208cbd5 e-flex e-con-boxed e-con e-parent\" data-id=\"208cbd5\" data-element_type=\"container\" data-settings=\"{&quot;content_width&quot;:&quot;boxed&quot;}\" data-core-v316-plus=\"true\">\n\t\t\t\t\t<div class=\"e-con-inner\">\n\t\t\t\t<div class=\"elementor-element elementor-element-f014eed elementor-widget elementor-widget-text-editor\" data-id=\"f014eed\" data-element_type=\"widget\" data-widget_type=\"text-editor.default\">\n\t\t\t\t<div class=\"elementor-widget-container\">\n\t\t\t\t\t\t\t<p>Das Handbuch f\u00fcr Entwickler ist im englischsprachigen Teil unseres Wikis verf\u00fcgbar: Siehe\u00a0<a href=\"https:\/\/contecon.de\/picapportwiki\/picapport-add-on-programming-reference\/\">PicApport Add-on Programming Reference<\/a><\/p>\t\t\t\t\t\t<\/div>\n\t\t\t\t<\/div>\n\t\t\t\t\t<\/div>\n\t\t\t\t<\/div>\n\t\t\t\t<\/div>\n\t\t","protected":false},"excerpt":{"rendered":"<p>PicApport Add-on Guide Was ist ein Add-on? Add-ons wurden in PicApport Version 9 eingef\u00fchrt und erm\u00f6glichen es, die Funktionalit\u00e4t von PicApport zu erweitern. Einsatzszenarios sind: Benutzen von externen Tools oder Webdiensten, um Fotos mit weiteren Metadaten anzureichern, wie z.B. automatisches Taggen usw. Benutzen von externen Tools oder Webdiensten, um mit Fotos irgendetwas zu machen, wie [&hellip;]<\/p>\n","protected":false},"author":1,"featured_media":0,"parent":0,"menu_order":0,"comment_status":"closed","ping_status":"closed","template":"","meta":{"footnotes":""},"class_list":["post-364","page","type-page","status-publish","hentry","entry"],"_links":{"self":[{"href":"https:\/\/contecon.de\/picapportwiki\/wp-json\/wp\/v2\/pages\/364","targetHints":{"allow":["GET"]}}],"collection":[{"href":"https:\/\/contecon.de\/picapportwiki\/wp-json\/wp\/v2\/pages"}],"about":[{"href":"https:\/\/contecon.de\/picapportwiki\/wp-json\/wp\/v2\/types\/page"}],"author":[{"embeddable":true,"href":"https:\/\/contecon.de\/picapportwiki\/wp-json\/wp\/v2\/users\/1"}],"replies":[{"embeddable":true,"href":"https:\/\/contecon.de\/picapportwiki\/wp-json\/wp\/v2\/comments?post=364"}],"version-history":[{"count":8,"href":"https:\/\/contecon.de\/picapportwiki\/wp-json\/wp\/v2\/pages\/364\/revisions"}],"predecessor-version":[{"id":2298,"href":"https:\/\/contecon.de\/picapportwiki\/wp-json\/wp\/v2\/pages\/364\/revisions\/2298"}],"wp:attachment":[{"href":"https:\/\/contecon.de\/picapportwiki\/wp-json\/wp\/v2\/media?parent=364"}],"curies":[{"name":"wp","href":"https:\/\/api.w.org\/{rel}","templated":true}]}}