{"id":327,"date":"2024-02-14T14:30:20","date_gmt":"2024-02-14T13:30:20","guid":{"rendered":"https:\/\/contecon.de\/picapportwiki\/?page_id=327"},"modified":"2024-05-24T14:00:39","modified_gmt":"2024-05-24T12:00:39","slug":"installation-von-picapport-auf-einem-raspberry-pi3","status":"publish","type":"page","link":"https:\/\/contecon.de\/picapportwiki\/installation-von-picapport-auf-einem-raspberry-pi3\/","title":{"rendered":"Installation von PicApport auf einem Raspberry Pi3"},"content":{"rendered":"\t\t<div data-elementor-type=\"wp-page\" data-elementor-id=\"327\" class=\"elementor elementor-327\">\n\t\t\t\t<div class=\"elementor-element elementor-element-2361894 e-flex e-con-boxed e-con e-parent\" data-id=\"2361894\" data-element_type=\"container\" data-settings=\"{&quot;content_width&quot;:&quot;boxed&quot;}\" data-core-v316-plus=\"true\">\n\t\t\t\t\t<div class=\"e-con-inner\">\n\t\t\t\t<div class=\"elementor-element elementor-element-c718122 elementor-widget elementor-widget-heading\" data-id=\"c718122\" data-element_type=\"widget\" data-widget_type=\"heading.default\">\n\t\t\t\t<div class=\"elementor-widget-container\">\n\t\t\t<style>\/*! elementor - v3.19.0 - 07-02-2024 *\/\n.elementor-heading-title{padding:0;margin:0;line-height:1}.elementor-widget-heading .elementor-heading-title[class*=elementor-size-]>a{color:inherit;font-size:inherit;line-height:inherit}.elementor-widget-heading .elementor-heading-title.elementor-size-small{font-size:15px}.elementor-widget-heading .elementor-heading-title.elementor-size-medium{font-size:19px}.elementor-widget-heading .elementor-heading-title.elementor-size-large{font-size:29px}.elementor-widget-heading .elementor-heading-title.elementor-size-xl{font-size:39px}.elementor-widget-heading .elementor-heading-title.elementor-size-xxl{font-size:59px}<\/style><h2 class=\"elementor-heading-title elementor-size-default\">Installation von PicApport auf einem Raspberry Pi3<\/h2>\t\t<\/div>\n\t\t\t\t<\/div>\n\t\t\t\t\t<\/div>\n\t\t\t\t<\/div>\n\t\t<div class=\"elementor-element elementor-element-75b7012 e-flex e-con-boxed e-con e-parent\" data-id=\"75b7012\" data-element_type=\"container\" data-settings=\"{&quot;content_width&quot;:&quot;boxed&quot;}\" data-core-v316-plus=\"true\">\n\t\t\t\t\t<div class=\"e-con-inner\">\n\t\t\t\t<div class=\"elementor-element elementor-element-575e73c elementor-widget elementor-widget-text-editor\" data-id=\"575e73c\" data-element_type=\"widget\" data-widget_type=\"text-editor.default\">\n\t\t\t\t<div class=\"elementor-widget-container\">\n\t\t\t<style>\/*! elementor - v3.19.0 - 07-02-2024 *\/\n.elementor-widget-text-editor.elementor-drop-cap-view-stacked .elementor-drop-cap{background-color:#69727d;color:#fff}.elementor-widget-text-editor.elementor-drop-cap-view-framed .elementor-drop-cap{color:#69727d;border:3px solid;background-color:transparent}.elementor-widget-text-editor:not(.elementor-drop-cap-view-default) .elementor-drop-cap{margin-top:8px}.elementor-widget-text-editor:not(.elementor-drop-cap-view-default) .elementor-drop-cap-letter{width:1em;height:1em}.elementor-widget-text-editor .elementor-drop-cap{float:left;text-align:center;line-height:1;font-size:50px}.elementor-widget-text-editor .elementor-drop-cap-letter{display:inline-block}<\/style>\t\t\t\t<div class=\"confluence-information-macro confluence-information-macro-warning conf-macro output-block\" data-hasbody=\"true\" data-macro-name=\"warning\"><p class=\"title\">Java Version<\/p><div class=\"confluence-information-macro-body\"><p>Es wird dringend empfohlen\u00a0<strong>Java von Oracle<\/strong>\u00a0zu benutzen, da die Startzeiten des Servers mit OpenJDK auf 10 Minuten oder h\u00f6her steigen k\u00f6nnen.<\/p><\/div><\/div><p>Diese Anleitung beschreibt wie man\u00a0<strong>PicApport<\/strong>\u00a0auf einem\u00a0<strong>Raspberry Pi<\/strong>\u00a0installiert<\/p>\t\t\t\t\t\t<\/div>\n\t\t\t\t<\/div>\n\t\t\t\t\t<\/div>\n\t\t\t\t<\/div>\n\t\t<div class=\"elementor-element elementor-element-1c3c5e7 e-flex e-con-boxed e-con e-parent\" data-id=\"1c3c5e7\" data-element_type=\"container\" data-settings=\"{&quot;content_width&quot;:&quot;boxed&quot;}\" data-core-v316-plus=\"true\">\n\t\t\t\t\t<div class=\"e-con-inner\">\n\t\t\t\t<div class=\"elementor-element elementor-element-998007a elementor-widget elementor-widget-heading\" data-id=\"998007a\" data-element_type=\"widget\" data-widget_type=\"heading.default\">\n\t\t\t\t<div class=\"elementor-widget-container\">\n\t\t\t<h3 class=\"elementor-heading-title elementor-size-default\">Installation<\/h3>\t\t<\/div>\n\t\t\t\t<\/div>\n\t\t\t\t\t<\/div>\n\t\t\t\t<\/div>\n\t\t<div class=\"elementor-element elementor-element-4705618 e-flex e-con-boxed e-con e-parent\" data-id=\"4705618\" data-element_type=\"container\" data-settings=\"{&quot;content_width&quot;:&quot;boxed&quot;}\" data-core-v316-plus=\"true\">\n\t\t\t\t\t<div class=\"e-con-inner\">\n\t\t\t\t<div class=\"elementor-element elementor-element-8131ccb elementor-widget elementor-widget-text-editor\" data-id=\"8131ccb\" data-element_type=\"widget\" data-widget_type=\"text-editor.default\">\n\t\t\t\t<div class=\"elementor-widget-container\">\n\t\t\t\t\t\t\t<h3 id=\"InstallationvonPicApportaufeinemRaspberryPi3-RaspberryPiInstallation\">Raspberry Pi Installation<\/h3><p>F\u00fcr Neueinsteiger empfehlen wir Raspbian als Betriebssystem f\u00fcr ein schnellen Erfolg.<br \/>Nat\u00fcrlich werden OSMC und andere Distributionen auch unterst\u00fctzt, je nach Leistung Ihres Raspberry sollten sie evtl. ein flaches System w\u00e4hlen.<\/p><ol><li>Installation des Betriebssystem (falls noch nicht geschehen)<ol><li>Dazu die Schritte auf:\u00a0<a class=\"external-link\" href=\"https:\/\/www.raspberrypi.org\/documentation\/installation\/installing-images\/\" rel=\"nofollow\">https:\/\/www.raspberrypi.org\/documentation\/installation\/installing-images\/<\/a>\u00a0befolgen<\/li><\/ol><\/li><li>Einloggen auf dem Raspberry PI (Siehe auch:\u00a0<a class=\"external-link\" href=\"https:\/\/www.raspberrypi.org\/help\/quick-start-guide\/\" rel=\"nofollow\">https:\/\/www.raspberrypi.org\/help\/quick-start-guide\/<\/a>)<ol><li>\u00d6ffnen eines SSH Clients wie z.B. putty<\/li><li>Verbinden mit der IP-Adresse des Raspberry PI (normalerweise sollte der Router diese kennen)<\/li><li>Einloggen mit dem Benutzer\u00a0<strong>pi<\/strong>\u00a0und dem Passwort\u00a0<strong>raspberry<\/strong><\/li><li>Anschlie\u00dfend kann noch das Raspberry PI Setup mittels\u00a0<em><strong>sudo raspi-config<\/strong><\/em>\u00a0ausgef\u00fchrt werden (siehe:\u00a0<a class=\"external-link\" href=\"https:\/\/www.raspberrypi.org\/documentation\/configuration\/raspi-config.md\" rel=\"nofollow\">https:\/\/www.raspberrypi.org\/documentation\/configuration\/raspi-config.md<\/a>)<\/li><\/ol><\/li><\/ol><h3 id=\"InstallationvonPicApportaufeinemRaspberryPi3-PicApportInstallationper.deb-Paket\">PicApport Installation per .deb-Paket<\/h3><ol><li>Vorbereitung<ol><li>Sollte Java noch nicht installiert sein dann f\u00fchren Sie folgenden Befehl aus:\u00a0<strong>sudo\u00a0<\/strong><strong>apt-get install oracle-java8-jdk<\/strong><\/li><li>Installieren von Screen mit dem Befehl\u00a0<strong>sudo apt-get install screen<\/strong><\/li><\/ol><\/li><li>Download des PicApport Paketes.<ol><li>Wechseln in das Home-Verzeichnis des Benutzers\u00a0<strong>pi<\/strong>\u00a0mittels\u00a0<em><strong>cd ~<\/strong><\/em><\/li><li>Downloaden des Paketes in das Homeverzeichnis mittels Konsolenbefehl:\u00a0<strong>wget\u00a0<span class=\"nolink\">https:\/\/www.picapport.de\/prepare_download.php?dlfile=7-0-05%2fpicapportpi.deb<\/span>\u00a0-O picapportpi.deb\u00a0<\/strong><\/li><li>Die Datei kann auch hier:\u00a0<a class=\"external-link\" href=\"https:\/\/www.picapport.de\/en\/photo-server-download.php\" rel=\"nofollow\">https:\/\/www.picapport.de\/en\/photo-server-download.php<\/a>\u00a0heruntergeladen werden und beispielsweise per WinSCP auf den RaspberryPi \u00fcbertragen werden.<\/li><\/ol><\/li><li>Installation\u00a0<em><strong><br class=\"_mce_tagged_br\" \/><\/strong><\/em><ol><li>Installieren des Paketes mittels Konsolenbefehl:\u00a0<em><strong>sudo dpkg -i picapportpi.deb<\/strong><\/em><p>\u00a0<\/p><\/li><\/ol><\/li><li>Aufrufen von PicApport<ol><li>Gestartet werden kann PicApport mit folgendem Befehl:<strong>\u00a0\/etc\/init.d\/picapport start<\/strong><\/li><li>Der erste Start des Servers kann 2-3 Minuten dauern. Jeder weitere Start dauert nicht l\u00e4nger als eine Minute.<\/li><li>Erreicht werden kann die Anwendung per Weboberfl\u00e4che.<\/li><li>PicApport startet automatisch beim Start des Raspberry Pis.<\/li><\/ol><\/li><\/ol><h3 id=\"InstallationvonPicApportaufeinemRaspberryPi3-PicApportInstallationohne.deb-Paket\">PicApport Installation ohne .deb-Paket<\/h3><p>siehe:\u00a0<a href=\"https:\/\/contecon.de\/picapportwiki\/installation-von-picapport-unter-linux\/\">Installation von PicApport unter Linux<\/a>\u00a0ab Schritt 2.<\/p><p>Sollte diese Art der Installation gew\u00e4hlt werden, wird empfohlen die StartPicApport.sh wie folgt anzupassen:\u00a0<\/p><p><strong>#!\/bin\/bash<\/strong><br \/><strong>java -Xms256m -Xmx512m -Duser.language=de -Duser.home=\/opt\/picapport -jar \/opt\/picapport\/picapport-headless.jar<\/strong><\/p><div class=\"confluence-information-macro confluence-information-macro-information conf-macro output-block\" data-hasbody=\"true\" data-macro-name=\"info\"><div class=\"confluence-information-macro-body\"><ul><li>Die Konfiguration von PicApport befindet sich unter\u00a0<strong>\/opt\/picapport\/.picapport<\/strong><\/li><li>Die Sprache kann in der Datei\u00a0<strong>\/opt\/picapport\/StartPicApport.sh<\/strong>\u00a0umgestellt werden. (-Duser.language=de)<\/li><li>PicApport sucht die Fotos im Verzeichnis\u00a0<strong>\/srv\/photos<\/strong>.\u00a0Um die Einstellung zu \u00e4ndern siehe\u00a0\u00a0<a href=\"https:\/\/contecon.de\/picapportwiki\/picapport-server-guide\/\">PicApport-Server Guide (Deutsch)<\/a>\u00a0<\/li><li>In der Standarteinstellung werden alle Fotos im Cache gespeichert. Um die Einstellung zu \u00e4ndern siehe\u00a0<a href=\"https:\/\/contecon.de\/picapportwiki\/picapport-server-guide\/\">PicApport-Server Guide (Deutsch<\/a>)<\/li><li>Der Server startet auf Port\u00a0<strong>80<\/strong>. F\u00fcr die \u00c4nderung des Portes muss die Datei\u00a0<strong>\/etc\/rc.local<\/strong>\u00a0bearbeitet werden, und alle vorkommen von\u00a0<strong>80<\/strong>\u00a0durch den gew\u00fcnschten Port ersetzt werden.<\/li><\/ul><\/div><\/div>\t\t\t\t\t\t<\/div>\n\t\t\t\t<\/div>\n\t\t\t\t\t<\/div>\n\t\t\t\t<\/div>\n\t\t<div class=\"elementor-element elementor-element-cfbd768 e-flex e-con-boxed e-con e-parent\" data-id=\"cfbd768\" data-element_type=\"container\" data-settings=\"{&quot;content_width&quot;:&quot;boxed&quot;}\" data-core-v316-plus=\"true\">\n\t\t\t\t\t<div class=\"e-con-inner\">\n\t\t\t\t<div class=\"elementor-element elementor-element-e769ea3 elementor-widget elementor-widget-heading\" data-id=\"e769ea3\" data-element_type=\"widget\" data-widget_type=\"heading.default\">\n\t\t\t\t<div class=\"elementor-widget-container\">\n\t\t\t<h3 class=\"elementor-heading-title elementor-size-default\">Beispielkonfigurationen - Beispielkonfiguration f\u00fcr einen PI 3B+ mit 44.000 Fotos<\/h3>\t\t<\/div>\n\t\t\t\t<\/div>\n\t\t\t\t\t<\/div>\n\t\t\t\t<\/div>\n\t\t<div class=\"elementor-element elementor-element-065faa6 e-flex e-con-boxed e-con e-parent\" data-id=\"065faa6\" data-element_type=\"container\" data-settings=\"{&quot;content_width&quot;:&quot;boxed&quot;}\" data-core-v316-plus=\"true\">\n\t\t\t\t\t<div class=\"e-con-inner\">\n\t\t\t\t<div class=\"elementor-element elementor-element-68a1cb3 elementor-widget elementor-widget-text-editor\" data-id=\"68a1cb3\" data-element_type=\"widget\" data-widget_type=\"text-editor.default\">\n\t\t\t\t<div class=\"elementor-widget-container\">\n\t\t\t\t\t\t\t<h3 id=\"InstallationvonPicApportaufeinemRaspberryPi3-orientdb.properties(im.picapport-Verzeichnis)\">orientdb.properties (im .picapport-Verzeichnis)<\/h3><ul><li>storage.useWAL=false<\/li><\/ul><h3 id=\"InstallationvonPicApportaufeinemRaspberryPi3-picapport.properties\">picapport.properties<\/h3><ul><li>server.port=80<\/li><li>server.ssl=false<\/li><li>user.log.access=true<\/li><li>gui.enabled=false<\/li><li><a class=\"external-link\" href=\"http:\/\/robot.root.0.id\/\" rel=\"nofollow\">robot.root.0.id<\/a>=Fotos<\/li><li>robot.root.0.isuploadroot=true<\/li><li>robot.root.0.path=\/home\/pi\/NAS\/Bilder<\/li><li>robot.rescan.minutes=999<\/li><li>client.timeout.long.millis=100000<\/li><li>client.folder.sort=name<\/li><li>plugin.shadow.path=\/PicApportShadowFiles<\/li><\/ul><h3 id=\"InstallationvonPicApportaufeinemRaspberryPi3-StartPicapport.sh\">StartPicapport.sh<\/h3><ul><li>java -Xms512m -Xmx512m -XX:MaxDirectMemorySize=256m -Dstorage.diskCache.bufferSize=256 -Duser.language=de -Duser.home=\/opt\/picapport -jar \/opt\/picapport\/picapport-headless.jar<\/li><\/ul><h3 id=\"InstallationvonPicApportaufeinemRaspberryPi3-JavaVersion\">Java Version<\/h3><ul><li>java version &#8222;1.8.0_221&#8220;<\/li><li>Java(TM) SE Runtime Environment (build 1.8.0_221-b11)<\/li><li>Java HotSpot(TM) Client VM (build 25.221-b11, mixed mode)<\/li><\/ul>\t\t\t\t\t\t<\/div>\n\t\t\t\t<\/div>\n\t\t\t\t\t<\/div>\n\t\t\t\t<\/div>\n\t\t<div class=\"elementor-element elementor-element-b6e6ddb e-flex e-con-boxed e-con e-parent\" data-id=\"b6e6ddb\" data-element_type=\"container\" data-settings=\"{&quot;content_width&quot;:&quot;boxed&quot;}\" data-core-v316-plus=\"true\">\n\t\t\t\t\t<div class=\"e-con-inner\">\n\t\t\t\t<div class=\"elementor-element elementor-element-9274129 elementor-widget elementor-widget-heading\" data-id=\"9274129\" data-element_type=\"widget\" data-widget_type=\"heading.default\">\n\t\t\t\t<div class=\"elementor-widget-container\">\n\t\t\t<h2 class=\"elementor-heading-title elementor-size-default\">Weiterf\u00fchrende Artikel<\/h2>\t\t<\/div>\n\t\t\t\t<\/div>\n\t\t\t\t\t<\/div>\n\t\t\t\t<\/div>\n\t\t<div class=\"elementor-element elementor-element-57472ee e-flex e-con-boxed e-con e-parent\" data-id=\"57472ee\" data-element_type=\"container\" data-settings=\"{&quot;content_width&quot;:&quot;boxed&quot;}\" data-core-v316-plus=\"true\">\n\t\t\t\t\t<div class=\"e-con-inner\">\n\t\t\t\t<div class=\"elementor-element elementor-element-7ec31f7 elementor-widget elementor-widget-text-editor\" data-id=\"7ec31f7\" data-element_type=\"widget\" data-widget_type=\"text-editor.default\">\n\t\t\t\t<div class=\"elementor-widget-container\">\n\t\t\t\t\t\t\t<ul class=\"content-by-label conf-macro output-block\" data-hasbody=\"false\" data-macro-name=\"contentbylabel\"><li><div class=\"details\"><a href=\"https:\/\/contecon.de\/picapportwiki\/volltextsuche-ueber-alle-bilder\/\">Volltextsuche \u00fcber alle Bilder<\/a><\/div><\/li><li><div><a href=\"https:\/\/contecon.de\/picapportwiki\/die-picapport-urls\/\">Die PicApport URL&#8217;s<\/a><\/div><\/li><li><div><a href=\"https:\/\/contecon.de\/picapportwiki\/picapport-server-guide\/\">PicApport-Server Guide<\/a><\/div><\/li><li><div><a href=\"https:\/\/contecon.de\/picapportwiki\/die-verzeichnisstruktur-des-picapport-servers\/\">Die Verzeichnisstruktur des PicApport Servers<\/a><\/div><\/li><li><div><a href=\"https:\/\/contecon.de\/picapportwiki\/picapport-benutzerverwaltung\/\">PicApport Benutzerverwaltung<\/a><\/div><\/li><\/ul>\t\t\t\t\t\t<\/div>\n\t\t\t\t<\/div>\n\t\t\t\t\t<\/div>\n\t\t\t\t<\/div>\n\t\t\t\t<\/div>\n\t\t","protected":false},"excerpt":{"rendered":"<p>Installation von PicApport auf einem Raspberry Pi3 Java Version Es wird dringend empfohlen\u00a0Java von Oracle\u00a0zu benutzen, da die Startzeiten des Servers mit OpenJDK auf 10 Minuten oder h\u00f6her steigen k\u00f6nnen. Diese Anleitung beschreibt wie man\u00a0PicApport\u00a0auf einem\u00a0Raspberry Pi\u00a0installiert Installation Raspberry Pi Installation F\u00fcr Neueinsteiger empfehlen wir Raspbian als Betriebssystem f\u00fcr ein schnellen Erfolg.Nat\u00fcrlich werden OSMC und [&hellip;]<\/p>\n","protected":false},"author":1,"featured_media":0,"parent":0,"menu_order":0,"comment_status":"closed","ping_status":"closed","template":"","meta":{"footnotes":""},"class_list":["post-327","page","type-page","status-publish","hentry","entry"],"_links":{"self":[{"href":"https:\/\/contecon.de\/picapportwiki\/wp-json\/wp\/v2\/pages\/327","targetHints":{"allow":["GET"]}}],"collection":[{"href":"https:\/\/contecon.de\/picapportwiki\/wp-json\/wp\/v2\/pages"}],"about":[{"href":"https:\/\/contecon.de\/picapportwiki\/wp-json\/wp\/v2\/types\/page"}],"author":[{"embeddable":true,"href":"https:\/\/contecon.de\/picapportwiki\/wp-json\/wp\/v2\/users\/1"}],"replies":[{"embeddable":true,"href":"https:\/\/contecon.de\/picapportwiki\/wp-json\/wp\/v2\/comments?post=327"}],"version-history":[{"count":7,"href":"https:\/\/contecon.de\/picapportwiki\/wp-json\/wp\/v2\/pages\/327\/revisions"}],"predecessor-version":[{"id":2232,"href":"https:\/\/contecon.de\/picapportwiki\/wp-json\/wp\/v2\/pages\/327\/revisions\/2232"}],"wp:attachment":[{"href":"https:\/\/contecon.de\/picapportwiki\/wp-json\/wp\/v2\/media?parent=327"}],"curies":[{"name":"wp","href":"https:\/\/api.w.org\/{rel}","templated":true}]}}