{"id":322,"date":"2024-02-14T14:25:06","date_gmt":"2024-02-14T13:25:06","guid":{"rendered":"https:\/\/contecon.de\/picapportwiki\/?page_id=322"},"modified":"2024-05-24T13:57:05","modified_gmt":"2024-05-24T11:57:05","slug":"installation-von-picapport-auf-einem-raspberry-pi-4-oder-hoeher","status":"publish","type":"page","link":"https:\/\/contecon.de\/picapportwiki\/installation-von-picapport-auf-einem-raspberry-pi-4-oder-hoeher\/","title":{"rendered":"Installation von PicApport auf einem Raspberry Pi 4 oder h\u00f6her"},"content":{"rendered":"\t\t<div data-elementor-type=\"wp-page\" data-elementor-id=\"322\" class=\"elementor elementor-322\">\n\t\t\t\t<div class=\"elementor-element elementor-element-774baa8 e-flex e-con-boxed e-con e-parent\" data-id=\"774baa8\" data-element_type=\"container\" data-settings=\"{&quot;content_width&quot;:&quot;boxed&quot;}\" data-core-v316-plus=\"true\">\n\t\t\t\t\t<div class=\"e-con-inner\">\n\t\t\t\t<div class=\"elementor-element elementor-element-ecfa523 elementor-widget elementor-widget-heading\" data-id=\"ecfa523\" data-element_type=\"widget\" data-widget_type=\"heading.default\">\n\t\t\t\t<div class=\"elementor-widget-container\">\n\t\t\t<style>\/*! elementor - v3.19.0 - 07-02-2024 *\/\n.elementor-heading-title{padding:0;margin:0;line-height:1}.elementor-widget-heading .elementor-heading-title[class*=elementor-size-]>a{color:inherit;font-size:inherit;line-height:inherit}.elementor-widget-heading .elementor-heading-title.elementor-size-small{font-size:15px}.elementor-widget-heading .elementor-heading-title.elementor-size-medium{font-size:19px}.elementor-widget-heading .elementor-heading-title.elementor-size-large{font-size:29px}.elementor-widget-heading .elementor-heading-title.elementor-size-xl{font-size:39px}.elementor-widget-heading .elementor-heading-title.elementor-size-xxl{font-size:59px}<\/style><h2 class=\"elementor-heading-title elementor-size-default\">Installation von PicApport auf einem Raspberry Pi 4 oder h\u00f6her<\/h2>\t\t<\/div>\n\t\t\t\t<\/div>\n\t\t\t\t\t<\/div>\n\t\t\t\t<\/div>\n\t\t<div class=\"elementor-element elementor-element-73dcc9d e-flex e-con-boxed e-con e-parent\" data-id=\"73dcc9d\" data-element_type=\"container\" data-settings=\"{&quot;content_width&quot;:&quot;boxed&quot;}\" data-core-v316-plus=\"true\">\n\t\t\t\t\t<div class=\"e-con-inner\">\n\t\t\t\t<div class=\"elementor-element elementor-element-860bd63 elementor-widget elementor-widget-text-editor\" data-id=\"860bd63\" data-element_type=\"widget\" data-widget_type=\"text-editor.default\">\n\t\t\t\t<div class=\"elementor-widget-container\">\n\t\t\t<style>\/*! elementor - v3.19.0 - 07-02-2024 *\/\n.elementor-widget-text-editor.elementor-drop-cap-view-stacked .elementor-drop-cap{background-color:#69727d;color:#fff}.elementor-widget-text-editor.elementor-drop-cap-view-framed .elementor-drop-cap{color:#69727d;border:3px solid;background-color:transparent}.elementor-widget-text-editor:not(.elementor-drop-cap-view-default) .elementor-drop-cap{margin-top:8px}.elementor-widget-text-editor:not(.elementor-drop-cap-view-default) .elementor-drop-cap-letter{width:1em;height:1em}.elementor-widget-text-editor .elementor-drop-cap{float:left;text-align:center;line-height:1;font-size:50px}.elementor-widget-text-editor .elementor-drop-cap-letter{display:inline-block}<\/style>\t\t\t\t<p>Um PicApport f\u00fcr gr\u00f6\u00dfere Fotobest\u00e4nde mit mehreren 10.000 Fotos vern\u00fcnftig benutzen zu k\u00f6nnen, empfehlen wir einen Raspberry Pi 4 mit mindestens 4 Gigabyte Hauptspeicher.<br \/>Selbstverst\u00e4ndlich l\u00e4uft PicApport auch auf \u00e4lteren RasPi&#8217;s (hier geht&#8217;s zur Doku:\u00a0<a href=\"https:\/\/contecon.de\/picapportwiki\/installation-von-picapport-auf-einem-raspberry-pi3\/\">Installation von PicApport auf einem Raspberry Pi3<\/a>) aber richtig Spa\u00df macht es erst mit einem Raspberry Pi 4.<br \/>Selbst mit \u00fcber 100.000 Fotos ist die Performance und User Experience von PicApport auf einem RasPi4 mehr als ausreichend.<\/p><p class=\"auto-cursor-target\">Diese Anleitung beschreibt wie man\u00a0<strong>PicApport<\/strong>\u00a08.1 oder h\u00f6her auf einem\u00a0<strong>Raspberry Pi<\/strong>\u00a0ab Version 4 installiert<\/p><h3 id=\"InstallationvonPicApportaufeinemRaspberryPi4oderh\u00f6her-Ausstattung\" class=\"auto-cursor-target\">Ausstattung<\/h3><p class=\"auto-cursor-target\">Die folgende Beschreibung haben wir f\u00fcr PicApport 8.x auf einem Raspberry Pi 4 mit folgenden Merkmalen erstellt und \u00fcber einen l\u00e4ngeren Zeitraum getestet:<\/p><div class=\"table-wrap\"><table class=\"wrapped relative-table confluenceTable\"><colgroup> <col \/> <col \/><\/colgroup><tbody><tr><th class=\"confluenceTh\">Anzahl Fotos<\/th><td class=\"confluenceTd\">mehr als 102.000<\/td><\/tr><tr><th class=\"confluenceTh\">CPU<\/th><td class=\"confluenceTd\">Raspberry Pi 4<\/td><\/tr><tr><th class=\"confluenceTh\">Hauptspeicher<\/th><td class=\"confluenceTd\">4 GB<\/td><\/tr><tr><th class=\"confluenceTh\" colspan=\"1\">SD-Karte<\/th><td class=\"confluenceTd\" colspan=\"1\">256 GB (m\u00f6glichst eine schnelle)<\/td><\/tr><tr><th class=\"confluenceTh\" colspan=\"1\">Betriebssystemversion<\/th><td class=\"confluenceTd\" colspan=\"1\">Linux raspberrypi 4.19.75-v7l+ #1270 SMP Tue Sep 24 18:51:41 BST 2019 armv7l GNU\/Linux<br \/>oder neuer<\/td><\/tr><tr><th class=\"confluenceTh\" colspan=\"1\">Java Version<\/th><td class=\"confluenceTd\" colspan=\"1\"><p>openjdk version &#8222;11.0.3&#8220; 2019-04-16<br \/>oder neuer<\/p><\/td><\/tr><\/tbody><\/table><\/div><h3 id=\"InstallationvonPicApportaufeinemRaspberryPi4oderh\u00f6her-Umgebung(wennmit.debinstalliert)\" class=\"auto-cursor-target\">Umgebung (wenn mit .deb installiert)<\/h3><div class=\"table-wrap\"><table class=\"wrapped relative-table confluenceTable\"><colgroup> <col \/> <col \/><\/colgroup><tbody><tr><th class=\"confluenceTh\">Verzeichnis zu .picapport<\/th><td class=\"confluenceTd\"><em><strong>\/opt\/picapport\/.picapport<\/strong><\/em><br \/>Weitere Details siehe:\u00a0<a href=\"https:\/\/contecon.de\/picapportwiki\/die-verzeichnisstruktur-des-picapport-servers\/\">Die Verzeichnisstruktur des PicApport Servers<\/a><\/td><\/tr><tr><th class=\"confluenceTh\">Verzeichnis zu den Fotos<\/th><td class=\"confluenceTd\"><em><strong>\/srv\/photos<\/strong><\/em><\/td><\/tr><tr><th class=\"confluenceTh\" colspan=\"1\">Ben\u00f6tigte Rechte f\u00fcr PicApport Server Prozess (Deamon)<\/th><td class=\"confluenceTd\" colspan=\"1\">rootrechte<\/td><\/tr><\/tbody><\/table><\/div><div class=\"confluence-information-macro confluence-information-macro-information conf-macro output-block\" data-hasbody=\"true\" data-macro-name=\"info\"><p class=\"title\">In eigener Sache<\/p><div class=\"confluence-information-macro-body\"><p>Das Contecon Team hat in den letzten Jahren viel Zeit und Ehrgeiz in die Entwicklung von PicApport als Betriebssystem neutralen Fotoserver investiert.<br \/>Wir sind uns sicher das es bessere M\u00f6glichkeiten gibt, wie man PicApport auf Raspbian bzw. Linux installiert.<br \/>\u00dcber Anregungen bzw. Ideen zum Erstellen eines bessern .deb Packetes w\u00fcrden wir uns sehr freuen.<\/p><\/div><\/div>\t\t\t\t\t\t<\/div>\n\t\t\t\t<\/div>\n\t\t\t\t\t<\/div>\n\t\t\t\t<\/div>\n\t\t<div class=\"elementor-element elementor-element-7a476b1 e-flex e-con-boxed e-con e-parent\" data-id=\"7a476b1\" data-element_type=\"container\" data-settings=\"{&quot;content_width&quot;:&quot;boxed&quot;}\" data-core-v316-plus=\"true\">\n\t\t\t\t\t<div class=\"e-con-inner\">\n\t\t\t\t<div class=\"elementor-element elementor-element-47c3a77 elementor-widget elementor-widget-heading\" data-id=\"47c3a77\" data-element_type=\"widget\" data-widget_type=\"heading.default\">\n\t\t\t\t<div class=\"elementor-widget-container\">\n\t\t\t<h3 class=\"elementor-heading-title elementor-size-default\">Installation<\/h3>\t\t<\/div>\n\t\t\t\t<\/div>\n\t\t\t\t\t<\/div>\n\t\t\t\t<\/div>\n\t\t<div class=\"elementor-element elementor-element-4948a2e e-flex e-con-boxed e-con e-parent\" data-id=\"4948a2e\" data-element_type=\"container\" data-settings=\"{&quot;content_width&quot;:&quot;boxed&quot;}\" data-core-v316-plus=\"true\">\n\t\t\t\t\t<div class=\"e-con-inner\">\n\t\t\t\t<div class=\"elementor-element elementor-element-764130f elementor-widget elementor-widget-text-editor\" data-id=\"764130f\" data-element_type=\"widget\" data-widget_type=\"text-editor.default\">\n\t\t\t\t<div class=\"elementor-widget-container\">\n\t\t\t\t\t\t\t<h3 id=\"InstallationvonPicApportaufeinemRaspberryPi4oderh\u00f6her-RaspberryPiInstallation\">Raspberry Pi Installation<\/h3><p>F\u00fcr Neueinsteiger empfehlen wir Raspbian als Betriebssystem f\u00fcr einen schnellen Erfolg.<br \/>Nat\u00fcrlich werden andere Distributionen auch unterst\u00fctzt, je nach Leistung Ihres Raspberry sollten sie evtl. einfaches System w\u00e4hlen.<\/p><ol><li>Installation des Betriebssystem (falls noch nicht geschehen)<ol><li>Dazu die Schritte auf:\u00a0<a class=\"external-link\" href=\"https:\/\/www.raspberrypi.org\/documentation\/installation\/installing-images\/\" rel=\"nofollow\">https:\/\/www.raspberrypi.org\/documentation\/installation\/installing-images\/<\/a>\u00a0befolgen<\/li><li>Wir empfehlen hierzu die folgenden Builds auf:\u00a0<a class=\"external-link\" href=\"https:\/\/www.raspberrypi.org\/downloads\/raspbian\/\" rel=\"nofollow\">https:\/\/www.raspberrypi.org\/downloads\/raspbian\/<\/a><br \/>da hier u.a. eine Java Runtime enthalten ist.<ul><li><strong><em>Raspbian [Buildname] with desktop and recommended software<\/em><\/strong><\/li><li>oder\u00a0<em><strong>Raspbian\u00a0[Buildname] with desktop<br \/><\/strong><\/em><\/li><\/ul><\/li><\/ol><\/li><li>Einloggen auf dem Raspberry PI (Siehe auch:\u00a0<a class=\"external-link\" href=\"https:\/\/www.raspberrypi.org\/help\/quick-start-guide\/\" rel=\"nofollow\">https:\/\/www.raspberrypi.org\/help\/quick-start-guide\/<\/a>)<ol><li>\u00d6ffnen eines SSH Clients wie z.B. putty<\/li><li>Verbinden mit der IP-Adresse des Raspberry PI (normalerweise sollte der Router diese kennen)<\/li><li>Einloggen mit dem Benutzer\u00a0<strong>pi<\/strong>\u00a0und dem Passwort\u00a0<strong>raspberry<\/strong><\/li><li>Anschlie\u00dfend kann noch das Raspberry PI Setup mittels\u00a0<em><strong>sudo raspi-config<\/strong><\/em>\u00a0ausgef\u00fchrt werden (siehe:\u00a0<a class=\"external-link\" href=\"https:\/\/www.raspberrypi.org\/documentation\/configuration\/raspi-config.md\" rel=\"nofollow\">https:\/\/www.raspberrypi.org\/documentation\/configuration\/raspi-config.md<\/a>)<\/li><\/ol><\/li><\/ol><h3 id=\"InstallationvonPicApportaufeinemRaspberryPi4oderh\u00f6her-PicApportInstallationper.deb-Paket\">PicApport Installation per .deb-Paket<\/h3><ol><li>Vorbereitung<ol><li>Sollte Java noch nicht installiert sein dann installieren Sie bitte ein Open-JDK ab Version 11<\/li><li>Installieren von\u00a0<em><strong>Screen<\/strong>\u00a0<\/em>mit dem Befehl\u00a0<strong>sudo apt-get install screen<\/strong><\/li><\/ol><\/li><li>Download des PicApport Paketes.<ol><li>Wechseln in das Home-Verzeichnis des Benutzers\u00a0<strong>pi<\/strong>\u00a0mittels\u00a0<em><strong>cd ~<\/strong><\/em><\/li><li>Downloaden des Paketes\u00a0<em><strong>PicApportpi.deb<\/strong><\/em>\u00a0in das Homeverzeichnis von der PicApport Download-Seite:\u00a0<a class=\"external-link\" href=\"https:\/\/www.picapport.de\/de\/photo-server-download.php\" rel=\"nofollow\">https:\/\/www.picapport.de\/de\/photo-server-download.php<\/a><p>\u00a0<\/p><\/li><\/ol><\/li><li>Installation\u00a0<em><strong><br class=\"_mce_tagged_br\" \/><\/strong><\/em><ol><li>Installieren des Paketes mittels Konsolenbefehl:\u00a0<em><strong>sudo dpkg -i picapportpi.deb<\/strong><\/em><p>\u00a0<\/p><\/li><\/ol><\/li><li>Aufrufen von PicApport<ol><li>Gestartet werden kann PicApport mit folgendem Befehl:<strong>\u00a0\/etc\/init.d\/picapport start<\/strong><\/li><li>Der erste Start des Servers kann 2-3 Minuten dauern. Jeder weitere Start dauert nicht l\u00e4nger als eine Minute.<\/li><li>Erreicht werden kann die Anwendung per Weboberfl\u00e4che.<\/li><li>PicApport startet automatisch beim Start des Raspberry Pi&#8217;s.<\/li><\/ol><\/li><\/ol><h3 id=\"InstallationvonPicApportaufeinemRaspberryPi4oderh\u00f6her-PicApportInstallationohne.deb-Paket\">PicApport Installation ohne .deb-Paket<\/h3><p>siehe:\u00a0<a href=\"https:\/\/wiki.picapport.com\/display\/PIC\/Installation+von+PicApport+unter+Linux\">Installation von PicApport unter Linux<\/a>\u00a0ab Schritt 2.<\/p><p>Sollte diese Art der Installation gew\u00e4hlt werden, wird empfohlen die<em><strong>\u00a0StartPicApport.sh<\/strong><\/em>\u00a0wie folgt anzupassen:\u00a0<br \/><strong>Wichtig!\u00a0<\/strong>f\u00fcr die hier angegebene Speicherkonfiguration ben\u00f6tigt der Raspi\u00a0<em><strong>4GB Hauptspeicher<\/strong><\/em>.<\/p><p><strong>#!\/bin\/bash<br \/>java -Xms2048m -Xmx2048m -Dstorage.diskCache.bufferSize=256 -Duser.home=\/opt\/picapport -jar \/opt\/picapport\/picapport-headless.jar<\/strong><\/p><div class=\"confluence-information-macro confluence-information-macro-information conf-macro output-block\" data-hasbody=\"true\" data-macro-name=\"info\"><div class=\"confluence-information-macro-body\"><ul><li>Die Konfiguration von PicApport befindet sich unter\u00a0<strong>\/opt\/picapport\/.picapport<\/strong><\/li><li>Die Sprache kann in der Datei\u00a0<strong>\/opt\/picapport\/StartPicApport.sh<\/strong>\u00a0umgestellt werden. (-Duser.language=de)<\/li><li>PicApport sucht die Fotos im Verzeichnis\u00a0<strong>\/srv\/photos<\/strong>.\u00a0Um die Einstellung zu \u00e4ndern siehe\u00a0\u00a0<a href=\"https:\/\/contecon.de\/picapportwiki\/picapport-server-guide\/\">PicApport-Server Guide (Deutsch)<\/a>\u00a0<\/li><li>Der Server startet auf Port\u00a0<strong>80<\/strong>. F\u00fcr die \u00c4nderung des Ports muss die Datei\u00a0<strong>\/etc\/rc.local<\/strong>\u00a0bearbeitet werden, und alle vorkommen von\u00a0<strong>80<\/strong>\u00a0durch den gew\u00fcnschten Port ersetzt werden.<\/li><\/ul><\/div><\/div>\t\t\t\t\t\t<\/div>\n\t\t\t\t<\/div>\n\t\t\t\t\t<\/div>\n\t\t\t\t<\/div>\n\t\t<div class=\"elementor-element elementor-element-ee8389a e-flex e-con-boxed e-con e-parent\" data-id=\"ee8389a\" data-element_type=\"container\" data-settings=\"{&quot;content_width&quot;:&quot;boxed&quot;}\" data-core-v316-plus=\"true\">\n\t\t\t\t\t<div class=\"e-con-inner\">\n\t\t\t\t<div class=\"elementor-element elementor-element-80d8703 elementor-widget elementor-widget-heading\" data-id=\"80d8703\" data-element_type=\"widget\" data-widget_type=\"heading.default\">\n\t\t\t\t<div class=\"elementor-widget-container\">\n\t\t\t<h3 class=\"elementor-heading-title elementor-size-default\">Beispielkonfigurationen - Beispielkonfiguration f\u00fcr einen PI 4 (4GB RAM)) mit \u00fcber 100.000 Fotos<\/h3>\t\t<\/div>\n\t\t\t\t<\/div>\n\t\t\t\t\t<\/div>\n\t\t\t\t<\/div>\n\t\t<div class=\"elementor-element elementor-element-713a263 e-flex e-con-boxed e-con e-parent\" data-id=\"713a263\" data-element_type=\"container\" data-settings=\"{&quot;content_width&quot;:&quot;boxed&quot;}\" data-core-v316-plus=\"true\">\n\t\t\t\t\t<div class=\"e-con-inner\">\n\t\t\t\t<div class=\"elementor-element elementor-element-5a13bf5 elementor-widget elementor-widget-text-editor\" data-id=\"5a13bf5\" data-element_type=\"widget\" data-widget_type=\"text-editor.default\">\n\t\t\t\t<div class=\"elementor-widget-container\">\n\t\t\t\t\t\t\t<h3 id=\"InstallationvonPicApportaufeinemRaspberryPi4oderh\u00f6her-picapport.properties\">picapport.properties<\/h3><ul><li>server.port=80<\/li><li>server.ssl=false<\/li><li>user.log.access=true<\/li><li>gui.enabled=false<\/li><li><a class=\"external-link\" href=\"http:\/\/robot.root.0.id\/\" rel=\"nofollow\">robot.root.0.id<\/a>=Photos<\/li><li>robot.root.0.path=\/srv\/photos<\/li><li>robot.rescan.minutes=999<\/li><li>client.timeout.long.millis=100000<\/li><li>client.folder.sort=name<\/li><\/ul><h3 id=\"InstallationvonPicApportaufeinemRaspberryPi4oderh\u00f6her-Fallszus\u00e4tzlichPluginsinstalliertwerden,empfehlenwirnochfolgendeParameter:\">Falls zus\u00e4tzlich Plugins installiert werden, empfehlen wir noch folgende Parameter:<\/h3><ul><li>plugin.shadow.path=\/PicApportShadowFiles<\/li><li>client.video.types.json=[{&#8218;ext&#8217;\\:&#8216;.mp4&#8242;,&#8217;mime&#8217;\\:&#8217;video\/mp4&#8242;},{&#8218;ext&#8217;\\:&#8216;.ogv&#8216;,&#8217;mime&#8217;\\:&#8217;video\/ogg&#8216;},{&#8218;ext&#8217;\\:&#8216;.webm&#8216;,&#8217;mime&#8217;\\:&#8217;video\/webm&#8216;},{&#8218;ext&#8217;\\:&#8216;.3gp&#8216;,&#8217;mime&#8217;\\:&#8217;video\/3gpp&#8216;},{&#8218;ext&#8216;:&#8216;.mov&#8216;,&#8217;mime&#8216;:&#8217;video\/mov&#8216;}]<\/li><\/ul><h3 id=\"InstallationvonPicApportaufeinemRaspberryPi4oderh\u00f6her-StartPicapport.sh\">StartPicapport.sh<\/h3><ul><li>java -Xms2048m -Xmx2048m -Dstorage.diskCache.bufferSize=256 -Duser.home=\/opt\/picapport -jar \/opt\/picapport\/picapport-headless.jar<\/li><\/ul>\t\t\t\t\t\t<\/div>\n\t\t\t\t<\/div>\n\t\t\t\t\t<\/div>\n\t\t\t\t<\/div>\n\t\t<div class=\"elementor-element elementor-element-4d9478c e-flex e-con-boxed e-con e-parent\" data-id=\"4d9478c\" data-element_type=\"container\" data-settings=\"{&quot;content_width&quot;:&quot;boxed&quot;}\" data-core-v316-plus=\"true\">\n\t\t\t\t\t<div class=\"e-con-inner\">\n\t\t\t\t<div class=\"elementor-element elementor-element-3409744 elementor-widget elementor-widget-heading\" data-id=\"3409744\" data-element_type=\"widget\" data-widget_type=\"heading.default\">\n\t\t\t\t<div class=\"elementor-widget-container\">\n\t\t\t<h3 class=\"elementor-heading-title elementor-size-default\">Weiterf\u00fchrende Artikel<\/h3>\t\t<\/div>\n\t\t\t\t<\/div>\n\t\t\t\t\t<\/div>\n\t\t\t\t<\/div>\n\t\t<div class=\"elementor-element elementor-element-3301009 e-flex e-con-boxed e-con e-parent\" data-id=\"3301009\" data-element_type=\"container\" data-settings=\"{&quot;content_width&quot;:&quot;boxed&quot;}\" data-core-v316-plus=\"true\">\n\t\t\t\t\t<div class=\"e-con-inner\">\n\t\t\t\t<div class=\"elementor-element elementor-element-900a092 elementor-widget elementor-widget-text-editor\" data-id=\"900a092\" data-element_type=\"widget\" data-widget_type=\"text-editor.default\">\n\t\t\t\t<div class=\"elementor-widget-container\">\n\t\t\t\t\t\t\t<div id=\"main-content\" class=\"wiki-content\"><ul class=\"content-by-label conf-macro output-block\" data-hasbody=\"false\" data-macro-name=\"contentbylabel\"><li><div class=\"details\"><a href=\"https:\/\/contecon.de\/picapportwiki\/volltextsuche-ueber-alle-bilder\/\">Volltextsuche \u00fcber alle Bilder<\/a><\/div><\/li><li><div class=\"details\"><a href=\"https:\/\/contecon.de\/picapportwiki\/die-picapport-urls\/\">Die PicApport URL&#8217;s<\/a><\/div><\/li><li><div><a href=\"https:\/\/contecon.de\/picapportwiki\/picapport-server-guide\/\">PicApport-Server Guide<\/a><\/div><\/li><li><div><a href=\"https:\/\/contecon.de\/picapportwiki\/die-verzeichnisstruktur-des-picapport-servers\/\">Die Verzeichnisstruktur des PicApport Servers<\/a><\/div><\/li><li><div><a href=\"https:\/\/contecon.de\/picapportwiki\/picapport-benutzerverwaltung\/\">PicApport Benutzerverwaltung<\/a><\/div><\/li><\/ul><\/div><div id=\"likes-and-labels-container\"><div id=\"labels-section\" class=\"pageSection group\"><div class=\"labels-section-content content-column\"><div class=\"labels-content\">\u00a0<\/div><\/div><\/div><\/div>\t\t\t\t\t\t<\/div>\n\t\t\t\t<\/div>\n\t\t\t\t\t<\/div>\n\t\t\t\t<\/div>\n\t\t\t\t<\/div>\n\t\t","protected":false},"excerpt":{"rendered":"<p>Installation von PicApport auf einem Raspberry Pi 4 oder h\u00f6her Um PicApport f\u00fcr gr\u00f6\u00dfere Fotobest\u00e4nde mit mehreren 10.000 Fotos vern\u00fcnftig benutzen zu k\u00f6nnen, empfehlen wir einen Raspberry Pi 4 mit mindestens 4 Gigabyte Hauptspeicher.Selbstverst\u00e4ndlich l\u00e4uft PicApport auch auf \u00e4lteren RasPi&#8217;s (hier geht&#8217;s zur Doku:\u00a0Installation von PicApport auf einem Raspberry Pi3) aber richtig Spa\u00df macht es [&hellip;]<\/p>\n","protected":false},"author":1,"featured_media":0,"parent":0,"menu_order":0,"comment_status":"closed","ping_status":"closed","template":"","meta":{"footnotes":""},"class_list":["post-322","page","type-page","status-publish","hentry","entry"],"_links":{"self":[{"href":"https:\/\/contecon.de\/picapportwiki\/wp-json\/wp\/v2\/pages\/322","targetHints":{"allow":["GET"]}}],"collection":[{"href":"https:\/\/contecon.de\/picapportwiki\/wp-json\/wp\/v2\/pages"}],"about":[{"href":"https:\/\/contecon.de\/picapportwiki\/wp-json\/wp\/v2\/types\/page"}],"author":[{"embeddable":true,"href":"https:\/\/contecon.de\/picapportwiki\/wp-json\/wp\/v2\/users\/1"}],"replies":[{"embeddable":true,"href":"https:\/\/contecon.de\/picapportwiki\/wp-json\/wp\/v2\/comments?post=322"}],"version-history":[{"count":7,"href":"https:\/\/contecon.de\/picapportwiki\/wp-json\/wp\/v2\/pages\/322\/revisions"}],"predecessor-version":[{"id":2229,"href":"https:\/\/contecon.de\/picapportwiki\/wp-json\/wp\/v2\/pages\/322\/revisions\/2229"}],"wp:attachment":[{"href":"https:\/\/contecon.de\/picapportwiki\/wp-json\/wp\/v2\/media?parent=322"}],"curies":[{"name":"wp","href":"https:\/\/api.w.org\/{rel}","templated":true}]}}