{"id":294,"date":"2024-02-13T15:58:05","date_gmt":"2024-02-13T14:58:05","guid":{"rendered":"https:\/\/contecon.de\/picapportwiki\/?page_id=294"},"modified":"2024-05-24T14:01:30","modified_gmt":"2024-05-24T12:01:30","slug":"installation-von-picapport-auf-einem-windows-system","status":"publish","type":"page","link":"https:\/\/contecon.de\/picapportwiki\/installation-von-picapport-auf-einem-windows-system\/","title":{"rendered":"Installation von PicApport auf einem Windows System"},"content":{"rendered":"\t\t<div data-elementor-type=\"wp-page\" data-elementor-id=\"294\" class=\"elementor elementor-294\">\n\t\t\t\t<div class=\"elementor-element elementor-element-de24b19 e-flex e-con-boxed e-con e-parent\" data-id=\"de24b19\" data-element_type=\"container\" data-settings=\"{&quot;content_width&quot;:&quot;boxed&quot;}\" data-core-v316-plus=\"true\">\n\t\t\t\t\t<div class=\"e-con-inner\">\n\t\t\t\t<div class=\"elementor-element elementor-element-4ef1554 elementor-widget elementor-widget-heading\" data-id=\"4ef1554\" data-element_type=\"widget\" data-widget_type=\"heading.default\">\n\t\t\t\t<div class=\"elementor-widget-container\">\n\t\t\t<style>\/*! elementor - v3.19.0 - 07-02-2024 *\/\n.elementor-heading-title{padding:0;margin:0;line-height:1}.elementor-widget-heading .elementor-heading-title[class*=elementor-size-]>a{color:inherit;font-size:inherit;line-height:inherit}.elementor-widget-heading .elementor-heading-title.elementor-size-small{font-size:15px}.elementor-widget-heading .elementor-heading-title.elementor-size-medium{font-size:19px}.elementor-widget-heading .elementor-heading-title.elementor-size-large{font-size:29px}.elementor-widget-heading .elementor-heading-title.elementor-size-xl{font-size:39px}.elementor-widget-heading .elementor-heading-title.elementor-size-xxl{font-size:59px}<\/style><h2 class=\"elementor-heading-title elementor-size-default\">Installation von PicApport auf einem Windows System<\/h2>\t\t<\/div>\n\t\t\t\t<\/div>\n\t\t\t\t\t<\/div>\n\t\t\t\t<\/div>\n\t\t<div class=\"elementor-element elementor-element-5fc83b9 e-flex e-con-boxed e-con e-parent\" data-id=\"5fc83b9\" data-element_type=\"container\" data-settings=\"{&quot;content_width&quot;:&quot;boxed&quot;}\" data-core-v316-plus=\"true\">\n\t\t\t\t\t<div class=\"e-con-inner\">\n\t\t\t\t<div class=\"elementor-element elementor-element-e60a9fe elementor-widget elementor-widget-text-editor\" data-id=\"e60a9fe\" data-element_type=\"widget\" data-widget_type=\"text-editor.default\">\n\t\t\t\t<div class=\"elementor-widget-container\">\n\t\t\t<style>\/*! elementor - v3.19.0 - 07-02-2024 *\/\n.elementor-widget-text-editor.elementor-drop-cap-view-stacked .elementor-drop-cap{background-color:#69727d;color:#fff}.elementor-widget-text-editor.elementor-drop-cap-view-framed .elementor-drop-cap{color:#69727d;border:3px solid;background-color:transparent}.elementor-widget-text-editor:not(.elementor-drop-cap-view-default) .elementor-drop-cap{margin-top:8px}.elementor-widget-text-editor:not(.elementor-drop-cap-view-default) .elementor-drop-cap-letter{width:1em;height:1em}.elementor-widget-text-editor .elementor-drop-cap{float:left;text-align:center;line-height:1;font-size:50px}.elementor-widget-text-editor .elementor-drop-cap-letter{display:inline-block}<\/style>\t\t\t\t<p>Um es auch Einsteigern zu erm\u00f6glichen einen PicApport Server zu installieren, haben wir f\u00fcr Windows einen eigenen Installer gebaut. Dies ist die einfachste Art PicApport zu installieren. Alle Einstellungen, werden automatisch vorgenommen.<br \/><br \/>Selbstverst\u00e4ndlich kann man PicApport unter Windows auch als Java Programm oder sogar als Dienst nutzen nutzen. Die wird in einem eigenen Kapitel beschrieben.<\/p>\t\t\t\t\t\t<\/div>\n\t\t\t\t<\/div>\n\t\t\t\t\t<\/div>\n\t\t\t\t<\/div>\n\t\t<div class=\"elementor-element elementor-element-44772ff e-flex e-con-boxed e-con e-parent\" data-id=\"44772ff\" data-element_type=\"container\" data-settings=\"{&quot;content_width&quot;:&quot;boxed&quot;}\" data-core-v316-plus=\"true\">\n\t\t\t\t\t<div class=\"e-con-inner\">\n\t\t\t\t<div class=\"elementor-element elementor-element-eb16e49 elementor-widget elementor-widget-heading\" data-id=\"eb16e49\" data-element_type=\"widget\" data-widget_type=\"heading.default\">\n\t\t\t\t<div class=\"elementor-widget-container\">\n\t\t\t<h3 class=\"elementor-heading-title elementor-size-default\">Installation mit dem Installer<\/h3>\t\t<\/div>\n\t\t\t\t<\/div>\n\t\t\t\t\t<\/div>\n\t\t\t\t<\/div>\n\t\t<div class=\"elementor-element elementor-element-9ca52a6 e-flex e-con-boxed e-con e-parent\" data-id=\"9ca52a6\" data-element_type=\"container\" data-settings=\"{&quot;content_width&quot;:&quot;boxed&quot;}\" data-core-v316-plus=\"true\">\n\t\t\t\t\t<div class=\"e-con-inner\">\n\t\t\t\t<div class=\"elementor-element elementor-element-b39c218 elementor-widget elementor-widget-text-editor\" data-id=\"b39c218\" data-element_type=\"widget\" data-widget_type=\"text-editor.default\">\n\t\t\t\t<div class=\"elementor-widget-container\">\n\t\t\t\t\t\t\t<p>Der aktuelle Installer kann auf\u00a0<a class=\"external-link\" href=\"http:\/\/picapport.de\/photo-server-download.php\" rel=\"nofollow\">http:\/\/picapport.de\/photo-server-download.php<\/a>\u00a0herunter geladen werden.<\/p><p>Im folgenden wird nur der PicApport spezifische Teil der Installation erkl\u00e4rt:<\/p>\t\t\t\t\t\t<\/div>\n\t\t\t\t<\/div>\n\t\t\t\t\t<\/div>\n\t\t\t\t<\/div>\n\t\t<div class=\"elementor-element elementor-element-c84d4a0 e-flex e-con-boxed e-con e-parent\" data-id=\"c84d4a0\" data-element_type=\"container\" data-settings=\"{&quot;content_width&quot;:&quot;boxed&quot;}\" data-core-v316-plus=\"true\">\n\t\t\t\t\t<div class=\"e-con-inner\">\n\t\t\t\t<div class=\"elementor-element elementor-element-bfb06ca elementor-widget elementor-widget-image\" data-id=\"bfb06ca\" data-element_type=\"widget\" data-widget_type=\"image.default\">\n\t\t\t\t<div class=\"elementor-widget-container\">\n\t\t\t<style>\/*! elementor - v3.19.0 - 07-02-2024 *\/\n.elementor-widget-image{text-align:center}.elementor-widget-image a{display:inline-block}.elementor-widget-image a img[src$=\".svg\"]{width:48px}.elementor-widget-image img{vertical-align:middle;display:inline-block}<\/style>\t\t\t\t\t\t\t\t\t\t<img fetchpriority=\"high\" decoding=\"async\" width=\"1024\" height=\"494\" src=\"https:\/\/contecon.de\/picapportwiki\/wp-content\/uploads\/2024\/02\/image2015-10-27-15_46_29-1024x494.png\" class=\"attachment-large size-large wp-image-297\" alt=\"\" srcset=\"https:\/\/contecon.de\/picapportwiki\/wp-content\/uploads\/2024\/02\/image2015-10-27-15_46_29-1024x494.png 1024w, https:\/\/contecon.de\/picapportwiki\/wp-content\/uploads\/2024\/02\/image2015-10-27-15_46_29-300x145.png 300w, https:\/\/contecon.de\/picapportwiki\/wp-content\/uploads\/2024\/02\/image2015-10-27-15_46_29-768x370.png 768w, https:\/\/contecon.de\/picapportwiki\/wp-content\/uploads\/2024\/02\/image2015-10-27-15_46_29.png 1172w\" sizes=\"(max-width: 1024px) 100vw, 1024px\" \/>\t\t\t\t\t\t\t\t\t\t\t\t\t<\/div>\n\t\t\t\t<\/div>\n\t\t\t\t\t<\/div>\n\t\t\t\t<\/div>\n\t\t<div class=\"elementor-element elementor-element-2e4e810 e-flex e-con-boxed e-con e-parent\" data-id=\"2e4e810\" data-element_type=\"container\" data-settings=\"{&quot;content_width&quot;:&quot;boxed&quot;}\" data-core-v316-plus=\"true\">\n\t\t\t\t\t<div class=\"e-con-inner\">\n\t\t\t\t<div class=\"elementor-element elementor-element-9479fd5 elementor-widget elementor-widget-heading\" data-id=\"9479fd5\" data-element_type=\"widget\" data-widget_type=\"heading.default\">\n\t\t\t\t<div class=\"elementor-widget-container\">\n\t\t\t<h3 class=\"elementor-heading-title elementor-size-default\">Austausch der Java Runtime und Speichervorgaben f\u00fcr PicApport.exe (F\u00fcr erfahrene Benutzer)<\/h3>\t\t<\/div>\n\t\t\t\t<\/div>\n\t\t\t\t\t<\/div>\n\t\t\t\t<\/div>\n\t\t<div class=\"elementor-element elementor-element-61222fb e-flex e-con-boxed e-con e-parent\" data-id=\"61222fb\" data-element_type=\"container\" data-settings=\"{&quot;content_width&quot;:&quot;boxed&quot;}\" data-core-v316-plus=\"true\">\n\t\t\t\t\t<div class=\"e-con-inner\">\n\t\t\t\t<div class=\"elementor-element elementor-element-02575de elementor-widget elementor-widget-text-editor\" data-id=\"02575de\" data-element_type=\"widget\" data-widget_type=\"text-editor.default\">\n\t\t\t\t<div class=\"elementor-widget-container\">\n\t\t\t\t\t\t\t<p>Standardm\u00e4\u00dfig wird f\u00fcr PicApport mit dem Installer eine 32 Bit Java-Runtime-Umgebung ausgeliefert. F\u00fcr gro\u00dfe Fotosammlungen empfehlen wir eine 64-Bit Version.<\/p><p>Java Runtime-Umgebungen k\u00f6nnen hier heruntergeladen werden:\u00a0<a class=\"external-link\" href=\"http:\/\/www.oracle.com\/technetwork\/java\/javase\/downloads\/index.html\" rel=\"nofollow\">http:\/\/www.oracle.com\/technetwork\/java\/javase\/downloads\/index.html<\/a><\/p><p>Die\u00a0<em><strong>PicApport.exe<\/strong><\/em>\u00a0pr\u00fcft zuerst ob es in dem Verzeichnis in dem\u00a0<strong><em>PicApport.exe<\/em><\/strong>\u00a0installiert ist ein Unterverzeichnis mit dem Namen\u00a0<em><strong>jre8<\/strong><\/em>\u00a0gibt. Ist dieses Verzeichnis vorhanden<br \/>wird Java von dort geladen. Wenn dieses Verzeichnis nicht existiert wird die installierte JRE des Systems benutzt. (Also einfach\u00a0<em><strong>jre8<\/strong>\u00a0<\/em>l\u00f6schen oder umbenennen um die System JRE zu benutzen)<\/p><p>Welche Java Runtime verwendet wird, ist nach dem Start von PicApport in der neusten Logdatei im Verzeichnis\u00a0<em><strong>.picapport\/logfiles<\/strong><\/em>\u00a0ersichtlich:<\/p><div class=\"panel conf-macro output-block\" data-hasbody=\"true\" data-macro-name=\"panel\"><div class=\"panelContent\"><p>VER\u00a0 @ 13:01:34.299 PicApport Version 6.1 from 07.04.2016 loaded.<br \/>VER\u00a0 @ 13:01:34.299 de.contecon.picapport.PicApport.Version=V6.1.0 07.04.2016<br \/>VER\u00a0 @ 13:01:34.299 <span style=\"color: #ff0000;\">java.runtime.version: 1.8.0_91-b15<\/span><\/p><\/div><\/div>\t\t\t\t\t\t<\/div>\n\t\t\t\t<\/div>\n\t\t\t\t\t<\/div>\n\t\t\t\t<\/div>\n\t\t<div class=\"elementor-element elementor-element-bd8fdc2 e-flex e-con-boxed e-con e-parent\" data-id=\"bd8fdc2\" data-element_type=\"container\" data-settings=\"{&quot;content_width&quot;:&quot;boxed&quot;}\" data-core-v316-plus=\"true\">\n\t\t\t\t\t<div class=\"e-con-inner\">\n\t\t\t\t<div class=\"elementor-element elementor-element-674765e elementor-widget elementor-widget-heading\" data-id=\"674765e\" data-element_type=\"widget\" data-widget_type=\"heading.default\">\n\t\t\t\t<div class=\"elementor-widget-container\">\n\t\t\t<h3 class=\"elementor-heading-title elementor-size-default\">Speicherkonfiguration der PicApport.exe<\/h3>\t\t<\/div>\n\t\t\t\t<\/div>\n\t\t\t\t\t<\/div>\n\t\t\t\t<\/div>\n\t\t<div class=\"elementor-element elementor-element-895e68a e-flex e-con-boxed e-con e-parent\" data-id=\"895e68a\" data-element_type=\"container\" data-settings=\"{&quot;content_width&quot;:&quot;boxed&quot;}\" data-core-v316-plus=\"true\">\n\t\t\t\t\t<div class=\"e-con-inner\">\n\t\t\t\t<div class=\"elementor-element elementor-element-c331d45 elementor-widget elementor-widget-text-editor\" data-id=\"c331d45\" data-element_type=\"widget\" data-widget_type=\"text-editor.default\">\n\t\t\t\t<div class=\"elementor-widget-container\">\n\t\t\t\t\t\t\t<p>Die\u00a0<em><strong>PicApport.exe<\/strong><\/em>\u00a0ist so konfiguriert, dass maximal 50% des verf\u00fcgbaren Speichers belegt werden mindestens jedoch 512MB.<\/p><p>Ist eine individuelle Speicherkonfiguration gew\u00fcnscht empfehlen wir die Benutzung von\u00a0<em><strong>PicApport.jar<\/strong><\/em>\u00a0bzw.\u00a0<em><strong>PicApport_headless.jar<\/strong><\/em>. siehe:\u00a0<a href=\"https:\/\/contecon.de\/picapportwiki\/picapport-server-guide\/\">PicApport-Server Guide<\/a><\/p>\t\t\t\t\t\t<\/div>\n\t\t\t\t<\/div>\n\t\t\t\t\t<\/div>\n\t\t\t\t<\/div>\n\t\t\t\t<\/div>\n\t\t","protected":false},"excerpt":{"rendered":"<p>Installation von PicApport auf einem Windows System Um es auch Einsteigern zu erm\u00f6glichen einen PicApport Server zu installieren, haben wir f\u00fcr Windows einen eigenen Installer gebaut. Dies ist die einfachste Art PicApport zu installieren. Alle Einstellungen, werden automatisch vorgenommen. Selbstverst\u00e4ndlich kann man PicApport unter Windows auch als Java Programm oder sogar als Dienst nutzen nutzen. [&hellip;]<\/p>\n","protected":false},"author":1,"featured_media":0,"parent":0,"menu_order":0,"comment_status":"closed","ping_status":"closed","template":"","meta":{"footnotes":""},"class_list":["post-294","page","type-page","status-publish","hentry","entry"],"_links":{"self":[{"href":"https:\/\/contecon.de\/picapportwiki\/wp-json\/wp\/v2\/pages\/294","targetHints":{"allow":["GET"]}}],"collection":[{"href":"https:\/\/contecon.de\/picapportwiki\/wp-json\/wp\/v2\/pages"}],"about":[{"href":"https:\/\/contecon.de\/picapportwiki\/wp-json\/wp\/v2\/types\/page"}],"author":[{"embeddable":true,"href":"https:\/\/contecon.de\/picapportwiki\/wp-json\/wp\/v2\/users\/1"}],"replies":[{"embeddable":true,"href":"https:\/\/contecon.de\/picapportwiki\/wp-json\/wp\/v2\/comments?post=294"}],"version-history":[{"count":7,"href":"https:\/\/contecon.de\/picapportwiki\/wp-json\/wp\/v2\/pages\/294\/revisions"}],"predecessor-version":[{"id":2235,"href":"https:\/\/contecon.de\/picapportwiki\/wp-json\/wp\/v2\/pages\/294\/revisions\/2235"}],"wp:attachment":[{"href":"https:\/\/contecon.de\/picapportwiki\/wp-json\/wp\/v2\/media?parent=294"}],"curies":[{"name":"wp","href":"https:\/\/api.w.org\/{rel}","templated":true}]}}