{"id":288,"date":"2024-02-13T15:19:39","date_gmt":"2024-02-13T14:19:39","guid":{"rendered":"https:\/\/contecon.de\/picapportwiki\/?page_id=288"},"modified":"2024-05-29T11:15:18","modified_gmt":"2024-05-29T09:15:18","slug":"die-verzeichnisstruktur-des-picapport-servers","status":"publish","type":"page","link":"https:\/\/contecon.de\/picapportwiki\/die-verzeichnisstruktur-des-picapport-servers\/","title":{"rendered":"Die Verzeichnisstruktur des PicApport Servers"},"content":{"rendered":"\t\t<div data-elementor-type=\"wp-page\" data-elementor-id=\"288\" class=\"elementor elementor-288\">\n\t\t\t\t<div class=\"elementor-element elementor-element-19a35f3 e-flex e-con-boxed e-con e-parent\" data-id=\"19a35f3\" data-element_type=\"container\" data-settings=\"{&quot;content_width&quot;:&quot;boxed&quot;}\" data-core-v316-plus=\"true\">\n\t\t\t\t\t<div class=\"e-con-inner\">\n\t\t\t\t<div class=\"elementor-element elementor-element-b0b5723 elementor-widget elementor-widget-heading\" data-id=\"b0b5723\" data-element_type=\"widget\" data-widget_type=\"heading.default\">\n\t\t\t\t<div class=\"elementor-widget-container\">\n\t\t\t<style>\/*! elementor - v3.19.0 - 07-02-2024 *\/\n.elementor-heading-title{padding:0;margin:0;line-height:1}.elementor-widget-heading .elementor-heading-title[class*=elementor-size-]>a{color:inherit;font-size:inherit;line-height:inherit}.elementor-widget-heading .elementor-heading-title.elementor-size-small{font-size:15px}.elementor-widget-heading .elementor-heading-title.elementor-size-medium{font-size:19px}.elementor-widget-heading .elementor-heading-title.elementor-size-large{font-size:29px}.elementor-widget-heading .elementor-heading-title.elementor-size-xl{font-size:39px}.elementor-widget-heading .elementor-heading-title.elementor-size-xxl{font-size:59px}<\/style><h2 class=\"elementor-heading-title elementor-size-default\">Die Verzeichnisstruktur des PicApport Servers<\/h2>\t\t<\/div>\n\t\t\t\t<\/div>\n\t\t\t\t\t<\/div>\n\t\t\t\t<\/div>\n\t\t<div class=\"elementor-element elementor-element-a9c4a40 e-flex e-con-boxed e-con e-parent\" data-id=\"a9c4a40\" data-element_type=\"container\" data-settings=\"{&quot;content_width&quot;:&quot;boxed&quot;}\" data-core-v316-plus=\"true\">\n\t\t\t\t\t<div class=\"e-con-inner\">\n\t\t\t\t<div class=\"elementor-element elementor-element-603c0af elementor-widget elementor-widget-text-editor\" data-id=\"603c0af\" data-element_type=\"widget\" data-widget_type=\"text-editor.default\">\n\t\t\t\t<div class=\"elementor-widget-container\">\n\t\t\t<style>\/*! elementor - v3.19.0 - 07-02-2024 *\/\n.elementor-widget-text-editor.elementor-drop-cap-view-stacked .elementor-drop-cap{background-color:#69727d;color:#fff}.elementor-widget-text-editor.elementor-drop-cap-view-framed .elementor-drop-cap{color:#69727d;border:3px solid;background-color:transparent}.elementor-widget-text-editor:not(.elementor-drop-cap-view-default) .elementor-drop-cap{margin-top:8px}.elementor-widget-text-editor:not(.elementor-drop-cap-view-default) .elementor-drop-cap-letter{width:1em;height:1em}.elementor-widget-text-editor .elementor-drop-cap{float:left;text-align:center;line-height:1;font-size:50px}.elementor-widget-text-editor .elementor-drop-cap-letter{display:inline-block}<\/style>\t\t\t\t<p>Stand 2016: Version 6.x<\/p><p><span class=\"conf-macro output-inline\" data-hasbody=\"true\" data-macro-name=\"excerpt\">Standardm\u00e4\u00dfig legt PicApport alle ver\u00e4nderlichen Daten unterhalb des\u00a0<em>Home-Verzeichnisses<\/em>\u00a0des aktuellen Benutzern im Verzeichnis\u00a0<em><strong>.picapport<\/strong><\/em> ab. Der Name und Ort diese Verzeichnisses kann ge\u00e4ndert werden. Siehe hierzu <a href=\"https:\/\/contecon.de\/picapportwiki\/picapport-server-guide\/\">PicApport-Server Guide (DE) \u2013 PicApport Wiki (contecon.de)<\/a>.<\/span><\/p><p>Unter Windows ist dies normalerweise C:\\Users\\YOUR-USERID\\.picapport<\/p><p>Unter Linux ist dies normalerweise \/home\/YOUR-USERID\/.picapport<\/p><p>Wird PicApport zur ersten mal auf einem Server gestartet, so wird dieses Verzeichnis automatisch angelegt und mit Standard-Vorgabewerten gef\u00fcllt.<\/p>\t\t\t\t\t\t<\/div>\n\t\t\t\t<\/div>\n\t\t\t\t\t<\/div>\n\t\t\t\t<\/div>\n\t\t<div class=\"elementor-element elementor-element-3f0f1c5 e-flex e-con-boxed e-con e-parent\" data-id=\"3f0f1c5\" data-element_type=\"container\" data-settings=\"{&quot;content_width&quot;:&quot;boxed&quot;}\" data-core-v316-plus=\"true\">\n\t\t\t\t\t<div class=\"e-con-inner\">\n\t\t\t\t<div class=\"elementor-element elementor-element-8ae78bb elementor-widget elementor-widget-heading\" data-id=\"8ae78bb\" data-element_type=\"widget\" data-widget_type=\"heading.default\">\n\t\t\t\t<div class=\"elementor-widget-container\">\n\t\t\t<h3 class=\"elementor-heading-title elementor-size-default\">\u00dcbersicht der Verzeichnisse<\/h3>\t\t<\/div>\n\t\t\t\t<\/div>\n\t\t\t\t\t<\/div>\n\t\t\t\t<\/div>\n\t\t<div class=\"elementor-element elementor-element-57871bc e-flex e-con-boxed e-con e-parent\" data-id=\"57871bc\" data-element_type=\"container\" data-settings=\"{&quot;content_width&quot;:&quot;boxed&quot;}\" data-core-v316-plus=\"true\">\n\t\t\t\t\t<div class=\"e-con-inner\">\n\t\t\t\t<div class=\"elementor-element elementor-element-6219ad7 elementor-widget elementor-widget-text-editor\" data-id=\"6219ad7\" data-element_type=\"widget\" data-widget_type=\"text-editor.default\">\n\t\t\t\t<div class=\"elementor-widget-container\">\n\t\t\t\t\t\t\t<div class=\"table-wrap\"><table class=\"wrapped confluenceTable tablesorter tablesorter-default stickyTableHeaders\" role=\"grid\"><colgroup> <col \/> <col \/> <col \/><\/colgroup><thead class=\"tableFloatingHeaderOriginal\"><tr class=\"tablesorter-headerRow\" role=\"row\"><th class=\"confluenceTh tablesorter-header sortableHeader tablesorter-headerAsc\" tabindex=\"0\" role=\"columnheader\" scope=\"col\" data-column=\"0\" aria-disabled=\"false\" aria-sort=\"ascending\" aria-label=\"Verzeichnis: Ascending sort applied, activate to apply a descending sort\"><div class=\"tablesorter-header-inner\">Verzeichnis<\/div><\/th><th class=\"confluenceTh tablesorter-header sortableHeader tablesorter-headerUnSorted\" tabindex=\"0\" role=\"columnheader\" colspan=\"1\" scope=\"col\" data-column=\"1\" aria-disabled=\"false\" aria-sort=\"none\" aria-label=\"Anmerkungen f\u00fcrdie Datensicherung: No sort applied, activate to apply an ascending sort\"><div class=\"tablesorter-header-inner\"><p>Anmerkungen f\u00fcr<br \/>die Datensicherung<\/p><\/div><\/th><th class=\"confluenceTh tablesorter-header sortableHeader tablesorter-headerUnSorted\" tabindex=\"0\" role=\"columnheader\" scope=\"col\" data-column=\"2\" aria-disabled=\"false\" aria-sort=\"none\" aria-label=\"Inhalt: No sort applied, activate to apply an ascending sort\"><div class=\"tablesorter-header-inner\">Inhalt<\/div><\/th><\/tr><\/thead><thead class=\"tableFloatingHeader\"><tr class=\"tablesorter-headerRow\" role=\"row\"><th class=\"confluenceTh tablesorter-header sortableHeader tablesorter-headerUnSorted\" tabindex=\"0\" role=\"columnheader\" scope=\"col\" data-column=\"0\" aria-disabled=\"false\" aria-sort=\"none\" aria-label=\"Verzeichnis: No sort applied, activate to apply an ascending sort\"><div class=\"tablesorter-header-inner\">Verzeichnis<\/div><\/th><th class=\"confluenceTh tablesorter-header sortableHeader tablesorter-headerUnSorted\" tabindex=\"0\" role=\"columnheader\" colspan=\"1\" scope=\"col\" data-column=\"1\" aria-disabled=\"false\" aria-sort=\"none\" aria-label=\"Anmerkungen f\u00fcrdie Datensicherung: No sort applied, activate to apply an ascending sort\"><div class=\"tablesorter-header-inner\"><p>Anmerkungen f\u00fcr<br \/>die Datensicherung<\/p><\/div><\/th><th class=\"confluenceTh tablesorter-header sortableHeader tablesorter-headerUnSorted\" tabindex=\"0\" role=\"columnheader\" scope=\"col\" data-column=\"2\" aria-disabled=\"false\" aria-sort=\"none\" aria-label=\"Inhalt: No sort applied, activate to apply an ascending sort\"><div class=\"tablesorter-header-inner\">Inhalt<\/div><\/th><\/tr><\/thead><tbody aria-live=\"polite\" aria-relevant=\"all\"><tr role=\"row\"><td class=\"confluenceTd\">.picapport<\/td><td class=\"confluenceTd\" colspan=\"1\"><p>Dynamische Konfigurationsdaten<\/p><p><em><strong>Regelm\u00e4\u00dfige Sicherung empfohlen<\/strong><\/em><\/p><\/td><td class=\"confluenceTd\"><ul><li><em><strong>picapport.properties<\/strong><\/em>\u00a0(encoding=<a class=\"external-link\" href=\"https:\/\/de.wikipedia.org\/wiki\/ISO_8859-1\" rel=\"nofollow\">ISO_8859-1<\/a>)<br \/>Enth\u00e4lt Konfiguration des Servers. Dokumentation der Parameter siehe: <a href=\"https:\/\/contecon.de\/picapportwiki\/picapport-server-guide\/\">PicApport-Server Guide (DE) \u2013 PicApport Wiki (contecon.de)<\/a><\/li><li><em><strong>picapport.ks<\/strong><\/em><br \/>Keystore. Wird automatisch bei SSL Konfiguration angelegt.<\/li><li><em><strong>PicApport.lck<\/strong><\/em><br \/>Interne Steuerdatei (Um zu verhindern dass Serverprozess mehrfach gestartet wird)<\/li><li><em><strong>palicense.properties<\/strong><\/em><br \/>Optionale Lizenzdatei f\u00fcr kommerzielle Nutzer<\/li><\/ul><\/td><\/tr><tr role=\"row\"><td class=\"confluenceTd\">.picapport\/cache<\/td><td class=\"confluenceTd\" colspan=\"1\">Wird generiert<\/td><td class=\"confluenceTd\">Enth\u00e4lt den kompletten Fotocache (optional) von PicApport. Siehe auch Parameter\u00a0<a href=\"https:\/\/wiki.picapport.com\/display\/PIC\/PicApport-Server+Guide#PicApport-ServerGuide-foto.jpg.usecache\">foto.jpg.usecache<\/a>\u00a0und\u00a0<a href=\"https:\/\/wiki.picapport.com\/display\/PIC\/PicApport-Server+Guide#PicApport-ServerGuide-foto.jpg.cache.path\">foto.jpg.cache.path<\/a><\/td><\/tr><tr role=\"row\"><td class=\"confluenceTd\">.picapport\/db<\/td><td class=\"confluenceTd\" colspan=\"1\"><p>Kann jederzeit vor Serverstart<br \/>gel\u00f6scht werden und wird dann<br \/>neu generiert.<\/p><\/td><td class=\"confluenceTd\">Enth\u00e4lt die Datenbank von PicApport. Falls nicht vorhanden wird das Verzeichnis samt Inhalt automatisch bei Serverstart erzeugt.<br \/>Alle Inhalte der Datenbank werden ausschlie\u00dflich aus den Foto-Metadaten generiert. Das db-Verzeichnis muss somit nicht gesichert werden.<\/td><\/tr><tr role=\"row\"><td class=\"confluenceTd\" colspan=\"1\">.picapport\/designs<\/td><td class=\"confluenceTd\" colspan=\"1\">Konfigurationsdaten<\/td><td class=\"confluenceTd\" colspan=\"1\">Enth\u00e4lt die installierbaren Designs. Siehe: <a href=\"https:\/\/contecon.de\/picapportwiki\/picapport-designs\/\">PicApport \u2013 Designs (DE) \u2013 PicApport Wiki (contecon.de)<\/a><\/td><\/tr><tr role=\"row\"><td class=\"confluenceTd\" colspan=\"1\">.picapport\/groovy<\/td><td class=\"confluenceTd\" colspan=\"1\">PicApport Add-Ons<\/td><td class=\"confluenceTd\" colspan=\"1\">Enth\u00e4lt die Groovy-Laufzeitumgebung sowie die Installierten Add-Ons. Siehe <a href=\"https:\/\/contecon.de\/picapportwiki\/picapport-add-on-guide\/\">PicApport Add-on Guide (DE) \u2013 PicApport Wiki (contecon.de)<\/a><\/td><\/tr><tr role=\"row\"><td class=\"confluenceTd\" colspan=\"1\">.picapport\/logfiles<\/td><td class=\"confluenceTd\" colspan=\"1\">Logdateien<\/td><td class=\"confluenceTd\" colspan=\"1\">Enth\u00e4lt alle Generationen der Server-Logdateien<\/td><\/tr><tr role=\"row\"><td class=\"confluenceTd\" colspan=\"1\">.picapport\/maildef<\/td><td class=\"confluenceTd\" colspan=\"1\">Konfigurationsdaten<\/td><td class=\"confluenceTd\" colspan=\"1\">Enth\u00e4lt Konfigurationsdateien des E-Mail Subsystems. Siehe: <a href=\"https:\/\/contecon.de\/picapportwiki\/fotos-von-e-mail-konten-herunterladen\/\">Fotos von E-Mail Konten herunterladen \u2013 PicApport Wiki (contecon.de)<\/a><\/td><\/tr><tr role=\"row\"><td class=\"confluenceTd\" colspan=\"1\">.picapport\/photosync<\/td><td class=\"confluenceTd\" colspan=\"1\"><p>Dynamische Daten<\/p><p><em><strong>Regelm\u00e4\u00dfige Sicherung empfohlen<\/strong><\/em><\/p><\/td><td class=\"confluenceTd\" colspan=\"1\">Enth\u00e4lt die Datei\u00a0<em><strong>syncedPhotoIDs.txt<\/strong><\/em>. Dort werden f\u00fcr die PicApport PhotoSync App die bereits \u00fcbertragenen ID&#8217;s gespeichert.<\/td><\/tr><tr role=\"row\"><td class=\"confluenceTd\" colspan=\"1\">.picapport\/plugins<\/td><td class=\"confluenceTd\" colspan=\"1\">Konfigurationsdaten<\/td><td class=\"confluenceTd\" colspan=\"1\">Enth\u00e4lt die installierbaren Plug-ins. Siehe: <a href=\"https:\/\/contecon.de\/picapportwiki\/picapport-plug-in-guide\/\">PicApport Plug-in Guide (DE) \u2013 PicApport Wiki (contecon.de)<\/a><\/td><\/tr><tr role=\"row\"><td class=\"confluenceTd\" colspan=\"1\">.picapport\/queries<\/td><td class=\"confluenceTd\" colspan=\"1\"><p>Dynamische Daten<\/p><p><em><strong>Regelm\u00e4\u00dfige Sicherung empfohlen<\/strong><\/em><\/p><\/td><td class=\"confluenceTd\" colspan=\"1\"><p>Enth\u00e4lt die xml-Dateien der gespeicherten dynamischen Sammlungen.<br \/>Unterverzeichnisse:<\/p><ul><li><em><strong>user<\/strong>\u00a0<\/em>&#8211; Weitere Unterverzeichnisse mit Benutzerspezifischen Sammlungen<\/li><li><em><strong>roles\u00a0<\/strong><\/em>&#8211; Weitere Unterverzeichnisse mit Gruppenspezifischen Sammlungen<\/li><\/ul><\/td><\/tr><tr role=\"row\"><td class=\"confluenceTd\" colspan=\"1\"><p>.picapport\/themes<\/p><\/td><td class=\"confluenceTd\" colspan=\"1\">Konfigurationsdaten<\/td><td class=\"confluenceTd\" colspan=\"1\">Enth\u00e4lt Themeanpassungen f\u00fcr kommerzielle Nutzung.<\/td><\/tr><tr role=\"row\"><td class=\"confluenceTd\" colspan=\"1\">.picapport\/thesaurus<\/td><td class=\"confluenceTd\" colspan=\"1\"><p>Dynamische Daten<\/p><p><em><strong>Regelm\u00e4\u00dfige Sicherung empfohlen<\/strong><\/em><\/p><\/td><td class=\"confluenceTd\" colspan=\"1\"><div class=\"content-wrapper\"><p>Optionales Verzeichnis. Enth\u00e4lt ein oder mehrere Synonymw\u00f6rterb\u00fccher. Das Verzeichnis muss manuell angelegt werden.<\/p><p>G\u00fcltige Synonymw\u00f6rterb\u00fccher sind UTF-8 codierte Textdateien mit der Dateiendung\u00a0<em><strong>.pathes<\/strong><\/em><\/p><p>\u00c4nderungen an den Synonymw\u00f6rterb\u00fcchern oder neue Dateien werden bei jedem Crawlerdurchlauf registriert und \u00fcbernommen.<\/p><p>\u00dcber folgenden Link kann eine dokumentierte Beispieldatei herunter geladen werden:\u00a0<a href=\"https:\/\/wiki.picapport.com\/download\/attachments\/2261247\/beispiel_de.pathes?version=2&amp;modificationDate=1557155343256&amp;api=v2\" data-linked-resource-id=\"14614700\" data-linked-resource-version=\"2\" data-linked-resource-type=\"attachment\" data-linked-resource-default-alias=\"beispiel_de.pathes\" data-linked-resource-content-type=\"application\/octet-stream\" data-linked-resource-container-id=\"2261247\" data-linked-resource-container-version=\"12\">beispiel_de.pathes<\/a><\/p><\/div><\/td><\/tr><tr role=\"row\"><td class=\"confluenceTd\" colspan=\"1\">.picapport\/uploadtemp<\/td><td class=\"confluenceTd\" colspan=\"1\">Tempor\u00e4re Daten<\/td><td class=\"confluenceTd\" colspan=\"1\">Verzeichnis f\u00fcr tempor\u00e4re Dateien w\u00e4hrend User-Uploads<\/td><\/tr><tr role=\"row\"><td class=\"confluenceTd\" colspan=\"1\">.picapport\/users<\/td><td class=\"confluenceTd\" colspan=\"1\"><p>Dynamische Daten<\/p><p><em><strong>Regelm\u00e4\u00dfige Sicherung empfohlen<\/strong><\/em><\/p><p>Hier werden z.B. auch die mit Version<br \/>7 eingef\u00fchrten MyTags und Likes<br \/>gespeichert.<\/p><\/td><td class=\"confluenceTd\" colspan=\"1\">Verzeichnis f\u00fcr die Dateien der Benutzerverwaltung: Siehe <a href=\"https:\/\/contecon.de\/picapportwiki\/picapport-benutzerverwaltung\/\">PicApport Benutzerverwaltung \u2013 PicApport Wiki (contecon.de)<\/a><\/td><\/tr><\/tbody><\/table><\/div>\t\t\t\t\t\t<\/div>\n\t\t\t\t<\/div>\n\t\t\t\t\t<\/div>\n\t\t\t\t<\/div>\n\t\t\t\t<\/div>\n\t\t","protected":false},"excerpt":{"rendered":"<p>Die Verzeichnisstruktur des PicApport Servers Stand 2016: Version 6.x Standardm\u00e4\u00dfig legt PicApport alle ver\u00e4nderlichen Daten unterhalb des\u00a0Home-Verzeichnisses\u00a0des aktuellen Benutzern im Verzeichnis\u00a0.picapport ab. Der Name und Ort diese Verzeichnisses kann ge\u00e4ndert werden. Siehe hierzu PicApport-Server Guide (DE) \u2013 PicApport Wiki (contecon.de). Unter Windows ist dies normalerweise C:UsersYOUR-USERID.picapport Unter Linux ist dies normalerweise \/home\/YOUR-USERID\/.picapport Wird PicApport zur [&hellip;]<\/p>\n","protected":false},"author":1,"featured_media":0,"parent":0,"menu_order":0,"comment_status":"closed","ping_status":"closed","template":"","meta":{"footnotes":""},"class_list":["post-288","page","type-page","status-publish","hentry","entry"],"_links":{"self":[{"href":"https:\/\/contecon.de\/picapportwiki\/wp-json\/wp\/v2\/pages\/288","targetHints":{"allow":["GET"]}}],"collection":[{"href":"https:\/\/contecon.de\/picapportwiki\/wp-json\/wp\/v2\/pages"}],"about":[{"href":"https:\/\/contecon.de\/picapportwiki\/wp-json\/wp\/v2\/types\/page"}],"author":[{"embeddable":true,"href":"https:\/\/contecon.de\/picapportwiki\/wp-json\/wp\/v2\/users\/1"}],"replies":[{"embeddable":true,"href":"https:\/\/contecon.de\/picapportwiki\/wp-json\/wp\/v2\/comments?post=288"}],"version-history":[{"count":10,"href":"https:\/\/contecon.de\/picapportwiki\/wp-json\/wp\/v2\/pages\/288\/revisions"}],"predecessor-version":[{"id":2511,"href":"https:\/\/contecon.de\/picapportwiki\/wp-json\/wp\/v2\/pages\/288\/revisions\/2511"}],"wp:attachment":[{"href":"https:\/\/contecon.de\/picapportwiki\/wp-json\/wp\/v2\/media?parent=288"}],"curies":[{"name":"wp","href":"https:\/\/api.w.org\/{rel}","templated":true}]}}