{"id":170,"date":"2024-02-12T16:45:20","date_gmt":"2024-02-12T15:45:20","guid":{"rendered":"https:\/\/contecon.de\/picapportwiki\/?page_id=170"},"modified":"2024-02-13T11:08:51","modified_gmt":"2024-02-13T10:08:51","slug":"benutzer-verwalten-user-management","status":"publish","type":"page","link":"https:\/\/contecon.de\/picapportwiki\/picapport-navigator-webinterface\/benutzer-verwalten-user-management\/","title":{"rendered":"Benutzer verwalten (#user-management)"},"content":{"rendered":"\t\t<div data-elementor-type=\"wp-page\" data-elementor-id=\"170\" class=\"elementor elementor-170\">\n\t\t\t\t<div class=\"elementor-element elementor-element-fd0acaf e-flex e-con-boxed e-con e-parent\" data-id=\"fd0acaf\" data-element_type=\"container\" data-settings=\"{&quot;content_width&quot;:&quot;boxed&quot;}\" data-core-v316-plus=\"true\">\n\t\t\t\t\t<div class=\"e-con-inner\">\n\t\t\t\t<div class=\"elementor-element elementor-element-c936b62 elementor-widget elementor-widget-heading\" data-id=\"c936b62\" data-element_type=\"widget\" data-widget_type=\"heading.default\">\n\t\t\t\t<div class=\"elementor-widget-container\">\n\t\t\t<style>\/*! elementor - v3.19.0 - 07-02-2024 *\/\n.elementor-heading-title{padding:0;margin:0;line-height:1}.elementor-widget-heading .elementor-heading-title[class*=elementor-size-]>a{color:inherit;font-size:inherit;line-height:inherit}.elementor-widget-heading .elementor-heading-title.elementor-size-small{font-size:15px}.elementor-widget-heading .elementor-heading-title.elementor-size-medium{font-size:19px}.elementor-widget-heading .elementor-heading-title.elementor-size-large{font-size:29px}.elementor-widget-heading .elementor-heading-title.elementor-size-xl{font-size:39px}.elementor-widget-heading .elementor-heading-title.elementor-size-xxl{font-size:59px}<\/style><h2 class=\"elementor-heading-title elementor-size-default\">Benutzer verwalten (#user-management)<\/h2>\t\t<\/div>\n\t\t\t\t<\/div>\n\t\t\t\t\t<\/div>\n\t\t\t\t<\/div>\n\t\t<div class=\"elementor-element elementor-element-0c44ba7 e-flex e-con-boxed e-con e-parent\" data-id=\"0c44ba7\" data-element_type=\"container\" data-settings=\"{&quot;content_width&quot;:&quot;boxed&quot;}\" data-core-v316-plus=\"true\">\n\t\t\t\t\t<div class=\"e-con-inner\">\n\t\t\t\t<div class=\"elementor-element elementor-element-de66883 elementor-widget elementor-widget-text-editor\" data-id=\"de66883\" data-element_type=\"widget\" data-widget_type=\"text-editor.default\">\n\t\t\t\t<div class=\"elementor-widget-container\">\n\t\t\t<style>\/*! elementor - v3.19.0 - 07-02-2024 *\/\n.elementor-widget-text-editor.elementor-drop-cap-view-stacked .elementor-drop-cap{background-color:#69727d;color:#fff}.elementor-widget-text-editor.elementor-drop-cap-view-framed .elementor-drop-cap{color:#69727d;border:3px solid;background-color:transparent}.elementor-widget-text-editor:not(.elementor-drop-cap-view-default) .elementor-drop-cap{margin-top:8px}.elementor-widget-text-editor:not(.elementor-drop-cap-view-default) .elementor-drop-cap-letter{width:1em;height:1em}.elementor-widget-text-editor .elementor-drop-cap{float:left;text-align:center;line-height:1;font-size:50px}.elementor-widget-text-editor .elementor-drop-cap-letter{display:inline-block}<\/style>\t\t\t\t<p><img decoding=\"async\" src=\"https:\/\/wiki.picapport.com\/s\/de_DE\/8100\/4410012ac87e845516b70bc69b6f7a893eabaa5a\/_\/images\/icons\/emoticons\/warning.svg\" alt=\"(Warnung)\" \/>\u00a0Ist das Netzwerk in dem Ihr PicApport Server l\u00e4uft f\u00fcr fremde Personen oder G\u00e4ste zug\u00e4nglich sollten Sie unbedingt die Vorgabe-Kennw\u00f6rter \u00e4ndern.<\/p><h3 id=\"Benutzerverwalten(#user-management)-siehehierzuauch:\">siehe hierzu auch:\u00a0<a href=\"https:\/\/wiki.picapport.com\/display\/PIC\/PicApport+Benutzerverwaltung\">PicApport Benutzerverwaltung<\/a><\/h3>\t\t\t\t\t\t<\/div>\n\t\t\t\t<\/div>\n\t\t\t\t\t<\/div>\n\t\t\t\t<\/div>\n\t\t<div class=\"elementor-element elementor-element-c63d282 e-flex e-con-boxed e-con e-parent\" data-id=\"c63d282\" data-element_type=\"container\" data-settings=\"{&quot;content_width&quot;:&quot;boxed&quot;}\" data-core-v316-plus=\"true\">\n\t\t\t\t\t<div class=\"e-con-inner\">\n\t\t\t\t<div class=\"elementor-element elementor-element-1c689c0 elementor-widget elementor-widget-image\" data-id=\"1c689c0\" data-element_type=\"widget\" data-widget_type=\"image.default\">\n\t\t\t\t<div class=\"elementor-widget-container\">\n\t\t\t<style>\/*! elementor - v3.19.0 - 07-02-2024 *\/\n.elementor-widget-image{text-align:center}.elementor-widget-image a{display:inline-block}.elementor-widget-image a img[src$=\".svg\"]{width:48px}.elementor-widget-image img{vertical-align:middle;display:inline-block}<\/style>\t\t\t\t\t\t\t\t\t\t<img fetchpriority=\"high\" decoding=\"async\" width=\"1024\" height=\"704\" src=\"https:\/\/contecon.de\/picapportwiki\/wp-content\/uploads\/2024\/02\/image2015-10-27-15_41_40-1024x704.png\" class=\"attachment-large size-large wp-image-264\" alt=\"\" srcset=\"https:\/\/contecon.de\/picapportwiki\/wp-content\/uploads\/2024\/02\/image2015-10-27-15_41_40-1024x704.png 1024w, https:\/\/contecon.de\/picapportwiki\/wp-content\/uploads\/2024\/02\/image2015-10-27-15_41_40-300x206.png 300w, https:\/\/contecon.de\/picapportwiki\/wp-content\/uploads\/2024\/02\/image2015-10-27-15_41_40-768x528.png 768w, https:\/\/contecon.de\/picapportwiki\/wp-content\/uploads\/2024\/02\/image2015-10-27-15_41_40.png 1080w\" sizes=\"(max-width: 1024px) 100vw, 1024px\" \/>\t\t\t\t\t\t\t\t\t\t\t\t\t<\/div>\n\t\t\t\t<\/div>\n\t\t\t\t\t<\/div>\n\t\t\t\t<\/div>\n\t\t\t\t<\/div>\n\t\t","protected":false},"excerpt":{"rendered":"<p>Benutzer verwalten (#user-management) \u00a0Ist das Netzwerk in dem Ihr PicApport Server l\u00e4uft f\u00fcr fremde Personen oder G\u00e4ste zug\u00e4nglich sollten Sie unbedingt die Vorgabe-Kennw\u00f6rter \u00e4ndern. siehe hierzu auch:\u00a0PicApport Benutzerverwaltung<\/p>\n","protected":false},"author":1,"featured_media":0,"parent":43,"menu_order":9,"comment_status":"closed","ping_status":"closed","template":"","meta":{"footnotes":""},"class_list":["post-170","page","type-page","status-publish","hentry","entry"],"_links":{"self":[{"href":"https:\/\/contecon.de\/picapportwiki\/wp-json\/wp\/v2\/pages\/170","targetHints":{"allow":["GET"]}}],"collection":[{"href":"https:\/\/contecon.de\/picapportwiki\/wp-json\/wp\/v2\/pages"}],"about":[{"href":"https:\/\/contecon.de\/picapportwiki\/wp-json\/wp\/v2\/types\/page"}],"author":[{"embeddable":true,"href":"https:\/\/contecon.de\/picapportwiki\/wp-json\/wp\/v2\/users\/1"}],"replies":[{"embeddable":true,"href":"https:\/\/contecon.de\/picapportwiki\/wp-json\/wp\/v2\/comments?post=170"}],"version-history":[{"count":4,"href":"https:\/\/contecon.de\/picapportwiki\/wp-json\/wp\/v2\/pages\/170\/revisions"}],"predecessor-version":[{"id":267,"href":"https:\/\/contecon.de\/picapportwiki\/wp-json\/wp\/v2\/pages\/170\/revisions\/267"}],"up":[{"embeddable":true,"href":"https:\/\/contecon.de\/picapportwiki\/wp-json\/wp\/v2\/pages\/43"}],"wp:attachment":[{"href":"https:\/\/contecon.de\/picapportwiki\/wp-json\/wp\/v2\/media?parent=170"}],"curies":[{"name":"wp","href":"https:\/\/api.w.org\/{rel}","templated":true}]}}