{"id":144,"date":"2024-02-12T16:32:11","date_gmt":"2024-02-12T15:32:11","guid":{"rendered":"https:\/\/contecon.de\/picapportwiki\/?page_id=144"},"modified":"2024-02-13T10:39:43","modified_gmt":"2024-02-13T09:39:43","slug":"die-kartenansicht-map","status":"publish","type":"page","link":"https:\/\/contecon.de\/picapportwiki\/picapport-navigator-webinterface\/die-kartenansicht-map\/","title":{"rendered":"Die Kartenansicht (#map)"},"content":{"rendered":"\t\t<div data-elementor-type=\"wp-page\" data-elementor-id=\"144\" class=\"elementor elementor-144\">\n\t\t\t\t<div class=\"elementor-element elementor-element-5cddc39 e-flex e-con-boxed e-con e-parent\" data-id=\"5cddc39\" data-element_type=\"container\" data-settings=\"{&quot;content_width&quot;:&quot;boxed&quot;}\" data-core-v316-plus=\"true\">\n\t\t\t\t\t<div class=\"e-con-inner\">\n\t\t\t\t<div class=\"elementor-element elementor-element-42efbc9 elementor-widget elementor-widget-heading\" data-id=\"42efbc9\" data-element_type=\"widget\" data-widget_type=\"heading.default\">\n\t\t\t\t<div class=\"elementor-widget-container\">\n\t\t\t<style>\/*! elementor - v3.19.0 - 07-02-2024 *\/\n.elementor-heading-title{padding:0;margin:0;line-height:1}.elementor-widget-heading .elementor-heading-title[class*=elementor-size-]>a{color:inherit;font-size:inherit;line-height:inherit}.elementor-widget-heading .elementor-heading-title.elementor-size-small{font-size:15px}.elementor-widget-heading .elementor-heading-title.elementor-size-medium{font-size:19px}.elementor-widget-heading .elementor-heading-title.elementor-size-large{font-size:29px}.elementor-widget-heading .elementor-heading-title.elementor-size-xl{font-size:39px}.elementor-widget-heading .elementor-heading-title.elementor-size-xxl{font-size:59px}<\/style><h2 class=\"elementor-heading-title elementor-size-default\">Die Kartenansicht (#map)<\/h2>\t\t<\/div>\n\t\t\t\t<\/div>\n\t\t\t\t\t<\/div>\n\t\t\t\t<\/div>\n\t\t<div class=\"elementor-element elementor-element-81cb693 e-flex e-con-boxed e-con e-parent\" data-id=\"81cb693\" data-element_type=\"container\" data-settings=\"{&quot;content_width&quot;:&quot;boxed&quot;}\" data-core-v316-plus=\"true\">\n\t\t\t\t\t<div class=\"e-con-inner\">\n\t\t\t\t<div class=\"elementor-element elementor-element-d333f22 elementor-widget elementor-widget-text-editor\" data-id=\"d333f22\" data-element_type=\"widget\" data-widget_type=\"text-editor.default\">\n\t\t\t\t<div class=\"elementor-widget-container\">\n\t\t\t<style>\/*! elementor - v3.19.0 - 07-02-2024 *\/\n.elementor-widget-text-editor.elementor-drop-cap-view-stacked .elementor-drop-cap{background-color:#69727d;color:#fff}.elementor-widget-text-editor.elementor-drop-cap-view-framed .elementor-drop-cap{color:#69727d;border:3px solid;background-color:transparent}.elementor-widget-text-editor:not(.elementor-drop-cap-view-default) .elementor-drop-cap{margin-top:8px}.elementor-widget-text-editor:not(.elementor-drop-cap-view-default) .elementor-drop-cap-letter{width:1em;height:1em}.elementor-widget-text-editor .elementor-drop-cap{float:left;text-align:center;line-height:1;font-size:50px}.elementor-widget-text-editor .elementor-drop-cap-letter{display:inline-block}<\/style>\t\t\t\t<p>Am Ende dieser Seite befindet sich noch ein kleines Einf\u00fchrungsvideo<\/p>\t\t\t\t\t\t<\/div>\n\t\t\t\t<\/div>\n\t\t\t\t\t<\/div>\n\t\t\t\t<\/div>\n\t\t<div class=\"elementor-element elementor-element-33b846c e-flex e-con-boxed e-con e-parent\" data-id=\"33b846c\" data-element_type=\"container\" data-settings=\"{&quot;content_width&quot;:&quot;boxed&quot;}\" data-core-v316-plus=\"true\">\n\t\t\t\t\t<div class=\"e-con-inner\">\n\t\t\t\t<div class=\"elementor-element elementor-element-fdf0143 elementor-widget elementor-widget-heading\" data-id=\"fdf0143\" data-element_type=\"widget\" data-widget_type=\"heading.default\">\n\t\t\t\t<div class=\"elementor-widget-container\">\n\t\t\t<h3 class=\"elementor-heading-title elementor-size-default\">Geolocations - Weltkarte \u00dcbersicht<\/h3>\t\t<\/div>\n\t\t\t\t<\/div>\n\t\t\t\t\t<\/div>\n\t\t\t\t<\/div>\n\t\t<div class=\"elementor-element elementor-element-1c36aba e-flex e-con-boxed e-con e-parent\" data-id=\"1c36aba\" data-element_type=\"container\" data-settings=\"{&quot;content_width&quot;:&quot;boxed&quot;}\" data-core-v316-plus=\"true\">\n\t\t\t\t\t<div class=\"e-con-inner\">\n\t\t\t\t<div class=\"elementor-element elementor-element-c1f48a4 elementor-widget elementor-widget-image\" data-id=\"c1f48a4\" data-element_type=\"widget\" data-widget_type=\"image.default\">\n\t\t\t\t<div class=\"elementor-widget-container\">\n\t\t\t<style>\/*! elementor - v3.19.0 - 07-02-2024 *\/\n.elementor-widget-image{text-align:center}.elementor-widget-image a{display:inline-block}.elementor-widget-image a img[src$=\".svg\"]{width:48px}.elementor-widget-image img{vertical-align:middle;display:inline-block}<\/style>\t\t\t\t\t\t\t\t\t\t<img fetchpriority=\"high\" decoding=\"async\" width=\"1024\" height=\"704\" src=\"https:\/\/contecon.de\/picapportwiki\/wp-content\/uploads\/2024\/02\/DE_map1-1024x704.png\" class=\"attachment-large size-large wp-image-228\" alt=\"\" srcset=\"https:\/\/contecon.de\/picapportwiki\/wp-content\/uploads\/2024\/02\/DE_map1-1024x704.png 1024w, https:\/\/contecon.de\/picapportwiki\/wp-content\/uploads\/2024\/02\/DE_map1-300x206.png 300w, https:\/\/contecon.de\/picapportwiki\/wp-content\/uploads\/2024\/02\/DE_map1-768x528.png 768w, https:\/\/contecon.de\/picapportwiki\/wp-content\/uploads\/2024\/02\/DE_map1.png 1080w\" sizes=\"(max-width: 1024px) 100vw, 1024px\" \/>\t\t\t\t\t\t\t\t\t\t\t\t\t<\/div>\n\t\t\t\t<\/div>\n\t\t\t\t\t<\/div>\n\t\t\t\t<\/div>\n\t\t<div class=\"elementor-element elementor-element-2f8bdfe e-flex e-con-boxed e-con e-parent\" data-id=\"2f8bdfe\" data-element_type=\"container\" data-settings=\"{&quot;content_width&quot;:&quot;boxed&quot;}\" data-core-v316-plus=\"true\">\n\t\t\t\t\t<div class=\"e-con-inner\">\n\t\t\t\t<div class=\"elementor-element elementor-element-e35c511 elementor-widget elementor-widget-heading\" data-id=\"e35c511\" data-element_type=\"widget\" data-widget_type=\"heading.default\">\n\t\t\t\t<div class=\"elementor-widget-container\">\n\t\t\t<h3 class=\"elementor-heading-title elementor-size-default\">Geolocations - GPS Koordinaten f\u00fcr ein Foto setzen (seit Version 7.0)<\/h3>\t\t<\/div>\n\t\t\t\t<\/div>\n\t\t\t\t\t<\/div>\n\t\t\t\t<\/div>\n\t\t<div class=\"elementor-element elementor-element-4cc5fd0 e-flex e-con-boxed e-con e-parent\" data-id=\"4cc5fd0\" data-element_type=\"container\" data-settings=\"{&quot;content_width&quot;:&quot;boxed&quot;}\" data-core-v316-plus=\"true\">\n\t\t\t\t\t<div class=\"e-con-inner\">\n\t\t\t\t<div class=\"elementor-element elementor-element-e49b309 elementor-widget elementor-widget-image\" data-id=\"e49b309\" data-element_type=\"widget\" data-widget_type=\"image.default\">\n\t\t\t\t<div class=\"elementor-widget-container\">\n\t\t\t\t\t\t\t\t\t\t\t\t\t<img decoding=\"async\" width=\"1024\" height=\"607\" src=\"https:\/\/contecon.de\/picapportwiki\/wp-content\/uploads\/2024\/02\/DE-geotagging-1-1024x607.png\" class=\"attachment-large size-large wp-image-229\" alt=\"\" srcset=\"https:\/\/contecon.de\/picapportwiki\/wp-content\/uploads\/2024\/02\/DE-geotagging-1-1024x607.png 1024w, https:\/\/contecon.de\/picapportwiki\/wp-content\/uploads\/2024\/02\/DE-geotagging-1-300x178.png 300w, https:\/\/contecon.de\/picapportwiki\/wp-content\/uploads\/2024\/02\/DE-geotagging-1-768x455.png 768w, https:\/\/contecon.de\/picapportwiki\/wp-content\/uploads\/2024\/02\/DE-geotagging-1.png 1371w\" sizes=\"(max-width: 1024px) 100vw, 1024px\" \/>\t\t\t\t\t\t\t\t\t\t\t\t\t<\/div>\n\t\t\t\t<\/div>\n\t\t\t\t\t<\/div>\n\t\t\t\t<\/div>\n\t\t<div class=\"elementor-element elementor-element-67b5d3e e-flex e-con-boxed e-con e-parent\" data-id=\"67b5d3e\" data-element_type=\"container\" data-settings=\"{&quot;content_width&quot;:&quot;boxed&quot;}\" data-core-v316-plus=\"true\">\n\t\t\t\t\t<div class=\"e-con-inner\">\n\t\t\t\t<div class=\"elementor-element elementor-element-9294307 elementor-widget elementor-widget-heading\" data-id=\"9294307\" data-element_type=\"widget\" data-widget_type=\"heading.default\">\n\t\t\t\t<div class=\"elementor-widget-container\">\n\t\t\t<h3 class=\"elementor-heading-title elementor-size-default\">Geolocations - Kartenmaterial<\/h3>\t\t<\/div>\n\t\t\t\t<\/div>\n\t\t\t\t\t<\/div>\n\t\t\t\t<\/div>\n\t\t<div class=\"elementor-element elementor-element-abcf04b e-flex e-con-boxed e-con e-parent\" data-id=\"abcf04b\" data-element_type=\"container\" data-settings=\"{&quot;content_width&quot;:&quot;boxed&quot;}\" data-core-v316-plus=\"true\">\n\t\t\t\t\t<div class=\"e-con-inner\">\n\t\t\t\t<div class=\"elementor-element elementor-element-dc7da5c elementor-widget elementor-widget-image\" data-id=\"dc7da5c\" data-element_type=\"widget\" data-widget_type=\"image.default\">\n\t\t\t\t<div class=\"elementor-widget-container\">\n\t\t\t\t\t\t\t\t\t\t\t\t\t<img decoding=\"async\" width=\"1024\" height=\"704\" src=\"https:\/\/contecon.de\/picapportwiki\/wp-content\/uploads\/2024\/02\/DE_map2-1024x704.png\" class=\"attachment-large size-large wp-image-230\" alt=\"\" srcset=\"https:\/\/contecon.de\/picapportwiki\/wp-content\/uploads\/2024\/02\/DE_map2-1024x704.png 1024w, https:\/\/contecon.de\/picapportwiki\/wp-content\/uploads\/2024\/02\/DE_map2-300x206.png 300w, https:\/\/contecon.de\/picapportwiki\/wp-content\/uploads\/2024\/02\/DE_map2-768x528.png 768w, https:\/\/contecon.de\/picapportwiki\/wp-content\/uploads\/2024\/02\/DE_map2.png 1080w\" sizes=\"(max-width: 1024px) 100vw, 1024px\" \/>\t\t\t\t\t\t\t\t\t\t\t\t\t<\/div>\n\t\t\t\t<\/div>\n\t\t\t\t\t<\/div>\n\t\t\t\t<\/div>\n\t\t<div class=\"elementor-element elementor-element-85459d5 e-flex e-con-boxed e-con e-parent\" data-id=\"85459d5\" data-element_type=\"container\" data-settings=\"{&quot;content_width&quot;:&quot;boxed&quot;}\" data-core-v316-plus=\"true\">\n\t\t\t\t\t<div class=\"e-con-inner\">\n\t\t\t\t<div class=\"elementor-element elementor-element-c79c7d5 elementor-widget elementor-widget-heading\" data-id=\"c79c7d5\" data-element_type=\"widget\" data-widget_type=\"heading.default\">\n\t\t\t\t<div class=\"elementor-widget-container\">\n\t\t\t<h3 class=\"elementor-heading-title elementor-size-default\">Geolocations - Fotovorschau<\/h3>\t\t<\/div>\n\t\t\t\t<\/div>\n\t\t\t\t\t<\/div>\n\t\t\t\t<\/div>\n\t\t<div class=\"elementor-element elementor-element-e247514 e-flex e-con-boxed e-con e-parent\" data-id=\"e247514\" data-element_type=\"container\" data-settings=\"{&quot;content_width&quot;:&quot;boxed&quot;}\" data-core-v316-plus=\"true\">\n\t\t\t\t\t<div class=\"e-con-inner\">\n\t\t\t\t<div class=\"elementor-element elementor-element-4f7e9d2 elementor-widget elementor-widget-image\" data-id=\"4f7e9d2\" data-element_type=\"widget\" data-widget_type=\"image.default\">\n\t\t\t\t<div class=\"elementor-widget-container\">\n\t\t\t\t\t\t\t\t\t\t\t\t\t<img loading=\"lazy\" decoding=\"async\" width=\"1024\" height=\"704\" src=\"https:\/\/contecon.de\/picapportwiki\/wp-content\/uploads\/2024\/02\/DE_map3-1024x704.png\" class=\"attachment-large size-large wp-image-232\" alt=\"\" srcset=\"https:\/\/contecon.de\/picapportwiki\/wp-content\/uploads\/2024\/02\/DE_map3-1024x704.png 1024w, https:\/\/contecon.de\/picapportwiki\/wp-content\/uploads\/2024\/02\/DE_map3-300x206.png 300w, https:\/\/contecon.de\/picapportwiki\/wp-content\/uploads\/2024\/02\/DE_map3-768x528.png 768w, https:\/\/contecon.de\/picapportwiki\/wp-content\/uploads\/2024\/02\/DE_map3.png 1080w\" sizes=\"(max-width: 1024px) 100vw, 1024px\" \/>\t\t\t\t\t\t\t\t\t\t\t\t\t<\/div>\n\t\t\t\t<\/div>\n\t\t\t\t\t<\/div>\n\t\t\t\t<\/div>\n\t\t<div class=\"elementor-element elementor-element-c3be15c e-flex e-con-boxed e-con e-parent\" data-id=\"c3be15c\" data-element_type=\"container\" data-settings=\"{&quot;content_width&quot;:&quot;boxed&quot;}\" data-core-v316-plus=\"true\">\n\t\t\t\t\t<div class=\"e-con-inner\">\n\t\t\t\t<div class=\"elementor-element elementor-element-97c2fad elementor-widget elementor-widget-heading\" data-id=\"97c2fad\" data-element_type=\"widget\" data-widget_type=\"heading.default\">\n\t\t\t\t<div class=\"elementor-widget-container\">\n\t\t\t<h3 class=\"elementor-heading-title elementor-size-default\">Geolocations - Viele Fotos an einer Stelle<\/h3>\t\t<\/div>\n\t\t\t\t<\/div>\n\t\t\t\t\t<\/div>\n\t\t\t\t<\/div>\n\t\t<div class=\"elementor-element elementor-element-b16d0fc e-flex e-con-boxed e-con e-parent\" data-id=\"b16d0fc\" data-element_type=\"container\" data-settings=\"{&quot;content_width&quot;:&quot;boxed&quot;}\" data-core-v316-plus=\"true\">\n\t\t\t\t\t<div class=\"e-con-inner\">\n\t\t\t\t<div class=\"elementor-element elementor-element-0146dc4 elementor-widget elementor-widget-image\" data-id=\"0146dc4\" data-element_type=\"widget\" data-widget_type=\"image.default\">\n\t\t\t\t<div class=\"elementor-widget-container\">\n\t\t\t\t\t\t\t\t\t\t\t\t\t<img loading=\"lazy\" decoding=\"async\" width=\"1024\" height=\"704\" src=\"https:\/\/contecon.de\/picapportwiki\/wp-content\/uploads\/2024\/02\/DE_map4-1024x704.png\" class=\"attachment-large size-large wp-image-233\" alt=\"\" srcset=\"https:\/\/contecon.de\/picapportwiki\/wp-content\/uploads\/2024\/02\/DE_map4-1024x704.png 1024w, https:\/\/contecon.de\/picapportwiki\/wp-content\/uploads\/2024\/02\/DE_map4-300x206.png 300w, https:\/\/contecon.de\/picapportwiki\/wp-content\/uploads\/2024\/02\/DE_map4-768x528.png 768w, https:\/\/contecon.de\/picapportwiki\/wp-content\/uploads\/2024\/02\/DE_map4.png 1080w\" sizes=\"(max-width: 1024px) 100vw, 1024px\" \/>\t\t\t\t\t\t\t\t\t\t\t\t\t<\/div>\n\t\t\t\t<\/div>\n\t\t\t\t\t<\/div>\n\t\t\t\t<\/div>\n\t\t<div class=\"elementor-element elementor-element-c260abe e-flex e-con-boxed e-con e-parent\" data-id=\"c260abe\" data-element_type=\"container\" data-settings=\"{&quot;content_width&quot;:&quot;boxed&quot;}\" data-core-v316-plus=\"true\">\n\t\t\t\t\t<div class=\"e-con-inner\">\n\t\t\t\t<div class=\"elementor-element elementor-element-e089a2a elementor-widget elementor-widget-heading\" data-id=\"e089a2a\" data-element_type=\"widget\" data-widget_type=\"heading.default\">\n\t\t\t\t<div class=\"elementor-widget-container\">\n\t\t\t<h3 class=\"elementor-heading-title elementor-size-default\">Geolocations - Fotovorschau<\/h3>\t\t<\/div>\n\t\t\t\t<\/div>\n\t\t\t\t\t<\/div>\n\t\t\t\t<\/div>\n\t\t<div class=\"elementor-element elementor-element-f98befb e-flex e-con-boxed e-con e-parent\" data-id=\"f98befb\" data-element_type=\"container\" data-settings=\"{&quot;content_width&quot;:&quot;boxed&quot;}\" data-core-v316-plus=\"true\">\n\t\t\t\t\t<div class=\"e-con-inner\">\n\t\t\t\t<div class=\"elementor-element elementor-element-c2fe09b elementor-widget elementor-widget-image\" data-id=\"c2fe09b\" data-element_type=\"widget\" data-widget_type=\"image.default\">\n\t\t\t\t<div class=\"elementor-widget-container\">\n\t\t\t\t\t\t\t\t\t\t\t\t\t<img loading=\"lazy\" decoding=\"async\" width=\"1024\" height=\"704\" src=\"https:\/\/contecon.de\/picapportwiki\/wp-content\/uploads\/2024\/02\/DE_map5-1024x704.png\" class=\"attachment-large size-large wp-image-234\" alt=\"\" srcset=\"https:\/\/contecon.de\/picapportwiki\/wp-content\/uploads\/2024\/02\/DE_map5-1024x704.png 1024w, https:\/\/contecon.de\/picapportwiki\/wp-content\/uploads\/2024\/02\/DE_map5-300x206.png 300w, https:\/\/contecon.de\/picapportwiki\/wp-content\/uploads\/2024\/02\/DE_map5-768x528.png 768w, https:\/\/contecon.de\/picapportwiki\/wp-content\/uploads\/2024\/02\/DE_map5.png 1080w\" sizes=\"(max-width: 1024px) 100vw, 1024px\" \/>\t\t\t\t\t\t\t\t\t\t\t\t\t<\/div>\n\t\t\t\t<\/div>\n\t\t\t\t\t<\/div>\n\t\t\t\t<\/div>\n\t\t<div class=\"elementor-element elementor-element-2b7f9ee e-flex e-con-boxed e-con e-parent\" data-id=\"2b7f9ee\" data-element_type=\"container\" data-settings=\"{&quot;content_width&quot;:&quot;boxed&quot;}\" data-core-v316-plus=\"true\">\n\t\t\t\t\t<div class=\"e-con-inner\">\n\t\t\t\t<div class=\"elementor-element elementor-element-7cfc040 elementor-widget elementor-widget-heading\" data-id=\"7cfc040\" data-element_type=\"widget\" data-widget_type=\"heading.default\">\n\t\t\t\t<div class=\"elementor-widget-container\">\n\t\t\t<h3 class=\"elementor-heading-title elementor-size-default\">Geolocations - Video-Guide<\/h3>\t\t<\/div>\n\t\t\t\t<\/div>\n\t\t\t\t\t<\/div>\n\t\t\t\t<\/div>\n\t\t<div class=\"elementor-element elementor-element-ec75a77 e-flex e-con-boxed e-con e-parent\" data-id=\"ec75a77\" data-element_type=\"container\" data-settings=\"{&quot;content_width&quot;:&quot;boxed&quot;}\" data-core-v316-plus=\"true\">\n\t\t\t\t\t<div class=\"e-con-inner\">\n\t\t\t\t<div class=\"elementor-element elementor-element-fc083ed elementor-widget elementor-widget-video\" data-id=\"fc083ed\" data-element_type=\"widget\" data-settings=\"{&quot;video_type&quot;:&quot;hosted&quot;,&quot;controls&quot;:&quot;yes&quot;}\" data-widget_type=\"video.default\">\n\t\t\t\t<div class=\"elementor-widget-container\">\n\t\t\t<style>\/*! elementor - v3.19.0 - 07-02-2024 *\/\n.elementor-widget-video .elementor-widget-container{overflow:hidden;transform:translateZ(0)}.elementor-widget-video .elementor-wrapper{aspect-ratio:var(--video-aspect-ratio)}.elementor-widget-video .elementor-wrapper iframe,.elementor-widget-video .elementor-wrapper video{height:100%;width:100%;display:flex;border:none;background-color:#000}@supports not (aspect-ratio:1\/1){.elementor-widget-video .elementor-wrapper{position:relative;overflow:hidden;height:0;padding-bottom:calc(100% \/ var(--video-aspect-ratio))}.elementor-widget-video .elementor-wrapper iframe,.elementor-widget-video .elementor-wrapper video{position:absolute;top:0;right:0;bottom:0;left:0}}.elementor-widget-video .elementor-open-inline .elementor-custom-embed-image-overlay{position:absolute;top:0;right:0;bottom:0;left:0;background-size:cover;background-position:50%}.elementor-widget-video .elementor-custom-embed-image-overlay{cursor:pointer;text-align:center}.elementor-widget-video .elementor-custom-embed-image-overlay:hover .elementor-custom-embed-play i{opacity:1}.elementor-widget-video .elementor-custom-embed-image-overlay img{display:block;width:100%;aspect-ratio:var(--video-aspect-ratio);-o-object-fit:cover;object-fit:cover;-o-object-position:center center;object-position:center center}@supports not (aspect-ratio:1\/1){.elementor-widget-video .elementor-custom-embed-image-overlay{position:relative;overflow:hidden;height:0;padding-bottom:calc(100% \/ var(--video-aspect-ratio))}.elementor-widget-video .elementor-custom-embed-image-overlay img{position:absolute;top:0;right:0;bottom:0;left:0}}.elementor-widget-video .e-hosted-video .elementor-video{-o-object-fit:cover;object-fit:cover}.e-con-inner>.elementor-widget-video,.e-con>.elementor-widget-video{width:var(--container-widget-width);--flex-grow:var(--container-widget-flex-grow)}<\/style>\t\t<div class=\"e-hosted-video elementor-wrapper elementor-open-inline\">\n\t\t\t\t\t<video class=\"elementor-video\" src=\"https:\/\/contecon.de\/picapportwiki\/wp-content\/uploads\/2024\/02\/video-guide_map.mp4\" controls=\"\" preload=\"metadata\" controlsList=\"nodownload\"><\/video>\n\t\t\t\t<\/div>\n\t\t\t\t<\/div>\n\t\t\t\t<\/div>\n\t\t\t\t\t<\/div>\n\t\t\t\t<\/div>\n\t\t\t\t<\/div>\n\t\t","protected":false},"excerpt":{"rendered":"<p>Die Kartenansicht (#map) Am Ende dieser Seite befindet sich noch ein kleines Einf\u00fchrungsvideo Geolocations &#8211; Weltkarte \u00dcbersicht Geolocations &#8211; GPS Koordinaten f\u00fcr ein Foto setzen (seit Version 7.0) Geolocations &#8211; Kartenmaterial Geolocations &#8211; Fotovorschau Geolocations &#8211; Viele Fotos an einer Stelle Geolocations &#8211; Fotovorschau Geolocations &#8211; Video-Guide https:\/\/contecon.de\/picapportwiki\/wp-content\/uploads\/2024\/02\/video-guide_map.mp4<\/p>\n","protected":false},"author":1,"featured_media":0,"parent":43,"menu_order":3,"comment_status":"closed","ping_status":"closed","template":"","meta":{"footnotes":""},"class_list":["post-144","page","type-page","status-publish","hentry","entry"],"_links":{"self":[{"href":"https:\/\/contecon.de\/picapportwiki\/wp-json\/wp\/v2\/pages\/144","targetHints":{"allow":["GET"]}}],"collection":[{"href":"https:\/\/contecon.de\/picapportwiki\/wp-json\/wp\/v2\/pages"}],"about":[{"href":"https:\/\/contecon.de\/picapportwiki\/wp-json\/wp\/v2\/types\/page"}],"author":[{"embeddable":true,"href":"https:\/\/contecon.de\/picapportwiki\/wp-json\/wp\/v2\/users\/1"}],"replies":[{"embeddable":true,"href":"https:\/\/contecon.de\/picapportwiki\/wp-json\/wp\/v2\/comments?post=144"}],"version-history":[{"count":4,"href":"https:\/\/contecon.de\/picapportwiki\/wp-json\/wp\/v2\/pages\/144\/revisions"}],"predecessor-version":[{"id":238,"href":"https:\/\/contecon.de\/picapportwiki\/wp-json\/wp\/v2\/pages\/144\/revisions\/238"}],"up":[{"embeddable":true,"href":"https:\/\/contecon.de\/picapportwiki\/wp-json\/wp\/v2\/pages\/43"}],"wp:attachment":[{"href":"https:\/\/contecon.de\/picapportwiki\/wp-json\/wp\/v2\/media?parent=144"}],"curies":[{"name":"wp","href":"https:\/\/api.w.org\/{rel}","templated":true}]}}